{"id":1763,"date":"2026-03-02T07:25:07","date_gmt":"2026-03-02T07:25:07","guid":{"rendered":"https:\/\/www.billiondaysupplier.com\/?post_type=product&#038;p=1763"},"modified":"2026-03-02T07:27:13","modified_gmt":"2026-03-02T07:27:13","slug":"custom-chafing-dish-for-buffet","status":"publish","type":"product","link":"https:\/\/www.billiondaysupplier.com\/es\/product\/custom-chafing-dish-for-buffet\/","title":{"rendered":"Custom Chafing Dish for Buffet, Commercial Food Warmer Glass Insert for Hotel Proveedor"},"content":{"rendered":"<div class=\"wp-block-columns is-layout-flex wp-container-core-columns-is-layout-9d6595d7 wp-block-columns-is-layout-flex\">\n<div class=\"wp-block-column is-layout-flow wp-block-column-is-layout-flow\">\n<h2 class=\"wp-block-heading\">Caracter\u00edsticas del Chafing Dish para Buffet:<\/h2>\n\n\n\n<p><strong>Construcci\u00f3n duradera de primera calidad<\/strong>: Fabricada con un marco de acero inoxidable chapado en oro y un revestimiento de vidrio de borosilicato resistente al calor. A prueba de \u00f3xido, resistente a los ara\u00f1azos y apto para uso alimentario, dise\u00f1ado para uso frecuente en hoteles, banquetes y eventos de catering.<\/p>\n\n\n\n<p><strong>Limpieza y mantenimiento sin esfuerzo<\/strong>: Interior de cristal liso y sin juntas con un dise\u00f1o de estructura desmontable. La grasa y los residuos se eliminan f\u00e1cilmente, cumpliendo las estrictas normas de higiene alimentaria y reduciendo significativamente los costes de limpieza y mano de obra.<\/p>\n\n\n\n<p><strong>Visibilidad cristalina<\/strong>: El revestimiento de cristal totalmente transparente permite comprobar al instante el estado de los alimentos sin necesidad de levantar la tapa. Muestra el color y la textura de los platos a la vez que minimiza la p\u00e9rdida de calor para conservar el sabor y la frescura.<\/p>\n\n\n\n<p><strong>Aplicaci\u00f3n vers\u00e1til en m\u00faltiples escenarios<\/strong>: Dise\u00f1o rectangular de gran capacidad perfecto para buffets de hotel, estaciones de servicio de banquetes, catering al aire libre y diversos entornos gastron\u00f3micos.<\/p>\n\n\n\n<p><strong>Personalizaci\u00f3n directa de f\u00e1brica:<\/strong> Servicios ODM\/OEM disponibles. Personalice los materiales, las dimensiones, la marca y el embalaje para crear su soluci\u00f3n exclusiva de equipos de restauraci\u00f3n adaptada a sus especificaciones exactas.<\/p>\n<\/div>\n\n\n\n<div class=\"wp-block-column is-layout-flow wp-block-column-is-layout-flow\"><div class=\"wp-block-image\">\n<figure class=\"aligncenter size-full\"><img decoding=\"async\" width=\"800\" height=\"800\" src=\"https:\/\/www.billiondaysupplier.com\/wp-content\/uploads\/2026\/02\/chafing-18.webp\" alt=\"provisiones para calientaplatos\" class=\"wp-image-1764\" srcset=\"https:\/\/www.billiondaysupplier.com\/wp-content\/uploads\/2026\/02\/chafing-18.webp 800w, https:\/\/www.billiondaysupplier.com\/wp-content\/uploads\/2026\/02\/chafing-18-300x300.webp 300w, https:\/\/www.billiondaysupplier.com\/wp-content\/uploads\/2026\/02\/chafing-18-150x150.webp 150w, https:\/\/www.billiondaysupplier.com\/wp-content\/uploads\/2026\/02\/chafing-18-768x768.webp 768w, https:\/\/www.billiondaysupplier.com\/wp-content\/uploads\/2026\/02\/chafing-18-12x12.webp 12w, https:\/\/www.billiondaysupplier.com\/wp-content\/uploads\/2026\/02\/chafing-18-600x600.webp 600w, https:\/\/www.billiondaysupplier.com\/wp-content\/uploads\/2026\/02\/chafing-18-100x100.webp 100w\" sizes=\"(max-width: 800px) 100vw, 800px\" \/><\/figure>\n<\/div><\/div>\n<\/div>","protected":false},"excerpt":{"rendered":"<p>Chafing dish personalizado para buffet con marco de acero inoxidable chapado en oro de primera calidad, revestimiento de vidrio de borosilicato de alta calidad y material apto para alimentos. F\u00e1cil de limpiar, visibilidad cristalina y vers\u00e1til para hoteles, banquetes y catering. Personalizaci\u00f3n ODM\/OEM disponible. P\u00f3ngase en contacto con nosotros para obtener la soluci\u00f3n exclusiva para buf\u00e9s.<\/p>\n<h2>Chafing Dish for Buffet Par\u00e1metro\uff1a<\/h2>\n<table border=\"0\" width=\"404\" cellspacing=\"0\" cellpadding=\"0\">\n<tbody>\n<tr>\n<td style=\"text-align: left;\" width=\"148\" height=\"24\"><strong>Material<\/strong><\/td>\n<td style=\"text-align: left;\" width=\"256\">Acero inoxidable 201, hierro, vidrio<\/td>\n<\/tr>\n<tr>\n<td style=\"text-align: left;\" height=\"69\"><strong>Color<\/strong><\/td>\n<td style=\"text-align: left;\" width=\"256\">Oro<\/td>\n<\/tr>\n<tr>\n<td style=\"text-align: left;\" height=\"24\"><strong>M\u00e9todo de calentamiento<\/strong><\/td>\n<td style=\"text-align: left;\">Combustible Calefacci\u00f3n<\/td>\n<\/tr>\n<tr>\n<td style=\"text-align: left;\" height=\"24\"><strong>Capacidad<\/strong><\/td>\n<td style=\"text-align: left;\">2L<\/td>\n<\/tr>\n<tr>\n<td style=\"text-align: left;\" height=\"92\"><strong>Caracter\u00edstica<\/strong><\/td>\n<td style=\"text-align: left;\" width=\"256\">\n<p>1. Con un dise\u00f1o exquisito<br \/>2. Dise\u00f1o hueco elegante<br \/>3. Bastidor vertical estable<\/p>\n<\/td>\n<\/tr>\n<tr>\n<td style=\"text-align: left;\" height=\"24\"><strong>Opci\u00f3n personalizada<\/strong><\/td>\n<td style=\"text-align: left;\">Logotipo\/Color\/Tama\u00f1o\/Embalaje\/Accesorios<\/td>\n<\/tr>\n<\/tbody>\n<\/table>","protected":false},"featured_media":1766,"comment_status":"closed","ping_status":"closed","template":"","meta":{"_acf_changed":true},"product_brand":[],"product_cat":[18],"product_tag":[],"class_list":{"0":"post-1763","1":"product","2":"type-product","3":"status-publish","4":"has-post-thumbnail","6":"product_cat-wholesale-chafing-dishes","8":"first","9":"instock","10":"shipping-taxable","11":"product-type-simple"},"acf":[],"_links":{"self":[{"href":"https:\/\/www.billiondaysupplier.com\/es\/wp-json\/wp\/v2\/product\/1763","targetHints":{"allow":["GET"]}}],"collection":[{"href":"https:\/\/www.billiondaysupplier.com\/es\/wp-json\/wp\/v2\/product"}],"about":[{"href":"https:\/\/www.billiondaysupplier.com\/es\/wp-json\/wp\/v2\/types\/product"}],"replies":[{"embeddable":true,"href":"https:\/\/www.billiondaysupplier.com\/es\/wp-json\/wp\/v2\/comments?post=1763"}],"wp:featuredmedia":[{"embeddable":true,"href":"https:\/\/www.billiondaysupplier.com\/es\/wp-json\/wp\/v2\/media\/1766"}],"wp:attachment":[{"href":"https:\/\/www.billiondaysupplier.com\/es\/wp-json\/wp\/v2\/media?parent=1763"}],"wp:term":[{"taxonomy":"product_brand","embeddable":true,"href":"https:\/\/www.billiondaysupplier.com\/es\/wp-json\/wp\/v2\/product_brand?post=1763"},{"taxonomy":"product_cat","embeddable":true,"href":"https:\/\/www.billiondaysupplier.com\/es\/wp-json\/wp\/v2\/product_cat?post=1763"},{"taxonomy":"product_tag","embeddable":true,"href":"https:\/\/www.billiondaysupplier.com\/es\/wp-json\/wp\/v2\/product_tag?post=1763"}],"curies":[{"name":"wp","href":"https:\/\/api.w.org\/{rel}","templated":true}]}}