{"id":1759,"date":"2026-03-02T06:18:47","date_gmt":"2026-03-02T06:18:47","guid":{"rendered":"https:\/\/www.billiondaysupplier.com\/?post_type=product&#038;p=1759"},"modified":"2026-03-02T06:20:45","modified_gmt":"2026-03-02T06:20:45","slug":"wholesale-chafing-dish-gold","status":"publish","type":"product","link":"https:\/\/www.billiondaysupplier.com\/es\/product\/wholesale-chafing-dish-gold\/","title":{"rendered":"Mayorista Chafing Dish Oro Acero Inoxidable con Inserto de Cristal Cuadrado Buffet Set Proveedor"},"content":{"rendered":"<div class=\"wp-block-columns is-layout-flex wp-container-core-columns-is-layout-9d6595d7 wp-block-columns-is-layout-flex\">\n<div class=\"wp-block-column is-layout-flow wp-block-column-is-layout-flow\">\n<h2 class=\"wp-block-heading\">Chafing Dish Gold Caracter\u00edsticas:<\/h2>\n\n\n\n<p><strong>Expositor con tapa de cristal transparente<\/strong>: La tapa de cristal totalmente transparente convierte cada plato en un centro de atenci\u00f3n visual. Muestra perfectamente la textura, el color y la frescura de la cocina, elevando la percepci\u00f3n de los clientes sobre la calidad del servicio del restaurante. Los comensales pueden apreciar f\u00e1cilmente la comida antes de degustarla, estimulando su apetito y a\u00f1adiendo una capa de elegancia a la experiencia gastron\u00f3mica.<\/p>\n\n\n\n<p><strong>Materiales de alta calidad<\/strong>: Fabricado en vidrio de alta resistencia y acero inoxidable apto para uso alimentario, capaz de soportar altas temperaturas procedentes de fuentes de calor, garantizando un funcionamiento eficaz a largo plazo sin da\u00f1arse f\u00e1cilmente.<\/p>\n\n\n\n<p><strong>Aplicaci\u00f3n vers\u00e1til:<\/strong> Ya sea para banquetes al aire libre, buffets de hotel o platos especiales servidos en restaurantes, este calentador de alimentos puede mejorar la experiencia gastron\u00f3mica en general.<\/p>\n\n\n\n<p><strong>Fondo antideslizante<\/strong>: Su dise\u00f1o mejora la estabilidad y la seguridad durante el servicio, lo que evita que los platos se deslicen o vuelquen accidentalmente sobre superficies lisas como mesas de banquetes o encimeras, reduciendo el riesgo de derrames de comida, roturas y quemaduras por comida caliente o llamas. Es especialmente importante en entornos de comedor muy concurridos, buffets o eventos al aire libre, ya que ofrece a los usuarios una mayor tranquilidad.<\/p>\n<\/div>\n\n\n\n<div class=\"wp-block-column is-layout-flow wp-block-column-is-layout-flow\"><div class=\"wp-block-image\">\n<figure class=\"aligncenter size-full\"><img decoding=\"async\" width=\"800\" height=\"800\" src=\"https:\/\/www.billiondaysupplier.com\/wp-content\/uploads\/2026\/02\/chafing-13.webp\" alt=\"fabricantes de calientaplatos\" class=\"wp-image-1762\" srcset=\"https:\/\/www.billiondaysupplier.com\/wp-content\/uploads\/2026\/02\/chafing-13.webp 800w, https:\/\/www.billiondaysupplier.com\/wp-content\/uploads\/2026\/02\/chafing-13-300x300.webp 300w, https:\/\/www.billiondaysupplier.com\/wp-content\/uploads\/2026\/02\/chafing-13-150x150.webp 150w, https:\/\/www.billiondaysupplier.com\/wp-content\/uploads\/2026\/02\/chafing-13-768x768.webp 768w, https:\/\/www.billiondaysupplier.com\/wp-content\/uploads\/2026\/02\/chafing-13-12x12.webp 12w, https:\/\/www.billiondaysupplier.com\/wp-content\/uploads\/2026\/02\/chafing-13-600x600.webp 600w, https:\/\/www.billiondaysupplier.com\/wp-content\/uploads\/2026\/02\/chafing-13-100x100.webp 100w\" sizes=\"(max-width: 800px) 100vw, 800px\" \/><\/figure>\n<\/div><\/div>\n<\/div>\n\n\n\n<div class=\"wp-block-columns is-layout-flex wp-container-core-columns-is-layout-9d6595d7 wp-block-columns-is-layout-flex\">\n<div class=\"wp-block-column is-layout-flow wp-block-column-is-layout-flow\"><div class=\"wp-block-image\">\n<figure class=\"aligncenter size-full\"><img decoding=\"async\" width=\"800\" height=\"800\" src=\"https:\/\/www.billiondaysupplier.com\/wp-content\/uploads\/2026\/02\/chafing-14.webp\" alt=\"fabricantes de calientaplatos\" class=\"wp-image-1761\" srcset=\"https:\/\/www.billiondaysupplier.com\/wp-content\/uploads\/2026\/02\/chafing-14.webp 800w, https:\/\/www.billiondaysupplier.com\/wp-content\/uploads\/2026\/02\/chafing-14-300x300.webp 300w, https:\/\/www.billiondaysupplier.com\/wp-content\/uploads\/2026\/02\/chafing-14-150x150.webp 150w, https:\/\/www.billiondaysupplier.com\/wp-content\/uploads\/2026\/02\/chafing-14-768x768.webp 768w, https:\/\/www.billiondaysupplier.com\/wp-content\/uploads\/2026\/02\/chafing-14-12x12.webp 12w, https:\/\/www.billiondaysupplier.com\/wp-content\/uploads\/2026\/02\/chafing-14-600x600.webp 600w, https:\/\/www.billiondaysupplier.com\/wp-content\/uploads\/2026\/02\/chafing-14-100x100.webp 100w\" sizes=\"(max-width: 800px) 100vw, 800px\" \/><\/figure>\n<\/div><\/div>\n\n\n\n<div class=\"wp-block-column is-layout-flow wp-block-column-is-layout-flow\">\n<figure class=\"wp-block-image size-full\"><img decoding=\"async\" width=\"800\" height=\"800\" src=\"https:\/\/www.billiondaysupplier.com\/wp-content\/uploads\/2026\/02\/chafing-15.webp\" alt=\"fabricantes de calientaplatos\" class=\"wp-image-1760\" srcset=\"https:\/\/www.billiondaysupplier.com\/wp-content\/uploads\/2026\/02\/chafing-15.webp 800w, https:\/\/www.billiondaysupplier.com\/wp-content\/uploads\/2026\/02\/chafing-15-300x300.webp 300w, https:\/\/www.billiondaysupplier.com\/wp-content\/uploads\/2026\/02\/chafing-15-150x150.webp 150w, https:\/\/www.billiondaysupplier.com\/wp-content\/uploads\/2026\/02\/chafing-15-768x768.webp 768w, https:\/\/www.billiondaysupplier.com\/wp-content\/uploads\/2026\/02\/chafing-15-12x12.webp 12w, https:\/\/www.billiondaysupplier.com\/wp-content\/uploads\/2026\/02\/chafing-15-600x600.webp 600w, https:\/\/www.billiondaysupplier.com\/wp-content\/uploads\/2026\/02\/chafing-15-100x100.webp 100w\" sizes=\"(max-width: 800px) 100vw, 800px\" \/><\/figure>\n<\/div>\n<\/div>","protected":false},"excerpt":{"rendered":"<p>Nuestro chafing dish dorado al por mayor combina motivos calados retro con cristal transparente, ideal para banquetes y buffets de gama alta. Suministro directo de f\u00e1brica con plazos de entrega controlables. \u00a1P\u00f3ngase en contacto con nosotros para soluciones personalizadas al por mayor!<\/p>\n<h2>Par\u00e1metro Chafing Dish Gold\uff1a<\/h2>\n<table border=\"0\" width=\"404\" cellspacing=\"0\" cellpadding=\"0\">\n<tbody>\n<tr>\n<td style=\"text-align: left;\" width=\"148\" height=\"24\"><strong>Material<\/strong><\/td>\n<td style=\"text-align: left;\" width=\"256\">Acero inoxidable 201, hierro, vidrio<\/td>\n<\/tr>\n<tr>\n<td style=\"text-align: left;\" height=\"69\"><strong>Color<\/strong><\/td>\n<td style=\"text-align: left;\" width=\"256\">Oro<\/td>\n<\/tr>\n<tr>\n<td style=\"text-align: left;\" height=\"24\"><strong>M\u00e9todo de calentamiento<\/strong><\/td>\n<td style=\"text-align: left;\">Combustible Calefacci\u00f3n<\/td>\n<\/tr>\n<tr>\n<td style=\"text-align: left;\" height=\"24\"><strong>Capacidad<\/strong><\/td>\n<td style=\"text-align: left;\">2L<\/td>\n<\/tr>\n<tr>\n<td style=\"text-align: left;\" height=\"92\"><strong>Caracter\u00edstica<\/strong><\/td>\n<td style=\"text-align: left;\" width=\"256\">\n<p>1. Con un dise\u00f1o exquisito<br \/>2. Dise\u00f1o hueco elegante<br \/>3. Bastidor vertical estable<\/p>\n<\/td>\n<\/tr>\n<tr>\n<td style=\"text-align: left;\" height=\"24\"><strong>Opci\u00f3n personalizada<\/strong><\/td>\n<td style=\"text-align: left;\">Logotipo\/Color\/Tama\u00f1o\/Embalaje\/Accesorios<\/td>\n<\/tr>\n<\/tbody>\n<\/table>","protected":false},"featured_media":1762,"comment_status":"closed","ping_status":"closed","template":"","meta":{"_acf_changed":true},"product_brand":[],"product_cat":[18],"product_tag":[],"class_list":{"0":"post-1759","1":"product","2":"type-product","3":"status-publish","4":"has-post-thumbnail","6":"product_cat-wholesale-chafing-dishes","8":"first","9":"instock","10":"shipping-taxable","11":"product-type-simple"},"acf":[],"_links":{"self":[{"href":"https:\/\/www.billiondaysupplier.com\/es\/wp-json\/wp\/v2\/product\/1759","targetHints":{"allow":["GET"]}}],"collection":[{"href":"https:\/\/www.billiondaysupplier.com\/es\/wp-json\/wp\/v2\/product"}],"about":[{"href":"https:\/\/www.billiondaysupplier.com\/es\/wp-json\/wp\/v2\/types\/product"}],"replies":[{"embeddable":true,"href":"https:\/\/www.billiondaysupplier.com\/es\/wp-json\/wp\/v2\/comments?post=1759"}],"wp:featuredmedia":[{"embeddable":true,"href":"https:\/\/www.billiondaysupplier.com\/es\/wp-json\/wp\/v2\/media\/1762"}],"wp:attachment":[{"href":"https:\/\/www.billiondaysupplier.com\/es\/wp-json\/wp\/v2\/media?parent=1759"}],"wp:term":[{"taxonomy":"product_brand","embeddable":true,"href":"https:\/\/www.billiondaysupplier.com\/es\/wp-json\/wp\/v2\/product_brand?post=1759"},{"taxonomy":"product_cat","embeddable":true,"href":"https:\/\/www.billiondaysupplier.com\/es\/wp-json\/wp\/v2\/product_cat?post=1759"},{"taxonomy":"product_tag","embeddable":true,"href":"https:\/\/www.billiondaysupplier.com\/es\/wp-json\/wp\/v2\/product_tag?post=1759"}],"curies":[{"name":"wp","href":"https:\/\/api.w.org\/{rel}","templated":true}]}}