{"id":1756,"date":"2026-03-02T08:19:18","date_gmt":"2026-03-02T08:19:18","guid":{"rendered":"https:\/\/www.billiondaysupplier.com\/?post_type=product&#038;p=1756"},"modified":"2026-03-02T08:21:25","modified_gmt":"2026-03-02T08:21:25","slug":"wholesale-chafer-chafing-dish","status":"publish","type":"product","link":"https:\/\/www.billiondaysupplier.com\/es\/product\/wholesale-chafer-chafing-dish\/","title":{"rendered":"Mayorista Chafing Dish, Premium Gold-Plated Buffet Warmer with Glass Liner Proveedor"},"content":{"rendered":"<div class=\"wp-block-columns is-layout-flex wp-container-core-columns-is-layout-9d6595d7 wp-block-columns-is-layout-flex\">\n<div class=\"wp-block-column is-layout-flow wp-block-column-is-layout-flow\">\n<h2 class=\"wp-block-heading\">Chafer Chafing Dish Caracter\u00edsticas:<\/h2>\n\n\n\n<p><strong class=\"\">Robusto soporte chapado en oro<\/strong>: Con un marco de acero inoxidable dorado tallado y calado con una excepcional capacidad de carga y estabilidad estructural. Funciona de forma fiable en buf\u00e9s y banquetes, mientras que el exquisito dise\u00f1o floral eleva la elegancia visual general.<\/p>\n\n\n\n<p><strong>Cubierta de cobre<\/strong>: La construcci\u00f3n de cobre de primera calidad proporciona un peso considerable y una distribuci\u00f3n uniforme del calor, manteniendo de forma eficaz la temperatura y el sabor de los alimentos. El dise\u00f1o redondeado del pomo garantiza una apertura y cierre sin esfuerzo: puro lujo en cada detalle.<\/p>\n\n\n\n<p><strong class=\"\">Lavabo alto de vidrio borosilicato<\/strong>: El revestimiento de vidrio resistente al calor de calidad alimentaria ofrece una visibilidad cristalina: compruebe el estado de los alimentos sin levantar la tapa. La superficie lisa y sin juntas garantiza una limpieza f\u00e1cil sin puntos ciegos de higiene, cumpliendo las estrictas normas de seguridad alimentaria.<\/p>\n\n\n\n<p><strong>Asa anti-quemaduras<\/strong>: Las asas laterales extendidas de dise\u00f1o ergon\u00f3mico proporcionan un agarre c\u00f3modo y un aislamiento t\u00e9rmico eficaz durante el transporte. Evita quemaduras al tiempo que mejora la seguridad operativa y la comodidad.<\/p>\n\n\n\n<p><strong>Suministro directo del fabricante<\/strong>: Como f\u00e1brica proveedora de equipos para buf\u00e9s, Billion Day ofrece precios al por mayor altamente competitivos con un completo soporte de personalizaci\u00f3n ODM\/OEM. El riguroso control de calidad garantiza la consistencia del producto, mientras que nuestra cadena de suministro madura garantiza la entrega a tiempo, proporcionando soluciones de equipos estables y fiables para sus proyectos de servicio de alimentos.<\/p>\n<\/div>\n\n\n\n<div class=\"wp-block-column is-layout-flow wp-block-column-is-layout-flow\"><div class=\"wp-block-image\">\n<figure class=\"aligncenter size-full\"><img decoding=\"async\" width=\"800\" height=\"800\" src=\"https:\/\/www.billiondaysupplier.com\/wp-content\/uploads\/2026\/02\/chafing-12.webp\" alt=\"chafing dish china\" class=\"wp-image-1757\" srcset=\"https:\/\/www.billiondaysupplier.com\/wp-content\/uploads\/2026\/02\/chafing-12.webp 800w, https:\/\/www.billiondaysupplier.com\/wp-content\/uploads\/2026\/02\/chafing-12-300x300.webp 300w, https:\/\/www.billiondaysupplier.com\/wp-content\/uploads\/2026\/02\/chafing-12-150x150.webp 150w, https:\/\/www.billiondaysupplier.com\/wp-content\/uploads\/2026\/02\/chafing-12-768x768.webp 768w, https:\/\/www.billiondaysupplier.com\/wp-content\/uploads\/2026\/02\/chafing-12-12x12.webp 12w, https:\/\/www.billiondaysupplier.com\/wp-content\/uploads\/2026\/02\/chafing-12-600x600.webp 600w, https:\/\/www.billiondaysupplier.com\/wp-content\/uploads\/2026\/02\/chafing-12-100x100.webp 100w\" sizes=\"(max-width: 800px) 100vw, 800px\" \/><\/figure>\n<\/div><\/div>\n<\/div>","protected":false},"excerpt":{"rendered":"<p data-pm-slice=\"1 1 []\">Sart\u00e9n al por mayor con robusto soporte chapado en oro, tapa de cobre, recipiente de cristal resistente al calor y asas antiescaldamiento, dise\u00f1ado para un rendimiento de buffet de primera calidad. Ofrecemos precios competitivos al por mayor, personalizaci\u00f3n completa ODM\/OEM, estricto control de calidad y entrega puntual. P\u00f3ngase en contacto con nosotros para obtener su soluci\u00f3n de catering a medida.<\/p>\n<h2>Par\u00e1metro de la cubeta para asar\uff1a<\/h2>\n<table border=\"0\" width=\"404\" cellspacing=\"0\" cellpadding=\"0\">\n<tbody>\n<tr>\n<td style=\"text-align: left;\" width=\"148\" height=\"24\"><strong>Material<\/strong><\/td>\n<td style=\"text-align: left;\" width=\"256\">Acero inoxidable 201, hierro, vidrio<\/td>\n<\/tr>\n<tr>\n<td style=\"text-align: left;\" height=\"69\"><strong>Color<\/strong><\/td>\n<td style=\"text-align: left;\" width=\"256\">Oro<\/td>\n<\/tr>\n<tr>\n<td style=\"text-align: left;\" height=\"24\"><strong>M\u00e9todo de calentamiento<\/strong><\/td>\n<td style=\"text-align: left;\">Combustible Calefacci\u00f3n<\/td>\n<\/tr>\n<tr>\n<td style=\"text-align: left;\" height=\"24\"><strong>Capacidad<\/strong><\/td>\n<td style=\"text-align: left;\">2L<\/td>\n<\/tr>\n<tr>\n<td style=\"text-align: left;\" height=\"92\"><strong>Caracter\u00edstica<\/strong><\/td>\n<td style=\"text-align: left;\" width=\"256\">\n<p>1. Con un dise\u00f1o exquisito<br \/>2. Dise\u00f1o hueco elegante<br \/>3. Bastidor vertical estable<\/p>\n<\/td>\n<\/tr>\n<tr>\n<td style=\"text-align: left;\" height=\"24\"><strong>Opci\u00f3n personalizada<\/strong><\/td>\n<td style=\"text-align: left;\">Logotipo\/Color\/Tama\u00f1o\/Embalaje\/Accesorios<\/td>\n<\/tr>\n<\/tbody>\n<\/table>","protected":false},"featured_media":1757,"comment_status":"closed","ping_status":"closed","template":"","meta":{"_acf_changed":false},"product_brand":[],"product_cat":[18],"product_tag":[],"class_list":{"0":"post-1756","1":"product","2":"type-product","3":"status-publish","4":"has-post-thumbnail","6":"product_cat-wholesale-chafing-dishes","8":"first","9":"instock","10":"shipping-taxable","11":"product-type-simple"},"acf":[],"_links":{"self":[{"href":"https:\/\/www.billiondaysupplier.com\/es\/wp-json\/wp\/v2\/product\/1756","targetHints":{"allow":["GET"]}}],"collection":[{"href":"https:\/\/www.billiondaysupplier.com\/es\/wp-json\/wp\/v2\/product"}],"about":[{"href":"https:\/\/www.billiondaysupplier.com\/es\/wp-json\/wp\/v2\/types\/product"}],"replies":[{"embeddable":true,"href":"https:\/\/www.billiondaysupplier.com\/es\/wp-json\/wp\/v2\/comments?post=1756"}],"wp:featuredmedia":[{"embeddable":true,"href":"https:\/\/www.billiondaysupplier.com\/es\/wp-json\/wp\/v2\/media\/1757"}],"wp:attachment":[{"href":"https:\/\/www.billiondaysupplier.com\/es\/wp-json\/wp\/v2\/media?parent=1756"}],"wp:term":[{"taxonomy":"product_brand","embeddable":true,"href":"https:\/\/www.billiondaysupplier.com\/es\/wp-json\/wp\/v2\/product_brand?post=1756"},{"taxonomy":"product_cat","embeddable":true,"href":"https:\/\/www.billiondaysupplier.com\/es\/wp-json\/wp\/v2\/product_cat?post=1756"},{"taxonomy":"product_tag","embeddable":true,"href":"https:\/\/www.billiondaysupplier.com\/es\/wp-json\/wp\/v2\/product_tag?post=1756"}],"curies":[{"name":"wp","href":"https:\/\/api.w.org\/{rel}","templated":true}]}}