{"id":1716,"date":"2026-01-30T02:14:17","date_gmt":"2026-01-30T02:14:17","guid":{"rendered":"https:\/\/www.billiondaysupplier.com\/?post_type=product&#038;p=1716"},"modified":"2026-01-30T06:20:14","modified_gmt":"2026-01-30T06:20:14","slug":"wholesale-drink-dispenser","status":"publish","type":"product","link":"https:\/\/www.billiondaysupplier.com\/es\/product\/wholesale-drink-dispenser\/","title":{"rendered":"Mayorista Dispensador de Bebidas Suministro de Restaurante, Elegante Dispensador de Bebidas Proveedor de Acero Inoxidable Dorado"},"content":{"rendered":"<div class=\"wp-block-columns is-layout-flex wp-container-core-columns-is-layout-9d6595d7 wp-block-columns-is-layout-flex\">\n<div class=\"wp-block-column is-layout-flow wp-block-column-is-layout-flow\">\n<h2 class=\"wp-block-heading\">Dispensador de bebidas al por mayor Caracter\u00edsticas:<\/h2>\n\n\n\n<p><strong>Dise\u00f1o lujoso y elegante<\/strong>: Con una base tallada en oro combinada con un recipiente transparente y una tapa de metal, irradia nobleza y elegancia, adecuada para diversos banquetes de alta gama, vest\u00edbulos de hoteles, restaurantes y otros lugares, realzando el estilo general del espacio.<\/p>\n\n\n\n<p><strong>Capacidad vers\u00e1til<\/strong>: Disponibles en dise\u00f1os de uno o dos cabezales para satisfacer las necesidades de suministro de bebidas en diferentes situaciones. Los de un solo cabezal son adecuados para peque\u00f1as reuniones, mientras que los de dos cabezales son ideales para grandes eventos u ocasiones con muchas personas, lo que mejora la eficiencia.<\/p>\n\n\n\n<p><strong>Dispensaci\u00f3n c\u00f3moda y precisa<\/strong>: Equipado con un grifo para controlar f\u00e1cilmente el flujo de la bebida, garantizando una dispensaci\u00f3n suave y reduciendo los goteos y el desperdicio. Los usuarios pueden verter f\u00e1cilmente la cantidad adecuada de bebida, evitando el desperdicio.<\/p>\n\n\n\n<p><strong>Revestimiento interior de acero inoxidable de calidad alimentaria:<\/strong> Seguro, higi\u00e9nico, resistente a la corrosi\u00f3n y a los olores, cumple las normas de restauraci\u00f3n comercial y es adecuado para exponer y servir diversas bebidas, como zumos, bebidas fr\u00edas y t\u00e9.<\/p>\n\n\n\n<p><strong>Estructura estable y duradera: <\/strong>El dise\u00f1o engrosado de la base garantiza una colocaci\u00f3n estable y es adecuado para uso comercial de alta frecuencia.<\/p>\n\n\n\n<p><strong>Admite personalizaci\u00f3n OEM\/ODM: <\/strong>Colores, efectos galv\u00e1nicos, logotipos y embalajes personalizables para adaptarse a los requisitos de la marca y del proyecto.<\/p>\n<\/div>\n\n\n\n<div class=\"wp-block-column is-layout-flow wp-block-column-is-layout-flow\">\n<figure class=\"wp-block-image size-full\"><img decoding=\"async\" width=\"800\" height=\"800\" src=\"https:\/\/www.billiondaysupplier.com\/wp-content\/uploads\/2026\/01\/beverage-dispenser-restaurant-supply3.webp\" alt=\"Dispensador de bebidas Suministros para restaurantes\" class=\"wp-image-1720\" srcset=\"https:\/\/www.billiondaysupplier.com\/wp-content\/uploads\/2026\/01\/beverage-dispenser-restaurant-supply3.webp 800w, https:\/\/www.billiondaysupplier.com\/wp-content\/uploads\/2026\/01\/beverage-dispenser-restaurant-supply3-300x300.webp 300w, https:\/\/www.billiondaysupplier.com\/wp-content\/uploads\/2026\/01\/beverage-dispenser-restaurant-supply3-150x150.webp 150w, https:\/\/www.billiondaysupplier.com\/wp-content\/uploads\/2026\/01\/beverage-dispenser-restaurant-supply3-768x768.webp 768w, https:\/\/www.billiondaysupplier.com\/wp-content\/uploads\/2026\/01\/beverage-dispenser-restaurant-supply3-12x12.webp 12w, https:\/\/www.billiondaysupplier.com\/wp-content\/uploads\/2026\/01\/beverage-dispenser-restaurant-supply3-600x600.webp 600w, https:\/\/www.billiondaysupplier.com\/wp-content\/uploads\/2026\/01\/beverage-dispenser-restaurant-supply3-100x100.webp 100w\" sizes=\"(max-width: 800px) 100vw, 800px\" \/><\/figure>\n<\/div>\n<\/div>","protected":false},"excerpt":{"rendered":"<p>Dispensador de bebidas al por mayor con una elegante base hueca, elegantes dispensadores de bebidas de una y dos cabezas con detalles dorados, ideal para hoteles y buffets. Marca personalizada disponible. Contacte con nosotros para precios al por mayor.<\/p>\n<h2>Par\u00e1metros al por mayor de dispensadores de bebidas\uff1a<\/h2>\n<table width=\"378\">\n<tbody>\n<tr>\n<td width=\"155\">Material<\/td>\n<td width=\"223\">Acero inoxidable 201 + PC<\/td>\n<\/tr>\n<tr>\n<td>Color<\/td>\n<td width=\"223\">Oro<\/td>\n<\/tr>\n<tr>\n<td>N\u00famero de grifos<\/td>\n<td>1, 2<\/td>\n<\/tr>\n<tr>\n<td>Capacidad<\/td>\n<td>8L\/16L<\/td>\n<\/tr>\n<tr>\n<td>Funci\u00f3n<\/td>\n<td>Aislamiento fr\u00edo o caliente<\/td>\n<\/tr>\n<tr>\n<td>Caracter\u00edstica<\/td>\n<td width=\"223\">\n<p>1. Cuerpo del cazo de PC<br \/>2. Grifo de acero inoxidable<br \/>3. N\u00facleo de hielo aislado<br \/>4. Base de fantas\u00eda<\/p>\n<\/td>\n<\/tr>\n<tr>\n<td>Opci\u00f3n personalizada<\/td>\n<td width=\"223\">Logotipo\/Color\/Tama\u00f1o\/Embalaje\/Accesorios<\/td>\n<\/tr>\n<\/tbody>\n<\/table>","protected":false},"featured_media":1717,"comment_status":"closed","ping_status":"closed","template":"","meta":{"_acf_changed":true},"product_brand":[],"product_cat":[19],"product_tag":[],"class_list":{"0":"post-1716","1":"product","2":"type-product","3":"status-publish","4":"has-post-thumbnail","6":"product_cat-wholesale-beverage-dispenser","8":"first","9":"instock","10":"shipping-taxable","11":"product-type-simple"},"acf":[],"_links":{"self":[{"href":"https:\/\/www.billiondaysupplier.com\/es\/wp-json\/wp\/v2\/product\/1716","targetHints":{"allow":["GET"]}}],"collection":[{"href":"https:\/\/www.billiondaysupplier.com\/es\/wp-json\/wp\/v2\/product"}],"about":[{"href":"https:\/\/www.billiondaysupplier.com\/es\/wp-json\/wp\/v2\/types\/product"}],"replies":[{"embeddable":true,"href":"https:\/\/www.billiondaysupplier.com\/es\/wp-json\/wp\/v2\/comments?post=1716"}],"wp:featuredmedia":[{"embeddable":true,"href":"https:\/\/www.billiondaysupplier.com\/es\/wp-json\/wp\/v2\/media\/1717"}],"wp:attachment":[{"href":"https:\/\/www.billiondaysupplier.com\/es\/wp-json\/wp\/v2\/media?parent=1716"}],"wp:term":[{"taxonomy":"product_brand","embeddable":true,"href":"https:\/\/www.billiondaysupplier.com\/es\/wp-json\/wp\/v2\/product_brand?post=1716"},{"taxonomy":"product_cat","embeddable":true,"href":"https:\/\/www.billiondaysupplier.com\/es\/wp-json\/wp\/v2\/product_cat?post=1716"},{"taxonomy":"product_tag","embeddable":true,"href":"https:\/\/www.billiondaysupplier.com\/es\/wp-json\/wp\/v2\/product_tag?post=1716"}],"curies":[{"name":"wp","href":"https:\/\/api.w.org\/{rel}","templated":true}]}}