{"id":1709,"date":"2026-01-30T01:42:00","date_gmt":"2026-01-30T01:42:00","guid":{"rendered":"https:\/\/www.billiondaysupplier.com\/?post_type=product&#038;p=1709"},"modified":"2026-01-30T02:18:26","modified_gmt":"2026-01-30T02:18:26","slug":"wholesale-plastic-plates","status":"publish","type":"product","link":"https:\/\/www.billiondaysupplier.com\/es\/product\/wholesale-plastic-plates\/","title":{"rendered":"Mayorista Platos de Pl\u00e1stico Cena de Lujo con Borde Dorado Platos Cargador Plateados Dorados para Buffet"},"content":{"rendered":"<div class=\"wp-block-columns is-layout-flex wp-container-core-columns-is-layout-9d6595d7 wp-block-columns-is-layout-flex\">\n<div class=\"wp-block-column is-layout-flow wp-block-column-is-layout-flow\">\n<h2 class=\"wp-block-heading\">Platos de pl\u00e1stico al por mayor Caracter\u00edsticas:<\/h2>\n\n\n\n<p><strong>Tama\u00f1o \u00f3ptimo y estabilidad<\/strong>: Con un di\u00e1metro de 33 cm, el plato ofrece un amplio espacio para servir, mientras que su borde ondulado evita que los alimentos se deslicen. Su construcci\u00f3n ligera de 1015 g garantiza un f\u00e1cil manejo, mientras que su resistente base de pl\u00e1stico mantiene la estabilidad en cualquier mesa o encimera.<\/p>\n\n\n\n<p><strong>Dise\u00f1o de 3 cm de profundidad<\/strong>: Con un di\u00e1metro de 33 cm, ofrece un amplio espacio para las meriendas, los platos de embutidos o los postres. Ideal para pasteles glaseados, aperitivos salseados y delicias delicadas, garantizando un emplatado limpio y profesional.<\/p>\n\n\n\n<p><strong>Acabado bicolor atemporal<\/strong>: Disponible en los cl\u00e1sicos dorado y plateado, que complementan por igual los interiores modernos, glamurosos y tradicionales. La paleta neutra la hace perfecta para cenas en casa, catering de eventos o restaurantes de lujo.<\/p>\n\n\n\n<p><strong>Textura 3D de corteza de \u00e1rbol<\/strong>: Los platos presentan una textura de corteza de \u00e1rbol en 3D, con un patr\u00f3n natural y din\u00e1mico que crea un efecto visual \"on\u00edrico y precioso\", rompiendo con la monoton\u00eda de los platos tradicionales. Cuando se apilan, crean una est\u00e9tica \u00fanica en capas, convirti\u00e9ndose f\u00e1cilmente en la \"cara\" de la zona de buf\u00e9 y realzando el ambiente del restaurante.<\/p>\n\n\n\n<p><strong>Material seguro y duradero<\/strong>: Fabricadas con pl\u00e1stico alimentario seleccionado, su resistencia a ca\u00eddas y grietas es superior a la de las placas de cer\u00e1mica\/vidrio ordinarias. El lavado frecuente y el apilamiento reducen el riesgo de rotura, minimizando significativamente los costes de residuos.<\/p>\n\n\n\n<p><strong>F\u00e1cil de limpiar:<\/strong> La superficie lisa es f\u00e1cil de limpiar; las manchas de aceite se eliminan f\u00e1cilmente, satisfaciendo las necesidades de limpieza frecuente de los buffets.<\/p>\n\n\n\n<p><strong>Personalizaci\u00f3n flexible para adaptarse al tono de la marca<\/strong>: Admite la impresi\u00f3n de logotipos, ajustes de tama\u00f1o y el ajuste fino de texturas\/colores (como texturas radiales personalizadas en dorado\/gris plateado, tonos de corteza de \u00e1rbol, etc., a juego con el tema del restaurante), lo que ayuda a las empresas a crear platos exclusivos y reforzar el recuerdo de la marca.<\/p>\n<\/div>\n\n\n\n<div class=\"wp-block-column is-layout-flow wp-block-column-is-layout-flow\">\n<figure class=\"wp-block-image size-full\"><img decoding=\"async\" width=\"800\" height=\"800\" src=\"https:\/\/www.billiondaysupplier.com\/wp-content\/uploads\/2026\/01\/buffet-table-accessories1.webp\" alt=\"Accesorios de mesa buffet\" class=\"wp-image-1711\" srcset=\"https:\/\/www.billiondaysupplier.com\/wp-content\/uploads\/2026\/01\/buffet-table-accessories1.webp 800w, https:\/\/www.billiondaysupplier.com\/wp-content\/uploads\/2026\/01\/buffet-table-accessories1-300x300.webp 300w, https:\/\/www.billiondaysupplier.com\/wp-content\/uploads\/2026\/01\/buffet-table-accessories1-150x150.webp 150w, https:\/\/www.billiondaysupplier.com\/wp-content\/uploads\/2026\/01\/buffet-table-accessories1-768x768.webp 768w, https:\/\/www.billiondaysupplier.com\/wp-content\/uploads\/2026\/01\/buffet-table-accessories1-12x12.webp 12w, https:\/\/www.billiondaysupplier.com\/wp-content\/uploads\/2026\/01\/buffet-table-accessories1-600x600.webp 600w, https:\/\/www.billiondaysupplier.com\/wp-content\/uploads\/2026\/01\/buffet-table-accessories1-100x100.webp 100w\" sizes=\"(max-width: 800px) 100vw, 800px\" \/><\/figure>\n<\/div>\n<\/div>","protected":false},"excerpt":{"rendered":"<p>Los platos de pl\u00e1stico al por mayor Billion Day presentan un dise\u00f1o con textura de \u00e1rbol en 3D que realza la calidad general de las comidas de buf\u00e9. Son resistentes al desgaste, f\u00e1ciles de limpiar y adecuados para hoteles, banquetes, restaurantes y buf\u00e9s diversos. Podemos personalizar tama\u00f1os, colores y logotipos para adaptarlos a su imagen de marca. Ofrecemos un suministro estable a granel, precios competitivos al por mayor y entregas puntuales. P\u00f3ngase en contacto con nosotros para obtener un presupuesto y muestras gratuitas.<\/p>\n<h2>Placas de pl\u00e1stico al por mayor Par\u00e1metros:<\/h2>\n<table style=\"height: 252px;\" width=\"378\">\n<tbody>\n<tr>\n<td style=\"text-align: left;\" width=\"155\">Material<\/td>\n<td style=\"text-align: left;\" width=\"223\">Pl\u00e1stico<\/td>\n<\/tr>\n<tr>\n<td style=\"text-align: left;\" width=\"155\">Color<\/td>\n<td style=\"text-align: left;\" width=\"223\">Plata \/ Oro<\/td>\n<\/tr>\n<tr>\n<td style=\"text-align: left;\">Caracter\u00edstica<\/td>\n<td style=\"text-align: left;\" width=\"223\">\n<ul>\n<li>Morden Lujo<\/li>\n<li>Disponible en oro o plata<\/li>\n<\/ul>\n<\/td>\n<\/tr>\n<tr>\n<td style=\"text-align: left;\" width=\"155\">Opci\u00f3n personalizada<\/td>\n<td style=\"text-align: left;\" width=\"223\">Logotipo\/Color\/Tama\u00f1o\/Embalaje\/Accesorios<\/td>\n<\/tr>\n<\/tbody>\n<\/table>","protected":false},"featured_media":1710,"comment_status":"closed","ping_status":"closed","template":"","meta":{"_acf_changed":false},"product_brand":[],"product_cat":[23],"product_tag":[],"class_list":{"0":"post-1709","1":"product","2":"type-product","3":"status-publish","4":"has-post-thumbnail","6":"product_cat-wholesale-buffet-accessories","8":"first","9":"instock","10":"shipping-taxable","11":"product-type-simple"},"acf":[],"_links":{"self":[{"href":"https:\/\/www.billiondaysupplier.com\/es\/wp-json\/wp\/v2\/product\/1709","targetHints":{"allow":["GET"]}}],"collection":[{"href":"https:\/\/www.billiondaysupplier.com\/es\/wp-json\/wp\/v2\/product"}],"about":[{"href":"https:\/\/www.billiondaysupplier.com\/es\/wp-json\/wp\/v2\/types\/product"}],"replies":[{"embeddable":true,"href":"https:\/\/www.billiondaysupplier.com\/es\/wp-json\/wp\/v2\/comments?post=1709"}],"wp:featuredmedia":[{"embeddable":true,"href":"https:\/\/www.billiondaysupplier.com\/es\/wp-json\/wp\/v2\/media\/1710"}],"wp:attachment":[{"href":"https:\/\/www.billiondaysupplier.com\/es\/wp-json\/wp\/v2\/media?parent=1709"}],"wp:term":[{"taxonomy":"product_brand","embeddable":true,"href":"https:\/\/www.billiondaysupplier.com\/es\/wp-json\/wp\/v2\/product_brand?post=1709"},{"taxonomy":"product_cat","embeddable":true,"href":"https:\/\/www.billiondaysupplier.com\/es\/wp-json\/wp\/v2\/product_cat?post=1709"},{"taxonomy":"product_tag","embeddable":true,"href":"https:\/\/www.billiondaysupplier.com\/es\/wp-json\/wp\/v2\/product_tag?post=1709"}],"curies":[{"name":"wp","href":"https:\/\/api.w.org\/{rel}","templated":true}]}}