{"id":1702,"date":"2026-03-05T01:50:07","date_gmt":"2026-03-05T01:50:07","guid":{"rendered":"https:\/\/www.billiondaysupplier.com\/?post_type=product&#038;p=1702"},"modified":"2026-03-05T01:51:59","modified_gmt":"2026-03-05T01:51:59","slug":"custom-modern-chafing-dish","status":"publish","type":"product","link":"https:\/\/www.billiondaysupplier.com\/es\/product\/custom-modern-chafing-dish\/","title":{"rendered":"Chafing Dish El\u00e9ctrico Moderno a Medida, Calentador de Buffet Comercial con Tapa de Cristal a Granel"},"content":{"rendered":"<div class=\"wp-block-columns is-layout-flex wp-container-core-columns-is-layout-9d6595d7 wp-block-columns-is-layout-flex\">\n<div class=\"wp-block-column is-layout-flow wp-block-column-is-layout-flow\">\n<h2 class=\"wp-block-heading\">Moderno Chafing Dish Caracter\u00edsticas el\u00e9ctricas:<\/h2>\n\n\n\n<p><strong>Tapa panor\u00e1mica de cristal:<\/strong> La cubierta de cristal templado de accionamiento hidr\u00e1ulico ofrece a los comensales una visi\u00f3n sin obst\u00e1culos, al tiempo que mantiene la temperatura y la humedad \u00f3ptimas para servir.<\/p>\n\n\n\n<p><strong>Control de temperatura de precisi\u00f3n:<\/strong> Pantalla digital intuitiva con rango de temperatura ajustable, con protecci\u00f3n contra quemado en seco y apagado autom\u00e1tico para un funcionamiento seguro y sin supervisi\u00f3n.<\/p>\n\n\n\n<p><strong>Acero inoxidable 201 de calidad alimentaria:<\/strong> Su construcci\u00f3n de calidad comercial y resistente a la corrosi\u00f3n cumple las normas de seguridad alimentaria de la FDA; su dise\u00f1o sin juntas garantiza una desinfecci\u00f3n sin esfuerzo.<\/p>\n\n\n\n<p><strong>Aislamiento del agua circundante:<\/strong> La capa aislante circundante llena de agua garantiza un calentamiento uniforme, evita el sobrecalentamiento localizado y mantiene el sabor y el color de los platos.<\/p>\n\n\n\n<p><strong>Funcionamiento energ\u00e9ticamente eficiente: <\/strong>La calefacci\u00f3n el\u00e9ctrica sin llama (voltaje universal 110V\/220V) elimina los costes de combustible y los requisitos de ventilaci\u00f3n, reduciendo los gastos de explotaci\u00f3n hasta 60%.<\/p>\n\n\n\n<p><strong>Dise\u00f1ado para un uso ininterrumpido:<\/strong> Cuerpo de acero inoxidable de gran calibre con patas reforzadas que soporta un servicio comercial continuo.<\/p>\n<\/div>\n\n\n\n<div class=\"wp-block-column is-layout-flow wp-block-column-is-layout-flow\">\n<figure class=\"wp-block-image size-full\"><img decoding=\"async\" width=\"800\" height=\"800\" src=\"https:\/\/www.billiondaysupplier.com\/wp-content\/uploads\/2026\/01\/chafing-dishes-china1.webp\" alt=\"Chafing Dishes China\" class=\"wp-image-1704\" srcset=\"https:\/\/www.billiondaysupplier.com\/wp-content\/uploads\/2026\/01\/chafing-dishes-china1.webp 800w, https:\/\/www.billiondaysupplier.com\/wp-content\/uploads\/2026\/01\/chafing-dishes-china1-300x300.webp 300w, https:\/\/www.billiondaysupplier.com\/wp-content\/uploads\/2026\/01\/chafing-dishes-china1-150x150.webp 150w, https:\/\/www.billiondaysupplier.com\/wp-content\/uploads\/2026\/01\/chafing-dishes-china1-768x768.webp 768w, https:\/\/www.billiondaysupplier.com\/wp-content\/uploads\/2026\/01\/chafing-dishes-china1-12x12.webp 12w, https:\/\/www.billiondaysupplier.com\/wp-content\/uploads\/2026\/01\/chafing-dishes-china1-600x600.webp 600w, https:\/\/www.billiondaysupplier.com\/wp-content\/uploads\/2026\/01\/chafing-dishes-china1-100x100.webp 100w\" sizes=\"(max-width: 800px) 100vw, 800px\" \/><\/figure>\n<\/div>\n<\/div>","protected":false},"excerpt":{"rendered":"<p>Dise\u00f1ado para el servicio de hoteles y buf\u00e9s de primera calidad, nuestro moderno calientaplatos personalizado cuenta con control digital del calentamiento, una gran tapa de cristal y un cuerpo de acero inoxidable apto para uso alimentario. Fabricado para un rendimiento comercial y un suministro mayorista global. Pregunte ahora por precios de proyectos.<\/p>\n<h2>Par\u00e1metro el\u00e9ctrico moderno del Chafing Dish\uff1a<\/h2>\n<table border=\"0\" width=\"404\" cellspacing=\"0\" cellpadding=\"0\">\n<tbody>\n<tr>\n<td style=\"text-align: left;\" width=\"148\" height=\"24\"><strong>Material<\/strong><\/td>\n<td style=\"text-align: left;\" width=\"256\">Acero inoxidable 201<\/td>\n<\/tr>\n<tr>\n<td style=\"text-align: left;\" height=\"69\"><strong>Color<\/strong><\/td>\n<td style=\"text-align: left;\" width=\"256\">Dorado\/medio dorado\/plateado\/Acepta personalizaciones<\/td>\n<\/tr>\n<tr>\n<td style=\"text-align: left;\" height=\"24\"><strong>M\u00e9todo de calentamiento<\/strong><\/td>\n<td style=\"text-align: left;\">Calefacci\u00f3n el\u00e9ctrica<\/td>\n<\/tr>\n<tr>\n<td style=\"text-align: left;\" height=\"24\"><strong>Capacidad<\/strong><\/td>\n<td style=\"text-align: left;\">6.0L<\/td>\n<\/tr>\n<tr>\n<td style=\"text-align: left;\" height=\"92\"><strong>Caracter\u00edstica<\/strong><\/td>\n<td style=\"text-align: left;\" width=\"256\">1. Tapa hidr\u00e1ulica con ventana de cristal<br \/>2. Bordes rectos pulidos a espejo<br \/>3. Bastidor vertical estable<\/td>\n<\/tr>\n<tr>\n<td style=\"text-align: left;\" height=\"24\"><strong>Opci\u00f3n personalizada<\/strong><\/td>\n<td style=\"text-align: left;\">Logotipo\/Color\/Tama\u00f1o\/Embalaje\/Accesorios<\/td>\n<\/tr>\n<\/tbody>\n<\/table>","protected":false},"featured_media":1704,"comment_status":"closed","ping_status":"closed","template":"","meta":{"_acf_changed":false},"product_brand":[],"product_cat":[18],"product_tag":[],"class_list":{"0":"post-1702","1":"product","2":"type-product","3":"status-publish","4":"has-post-thumbnail","6":"product_cat-wholesale-chafing-dishes","8":"first","9":"instock","10":"shipping-taxable","11":"product-type-simple"},"acf":[],"_links":{"self":[{"href":"https:\/\/www.billiondaysupplier.com\/es\/wp-json\/wp\/v2\/product\/1702","targetHints":{"allow":["GET"]}}],"collection":[{"href":"https:\/\/www.billiondaysupplier.com\/es\/wp-json\/wp\/v2\/product"}],"about":[{"href":"https:\/\/www.billiondaysupplier.com\/es\/wp-json\/wp\/v2\/types\/product"}],"replies":[{"embeddable":true,"href":"https:\/\/www.billiondaysupplier.com\/es\/wp-json\/wp\/v2\/comments?post=1702"}],"wp:featuredmedia":[{"embeddable":true,"href":"https:\/\/www.billiondaysupplier.com\/es\/wp-json\/wp\/v2\/media\/1704"}],"wp:attachment":[{"href":"https:\/\/www.billiondaysupplier.com\/es\/wp-json\/wp\/v2\/media?parent=1702"}],"wp:term":[{"taxonomy":"product_brand","embeddable":true,"href":"https:\/\/www.billiondaysupplier.com\/es\/wp-json\/wp\/v2\/product_brand?post=1702"},{"taxonomy":"product_cat","embeddable":true,"href":"https:\/\/www.billiondaysupplier.com\/es\/wp-json\/wp\/v2\/product_cat?post=1702"},{"taxonomy":"product_tag","embeddable":true,"href":"https:\/\/www.billiondaysupplier.com\/es\/wp-json\/wp\/v2\/product_tag?post=1702"}],"curies":[{"name":"wp","href":"https:\/\/api.w.org\/{rel}","templated":true}]}}