{"id":1695,"date":"2026-02-27T07:34:23","date_gmt":"2026-02-27T07:34:23","guid":{"rendered":"https:\/\/www.billiondaysupplier.com\/?post_type=product&#038;p=1695"},"modified":"2026-02-27T07:36:53","modified_gmt":"2026-02-27T07:36:53","slug":"custom-electric-chafing-dish-buffet-set","status":"publish","type":"product","link":"https:\/\/www.billiondaysupplier.com\/es\/product\/custom-electric-chafing-dish-buffet-set\/","title":{"rendered":"Set el\u00e9ctrico a medida para buffet, calentador de comida rectangular con asa a granel"},"content":{"rendered":"<div class=\"wp-block-columns is-layout-flex wp-container-core-columns-is-layout-9d6595d7 wp-block-columns-is-layout-flex\">\n<div class=\"wp-block-column is-layout-flow wp-block-column-is-layout-flow\">\n<h2 class=\"wp-block-heading\">Plato el\u00e9ctrico Buffet Caracter\u00edsticas:<\/h2>\n\n\n\n<p><strong>Pulido espejo<\/strong>: Un acabado liso y brillante que mejora la est\u00e9tica a la vez que es f\u00e1cil de limpiar, garantizando un aspecto duradero e impecable, ideal para eventos de lujo y restaurantes de alta cocina.<\/p>\n\n\n\n<p><strong>Material duradero<\/strong>: Fabricado en acero inoxidable 304 de primera calidad, este calientaplatos es muy duradero y resistente a ara\u00f1azos, manchas, altas temperaturas y corrosi\u00f3n. Su composici\u00f3n apta para alimentos garantiza un contacto seguro con todo tipo de alimentos, lo que lo convierte en una opci\u00f3n fiable para el uso diario en catering.<\/p>\n\n\n\n<p><strong>Calefacci\u00f3n el\u00e9ctrica<\/strong>: Utilizando un avanzado sistema de calentamiento el\u00e9ctrico, calienta r\u00e1pidamente a la temperatura deseada y mantiene una temperatura constante, ofreciendo tanto eficiencia energ\u00e9tica como alta eficacia.<\/p>\n\n\n\n<p><strong>Tapa de cristal transparente: <\/strong>La tapa de cristal transparente ofrece una vista sin obst\u00e1culos de la comida, mejorando la presentaci\u00f3n y manteniendo el calor y la humedad para conservar la temperatura y la frescura de los alimentos.<\/p>\n\n\n\n<p><strong>Dise\u00f1o de bisagra hidr\u00e1ulica<\/strong>: Permite una apertura y cierre suaves y silenciosos, a\u00f1adiendo un toque de sofisticaci\u00f3n a su servicio.<\/p>\n\n\n\n<p><strong>Suministro directo de f\u00e1brica: <\/strong>Suministrados desde la f\u00e1brica de Billion Day, garantizamos una alta calidad a precios competitivos. Tambi\u00e9n ofrecemos servicios OEM\/ODM.<\/p>\n<\/div>\n\n\n\n<div class=\"wp-block-column is-layout-flow wp-block-column-is-layout-flow\">\n<figure class=\"wp-block-image size-full\"><img decoding=\"async\" width=\"800\" height=\"800\" src=\"https:\/\/www.billiondaysupplier.com\/wp-content\/uploads\/2026\/01\/restaurant-supply-chafing-dishes3.webp\" alt=\"Suministros para restaurantes Platos hondos\" class=\"wp-image-1699\" srcset=\"https:\/\/www.billiondaysupplier.com\/wp-content\/uploads\/2026\/01\/restaurant-supply-chafing-dishes3.webp 800w, https:\/\/www.billiondaysupplier.com\/wp-content\/uploads\/2026\/01\/restaurant-supply-chafing-dishes3-300x300.webp 300w, https:\/\/www.billiondaysupplier.com\/wp-content\/uploads\/2026\/01\/restaurant-supply-chafing-dishes3-150x150.webp 150w, https:\/\/www.billiondaysupplier.com\/wp-content\/uploads\/2026\/01\/restaurant-supply-chafing-dishes3-768x768.webp 768w, https:\/\/www.billiondaysupplier.com\/wp-content\/uploads\/2026\/01\/restaurant-supply-chafing-dishes3-12x12.webp 12w, https:\/\/www.billiondaysupplier.com\/wp-content\/uploads\/2026\/01\/restaurant-supply-chafing-dishes3-600x600.webp 600w, https:\/\/www.billiondaysupplier.com\/wp-content\/uploads\/2026\/01\/restaurant-supply-chafing-dishes3-100x100.webp 100w\" sizes=\"(max-width: 800px) 100vw, 800px\" \/><\/figure>\n<\/div>\n<\/div>","protected":false},"excerpt":{"rendered":"<p>Mejore su buffet con nuestro set de buffet el\u00e9ctrico, con acero inoxidable 304 de primera calidad, acabado de espejo, calefacci\u00f3n el\u00e9ctrica y tapa de cristal hidr\u00e1ulico, adecuado para una gran variedad de cenas. Personalizaci\u00f3n disponible, con precios competitivos al por mayor. Contacte con nosotros para un presupuesto.<\/p>\n<h2>Par\u00e1metro del juego de buffet el\u00e9ctrico Chafing Dish\uff1a<\/h2>\n<table border=\"0\" width=\"404\" cellspacing=\"0\" cellpadding=\"0\">\n<tbody>\n<tr>\n<td style=\"text-align: left;\" width=\"148\" height=\"24\"><strong>Material<\/strong><\/td>\n<td style=\"text-align: left;\" width=\"256\">Acero inoxidable 304<\/td>\n<\/tr>\n<tr>\n<td style=\"text-align: left;\" height=\"69\"><strong>Color<\/strong><\/td>\n<td style=\"text-align: left;\" width=\"256\">Dorado\/medio dorado\/plateado\/Acepta personalizaciones<\/td>\n<\/tr>\n<tr>\n<td style=\"text-align: left;\" height=\"24\"><strong>M\u00e9todo de calentamiento<\/strong><\/td>\n<td style=\"text-align: left;\">Calefacci\u00f3n el\u00e9ctrica<\/td>\n<\/tr>\n<tr>\n<td style=\"text-align: left;\" height=\"24\"><strong>Capacidad<\/strong><\/td>\n<td style=\"text-align: left;\">9.0L<\/td>\n<\/tr>\n<tr>\n<td style=\"text-align: left;\" height=\"92\"><strong>Caracter\u00edstica<\/strong><\/td>\n<td style=\"text-align: left;\" width=\"256\">1. Tapa hidr\u00e1ulica con ventana de cristal<br \/>2. Bordes redondeados pulidos a espejo<br \/>3. Bastidor vertical estable<\/td>\n<\/tr>\n<tr>\n<td style=\"text-align: left;\" height=\"24\"><strong>Opci\u00f3n personalizada<\/strong><\/td>\n<td style=\"text-align: left;\">Logotipo\/Color\/Tama\u00f1o\/Embalaje\/Accesorios<\/td>\n<\/tr>\n<\/tbody>\n<\/table>","protected":false},"featured_media":1696,"comment_status":"closed","ping_status":"closed","template":"","meta":{"_acf_changed":false},"product_brand":[],"product_cat":[18],"product_tag":[],"class_list":{"0":"post-1695","1":"product","2":"type-product","3":"status-publish","4":"has-post-thumbnail","6":"product_cat-wholesale-chafing-dishes","8":"first","9":"instock","10":"shipping-taxable","11":"product-type-simple"},"acf":[],"_links":{"self":[{"href":"https:\/\/www.billiondaysupplier.com\/es\/wp-json\/wp\/v2\/product\/1695","targetHints":{"allow":["GET"]}}],"collection":[{"href":"https:\/\/www.billiondaysupplier.com\/es\/wp-json\/wp\/v2\/product"}],"about":[{"href":"https:\/\/www.billiondaysupplier.com\/es\/wp-json\/wp\/v2\/types\/product"}],"replies":[{"embeddable":true,"href":"https:\/\/www.billiondaysupplier.com\/es\/wp-json\/wp\/v2\/comments?post=1695"}],"wp:featuredmedia":[{"embeddable":true,"href":"https:\/\/www.billiondaysupplier.com\/es\/wp-json\/wp\/v2\/media\/1696"}],"wp:attachment":[{"href":"https:\/\/www.billiondaysupplier.com\/es\/wp-json\/wp\/v2\/media?parent=1695"}],"wp:term":[{"taxonomy":"product_brand","embeddable":true,"href":"https:\/\/www.billiondaysupplier.com\/es\/wp-json\/wp\/v2\/product_brand?post=1695"},{"taxonomy":"product_cat","embeddable":true,"href":"https:\/\/www.billiondaysupplier.com\/es\/wp-json\/wp\/v2\/product_cat?post=1695"},{"taxonomy":"product_tag","embeddable":true,"href":"https:\/\/www.billiondaysupplier.com\/es\/wp-json\/wp\/v2\/product_tag?post=1695"}],"curies":[{"name":"wp","href":"https:\/\/api.w.org\/{rel}","templated":true}]}}