{"id":1679,"date":"2026-02-02T10:30:02","date_gmt":"2026-02-02T10:30:02","guid":{"rendered":"https:\/\/www.billiondaysupplier.com\/?post_type=product&#038;p=1679"},"modified":"2026-02-02T10:31:56","modified_gmt":"2026-02-02T10:31:56","slug":"custom-chafing-dish-round","status":"publish","type":"product","link":"https:\/\/www.billiondaysupplier.com\/es\/product\/custom-chafing-dish-round\/","title":{"rendered":"Chafing Dish Redondo, Calentador de Comida de Acero Inoxidable para Fiesta Restaurante Plata a Granel"},"content":{"rendered":"<div class=\"wp-block-columns is-layout-flex wp-container-core-columns-is-layout-9d6595d7 wp-block-columns-is-layout-flex\">\n<div class=\"wp-block-column is-layout-flow wp-block-column-is-layout-flow\">\n<h2 class=\"wp-block-heading\">Chafing Dish Round Caracter\u00edsticas:<\/h2>\n\n\n\n<p><strong>Eficiencia y ahorro energ\u00e9tico<\/strong>: El elemento calefactor integrado de alta eficiencia proporciona tiempos de calentamiento r\u00e1pidos y una distribuci\u00f3n t\u00e9rmica uniforme, lo que reduce los costes operativos de la restauraci\u00f3n a gran escala.<\/p>\n\n\n\n<p><strong>Acero inoxidable de calidad alimentaria duradero<\/strong>: Fabricado con acero inoxidable de alta calidad resistente a la corrosi\u00f3n, dise\u00f1ado para soportar las rigurosas exigencias de los entornos comerciales de alto tr\u00e1fico.<\/p>\n\n\n\n<p><strong>Control de temperatura de precisi\u00f3n:<\/strong> Equipado con un panel de control t\u00e1ctil digital para ajustar la temperatura con precisi\u00f3n, lo que garantiza que los alimentos se mantengan a la temperatura ideal para servirlos sin que se cocinen en exceso.<\/p>\n\n\n\n<p><strong>Presentaci\u00f3n visual elegante<\/strong>: Dispone de una ventana de cristal templado y una bisagra hidr\u00e1ulica silenciosa, que permite a los comensales ver los platos con claridad y garantiza un ambiente gastron\u00f3mico silencioso y de calidad.<\/p>\n\n\n\n<p><strong>Servicios personalizados:<\/strong> Podemos personalizar el tama\u00f1o, la forma y el dise\u00f1o de las parrillas de acero inoxidable para alimentos para adaptarlas a la distribuci\u00f3n de su restaurante, hotel o buf\u00e9.<\/p>\n<\/div>\n\n\n\n<div class=\"wp-block-column is-layout-flow wp-block-column-is-layout-flow\">\n<figure class=\"wp-block-image size-full\"><img decoding=\"async\" width=\"800\" height=\"800\" src=\"https:\/\/www.billiondaysupplier.com\/wp-content\/uploads\/2026\/01\/restaurant.webp\" alt=\"platos calientes para restaurantes\" class=\"wp-image-1681\" srcset=\"https:\/\/www.billiondaysupplier.com\/wp-content\/uploads\/2026\/01\/restaurant.webp 800w, https:\/\/www.billiondaysupplier.com\/wp-content\/uploads\/2026\/01\/restaurant-300x300.webp 300w, https:\/\/www.billiondaysupplier.com\/wp-content\/uploads\/2026\/01\/restaurant-150x150.webp 150w, https:\/\/www.billiondaysupplier.com\/wp-content\/uploads\/2026\/01\/restaurant-768x768.webp 768w, https:\/\/www.billiondaysupplier.com\/wp-content\/uploads\/2026\/01\/restaurant-12x12.webp 12w, https:\/\/www.billiondaysupplier.com\/wp-content\/uploads\/2026\/01\/restaurant-600x600.webp 600w, https:\/\/www.billiondaysupplier.com\/wp-content\/uploads\/2026\/01\/restaurant-100x100.webp 100w\" sizes=\"(max-width: 800px) 100vw, 800px\" \/><\/figure>\n<\/div>\n<\/div>","protected":false},"excerpt":{"rendered":"<p>El calientaplatos redondo personalizado Billion Day se caracteriza por su acero inoxidable, un preciso panel de control CNC, una tapa de cristal transparente, un calentamiento eficaz y un dise\u00f1o personalizable. Se aceptan pedidos a granel. P\u00f3ngase en contacto con nosotros para obtener soluciones de equipamiento para buf\u00e9s de alta calidad.<\/p>\n<h2>Par\u00e1metro Chafing Dish Round\uff1a<\/h2>\n<table border=\"0\" width=\"404\" cellspacing=\"0\" cellpadding=\"0\">\n<tbody>\n<tr>\n<td style=\"text-align: left;\" width=\"148\" height=\"24\"><strong>Material<\/strong><\/td>\n<td style=\"text-align: left;\" width=\"256\">Acero inoxidable 201<\/td>\n<\/tr>\n<tr>\n<td style=\"text-align: left;\" height=\"69\"><strong>Color<\/strong><\/td>\n<td style=\"text-align: left;\" width=\"256\">Plata\/Acepto personalizaci\u00f3n<\/td>\n<\/tr>\n<tr>\n<td style=\"text-align: left;\" height=\"24\"><strong>M\u00e9todo de calentamiento<\/strong><\/td>\n<td style=\"text-align: left;\">Calefacci\u00f3n el\u00e9ctrica<\/td>\n<\/tr>\n<tr>\n<td style=\"text-align: left;\" height=\"24\"><strong>Capacidad<\/strong><\/td>\n<td style=\"text-align: left;\">6.0L<\/td>\n<\/tr>\n<tr>\n<td style=\"text-align: left;\" height=\"92\"><strong>Caracter\u00edstica<\/strong><\/td>\n<td style=\"text-align: left;\" width=\"256\">1. Tapa hidr\u00e1ulica con ventana de cristal<br \/>2. Bordes redondeados pulidos a espejo<br \/>3. Bastidor vertical estable<\/td>\n<\/tr>\n<tr>\n<td style=\"text-align: left;\" height=\"24\"><strong>Opci\u00f3n personalizada<\/strong><\/td>\n<td style=\"text-align: left;\">Logotipo\/Color\/Tama\u00f1o\/Embalaje\/Accesorios<\/td>\n<\/tr>\n<\/tbody>\n<\/table>","protected":false},"featured_media":1680,"comment_status":"closed","ping_status":"closed","template":"","meta":{"_acf_changed":false},"product_brand":[],"product_cat":[18],"product_tag":[],"class_list":{"0":"post-1679","1":"product","2":"type-product","3":"status-publish","4":"has-post-thumbnail","6":"product_cat-wholesale-chafing-dishes","8":"first","9":"instock","10":"shipping-taxable","11":"product-type-simple"},"acf":[],"_links":{"self":[{"href":"https:\/\/www.billiondaysupplier.com\/es\/wp-json\/wp\/v2\/product\/1679","targetHints":{"allow":["GET"]}}],"collection":[{"href":"https:\/\/www.billiondaysupplier.com\/es\/wp-json\/wp\/v2\/product"}],"about":[{"href":"https:\/\/www.billiondaysupplier.com\/es\/wp-json\/wp\/v2\/types\/product"}],"replies":[{"embeddable":true,"href":"https:\/\/www.billiondaysupplier.com\/es\/wp-json\/wp\/v2\/comments?post=1679"}],"wp:featuredmedia":[{"embeddable":true,"href":"https:\/\/www.billiondaysupplier.com\/es\/wp-json\/wp\/v2\/media\/1680"}],"wp:attachment":[{"href":"https:\/\/www.billiondaysupplier.com\/es\/wp-json\/wp\/v2\/media?parent=1679"}],"wp:term":[{"taxonomy":"product_brand","embeddable":true,"href":"https:\/\/www.billiondaysupplier.com\/es\/wp-json\/wp\/v2\/product_brand?post=1679"},{"taxonomy":"product_cat","embeddable":true,"href":"https:\/\/www.billiondaysupplier.com\/es\/wp-json\/wp\/v2\/product_cat?post=1679"},{"taxonomy":"product_tag","embeddable":true,"href":"https:\/\/www.billiondaysupplier.com\/es\/wp-json\/wp\/v2\/product_tag?post=1679"}],"curies":[{"name":"wp","href":"https:\/\/api.w.org\/{rel}","templated":true}]}}