{"id":1676,"date":"2026-02-02T09:43:54","date_gmt":"2026-02-02T09:43:54","guid":{"rendered":"https:\/\/www.billiondaysupplier.com\/?post_type=product&#038;p=1676"},"modified":"2026-02-02T09:44:52","modified_gmt":"2026-02-02T09:44:52","slug":"wholesale-electric-chafing-dish-set","status":"publish","type":"product","link":"https:\/\/www.billiondaysupplier.com\/es\/product\/wholesale-electric-chafing-dish-set\/","title":{"rendered":"Mayorista Calientaplatos El\u00e9ctrico, Calientaplatos de Lujo de Acero Inoxidable para Restaurante Personalizado"},"content":{"rendered":"<div class=\"wp-block-columns is-layout-flex wp-container-core-columns-is-layout-9d6595d7 wp-block-columns-is-layout-flex\">\n<div class=\"wp-block-column is-layout-flow wp-block-column-is-layout-flow\">\n<h2 class=\"wp-block-heading\">Set de Chafing Dish el\u00e9ctrico Caracter\u00edsticas:<\/h2>\n\n\n\n<p><strong>Panel de control digital:<\/strong> La pantalla LED intuitiva y los botones de un solo toque le permiten ajustar las temperaturas con precisi\u00f3n, a\u00f1adiendo un toque profesional y tecnol\u00f3gico a su servicio.<\/p>\n\n\n\n<p><strong>Construcci\u00f3n de acero inoxidable de primera calidad<\/strong>: El elegante cuerpo de acero inoxidable resistente a las huellas dactilares tiene un acabado de espejo que resiste los ara\u00f1azos, la corrosi\u00f3n y las altas temperaturas.<\/p>\n\n\n\n<p><strong>Forma cuadrada moderna<\/strong>: Maximiza el espacio de la mesa al tiempo que a\u00f1ade un toque de sofisticado minimalismo a cualquier montaje de buf\u00e9.<\/p>\n\n\n\n<p><strong>Tapa de cristal transparente de visi\u00f3n total:<\/strong> La tapa de cristal transparente y resistente al calor permite a los comensales admirar la cocina mientras mantiene los alimentos protegidos del polvo y los contaminantes.<\/p>\n\n\n\n<p><strong>Cartera de productos diversificada:<\/strong> Desde calientaplatos de acero inoxidable, ollas y calentadores de sopa hasta accesorios para buf\u00e9s, la compra al por mayor en un solo punto ayuda a los mayoristas a ahorrar tiempo y costes de adquisici\u00f3n.<\/p>\n<\/div>\n\n\n\n<div class=\"wp-block-column is-layout-flow wp-block-column-is-layout-flow\">\n<figure class=\"wp-block-image size-full\"><img decoding=\"async\" width=\"800\" height=\"800\" src=\"https:\/\/www.billiondaysupplier.com\/wp-content\/uploads\/2026\/01\/chafing-15.webp\" alt=\"proveedores de calientaplatos\" class=\"wp-image-1678\" srcset=\"https:\/\/www.billiondaysupplier.com\/wp-content\/uploads\/2026\/01\/chafing-15.webp 800w, https:\/\/www.billiondaysupplier.com\/wp-content\/uploads\/2026\/01\/chafing-15-300x300.webp 300w, https:\/\/www.billiondaysupplier.com\/wp-content\/uploads\/2026\/01\/chafing-15-150x150.webp 150w, https:\/\/www.billiondaysupplier.com\/wp-content\/uploads\/2026\/01\/chafing-15-768x768.webp 768w, https:\/\/www.billiondaysupplier.com\/wp-content\/uploads\/2026\/01\/chafing-15-12x12.webp 12w, https:\/\/www.billiondaysupplier.com\/wp-content\/uploads\/2026\/01\/chafing-15-600x600.webp 600w, https:\/\/www.billiondaysupplier.com\/wp-content\/uploads\/2026\/01\/chafing-15-100x100.webp 100w\" sizes=\"(max-width: 800px) 100vw, 800px\" \/><\/figure>\n<\/div>\n<\/div>","protected":false},"excerpt":{"rendered":"<p>Bienvenido a la venta al por mayor el\u00e9ctrica chafing plato conjunto con control CNC precisa, un cuerpo de acero inoxidable resistente a las huellas dactilares elegante, una tapa de cristal, y un dise\u00f1o cuadrado moderno. Suministro a granel y personalizaci\u00f3n disponibles. \u00a1P\u00f3ngase en contacto con nosotros!<\/p>\n<h2>Par\u00e1metros del juego de sartenes el\u00e9ctricas\uff1a<\/h2>\n<table border=\"0\" width=\"404\" cellspacing=\"0\" cellpadding=\"0\">\n<tbody>\n<tr>\n<td style=\"text-align: left;\" width=\"148\" height=\"24\">Material<\/td>\n<td style=\"text-align: left;\" width=\"256\">Acero inoxidable 201<\/td>\n<\/tr>\n<tr>\n<td style=\"text-align: left;\" height=\"69\">Color<\/td>\n<td style=\"text-align: left;\" width=\"256\">Plata\/Acepto personalizaci\u00f3n<\/td>\n<\/tr>\n<tr>\n<td style=\"text-align: left;\" height=\"24\">M\u00e9todo de calentamiento<\/td>\n<td style=\"text-align: left;\">Calefacci\u00f3n el\u00e9ctrica<\/td>\n<\/tr>\n<tr>\n<td style=\"text-align: left;\" height=\"24\">Capacidad<\/td>\n<td style=\"text-align: left;\">6.0L<\/td>\n<\/tr>\n<tr>\n<td style=\"text-align: left;\" height=\"92\">Caracter\u00edstica<\/td>\n<td style=\"text-align: left;\" width=\"256\">1. Tapa hidr\u00e1ulica con ventana de cristal<br \/>2. Bordes redondeados pulidos a espejo<br \/>3. Bastidor vertical estable<br \/>4. Control preciso de la temperatura<\/td>\n<\/tr>\n<tr>\n<td style=\"text-align: left;\" height=\"24\">Opci\u00f3n personalizada<\/td>\n<td style=\"text-align: left;\">Logotipo\/Color\/Tama\u00f1o\/Embalaje\/Accesorios<\/td>\n<\/tr>\n<\/tbody>\n<\/table>","protected":false},"featured_media":1678,"comment_status":"closed","ping_status":"closed","template":"","meta":{"_acf_changed":true},"product_brand":[],"product_cat":[18],"product_tag":[],"class_list":{"0":"post-1676","1":"product","2":"type-product","3":"status-publish","4":"has-post-thumbnail","6":"product_cat-wholesale-chafing-dishes","8":"first","9":"instock","10":"shipping-taxable","11":"product-type-simple"},"acf":[],"_links":{"self":[{"href":"https:\/\/www.billiondaysupplier.com\/es\/wp-json\/wp\/v2\/product\/1676","targetHints":{"allow":["GET"]}}],"collection":[{"href":"https:\/\/www.billiondaysupplier.com\/es\/wp-json\/wp\/v2\/product"}],"about":[{"href":"https:\/\/www.billiondaysupplier.com\/es\/wp-json\/wp\/v2\/types\/product"}],"replies":[{"embeddable":true,"href":"https:\/\/www.billiondaysupplier.com\/es\/wp-json\/wp\/v2\/comments?post=1676"}],"wp:featuredmedia":[{"embeddable":true,"href":"https:\/\/www.billiondaysupplier.com\/es\/wp-json\/wp\/v2\/media\/1678"}],"wp:attachment":[{"href":"https:\/\/www.billiondaysupplier.com\/es\/wp-json\/wp\/v2\/media?parent=1676"}],"wp:term":[{"taxonomy":"product_brand","embeddable":true,"href":"https:\/\/www.billiondaysupplier.com\/es\/wp-json\/wp\/v2\/product_brand?post=1676"},{"taxonomy":"product_cat","embeddable":true,"href":"https:\/\/www.billiondaysupplier.com\/es\/wp-json\/wp\/v2\/product_cat?post=1676"},{"taxonomy":"product_tag","embeddable":true,"href":"https:\/\/www.billiondaysupplier.com\/es\/wp-json\/wp\/v2\/product_tag?post=1676"}],"curies":[{"name":"wp","href":"https:\/\/api.w.org\/{rel}","templated":true}]}}