{"id":1672,"date":"2026-01-24T08:02:01","date_gmt":"2026-01-24T08:02:01","guid":{"rendered":"https:\/\/www.billiondaysupplier.com\/?post_type=product&#038;p=1672"},"modified":"2026-01-24T08:05:23","modified_gmt":"2026-01-24T08:05:23","slug":"custom-chafing-dishes-set","status":"publish","type":"product","link":"https:\/\/www.billiondaysupplier.com\/es\/product\/custom-chafing-dishes-set\/","title":{"rendered":"Set de Platos Calientes, Calentador El\u00e9ctrico de Acero Inoxidable para Buffet a Granel"},"content":{"rendered":"<div class=\"wp-block-columns is-layout-flex wp-container-core-columns-is-layout-9d6595d7 wp-block-columns-is-layout-flex\">\n<div class=\"wp-block-column is-layout-flow wp-block-column-is-layout-flow\">\n<h2 class=\"wp-block-heading\">Caracter\u00edsticas:<\/h2>\n\n\n\n<p><strong>Elegante forma redonda<\/strong>: El cl\u00e1sico dise\u00f1o circular maximiza el espacio de la mesa al tiempo que a\u00f1ade un toque de moderna sofisticaci\u00f3n. El borde acentuado en negro crea un llamativo contraste, haciendo que los alimentos destaquen bajo cualquier iluminaci\u00f3n.<\/p>\n\n\n\n<p><strong>Acero inoxidable de calidad alimentaria<\/strong>: El cuerpo de acero inoxidable pulido es resistente a los ara\u00f1azos y a la corrosi\u00f3n, y est\u00e1 fabricado para soportar el uso comercial diario. Tambi\u00e9n es apto para uso alimentario y f\u00e1cil de desinfectar, lo que garantiza el cumplimiento de las normas de higiene en hosteler\u00eda.<\/p>\n\n\n\n<p><strong>Control digital de temperatura de precisi\u00f3n<\/strong>: El panel digital integrado le permite ajustar y mantener temperaturas de hasta 110\u00b0C, con una clara pantalla LED para control en tiempo real. Di adi\u00f3s a la comida tibia y al calentamiento desigual.<\/p>\n\n\n\n<p><strong>Tapa transparente<\/strong>: La tapa transparente y resistente al calor permite a los invitados admirar sus creaciones culinarias al tiempo que mantiene los alimentos protegidos de contaminantes. El mango ergon\u00f3mico de acero inoxidable se mantiene fr\u00edo al tacto, para que puedas levantar y volver a colocar la tapa con seguridad.<\/p>\n\n\n\n<p><strong>Gran capacidad de 6 litros<\/strong>: Perfecta para servir lotes medianos y grandes de platos calientes, desde huevos revueltos y verduras salteadas hasta curry y pasta, para mantener el buf\u00e9 lleno sin tener que rellenar constantemente.<\/p>\n\n\n\n<p><strong>Servicios de personalizaci\u00f3n<\/strong>: Ofrecemos soluciones a medida, que incluyen dimensiones, accesorios, marcas y embalajes personalizados para satisfacer las necesidades espec\u00edficas de los clientes en los distintos mercados.<\/p>\n<\/div>\n\n\n\n<div class=\"wp-block-column is-layout-flow wp-block-column-is-layout-flow\">\n<figure class=\"wp-block-image size-full is-resized\"><img decoding=\"async\" width=\"800\" height=\"800\" src=\"https:\/\/www.billiondaysupplier.com\/wp-content\/uploads\/2026\/01\/chafing-dish-supplier-2.png\" alt=\"proveedor de calientaplatos\" class=\"wp-image-1675\" style=\"aspect-ratio:1;object-fit:cover;width:720px\" srcset=\"https:\/\/www.billiondaysupplier.com\/wp-content\/uploads\/2026\/01\/chafing-dish-supplier-2.png 800w, https:\/\/www.billiondaysupplier.com\/wp-content\/uploads\/2026\/01\/chafing-dish-supplier-2-300x300.png 300w, https:\/\/www.billiondaysupplier.com\/wp-content\/uploads\/2026\/01\/chafing-dish-supplier-2-150x150.png 150w, https:\/\/www.billiondaysupplier.com\/wp-content\/uploads\/2026\/01\/chafing-dish-supplier-2-768x768.png 768w, https:\/\/www.billiondaysupplier.com\/wp-content\/uploads\/2026\/01\/chafing-dish-supplier-2-12x12.png 12w, https:\/\/www.billiondaysupplier.com\/wp-content\/uploads\/2026\/01\/chafing-dish-supplier-2-600x600.png 600w, https:\/\/www.billiondaysupplier.com\/wp-content\/uploads\/2026\/01\/chafing-dish-supplier-2-100x100.png 100w\" sizes=\"(max-width: 800px) 100vw, 800px\" \/><\/figure>\n<\/div>\n<\/div>\n\n\n\n<p><\/p>","protected":false},"excerpt":{"rendered":"<p>Set de platos de fritura personalizados con un elegante dise\u00f1o redondo, acero inoxidable apto para uso alimentario y control digital de la temperatura, ideal para uso profesional en buf\u00e9s. Disponemos de tama\u00f1os, marcas y embalajes personalizados para pedidos al por mayor. P\u00f3ngase en contacto con nosotros para obtener un presupuesto al por mayor hoy mismo.<\/p>\n<h2>Par\u00e1metros del juego de chafing dishes\uff1a<\/h2>\n<table border=\"0\" width=\"404\" cellspacing=\"0\" cellpadding=\"0\">\n<tbody>\n<tr>\n<td style=\"text-align: left;\" width=\"148\" height=\"24\"><strong>Material<\/strong><\/td>\n<td style=\"text-align: left;\" width=\"256\">Acero inoxidable 201<\/td>\n<\/tr>\n<tr>\n<td style=\"text-align: left;\" height=\"69\"><strong>Color<\/strong><\/td>\n<td style=\"text-align: left;\" width=\"256\">Plata\/Oro\/Medio Oro\/Acepta Personalizaci\u00f3n<\/td>\n<\/tr>\n<tr>\n<td style=\"text-align: left;\" height=\"24\"><strong>M\u00e9todo de calentamiento<\/strong><\/td>\n<td style=\"text-align: left;\">Calefacci\u00f3n el\u00e9ctrica<\/td>\n<\/tr>\n<tr>\n<td style=\"text-align: left;\" height=\"24\"><strong>Capacidad<\/strong><\/td>\n<td style=\"text-align: left;\">6.0L<\/td>\n<\/tr>\n<tr>\n<td style=\"text-align: left;\" height=\"92\"><strong>Caracter\u00edstica<\/strong><\/td>\n<td style=\"text-align: left;\" width=\"256\">\n<p>1. Tapa hidr\u00e1ulica con ventana de cristal<br \/>2. Pulido<br \/>3. Uso en h\u00famedo<\/p>\n<\/td>\n<\/tr>\n<tr>\n<td style=\"text-align: left;\" height=\"24\"><strong>Opci\u00f3n personalizada<\/strong><\/td>\n<td style=\"text-align: left;\">Logotipo\/Color\/Tama\u00f1o\/Embalaje\/Accesorios<\/td>\n<\/tr>\n<\/tbody>\n<\/table>","protected":false},"featured_media":1674,"comment_status":"closed","ping_status":"closed","template":"","meta":{"_acf_changed":true},"product_brand":[],"product_cat":[18],"product_tag":[],"class_list":{"0":"post-1672","1":"product","2":"type-product","3":"status-publish","4":"has-post-thumbnail","6":"product_cat-wholesale-chafing-dishes","8":"first","9":"instock","10":"shipping-taxable","11":"product-type-simple"},"acf":[],"_links":{"self":[{"href":"https:\/\/www.billiondaysupplier.com\/es\/wp-json\/wp\/v2\/product\/1672","targetHints":{"allow":["GET"]}}],"collection":[{"href":"https:\/\/www.billiondaysupplier.com\/es\/wp-json\/wp\/v2\/product"}],"about":[{"href":"https:\/\/www.billiondaysupplier.com\/es\/wp-json\/wp\/v2\/types\/product"}],"replies":[{"embeddable":true,"href":"https:\/\/www.billiondaysupplier.com\/es\/wp-json\/wp\/v2\/comments?post=1672"}],"wp:featuredmedia":[{"embeddable":true,"href":"https:\/\/www.billiondaysupplier.com\/es\/wp-json\/wp\/v2\/media\/1674"}],"wp:attachment":[{"href":"https:\/\/www.billiondaysupplier.com\/es\/wp-json\/wp\/v2\/media?parent=1672"}],"wp:term":[{"taxonomy":"product_brand","embeddable":true,"href":"https:\/\/www.billiondaysupplier.com\/es\/wp-json\/wp\/v2\/product_brand?post=1672"},{"taxonomy":"product_cat","embeddable":true,"href":"https:\/\/www.billiondaysupplier.com\/es\/wp-json\/wp\/v2\/product_cat?post=1672"},{"taxonomy":"product_tag","embeddable":true,"href":"https:\/\/www.billiondaysupplier.com\/es\/wp-json\/wp\/v2\/product_tag?post=1672"}],"curies":[{"name":"wp","href":"https:\/\/api.w.org\/{rel}","templated":true}]}}