{"id":1638,"date":"2026-01-19T09:41:05","date_gmt":"2026-01-19T09:41:05","guid":{"rendered":"https:\/\/www.billiondaysupplier.com\/?post_type=product&#038;p=1638"},"modified":"2026-01-19T09:42:56","modified_gmt":"2026-01-19T09:42:56","slug":"bulk-drink-dispenser","status":"publish","type":"product","link":"https:\/\/www.billiondaysupplier.com\/es\/product\/bulk-drink-dispenser\/","title":{"rendered":"Dispensador de Bebidas a Granel 13L Cafetera Urna Acero Inoxidable Buffet Ware Plata"},"content":{"rendered":"<div class=\"wp-block-columns is-layout-flex wp-container-core-columns-is-layout-9d6595d7 wp-block-columns-is-layout-flex\">\n<div class=\"wp-block-column is-layout-flow wp-block-column-is-layout-flow\">\n<h2 class=\"wp-block-heading\">Dispensador de bebidas de acero inoxidable 13L Caracter\u00edsticas:<\/h2>\n\n\n\n<p><strong>13L Dise\u00f1o de gran capacidad:<\/strong> Adecuado para restaurantes tipo buf\u00e9, hoteles, banquetes y conferencias, satisface las necesidades de varias personas a la vez, reduce las reposiciones frecuentes y mejora la eficacia del servicio.<\/p>\n\n\n\n<p><strong>Dise\u00f1o de cabezal de sellado de alta eficiencia:<\/strong> El tap\u00f3n sellado con precisi\u00f3n garantiza que las bebidas permanezcan calientes y a prueba de fugas, al tiempo que mantiene la higiene y evita la entrada de polvo y olores.<\/p>\n\n\n\n<p><strong>Boquilla suave y f\u00e1cil de usar:<\/strong> El dise\u00f1o del ca\u00f1o es suave y sin fugas, f\u00e1cil de manejar, adecuado para entornos de uso frecuente, lo que hace que la dispensaci\u00f3n de bebidas sea m\u00e1s c\u00f3moda y segura.<\/p>\n\n\n\n<p><strong>Base estable y estructura duradera:<\/strong> El material de acero inoxidable engrosado combinado con una base estable mantiene el equilibrio general, evitando vuelcos y resbalones, garantizando la seguridad a largo plazo en entornos comerciales.<\/p>\n\n\n\n<p><strong>Materiales comerciales de uso alimentario<\/strong>: Toda la m\u00e1quina es de acero inoxidable de calidad alimentaria, resistente a la corrosi\u00f3n, f\u00e1cil de limpiar y cumple las normas de higiene, apta para bebidas fr\u00edas y calientes.<\/p>\n\n\n\n<p><strong>Aspecto moderno:<\/strong> La superficie de acero inoxidable cepillado plateado tiene un fuerte aire moderno, adecuado para diversas mesas de buf\u00e9 y entornos comerciales, equilibrando practicidad y est\u00e9tica.<\/p>\n\n\n\n<p><strong>Suministro del fabricante:<\/strong> Billion Day cuenta con muchos a\u00f1os de experiencia en la producci\u00f3n de equipos de acero inoxidable para bebidas. Somos fabricantes profesionales de urnas de caf\u00e9 comerciales y dispensadores de bebidas, y ofrecemos un estricto control de calidad, un suministro estable y servicios de personalizaci\u00f3n.<\/p>\n<\/div>\n\n\n\n<div class=\"wp-block-column is-layout-flow wp-block-column-is-layout-flow\">\n<figure class=\"wp-block-image size-full\"><img decoding=\"async\" width=\"720\" height=\"720\" src=\"https:\/\/www.billiondaysupplier.com\/wp-content\/uploads\/2025\/08\/bulk-stainless-steel-beverage-dispenser-1.webp\" alt=\"dispensador de bebidas a granel de acero inoxidable (1)\" class=\"wp-image-669\" srcset=\"https:\/\/www.billiondaysupplier.com\/wp-content\/uploads\/2025\/08\/bulk-stainless-steel-beverage-dispenser-1.webp 720w, https:\/\/www.billiondaysupplier.com\/wp-content\/uploads\/2025\/08\/bulk-stainless-steel-beverage-dispenser-1-300x300.webp 300w, https:\/\/www.billiondaysupplier.com\/wp-content\/uploads\/2025\/08\/bulk-stainless-steel-beverage-dispenser-1-150x150.webp 150w, https:\/\/www.billiondaysupplier.com\/wp-content\/uploads\/2025\/08\/bulk-stainless-steel-beverage-dispenser-1-600x600.webp 600w, https:\/\/www.billiondaysupplier.com\/wp-content\/uploads\/2025\/08\/bulk-stainless-steel-beverage-dispenser-1-100x100.webp 100w\" sizes=\"(max-width: 720px) 100vw, 720px\" \/><\/figure>\n<\/div>\n<\/div>\n\n\n\n<div class=\"wp-block-columns is-layout-flex wp-container-core-columns-is-layout-9d6595d7 wp-block-columns-is-layout-flex\">\n<div class=\"wp-block-column is-layout-flow wp-block-column-is-layout-flow\">\n<figure class=\"wp-block-image size-full\"><img decoding=\"async\" width=\"720\" height=\"720\" src=\"https:\/\/www.billiondaysupplier.com\/wp-content\/uploads\/2025\/08\/bulk-stainless-steel-beverage-dispenser-4.webp\" alt=\"dispensador de bebidas a granel de acero inoxidable (4)\" class=\"wp-image-672\" srcset=\"https:\/\/www.billiondaysupplier.com\/wp-content\/uploads\/2025\/08\/bulk-stainless-steel-beverage-dispenser-4.webp 720w, https:\/\/www.billiondaysupplier.com\/wp-content\/uploads\/2025\/08\/bulk-stainless-steel-beverage-dispenser-4-300x300.webp 300w, https:\/\/www.billiondaysupplier.com\/wp-content\/uploads\/2025\/08\/bulk-stainless-steel-beverage-dispenser-4-150x150.webp 150w, https:\/\/www.billiondaysupplier.com\/wp-content\/uploads\/2025\/08\/bulk-stainless-steel-beverage-dispenser-4-600x600.webp 600w, https:\/\/www.billiondaysupplier.com\/wp-content\/uploads\/2025\/08\/bulk-stainless-steel-beverage-dispenser-4-100x100.webp 100w\" sizes=\"(max-width: 720px) 100vw, 720px\" \/><\/figure>\n<\/div>\n\n\n\n<div class=\"wp-block-column is-layout-flow wp-block-column-is-layout-flow\">\n<figure class=\"wp-block-image size-full\"><img decoding=\"async\" width=\"720\" height=\"720\" src=\"https:\/\/www.billiondaysupplier.com\/wp-content\/uploads\/2025\/08\/bulk-stainless-steel-beverage-dispenser-3.webp\" alt=\"dispensador de bebidas a granel de acero inoxidable (3)\" class=\"wp-image-671\" srcset=\"https:\/\/www.billiondaysupplier.com\/wp-content\/uploads\/2025\/08\/bulk-stainless-steel-beverage-dispenser-3.webp 720w, https:\/\/www.billiondaysupplier.com\/wp-content\/uploads\/2025\/08\/bulk-stainless-steel-beverage-dispenser-3-300x300.webp 300w, https:\/\/www.billiondaysupplier.com\/wp-content\/uploads\/2025\/08\/bulk-stainless-steel-beverage-dispenser-3-150x150.webp 150w, https:\/\/www.billiondaysupplier.com\/wp-content\/uploads\/2025\/08\/bulk-stainless-steel-beverage-dispenser-3-600x600.webp 600w, https:\/\/www.billiondaysupplier.com\/wp-content\/uploads\/2025\/08\/bulk-stainless-steel-beverage-dispenser-3-100x100.webp 100w\" sizes=\"(max-width: 720px) 100vw, 720px\" \/><\/figure>\n<\/div>\n<\/div>","protected":false},"excerpt":{"rendered":"<p>Dispensador de bebidas a granel y urna de caf\u00e9, 13L, ideal para lugares de gran afluencia y grandes eventos. Dispensaci\u00f3n eficiente, excelente retenci\u00f3n del calor y opciones personalizables disponibles. P\u00f3ngase en contacto con nosotros para obtener soluciones de catering de primera calidad.<\/p>\n<h2>Dispensador de bebidas de acero inoxidable 13L Par\u00e1metro\uff1a<\/h2>\n<table width=\"378\">\n<tbody>\n<tr>\n<td width=\"155\">Material<\/td>\n<td width=\"223\">Acero inoxidable 201 + PE<\/td>\n<\/tr>\n<tr>\n<td>Color<\/td>\n<td width=\"223\">Plata \/ Oro<\/td>\n<\/tr>\n<tr>\n<td>Capacidad<\/td>\n<td>13L<\/td>\n<\/tr>\n<tr>\n<td>Funci\u00f3n<\/td>\n<td>Aislamiento fr\u00edo o caliente<\/td>\n<\/tr>\n<tr>\n<td>Caracter\u00edstica<\/td>\n<td width=\"223\">1. Cuerpo del cubo de acero inoxidable<br \/>2. Grifo de acero inoxidable<br \/>3. Base pesada<\/td>\n<\/tr>\n<tr>\n<td>Opci\u00f3n personalizada<\/td>\n<td width=\"223\">Logotipo\/Color\/Tama\u00f1o\/Embalaje\/Accesorios<\/td>\n<\/tr>\n<\/tbody>\n<\/table>","protected":false},"featured_media":669,"comment_status":"closed","ping_status":"closed","template":"","meta":{"_acf_changed":true},"product_brand":[],"product_cat":[19],"product_tag":[],"class_list":{"0":"post-1638","1":"product","2":"type-product","3":"status-publish","4":"has-post-thumbnail","6":"product_cat-wholesale-beverage-dispenser","8":"first","9":"instock","10":"shipping-taxable","11":"product-type-simple"},"acf":[],"_links":{"self":[{"href":"https:\/\/www.billiondaysupplier.com\/es\/wp-json\/wp\/v2\/product\/1638","targetHints":{"allow":["GET"]}}],"collection":[{"href":"https:\/\/www.billiondaysupplier.com\/es\/wp-json\/wp\/v2\/product"}],"about":[{"href":"https:\/\/www.billiondaysupplier.com\/es\/wp-json\/wp\/v2\/types\/product"}],"replies":[{"embeddable":true,"href":"https:\/\/www.billiondaysupplier.com\/es\/wp-json\/wp\/v2\/comments?post=1638"}],"wp:featuredmedia":[{"embeddable":true,"href":"https:\/\/www.billiondaysupplier.com\/es\/wp-json\/wp\/v2\/media\/669"}],"wp:attachment":[{"href":"https:\/\/www.billiondaysupplier.com\/es\/wp-json\/wp\/v2\/media?parent=1638"}],"wp:term":[{"taxonomy":"product_brand","embeddable":true,"href":"https:\/\/www.billiondaysupplier.com\/es\/wp-json\/wp\/v2\/product_brand?post=1638"},{"taxonomy":"product_cat","embeddable":true,"href":"https:\/\/www.billiondaysupplier.com\/es\/wp-json\/wp\/v2\/product_cat?post=1638"},{"taxonomy":"product_tag","embeddable":true,"href":"https:\/\/www.billiondaysupplier.com\/es\/wp-json\/wp\/v2\/product_tag?post=1638"}],"curies":[{"name":"wp","href":"https:\/\/api.w.org\/{rel}","templated":true}]}}