{"id":1634,"date":"2026-01-19T09:14:40","date_gmt":"2026-01-19T09:14:40","guid":{"rendered":"https:\/\/www.billiondaysupplier.com\/?post_type=product&#038;p=1634"},"modified":"2026-01-19T09:15:16","modified_gmt":"2026-01-19T09:15:16","slug":"custom-drink-dispenser","status":"publish","type":"product","link":"https:\/\/www.billiondaysupplier.com\/es\/product\/custom-drink-dispenser\/","title":{"rendered":"Dispensador de bebidas personalizado de acero inoxidable, Dispensador de bebidas de zumo 24L Fabricante"},"content":{"rendered":"<div class=\"wp-block-columns is-layout-flex wp-container-core-columns-is-layout-9d6595d7 wp-block-columns-is-layout-flex\">\n<div class=\"wp-block-column is-layout-flow wp-block-column-is-layout-flow\">\n<h2 class=\"wp-block-heading\">Dispensador de bebidas personalizado de acero inoxidable Caracter\u00edsticas:<\/h2>\n\n\n\n<p><strong>Acero inoxidable pulido de alta gama:<\/strong> Fabricada en acero inoxidable pulido de primera calidad, la superficie es lisa, agradable al tacto y desprende una est\u00e9tica moderna que realza la calidad general del entorno del comedor.<\/p>\n\n\n\n<p><strong>Control preciso de la dosificaci\u00f3n:<\/strong> Cada dispensaci\u00f3n de bebidas se controla con precisi\u00f3n para minimizar el desperdicio, adapt\u00e1ndose a diversos requisitos de dispensaci\u00f3n en diferentes escenarios y mejorando la eficiencia del servicio.<\/p>\n\n\n\n<p><strong>Dispensaci\u00f3n eficaz de bebidas<\/strong>: La capacidad extragrande de 24L, combinada con una estructura de dispensaci\u00f3n independiente de tres salidas, puede servir a varios clientes al mismo tiempo, aliviando eficazmente los problemas de colas durante las horas punta. Es especialmente adecuado para buffets de hotel, banquetes, cadenas de restaurantes y escenarios de conferencias.<\/p>\n\n\n\n<p><strong>Seguro y no t\u00f3xico<\/strong>: Fabricado en acero inoxidable de calidad alimentaria, lo que garantiza que no es t\u00f3xico ni nocivo y que cumple las estrictas normas de seguridad alimentaria, proporcionando tranquilidad a los consumidores.<\/p>\n\n\n\n<p><strong>Estructura estable:<\/strong> El cuerpo engrosado del dep\u00f3sito y el dise\u00f1o estable de la base hacen que la estructura sea robusta y no sea f\u00e1cil que vuelque; la v\u00e1lvula de salida del l\u00edquido es suave y duradera, soporta el uso de alta frecuencia y cumple los requisitos de funcionamiento a largo plazo en entornos comerciales.<\/p>\n\n\n\n<p><strong>M\u00faltiples opciones de color<\/strong>: Disponible en los cl\u00e1sicos tonos dorado y plateado, personalizable seg\u00fan las necesidades del cliente, se integra a la perfecci\u00f3n en diversos estilos de comedor.<\/p>\n<\/div>\n\n\n\n<div class=\"wp-block-column is-layout-flow wp-block-column-is-layout-flow\">\n<figure class=\"wp-block-image size-full\"><img decoding=\"async\" width=\"800\" height=\"800\" src=\"https:\/\/www.billiondaysupplier.com\/wp-content\/uploads\/2026\/01\/juice.webp\" alt=\"dispensador de bebidas a base de zumo\" class=\"wp-image-1637\" srcset=\"https:\/\/www.billiondaysupplier.com\/wp-content\/uploads\/2026\/01\/juice.webp 800w, https:\/\/www.billiondaysupplier.com\/wp-content\/uploads\/2026\/01\/juice-300x300.webp 300w, https:\/\/www.billiondaysupplier.com\/wp-content\/uploads\/2026\/01\/juice-150x150.webp 150w, https:\/\/www.billiondaysupplier.com\/wp-content\/uploads\/2026\/01\/juice-768x768.webp 768w, https:\/\/www.billiondaysupplier.com\/wp-content\/uploads\/2026\/01\/juice-12x12.webp 12w, https:\/\/www.billiondaysupplier.com\/wp-content\/uploads\/2026\/01\/juice-600x600.webp 600w, https:\/\/www.billiondaysupplier.com\/wp-content\/uploads\/2026\/01\/juice-100x100.webp 100w\" sizes=\"(max-width: 800px) 100vw, 800px\" \/><\/figure>\n<\/div>\n<\/div>\n\n\n\n<div class=\"wp-block-columns is-layout-flex wp-container-core-columns-is-layout-9d6595d7 wp-block-columns-is-layout-flex\">\n<div class=\"wp-block-column is-layout-flow wp-block-column-is-layout-flow\">\n<figure class=\"wp-block-image size-full\"><img decoding=\"async\" width=\"720\" height=\"720\" src=\"https:\/\/www.billiondaysupplier.com\/wp-content\/uploads\/2025\/08\/wholesale-beverage-dispensers5.webp\" alt=\"dispensadores de bebidas al por mayor5\" class=\"wp-image-642\" srcset=\"https:\/\/www.billiondaysupplier.com\/wp-content\/uploads\/2025\/08\/wholesale-beverage-dispensers5.webp 720w, https:\/\/www.billiondaysupplier.com\/wp-content\/uploads\/2025\/08\/wholesale-beverage-dispensers5-300x300.webp 300w, https:\/\/www.billiondaysupplier.com\/wp-content\/uploads\/2025\/08\/wholesale-beverage-dispensers5-150x150.webp 150w, https:\/\/www.billiondaysupplier.com\/wp-content\/uploads\/2025\/08\/wholesale-beverage-dispensers5-600x600.webp 600w, https:\/\/www.billiondaysupplier.com\/wp-content\/uploads\/2025\/08\/wholesale-beverage-dispensers5-100x100.webp 100w\" sizes=\"(max-width: 720px) 100vw, 720px\" \/><\/figure>\n<\/div>\n\n\n\n<div class=\"wp-block-column is-layout-flow wp-block-column-is-layout-flow\">\n<figure class=\"wp-block-image size-full\"><img decoding=\"async\" width=\"720\" height=\"720\" src=\"https:\/\/www.billiondaysupplier.com\/wp-content\/uploads\/2025\/08\/wholesale-beverage-dispensers6.webp\" alt=\"dispensadores de bebidas al por mayor6\" class=\"wp-image-643\" srcset=\"https:\/\/www.billiondaysupplier.com\/wp-content\/uploads\/2025\/08\/wholesale-beverage-dispensers6.webp 720w, https:\/\/www.billiondaysupplier.com\/wp-content\/uploads\/2025\/08\/wholesale-beverage-dispensers6-300x300.webp 300w, https:\/\/www.billiondaysupplier.com\/wp-content\/uploads\/2025\/08\/wholesale-beverage-dispensers6-150x150.webp 150w, https:\/\/www.billiondaysupplier.com\/wp-content\/uploads\/2025\/08\/wholesale-beverage-dispensers6-600x600.webp 600w, https:\/\/www.billiondaysupplier.com\/wp-content\/uploads\/2025\/08\/wholesale-beverage-dispensers6-100x100.webp 100w\" sizes=\"(max-width: 720px) 100vw, 720px\" \/><\/figure>\n<\/div>\n<\/div>\n\n\n\n<p><\/p>","protected":false},"excerpt":{"rendered":"<p>Billion Day dispensador de bebidas personalizado con dispensador de 24L de triple salida, fabricado con una combinaci\u00f3n de acero inoxidable de calidad alimentaria y pl\u00e1stico para un dise\u00f1o suave y f\u00e1cil de limpiar con una estructura estable, perfecto para mantener calientes las bebidas fr\u00edas o calientes. Ofrecemos pedidos al por mayor con un estricto control de calidad. P\u00f3ngase en contacto con nosotros para obtener m\u00e1s informaci\u00f3n sobre las opciones personalizadas y los precios al por mayor.<\/p>\n<h2>Dispensador de bebidas personalizado de acero inoxidable Par\u00e1metro\uff1a<\/h2>\n<table width=\"378\">\n<tbody>\n<tr>\n<td width=\"155\">Material<\/td>\n<td width=\"223\">Acero inoxidable 201 + PC<\/td>\n<\/tr>\n<tr>\n<td>Color<\/td>\n<td width=\"223\">Plata \/ Oro<\/td>\n<\/tr>\n<tr>\n<td>N\u00famero de grifos<\/td>\n<td>3<\/td>\n<\/tr>\n<tr>\n<td>Capacidad<\/td>\n<td>24L<\/td>\n<\/tr>\n<tr>\n<td>Funci\u00f3n<\/td>\n<td>Aislamiento fr\u00edo o caliente<\/td>\n<\/tr>\n<tr>\n<td>Caracter\u00edstica<\/td>\n<td width=\"223\">1. Cuerpo del cazo de PC<br \/>2. Grifo de acero inoxidable<br \/>3. N\u00facleo de hielo aislado<br \/>4. Base pesada<\/td>\n<\/tr>\n<tr>\n<td>Opci\u00f3n personalizada<\/td>\n<td width=\"223\">Logotipo\/Color\/Tama\u00f1o\/Embalaje\/Accesorios<\/td>\n<\/tr>\n<\/tbody>\n<\/table>","protected":false},"featured_media":1637,"comment_status":"closed","ping_status":"closed","template":"","meta":{"_acf_changed":false},"product_brand":[],"product_cat":[19],"product_tag":[],"class_list":{"0":"post-1634","1":"product","2":"type-product","3":"status-publish","4":"has-post-thumbnail","6":"product_cat-wholesale-beverage-dispenser","8":"first","9":"instock","10":"shipping-taxable","11":"product-type-simple"},"acf":[],"_links":{"self":[{"href":"https:\/\/www.billiondaysupplier.com\/es\/wp-json\/wp\/v2\/product\/1634","targetHints":{"allow":["GET"]}}],"collection":[{"href":"https:\/\/www.billiondaysupplier.com\/es\/wp-json\/wp\/v2\/product"}],"about":[{"href":"https:\/\/www.billiondaysupplier.com\/es\/wp-json\/wp\/v2\/types\/product"}],"replies":[{"embeddable":true,"href":"https:\/\/www.billiondaysupplier.com\/es\/wp-json\/wp\/v2\/comments?post=1634"}],"wp:featuredmedia":[{"embeddable":true,"href":"https:\/\/www.billiondaysupplier.com\/es\/wp-json\/wp\/v2\/media\/1637"}],"wp:attachment":[{"href":"https:\/\/www.billiondaysupplier.com\/es\/wp-json\/wp\/v2\/media?parent=1634"}],"wp:term":[{"taxonomy":"product_brand","embeddable":true,"href":"https:\/\/www.billiondaysupplier.com\/es\/wp-json\/wp\/v2\/product_brand?post=1634"},{"taxonomy":"product_cat","embeddable":true,"href":"https:\/\/www.billiondaysupplier.com\/es\/wp-json\/wp\/v2\/product_cat?post=1634"},{"taxonomy":"product_tag","embeddable":true,"href":"https:\/\/www.billiondaysupplier.com\/es\/wp-json\/wp\/v2\/product_tag?post=1634"}],"curies":[{"name":"wp","href":"https:\/\/api.w.org\/{rel}","templated":true}]}}