{"id":1631,"date":"2026-01-09T01:36:44","date_gmt":"2026-01-09T01:36:44","guid":{"rendered":"https:\/\/www.billiondaysupplier.com\/?post_type=product&#038;p=1631"},"modified":"2026-01-09T01:40:14","modified_gmt":"2026-01-09T01:40:14","slug":"wholesale-soup-warmer-pot","status":"publish","type":"product","link":"https:\/\/www.billiondaysupplier.com\/es\/product\/wholesale-soup-warmer-pot\/","title":{"rendered":"Mayorista Calentador de Sopas 10L, Calentador de Sopas Comercial Plata Personalizado"},"content":{"rendered":"<div class=\"wp-block-columns is-layout-flex wp-container-core-columns-is-layout-9d6595d7 wp-block-columns-is-layout-flex\">\n<div class=\"wp-block-column is-layout-flow wp-block-column-is-layout-flow\">\n<h2 class=\"wp-block-heading\">Calienta Sopas Caracter\u00edsticas:<\/h2>\n\n\n\n<p><strong>Seguridad y materiales duraderos:<\/strong> Construida con un revestimiento de acero inoxidable de calidad alimentaria y una estructura reforzada, es resistente a la corrosi\u00f3n, fuerte y duradera. Tiene un acabado de pintura de acero plateado resistente al calor en el exterior para mayor durabilidad y resistencia.<\/p>\n\n\n\n<p><strong>Control preciso y flexible de la temperatura<\/strong>: El rango de temperatura de 35\u00b0C a 80\u00b0C puede regularse, calent\u00e1ndose r\u00e1pidamente para ofrecer un control preciso de la temperatura de los alimentos.<\/p>\n\n\n\n<p><strong>Conservaci\u00f3n duradera del calor:<\/strong> Utilizando una estructura de acero inoxidable de doble capa, se forma una capa de vac\u00edo entre las dos capas de acero inoxidable, que evita eficazmente la conducci\u00f3n y convecci\u00f3n del calor, reduce la p\u00e9rdida de calor y puede mantener la temperatura de los alimentos durante m\u00e1s tiempo.<\/p>\n\n\n\n<p><strong>Aislamiento t\u00e9rmico y antiescaldamiento<\/strong>: El exterior de la olla est\u00e1 fabricado con materiales aislantes del calor y tiene una estructura de doble capa. Aunque la sopa del interior de la olla est\u00e9 muy caliente, el exterior de la olla no se sobrecalentar\u00e1, evitando que los usuarios se escalden al tocarla accidentalmente, lo que mejora la seguridad durante el uso.<\/p>\n\n\n\n<p><strong>Dise\u00f1o de gran capacidad:<\/strong> Posee una enorme capacidad de 10,5Qt\/10L para mantener calientes grandes cantidades de comida.<\/p>\n\n\n\n<p><strong>F\u00e1cil de limpiar<\/strong>: La superficie de acero inoxidable de alta calidad es lisa y plana, y el revestimiento extra\u00edble facilita la limpieza.<\/p>\n\n\n\n<p><strong>Ampliamente aplicable<\/strong>: Se puede utilizar para mantener calientes varios alimentos, por ejemplo, sopa, avena y gachas de arroz, lo que resulta perfecto para restaurantes y comedores comerciales.<\/p>\n<\/div>\n\n\n\n<div class=\"wp-block-column is-layout-flow wp-block-column-is-layout-flow\">\n<figure class=\"wp-block-image size-full\"><img decoding=\"async\" width=\"800\" height=\"800\" src=\"https:\/\/www.billiondaysupplier.com\/wp-content\/uploads\/2026\/01\/soup.webp\" alt=\"calentador de ollas\" class=\"wp-image-1633\" srcset=\"https:\/\/www.billiondaysupplier.com\/wp-content\/uploads\/2026\/01\/soup.webp 800w, https:\/\/www.billiondaysupplier.com\/wp-content\/uploads\/2026\/01\/soup-300x300.webp 300w, https:\/\/www.billiondaysupplier.com\/wp-content\/uploads\/2026\/01\/soup-150x150.webp 150w, https:\/\/www.billiondaysupplier.com\/wp-content\/uploads\/2026\/01\/soup-768x768.webp 768w, https:\/\/www.billiondaysupplier.com\/wp-content\/uploads\/2026\/01\/soup-12x12.webp 12w, https:\/\/www.billiondaysupplier.com\/wp-content\/uploads\/2026\/01\/soup-600x600.webp 600w, https:\/\/www.billiondaysupplier.com\/wp-content\/uploads\/2026\/01\/soup-100x100.webp 100w\" sizes=\"(max-width: 800px) 100vw, 800px\" \/><\/figure>\n<\/div>\n<\/div>\n\n\n\n<div class=\"wp-block-columns is-layout-flex wp-container-core-columns-is-layout-9d6595d7 wp-block-columns-is-layout-flex\">\n<div class=\"wp-block-column is-layout-flow wp-block-column-is-layout-flow\">\n<figure class=\"wp-block-image size-full\"><img decoding=\"async\" width=\"800\" height=\"800\" src=\"https:\/\/www.billiondaysupplier.com\/wp-content\/uploads\/2026\/01\/soup-1.webp\" alt=\"calentador de ollas\" class=\"wp-image-1632\" srcset=\"https:\/\/www.billiondaysupplier.com\/wp-content\/uploads\/2026\/01\/soup-1.webp 800w, https:\/\/www.billiondaysupplier.com\/wp-content\/uploads\/2026\/01\/soup-1-300x300.webp 300w, https:\/\/www.billiondaysupplier.com\/wp-content\/uploads\/2026\/01\/soup-1-150x150.webp 150w, https:\/\/www.billiondaysupplier.com\/wp-content\/uploads\/2026\/01\/soup-1-768x768.webp 768w, https:\/\/www.billiondaysupplier.com\/wp-content\/uploads\/2026\/01\/soup-1-12x12.webp 12w, https:\/\/www.billiondaysupplier.com\/wp-content\/uploads\/2026\/01\/soup-1-600x600.webp 600w, https:\/\/www.billiondaysupplier.com\/wp-content\/uploads\/2026\/01\/soup-1-100x100.webp 100w\" sizes=\"(max-width: 800px) 100vw, 800px\" \/><\/figure>\n<\/div>\n\n\n\n<div class=\"wp-block-column is-layout-flow wp-block-column-is-layout-flow\">\n<figure class=\"wp-block-image size-full\"><img decoding=\"async\" width=\"1500\" height=\"1500\" src=\"https:\/\/www.billiondaysupplier.com\/wp-content\/uploads\/2025\/10\/wholesale-soup-warmer-3.webp\" alt=\"mayorista calentador de sopa (3)\" class=\"wp-image-1242\" srcset=\"https:\/\/www.billiondaysupplier.com\/wp-content\/uploads\/2025\/10\/wholesale-soup-warmer-3.webp 1500w, https:\/\/www.billiondaysupplier.com\/wp-content\/uploads\/2025\/10\/wholesale-soup-warmer-3-300x300.webp 300w, https:\/\/www.billiondaysupplier.com\/wp-content\/uploads\/2025\/10\/wholesale-soup-warmer-3-150x150.webp 150w, https:\/\/www.billiondaysupplier.com\/wp-content\/uploads\/2025\/10\/wholesale-soup-warmer-3-768x768.webp 768w, https:\/\/www.billiondaysupplier.com\/wp-content\/uploads\/2025\/10\/wholesale-soup-warmer-3-12x12.webp 12w, https:\/\/www.billiondaysupplier.com\/wp-content\/uploads\/2025\/10\/wholesale-soup-warmer-3-1200x1200.webp 1200w, https:\/\/www.billiondaysupplier.com\/wp-content\/uploads\/2025\/10\/wholesale-soup-warmer-3-600x600.webp 600w, https:\/\/www.billiondaysupplier.com\/wp-content\/uploads\/2025\/10\/wholesale-soup-warmer-3-100x100.webp 100w\" sizes=\"(max-width: 1500px) 100vw, 1500px\" \/><\/figure>\n<\/div>\n<\/div>","protected":false},"excerpt":{"rendered":"<p>Bienvenido a la olla calentador de sopa al por mayor, que cuenta con materiales de acero inoxidable, un aspecto moderno de plata, una gran capacidad de 10L\/13L, control preciso de la temperatura, es f\u00e1cil de limpiar, y es adecuado para restaurantes comerciales. Billion Day suministro directo del fabricante, apoyamos la personalizaci\u00f3n a granel. P\u00f3ngase en contacto con nosotros para la soluci\u00f3n al por mayor.<\/p>\n<h2>Par\u00e1metro de la olla calentadora de sopa\uff1a<\/h2>\n<table border=\"0\" width=\"404\" cellspacing=\"0\" cellpadding=\"0\">\n<tbody>\n<tr>\n<td style=\"text-align: left;\" width=\"148\" height=\"24\"><strong>Material<\/strong><\/td>\n<td style=\"text-align: left;\" width=\"256\">Acero inoxidable 201<\/td>\n<\/tr>\n<tr>\n<td style=\"text-align: left;\" width=\"148\" height=\"24\"><strong>Color<\/strong><\/td>\n<td style=\"text-align: left;\" width=\"256\">Astilla<\/td>\n<\/tr>\n<tr>\n<td style=\"text-align: left;\" width=\"148\" height=\"24\"><strong>Capacidad<\/strong><\/td>\n<td style=\"text-align: left;\" width=\"256\">10 L\/ 13L<\/td>\n<\/tr>\n<tr>\n<td style=\"text-align: left;\" height=\"92\"><strong>Caracter\u00edstica<\/strong><\/td>\n<td style=\"text-align: left;\" width=\"256\">1. Dise\u00f1o antiquemaduras<br \/>2. Pies estables<br \/>3. Revestimiento de aluminio<br \/>4. Bot\u00f3n de control de la temperatura<\/td>\n<\/tr>\n<tr>\n<td style=\"text-align: left;\" height=\"24\"><strong>Opci\u00f3n personalizada<\/strong><\/td>\n<td style=\"text-align: left;\">Logotipo\/Tama\u00f1o\/Embalaje\/Accesorios<\/td>\n<\/tr>\n<\/tbody>\n<\/table>","protected":false},"featured_media":1633,"comment_status":"closed","ping_status":"closed","template":"","meta":{"_acf_changed":true},"product_brand":[],"product_cat":[20],"product_tag":[],"class_list":{"0":"post-1631","1":"product","2":"type-product","3":"status-publish","4":"has-post-thumbnail","6":"product_cat-wholesale-soup-warmer","8":"first","9":"instock","10":"shipping-taxable","11":"product-type-simple"},"acf":[],"_links":{"self":[{"href":"https:\/\/www.billiondaysupplier.com\/es\/wp-json\/wp\/v2\/product\/1631","targetHints":{"allow":["GET"]}}],"collection":[{"href":"https:\/\/www.billiondaysupplier.com\/es\/wp-json\/wp\/v2\/product"}],"about":[{"href":"https:\/\/www.billiondaysupplier.com\/es\/wp-json\/wp\/v2\/types\/product"}],"replies":[{"embeddable":true,"href":"https:\/\/www.billiondaysupplier.com\/es\/wp-json\/wp\/v2\/comments?post=1631"}],"wp:featuredmedia":[{"embeddable":true,"href":"https:\/\/www.billiondaysupplier.com\/es\/wp-json\/wp\/v2\/media\/1633"}],"wp:attachment":[{"href":"https:\/\/www.billiondaysupplier.com\/es\/wp-json\/wp\/v2\/media?parent=1631"}],"wp:term":[{"taxonomy":"product_brand","embeddable":true,"href":"https:\/\/www.billiondaysupplier.com\/es\/wp-json\/wp\/v2\/product_brand?post=1631"},{"taxonomy":"product_cat","embeddable":true,"href":"https:\/\/www.billiondaysupplier.com\/es\/wp-json\/wp\/v2\/product_cat?post=1631"},{"taxonomy":"product_tag","embeddable":true,"href":"https:\/\/www.billiondaysupplier.com\/es\/wp-json\/wp\/v2\/product_tag?post=1631"}],"curies":[{"name":"wp","href":"https:\/\/api.w.org\/{rel}","templated":true}]}}