{"id":1571,"date":"2025-12-16T02:35:06","date_gmt":"2025-12-16T02:35:06","guid":{"rendered":"https:\/\/www.billiondaysupplier.com\/?post_type=product&#038;p=1571"},"modified":"2025-12-18T03:21:00","modified_gmt":"2025-12-18T03:21:00","slug":"custom-stainless-steel-serving-spoons","status":"publish","type":"product","link":"https:\/\/www.billiondaysupplier.com\/es\/product\/custom-stainless-steel-serving-spoons\/","title":{"rendered":"Cucharas de Servir de Acero Inoxidable Personalizadas con Platos, Juego de Cucharas Redondas Plata Oro al por Mayor"},"content":{"rendered":"<div class=\"wp-block-columns is-layout-flex wp-container-core-columns-is-layout-9d6595d7 wp-block-columns-is-layout-flex\">\n<div class=\"wp-block-column is-layout-flow wp-block-column-is-layout-flow\">\n<h2 class=\"wp-block-heading\">Juego de cucharas y platos de acero inoxidable Caracter\u00edsticas:<\/h2>\n\n\n\n<p><strong>Textura de calidad: <\/strong>El cuerpo principal es de acero inoxidable, con una superficie pulida que presenta una brillante textura met\u00e1lica.<\/p>\n\n\n\n<p><strong>Dise\u00f1o integrado \"cuchara + bandeja\":<\/strong> La cuchara tiene una gran capacidad, y la bandeja soporta la cuchara, evitando el contacto directo entre el utensilio y la mesa.<\/p>\n\n\n\n<p><strong>Sujeci\u00f3n c\u00f3moda:<\/strong> El mango, m\u00e1s largo y grueso, se adapta con seguridad a la palma de la mano del usuario, proporcionando un agarre seguro. Algunos modelos incorporan un proceso de moldeado de una sola pieza, que reduce las posibilidades de deslizamiento y maximiza la experiencia gastron\u00f3mica.<\/p>\n\n\n\n<p><strong>Dise\u00f1o premium en dos tonos<\/strong>: Dos colores atemporales, plata y oro, ambos con un acabado pulido de alto brillo, son ideales para uso dom\u00e9stico, restaurantes o regalos.<\/p>\n\n\n\n<p><strong>Apoyo a la personalizaci\u00f3n<\/strong>: Ofrecemos servicios de personalizaci\u00f3n, incluidos colores, acabados, logotipos y envases, etc., para satisfacer las necesidades de las marcas de buf\u00e9s y catering.<\/p>\n<\/div>\n\n\n\n<div class=\"wp-block-column is-layout-flow wp-block-column-is-layout-flow\">\n<figure class=\"wp-block-image size-full\"><img decoding=\"async\" width=\"800\" height=\"800\" src=\"https:\/\/www.billiondaysupplier.com\/wp-content\/uploads\/2025\/12\/buffet-table-accessories2.webp\" alt=\"accesorios mesa buffet\" class=\"wp-image-1574\" srcset=\"https:\/\/www.billiondaysupplier.com\/wp-content\/uploads\/2025\/12\/buffet-table-accessories2.webp 800w, https:\/\/www.billiondaysupplier.com\/wp-content\/uploads\/2025\/12\/buffet-table-accessories2-300x300.webp 300w, https:\/\/www.billiondaysupplier.com\/wp-content\/uploads\/2025\/12\/buffet-table-accessories2-150x150.webp 150w, https:\/\/www.billiondaysupplier.com\/wp-content\/uploads\/2025\/12\/buffet-table-accessories2-768x768.webp 768w, https:\/\/www.billiondaysupplier.com\/wp-content\/uploads\/2025\/12\/buffet-table-accessories2-12x12.webp 12w, https:\/\/www.billiondaysupplier.com\/wp-content\/uploads\/2025\/12\/buffet-table-accessories2-600x600.webp 600w, https:\/\/www.billiondaysupplier.com\/wp-content\/uploads\/2025\/12\/buffet-table-accessories2-100x100.webp 100w\" sizes=\"(max-width: 800px) 100vw, 800px\" \/><\/figure>\n<\/div>\n<\/div>\n\n\n\n<p><\/p>","protected":false},"excerpt":{"rendered":"<p>Las cucharas de servir de acero inoxidable personalizadas con plato, disponibles en dorado y plateado, tienen un mango alargado y una cabeza ancha, perfecta para servir sopas, gachas, postres y otros alimentos. Precios de f\u00e1brica, personalizaci\u00f3n a granel disponible. P\u00f3ngase en contacto con nosotros para obtener un presupuesto y muestras gratuitas.<\/p>\n<h2>Juego de cucharas de servir de acero inoxidable con platos Par\u00e1metro\uff1a<\/h2>\n<table style=\"height: 252px;\" width=\"378\">\n<tbody>\n<tr>\n<td style=\"text-align: left;\" width=\"155\">Material<\/td>\n<td style=\"text-align: left;\" width=\"223\">Acero inoxidable\u00a0<\/td>\n<\/tr>\n<tr>\n<td style=\"text-align: left;\" width=\"155\">Color<\/td>\n<td style=\"text-align: left;\" width=\"223\">Plata \/ Oro<\/td>\n<\/tr>\n<tr>\n<td style=\"text-align: left;\">Caracter\u00edstica<\/td>\n<td style=\"text-align: left;\" width=\"223\">\n<ul>\n<li>Mango grueso y alargado<\/li>\n<li>Disponible en oro o plata<\/li>\n<li>Dise\u00f1o ergon\u00f3mico<\/li>\n<\/ul>\n<\/td>\n<\/tr>\n<tr>\n<td style=\"text-align: left;\" width=\"155\">Opci\u00f3n personalizada<\/td>\n<td style=\"text-align: left;\" width=\"223\">Logotipo\/Color\/Tama\u00f1o\/Embalaje\/Accesorios<\/td>\n<\/tr>\n<\/tbody>\n<\/table>","protected":false},"featured_media":1572,"comment_status":"closed","ping_status":"closed","template":"","meta":{"_acf_changed":false},"product_brand":[],"product_cat":[23],"product_tag":[],"class_list":{"0":"post-1571","1":"product","2":"type-product","3":"status-publish","4":"has-post-thumbnail","6":"product_cat-wholesale-buffet-accessories","8":"first","9":"instock","10":"shipping-taxable","11":"product-type-simple"},"acf":[],"_links":{"self":[{"href":"https:\/\/www.billiondaysupplier.com\/es\/wp-json\/wp\/v2\/product\/1571","targetHints":{"allow":["GET"]}}],"collection":[{"href":"https:\/\/www.billiondaysupplier.com\/es\/wp-json\/wp\/v2\/product"}],"about":[{"href":"https:\/\/www.billiondaysupplier.com\/es\/wp-json\/wp\/v2\/types\/product"}],"replies":[{"embeddable":true,"href":"https:\/\/www.billiondaysupplier.com\/es\/wp-json\/wp\/v2\/comments?post=1571"}],"wp:featuredmedia":[{"embeddable":true,"href":"https:\/\/www.billiondaysupplier.com\/es\/wp-json\/wp\/v2\/media\/1572"}],"wp:attachment":[{"href":"https:\/\/www.billiondaysupplier.com\/es\/wp-json\/wp\/v2\/media?parent=1571"}],"wp:term":[{"taxonomy":"product_brand","embeddable":true,"href":"https:\/\/www.billiondaysupplier.com\/es\/wp-json\/wp\/v2\/product_brand?post=1571"},{"taxonomy":"product_cat","embeddable":true,"href":"https:\/\/www.billiondaysupplier.com\/es\/wp-json\/wp\/v2\/product_cat?post=1571"},{"taxonomy":"product_tag","embeddable":true,"href":"https:\/\/www.billiondaysupplier.com\/es\/wp-json\/wp\/v2\/product_tag?post=1571"}],"curies":[{"name":"wp","href":"https:\/\/api.w.org\/{rel}","templated":true}]}}