{"id":1555,"date":"2025-12-16T02:06:57","date_gmt":"2025-12-16T02:06:57","guid":{"rendered":"https:\/\/www.billiondaysupplier.com\/?post_type=product&#038;p=1555"},"modified":"2025-12-18T03:22:41","modified_gmt":"2025-12-18T03:22:41","slug":"custom-soup-warmer","status":"publish","type":"product","link":"https:\/\/www.billiondaysupplier.com\/es\/product\/custom-soup-warmer\/","title":{"rendered":"Calentador de sopa a medida, hervidor de sopa de acero inoxidable de 10L a granel"},"content":{"rendered":"<div class=\"wp-block-columns is-layout-flex wp-container-core-columns-is-layout-9d6595d7 wp-block-columns-is-layout-flex\">\n<div class=\"wp-block-column is-layout-flow wp-block-column-is-layout-flow\">\n<h2 class=\"wp-block-heading\">Calentador de sopa Caracter\u00edsticas:<\/h2>\n\n\n\n<p><strong>Artesan\u00eda martillada de primera calidad<\/strong>: El cuerpo de la maceta presenta un fino acabado martillado que le confiere una superficie resistente al desgaste y a los ara\u00f1azos. Disponible en amarillo, rojo, negro y blanco, irradia sofisticaci\u00f3n y refinamiento.<\/p>\n\n\n\n<p><strong>Materiales de acero inoxidable de calidad alimentaria<\/strong>: El interior de la olla es de acero inoxidable de calidad alimentaria engrosado para mayor seguridad y resistencia a la corrosi\u00f3n.<\/p>\n\n\n\n<p><strong>Dos opciones de material para el interior de la olla<\/strong>: La olla interior de acero inoxidable 201 es resistente y rentable. La olla interior de acero inoxidable 304 es de calidad alimentaria, resistente a la corrosi\u00f3n.<\/p>\n\n\n\n<p><strong>Gran capacidad<\/strong>: El dise\u00f1o de 10L es adecuado tanto para uso dom\u00e9stico como comercial, satisfaciendo f\u00e1cilmente las necesidades de sopa de varias personas.<\/p>\n\n\n\n<p><strong>Olla interior extra\u00edble<\/strong>: F\u00e1cil de limpiar, evita las manchas de sopa.<\/p>\n\n\n\n<p><strong>Aislamiento duradero<\/strong>: No es necesario a\u00f1adir agua, el aislamiento de un solo toque mantiene la temperatura deseada durante horas gracias al calentamiento el\u00e9ctrico.<\/p>\n<\/div>\n\n\n\n<div class=\"wp-block-column is-layout-flow wp-block-column-is-layout-flow\">\n<figure class=\"wp-block-image size-full\"><img decoding=\"async\" width=\"800\" height=\"800\" src=\"https:\/\/www.billiondaysupplier.com\/wp-content\/uploads\/2025\/12\/soup-warmer1.webp\" alt=\"\" class=\"wp-image-1557\" srcset=\"https:\/\/www.billiondaysupplier.com\/wp-content\/uploads\/2025\/12\/soup-warmer1.webp 800w, https:\/\/www.billiondaysupplier.com\/wp-content\/uploads\/2025\/12\/soup-warmer1-300x300.webp 300w, https:\/\/www.billiondaysupplier.com\/wp-content\/uploads\/2025\/12\/soup-warmer1-150x150.webp 150w, https:\/\/www.billiondaysupplier.com\/wp-content\/uploads\/2025\/12\/soup-warmer1-768x768.webp 768w, https:\/\/www.billiondaysupplier.com\/wp-content\/uploads\/2025\/12\/soup-warmer1-12x12.webp 12w, https:\/\/www.billiondaysupplier.com\/wp-content\/uploads\/2025\/12\/soup-warmer1-600x600.webp 600w, https:\/\/www.billiondaysupplier.com\/wp-content\/uploads\/2025\/12\/soup-warmer1-100x100.webp 100w\" sizes=\"(max-width: 800px) 100vw, 800px\" \/><\/figure>\n<\/div>\n<\/div>","protected":false},"excerpt":{"rendered":"<p>El calentador de sopa personalizado Billion Day cuenta con un grueso forro extra\u00edble apto para uso alimentario y un interruptor de encendido\/apagado de un solo toque para mantener la sopa caliente. La capacidad de 10 litros es adecuada para uso dom\u00e9stico y comercial. Ofrecemos soluciones al por mayor y personalizadas. P\u00f3ngase en contacto con nosotros para obtener m\u00e1s informaci\u00f3n.<\/p>\n<h2>Calentador de sopa Par\u00e1metro\uff1a<\/h2>\n<table border=\"0\" width=\"404\" cellspacing=\"0\" cellpadding=\"0\">\n<tbody>\n<tr>\n<td style=\"text-align: left;\" width=\"148\" height=\"24\"><strong>Material<\/strong><\/td>\n<td style=\"text-align: left;\" width=\"256\">Acero inoxidable 201\/304<\/td>\n<\/tr>\n<tr>\n<td style=\"text-align: left;\" width=\"148\" height=\"24\"><strong>Color<\/strong><\/td>\n<td style=\"text-align: left;\" width=\"256\">Amarillo\/Rojo\/Negro\/Blanco<\/td>\n<\/tr>\n<tr>\n<td style=\"text-align: left;\" width=\"148\" height=\"24\"><strong>Capacidad<\/strong><\/td>\n<td style=\"text-align: left;\" width=\"256\">10 L<\/td>\n<\/tr>\n<tr>\n<td style=\"text-align: left;\" height=\"92\"><strong>Caracter\u00edstica<\/strong><\/td>\n<td style=\"text-align: left;\" width=\"256\">\n<ul>\n<li>\u00a0Dise\u00f1o antiquemaduras<\/li>\n<li>Revestimiento de aluminio<\/li>\n<li>Botones<\/li>\n<\/ul>\n<\/td>\n<\/tr>\n<tr>\n<td style=\"text-align: left;\" height=\"24\"><strong>Opci\u00f3n personalizada<\/strong><\/td>\n<td style=\"text-align: left;\">Logotipo\/Tama\u00f1o\/Embalaje\/Accesorios<\/td>\n<\/tr>\n<\/tbody>\n<\/table>","protected":false},"featured_media":1556,"comment_status":"closed","ping_status":"closed","template":"","meta":{"_acf_changed":false},"product_brand":[],"product_cat":[20],"product_tag":[],"class_list":{"0":"post-1555","1":"product","2":"type-product","3":"status-publish","4":"has-post-thumbnail","6":"product_cat-wholesale-soup-warmer","8":"first","9":"instock","10":"shipping-taxable","11":"product-type-simple"},"acf":[],"_links":{"self":[{"href":"https:\/\/www.billiondaysupplier.com\/es\/wp-json\/wp\/v2\/product\/1555","targetHints":{"allow":["GET"]}}],"collection":[{"href":"https:\/\/www.billiondaysupplier.com\/es\/wp-json\/wp\/v2\/product"}],"about":[{"href":"https:\/\/www.billiondaysupplier.com\/es\/wp-json\/wp\/v2\/types\/product"}],"replies":[{"embeddable":true,"href":"https:\/\/www.billiondaysupplier.com\/es\/wp-json\/wp\/v2\/comments?post=1555"}],"wp:featuredmedia":[{"embeddable":true,"href":"https:\/\/www.billiondaysupplier.com\/es\/wp-json\/wp\/v2\/media\/1556"}],"wp:attachment":[{"href":"https:\/\/www.billiondaysupplier.com\/es\/wp-json\/wp\/v2\/media?parent=1555"}],"wp:term":[{"taxonomy":"product_brand","embeddable":true,"href":"https:\/\/www.billiondaysupplier.com\/es\/wp-json\/wp\/v2\/product_brand?post=1555"},{"taxonomy":"product_cat","embeddable":true,"href":"https:\/\/www.billiondaysupplier.com\/es\/wp-json\/wp\/v2\/product_cat?post=1555"},{"taxonomy":"product_tag","embeddable":true,"href":"https:\/\/www.billiondaysupplier.com\/es\/wp-json\/wp\/v2\/product_tag?post=1555"}],"curies":[{"name":"wp","href":"https:\/\/api.w.org\/{rel}","templated":true}]}}