{"id":1548,"date":"2025-12-15T07:28:48","date_gmt":"2025-12-15T07:28:48","guid":{"rendered":"https:\/\/www.billiondaysupplier.com\/?post_type=product&#038;p=1548"},"modified":"2025-12-15T07:28:52","modified_gmt":"2025-12-15T07:28:52","slug":"wholesale-stainless-steel-buffet-tray-with-lid","status":"publish","type":"product","link":"https:\/\/www.billiondaysupplier.com\/es\/product\/wholesale-stainless-steel-buffet-tray-with-lid\/","title":{"rendered":"Mayorista Bandeja Buffet Acero Inoxidable con Tapa Gota de Agua Martillada para Buffet Cocina"},"content":{"rendered":"<div class=\"wp-block-columns is-layout-flex wp-container-core-columns-is-layout-9d6595d7 wp-block-columns-is-layout-flex\">\n<div class=\"wp-block-column is-layout-flow wp-block-column-is-layout-flow\">\n<h2 class=\"wp-block-heading\">Bandeja Buffet de Acero Inoxidable con Tapa Caracter\u00edsticas:<\/h2>\n\n\n\n<p><strong>Acabado texturizado que mejora la atm\u00f3sfera<\/strong>: La tapa abovedada en relieve, con un remate decorativo, est\u00e1 disponible en un total de 5 acabados de alta calidad: oro, plata, oro rosa, bronce antiguo y rojo antiguo. Con ella, se puede amplificar f\u00e1cilmente el encanto est\u00e9tico de los escenarios de banquetes, pasando de ser expositores de comida comunes a piezas de exhibici\u00f3n en un instante.<\/p>\n\n\n\n<p><strong>Material Primum: <\/strong>Fabricado con acero inoxidable de grado 410, lo suficientemente fuerte como para soportar el uso pesado diario y se puede limpiar \/ mantener f\u00e1cilmente.<\/p>\n\n\n\n<p><strong>Dise\u00f1o multitalla<\/strong>: El producto contiene tallas de 30\/35\/40\/45\/50 cm para adaptarse a diferentes necesidades.<\/p>\n\n\n\n<p><strong>Aislamiento y protecci\u00f3n contra el polvo<\/strong>: La tapa met\u00e1lica ayuda a mantener el calor de los alimentos con un sellado a prueba de polvo, por lo que es un recipiente ideal para fiestas o para comer al aire libre.<\/p>\n\n\n\n<p><strong>Gran capacidad de adaptaci\u00f3n a los escenarios<\/strong>: Este producto, que puede utilizarse como contenedor de alimentos en buf\u00e9s, bodas, restaurantes de hoteles y galas de empresa, se adaptar\u00e1 a una gran variedad de situaciones gracias a su tama\u00f1o adaptable y a sus combinaciones de colores.<\/p>\n<\/div>\n\n\n\n<div class=\"wp-block-column is-layout-flow wp-block-column-is-layout-flow\">\n<figure class=\"wp-block-image size-full\"><img decoding=\"async\" width=\"800\" height=\"800\" src=\"https:\/\/www.billiondaysupplier.com\/wp-content\/uploads\/2025\/12\/buffetware1.webp\" alt=\"buffetware\" class=\"wp-image-1550\" srcset=\"https:\/\/www.billiondaysupplier.com\/wp-content\/uploads\/2025\/12\/buffetware1.webp 800w, https:\/\/www.billiondaysupplier.com\/wp-content\/uploads\/2025\/12\/buffetware1-300x300.webp 300w, https:\/\/www.billiondaysupplier.com\/wp-content\/uploads\/2025\/12\/buffetware1-150x150.webp 150w, https:\/\/www.billiondaysupplier.com\/wp-content\/uploads\/2025\/12\/buffetware1-768x768.webp 768w, https:\/\/www.billiondaysupplier.com\/wp-content\/uploads\/2025\/12\/buffetware1-12x12.webp 12w, https:\/\/www.billiondaysupplier.com\/wp-content\/uploads\/2025\/12\/buffetware1-600x600.webp 600w, https:\/\/www.billiondaysupplier.com\/wp-content\/uploads\/2025\/12\/buffetware1-100x100.webp 100w\" sizes=\"(max-width: 800px) 100vw, 800px\" \/><\/figure>\n<\/div>\n<\/div>\n\n\n\n<div class=\"wp-block-columns is-layout-flex wp-container-core-columns-is-layout-9d6595d7 wp-block-columns-is-layout-flex\">\n<div class=\"wp-block-column is-layout-flow wp-block-column-is-layout-flow\">\n<figure class=\"wp-block-image size-full\"><img decoding=\"async\" width=\"800\" height=\"800\" src=\"https:\/\/www.billiondaysupplier.com\/wp-content\/uploads\/2025\/12\/buffetware3.webp\" alt=\"buffetware\" class=\"wp-image-1552\" srcset=\"https:\/\/www.billiondaysupplier.com\/wp-content\/uploads\/2025\/12\/buffetware3.webp 800w, https:\/\/www.billiondaysupplier.com\/wp-content\/uploads\/2025\/12\/buffetware3-300x300.webp 300w, https:\/\/www.billiondaysupplier.com\/wp-content\/uploads\/2025\/12\/buffetware3-150x150.webp 150w, https:\/\/www.billiondaysupplier.com\/wp-content\/uploads\/2025\/12\/buffetware3-768x768.webp 768w, https:\/\/www.billiondaysupplier.com\/wp-content\/uploads\/2025\/12\/buffetware3-12x12.webp 12w, https:\/\/www.billiondaysupplier.com\/wp-content\/uploads\/2025\/12\/buffetware3-600x600.webp 600w, https:\/\/www.billiondaysupplier.com\/wp-content\/uploads\/2025\/12\/buffetware3-100x100.webp 100w\" sizes=\"(max-width: 800px) 100vw, 800px\" \/><\/figure>\n<\/div>\n\n\n\n<div class=\"wp-block-column is-layout-flow wp-block-column-is-layout-flow\">\n<figure class=\"wp-block-image size-full\"><img decoding=\"async\" width=\"800\" height=\"800\" src=\"https:\/\/www.billiondaysupplier.com\/wp-content\/uploads\/2025\/12\/buffetware5.webp\" alt=\"buffetware\" class=\"wp-image-1554\" srcset=\"https:\/\/www.billiondaysupplier.com\/wp-content\/uploads\/2025\/12\/buffetware5.webp 800w, https:\/\/www.billiondaysupplier.com\/wp-content\/uploads\/2025\/12\/buffetware5-300x300.webp 300w, https:\/\/www.billiondaysupplier.com\/wp-content\/uploads\/2025\/12\/buffetware5-150x150.webp 150w, https:\/\/www.billiondaysupplier.com\/wp-content\/uploads\/2025\/12\/buffetware5-768x768.webp 768w, https:\/\/www.billiondaysupplier.com\/wp-content\/uploads\/2025\/12\/buffetware5-12x12.webp 12w, https:\/\/www.billiondaysupplier.com\/wp-content\/uploads\/2025\/12\/buffetware5-600x600.webp 600w, https:\/\/www.billiondaysupplier.com\/wp-content\/uploads\/2025\/12\/buffetware5-100x100.webp 100w\" sizes=\"(max-width: 800px) 100vw, 800px\" \/><\/figure>\n<\/div>\n<\/div>","protected":false},"excerpt":{"rendered":"<p>Bandeja para alimentos al por mayor de acero inoxidable con tapa, presenta una impresionante gama de acabados met\u00e1licos (oro, oro rosa, plata, bronce) y cautivadoras superficies texturadas en 3D. Dise\u00f1adas para mantener los alimentos frescos con c\u00fapulas duraderas y elegantes, perfectas para cualquier ocasi\u00f3n culinaria. Ofrecemos accesorios de buffet personalizados. P\u00f3ngase en contacto con nosotros para obtener un presupuesto hoy mismo.<\/p>\n<h2>Par\u00e1metro\uff1a Bandeja de acero inoxidable para buffet con tapa<\/h2>\n<table width=\"378\">\n<tbody>\n<tr>\n<td style=\"text-align: left;\" width=\"155\">Material<\/td>\n<td style=\"text-align: left;\" width=\"223\">Acero inoxidable 410<\/td>\n<\/tr>\n<tr>\n<td>Color<\/td>\n<td width=\"223\">Plata \/ Oro\/Oro rosa<\/td>\n<\/tr>\n<tr>\n<td width=\"155\">Caracter\u00edstica<\/td>\n<td width=\"223\">\n<p>1.  1. Acero inoxidable<br \/>2. Dise\u00f1o de lujo<br \/>3. Compatibilidad multiescena<\/p>\n<\/td>\n<\/tr>\n<tr>\n<td>Opci\u00f3n personalizada<\/td>\n<td style=\"text-align: left;\" width=\"223\">Logotipo\/Color\/Tama\u00f1o\/Embalaje\/Accesorios<\/td>\n<\/tr>\n<\/tbody>\n<\/table>","protected":false},"featured_media":1549,"comment_status":"closed","ping_status":"closed","template":"","meta":{"_acf_changed":false},"product_brand":[],"product_cat":[23],"product_tag":[],"class_list":{"0":"post-1548","1":"product","2":"type-product","3":"status-publish","4":"has-post-thumbnail","6":"product_cat-wholesale-buffet-accessories","8":"first","9":"instock","10":"shipping-taxable","11":"product-type-simple"},"acf":[],"_links":{"self":[{"href":"https:\/\/www.billiondaysupplier.com\/es\/wp-json\/wp\/v2\/product\/1548","targetHints":{"allow":["GET"]}}],"collection":[{"href":"https:\/\/www.billiondaysupplier.com\/es\/wp-json\/wp\/v2\/product"}],"about":[{"href":"https:\/\/www.billiondaysupplier.com\/es\/wp-json\/wp\/v2\/types\/product"}],"replies":[{"embeddable":true,"href":"https:\/\/www.billiondaysupplier.com\/es\/wp-json\/wp\/v2\/comments?post=1548"}],"wp:featuredmedia":[{"embeddable":true,"href":"https:\/\/www.billiondaysupplier.com\/es\/wp-json\/wp\/v2\/media\/1549"}],"wp:attachment":[{"href":"https:\/\/www.billiondaysupplier.com\/es\/wp-json\/wp\/v2\/media?parent=1548"}],"wp:term":[{"taxonomy":"product_brand","embeddable":true,"href":"https:\/\/www.billiondaysupplier.com\/es\/wp-json\/wp\/v2\/product_brand?post=1548"},{"taxonomy":"product_cat","embeddable":true,"href":"https:\/\/www.billiondaysupplier.com\/es\/wp-json\/wp\/v2\/product_cat?post=1548"},{"taxonomy":"product_tag","embeddable":true,"href":"https:\/\/www.billiondaysupplier.com\/es\/wp-json\/wp\/v2\/product_tag?post=1548"}],"curies":[{"name":"wp","href":"https:\/\/api.w.org\/{rel}","templated":true}]}}