{"id":1541,"date":"2025-12-16T01:33:16","date_gmt":"2025-12-16T01:33:16","guid":{"rendered":"https:\/\/www.billiondaysupplier.com\/?post_type=product&#038;p=1541"},"modified":"2025-12-16T01:33:19","modified_gmt":"2025-12-16T01:33:19","slug":"custom-dessert-stand-set","status":"publish","type":"product","link":"https:\/\/www.billiondaysupplier.com\/es\/product\/custom-dessert-stand-set\/","title":{"rendered":"Soporte de Postre Personalizado, Rama de Acero Inoxidable para Boda Buffet"},"content":{"rendered":"<div class=\"wp-block-columns is-layout-flex wp-container-core-columns-is-layout-9d6595d7 wp-block-columns-is-layout-flex\">\n<div class=\"wp-block-column is-layout-flow wp-block-column-is-layout-flow\">\n<h2 class=\"wp-block-heading\">Caracter\u00edsticas:<\/h2>\n\n\n\n<p><strong>Marco geom\u00e9trico dorado<\/strong>: El art\u00edstico marco geom\u00e9trico dorado est\u00e1 fabricado en acero inoxidable 201, resistente y estable. Su aspecto elegante y moderno encaja a la perfecci\u00f3n en lugares exclusivos como bodas y hoteles.<\/p>\n\n\n\n<p><strong>Opciones multitalla:<\/strong><\/p>\n\n\n\n<ul class=\"wp-block-list\">\n<li><strong>Peque\u00f1o<\/strong>: Compacto para entornos \u00edntimos, como expositores de postres para cafeter\u00edas o decoraci\u00f3n de mesa para fiestas privadas.<\/li>\n\n\n\n<li><strong>Medio<\/strong>: Vers\u00e1til para barras de postres de hotel, arreglos de mesa para invitados de boda o estaciones de pasteler\u00eda en restaurantes.<\/li>\n\n\n\n<li><strong>Grande<\/strong>: Amplio para buf\u00e9s, mesas de postres para banquetes de boda o expositores de alimentos a gran escala para eventos.<\/li>\n<\/ul>\n\n\n\n<p><strong>Versatilidad de escenas:<\/strong><\/p>\n\n\n\n<ul class=\"wp-block-list\">\n<li><strong>Bodas<\/strong>: Realza los postres y combina bien con la decoraci\u00f3n floral.<\/li>\n\n\n\n<li><strong>Hoteles<\/strong>: Se adapta tanto a los comedores de lujo como a los buf\u00e9s informales.<\/li>\n\n\n\n<li><strong>Buffets:<\/strong> Mantiene los postres organizados y visualmente llamativos.<\/li>\n\n\n\n<li>Tambi\u00e9n trabaja para eventos corporativos y banquetes privados.<\/li>\n<\/ul>\n\n\n\n<p><strong>Eficiencia visual y espacial:<\/strong> La disposici\u00f3n en niveles (varios tama\u00f1os) crea una presentaci\u00f3n en capas que realza el atractivo del postre al tiempo que optimiza el espacio de la mesa.<\/p>\n\n\n\n<p><strong>Apoyo estable<\/strong>: El robusto dise\u00f1o del soporte garantiza un apoyo estable para el soporte de tartas, incluso cuando se colocan tartas m\u00e1s pesadas; se pueden exponer de forma segura y estable.<\/p>\n<\/div>\n\n\n\n<div class=\"wp-block-column is-layout-flow wp-block-column-is-layout-flow\">\n<figure class=\"wp-block-image size-full\"><img decoding=\"async\" width=\"800\" height=\"800\" src=\"https:\/\/www.billiondaysupplier.com\/wp-content\/uploads\/2025\/12\/buffet-accessories1.png\" alt=\"accesorios buffet\" class=\"wp-image-1543\" srcset=\"https:\/\/www.billiondaysupplier.com\/wp-content\/uploads\/2025\/12\/buffet-accessories1.png 800w, https:\/\/www.billiondaysupplier.com\/wp-content\/uploads\/2025\/12\/buffet-accessories1-300x300.png 300w, https:\/\/www.billiondaysupplier.com\/wp-content\/uploads\/2025\/12\/buffet-accessories1-150x150.png 150w, https:\/\/www.billiondaysupplier.com\/wp-content\/uploads\/2025\/12\/buffet-accessories1-768x768.png 768w, https:\/\/www.billiondaysupplier.com\/wp-content\/uploads\/2025\/12\/buffet-accessories1-12x12.png 12w, https:\/\/www.billiondaysupplier.com\/wp-content\/uploads\/2025\/12\/buffet-accessories1-600x600.png 600w, https:\/\/www.billiondaysupplier.com\/wp-content\/uploads\/2025\/12\/buffet-accessories1-100x100.png 100w\" sizes=\"(max-width: 800px) 100vw, 800px\" \/><\/figure>\n<\/div>\n<\/div>","protected":false},"excerpt":{"rendered":"<p>Juego de soporte para postres personalizado, fabricado en acero inoxidable 201, esta pieza es a la vez robusta y art\u00edstica. Disponible en varios tama\u00f1os, adecuado para bodas, hoteles, buffets y todo tipo de eventos. Suministro directo de f\u00e1brica; p\u00f3ngase en contacto con nosotros para solicitar muestras.<\/p>\n<h2>Par\u00e1metro del juego de soporte para postres\uff1a<\/h2>\n<table width=\"378\">\n<tbody>\n<tr>\n<td style=\"text-align: left;\" width=\"155\">Material<\/td>\n<td style=\"text-align: left;\" width=\"223\">Acero inoxidable 201 y cer\u00e1mica<\/td>\n<\/tr>\n<tr>\n<td>Color<\/td>\n<td width=\"223\">Plata \/ Oro\/Negro<\/td>\n<\/tr>\n<tr>\n<td width=\"155\">Caracter\u00edstica<\/td>\n<td width=\"223\">\n<p>1. acero inoxidable<br \/>2. Dise\u00f1o hueco<br \/>3. Compatibilidad multiescena<\/p>\n<\/td>\n<\/tr>\n<tr>\n<td>Opci\u00f3n personalizada<\/td>\n<td style=\"text-align: left;\" width=\"223\">Logotipo\/Color\/Tama\u00f1o\/Embalaje\/Accesorios<\/td>\n<\/tr>\n<\/tbody>\n<\/table>","protected":false},"featured_media":1542,"comment_status":"closed","ping_status":"closed","template":"","meta":{"_acf_changed":true},"product_brand":[],"product_cat":[23],"product_tag":[],"class_list":{"0":"post-1541","1":"product","2":"type-product","3":"status-publish","4":"has-post-thumbnail","6":"product_cat-wholesale-buffet-accessories","8":"first","9":"instock","10":"shipping-taxable","11":"product-type-simple"},"acf":[],"_links":{"self":[{"href":"https:\/\/www.billiondaysupplier.com\/es\/wp-json\/wp\/v2\/product\/1541","targetHints":{"allow":["GET"]}}],"collection":[{"href":"https:\/\/www.billiondaysupplier.com\/es\/wp-json\/wp\/v2\/product"}],"about":[{"href":"https:\/\/www.billiondaysupplier.com\/es\/wp-json\/wp\/v2\/types\/product"}],"replies":[{"embeddable":true,"href":"https:\/\/www.billiondaysupplier.com\/es\/wp-json\/wp\/v2\/comments?post=1541"}],"wp:featuredmedia":[{"embeddable":true,"href":"https:\/\/www.billiondaysupplier.com\/es\/wp-json\/wp\/v2\/media\/1542"}],"wp:attachment":[{"href":"https:\/\/www.billiondaysupplier.com\/es\/wp-json\/wp\/v2\/media?parent=1541"}],"wp:term":[{"taxonomy":"product_brand","embeddable":true,"href":"https:\/\/www.billiondaysupplier.com\/es\/wp-json\/wp\/v2\/product_brand?post=1541"},{"taxonomy":"product_cat","embeddable":true,"href":"https:\/\/www.billiondaysupplier.com\/es\/wp-json\/wp\/v2\/product_cat?post=1541"},{"taxonomy":"product_tag","embeddable":true,"href":"https:\/\/www.billiondaysupplier.com\/es\/wp-json\/wp\/v2\/product_tag?post=1541"}],"curies":[{"name":"wp","href":"https:\/\/api.w.org\/{rel}","templated":true}]}}