{"id":1538,"date":"2025-12-09T08:37:48","date_gmt":"2025-12-09T08:37:48","guid":{"rendered":"https:\/\/www.billiondaysupplier.com\/?post_type=product&#038;p=1538"},"modified":"2025-12-09T08:37:51","modified_gmt":"2025-12-09T08:37:51","slug":"wholesale-gold-chafing-dishes","status":"publish","type":"product","link":"https:\/\/www.billiondaysupplier.com\/es\/product\/wholesale-gold-chafing-dishes\/","title":{"rendered":"Mayorista Platos de Oro, Acero Inoxidable Calentador de Buffet Bola de Lujo en Forma de Coraz\u00f3n Personalizado"},"content":{"rendered":"<div class=\"wp-block-columns is-layout-flex wp-container-core-columns-is-layout-9d6595d7 wp-block-columns-is-layout-flex\">\n<div class=\"wp-block-column is-layout-flow wp-block-column-is-layout-flow\">\n<h2 class=\"wp-block-heading\">Caracter\u00edsticas:<\/h2>\n\n\n\n<p>Estilo lujoso: Adoptando un proceso completo de chapado en oro y un dise\u00f1o de c\u00fapula en forma de coraz\u00f3n, es rico en brillo y lujoso en textura. Su tapa flotante y cuerpo aerodin\u00e1mico lo hacen muy reconocible y adecuado para mesas principales de bodas, buffets VIP de hoteles de categor\u00eda, banquetes de negocios de clase alta y otras ocasiones, elevando instant\u00e1neamente el estilo de la presentaci\u00f3n de alimentos y convirti\u00e9ndolo en un punto de atracci\u00f3n visual en el lugar.<\/p>\n\n\n\n<p><strong>Datos pr\u00e1cticos:<\/strong> El soporte met\u00e1lico garantiza la estabilidad de la colocaci\u00f3n, y el lateral del horno est\u00e1 provisto de un asa aislada t\u00e9rmicamente para facilitar el desplazamiento y el ajuste por parte del personal. Este dise\u00f1o reduce los riesgos operativos en entornos con mucho tr\u00e1fico.<\/p>\n\n\n\n<p><strong>Material de alta calidad<\/strong>: El cuerpo principal del horno es de acero inoxidable de calidad alimentaria, con una capa exterior de chapado en oro resistente al desgaste. Cumple las normas de seguridad para hosteler\u00eda y presenta propiedades resistentes a la corrosi\u00f3n y a los ara\u00f1azos. No se decolorar\u00e1 ni deformar\u00e1 f\u00e1cilmente durante largos periodos de uso en entornos comerciales.<\/p>\n\n\n\n<p><strong>F\u00e1cil mantenimiento<\/strong>: Basta con pasar un pa\u00f1o suave a diario para limpiarla, por lo que los costes de mantenimiento son bajos.<\/p>\n\n\n\n<p><strong>Dise\u00f1o de tapa colgante:<\/strong> La tapa se abre sin esfuerzo levantando s\u00f3lo el embellecedor superior, lo que facilita la operaci\u00f3n y evita quemaduras.<\/p>\n\n\n\n<p><strong>Servicio de asistencia OEM<\/strong>: Ofrecemos personalizaci\u00f3n de equipos de buf\u00e9. Los logotipos, tama\u00f1os y colores se pueden personalizar seg\u00fan las necesidades de nuestros clientes.<\/p>\n<\/div>\n\n\n\n<div class=\"wp-block-column is-layout-flow wp-block-column-is-layout-flow\"><div class=\"wp-block-image\">\n<figure class=\"aligncenter size-full\"><img decoding=\"async\" width=\"2953\" height=\"2953\" src=\"https:\/\/www.billiondaysupplier.com\/wp-content\/uploads\/2025\/12\/Restaurant-Supply-Chafing-Dishes-1.png\" alt=\"Platos hondos para restaurantes\" class=\"wp-image-1540\" srcset=\"https:\/\/www.billiondaysupplier.com\/wp-content\/uploads\/2025\/12\/Restaurant-Supply-Chafing-Dishes-1.png 2953w, https:\/\/www.billiondaysupplier.com\/wp-content\/uploads\/2025\/12\/Restaurant-Supply-Chafing-Dishes-1-300x300.png 300w, https:\/\/www.billiondaysupplier.com\/wp-content\/uploads\/2025\/12\/Restaurant-Supply-Chafing-Dishes-1-150x150.png 150w, https:\/\/www.billiondaysupplier.com\/wp-content\/uploads\/2025\/12\/Restaurant-Supply-Chafing-Dishes-1-768x768.png 768w, https:\/\/www.billiondaysupplier.com\/wp-content\/uploads\/2025\/12\/Restaurant-Supply-Chafing-Dishes-1-12x12.png 12w, https:\/\/www.billiondaysupplier.com\/wp-content\/uploads\/2025\/12\/Restaurant-Supply-Chafing-Dishes-1-1200x1200.png 1200w, https:\/\/www.billiondaysupplier.com\/wp-content\/uploads\/2025\/12\/Restaurant-Supply-Chafing-Dishes-1-600x600.png 600w, https:\/\/www.billiondaysupplier.com\/wp-content\/uploads\/2025\/12\/Restaurant-Supply-Chafing-Dishes-1-100x100.png 100w\" sizes=\"(max-width: 2953px) 100vw, 2953px\" \/><\/figure>\n<\/div><\/div>\n<\/div>\n\n\n\n<p><\/p>","protected":false},"excerpt":{"rendered":"<p>Los calientaplatos dorados al por mayor presentan un lujoso aspecto dorado, acero inoxidable de alta calidad, una bola en forma de coraz\u00f3n, tapa colgante, combinando elegancia y funcionalidad. Capacidad de 8L es ideal para la mayor\u00eda de los banques. Billion Day fabricante de equipos de buffet suministros directos, ofrecemos servicios de OEM\/ODM. Para m\u00e1s informaci\u00f3n, p\u00f3ngase en contacto con nosotros.<\/p>\n<h2>Par\u00e1metro de los calientaplatos de oro\uff1a<\/h2>\n<table border=\"0\" width=\"404\" cellspacing=\"0\" cellpadding=\"0\">\n<tbody>\n<tr>\n<td style=\"text-align: left;\" width=\"148\" height=\"24\"><strong>Material<\/strong><\/td>\n<td style=\"text-align: left;\" width=\"256\">Acero inoxidable 201<\/td>\n<\/tr>\n<tr>\n<td style=\"text-align: left;\" height=\"69\"><strong>Color<\/strong><\/td>\n<td style=\"text-align: left;\" width=\"256\">Oro<\/td>\n<\/tr>\n<tr>\n<td style=\"text-align: left;\" height=\"24\"><strong>M\u00e9todo de calentamiento<\/strong><\/td>\n<td style=\"text-align: left;\">Combustible Calefacci\u00f3n<\/td>\n<\/tr>\n<tr>\n<td style=\"text-align: left;\" height=\"24\"><strong>Capacidad<\/strong><\/td>\n<td style=\"text-align: left;\">4,5L\/6L\/8L<\/td>\n<\/tr>\n<tr>\n<td style=\"text-align: left;\" height=\"92\"><strong>Caracter\u00edstica<\/strong><\/td>\n<td style=\"text-align: left;\" width=\"256\">1. con tapa ExquisiteHanging<br \/>2. Dise\u00f1o hueco elegante<br \/>3. Bastidor vertical estable<\/td>\n<\/tr>\n<tr>\n<td style=\"text-align: left;\" height=\"24\"><strong>Opci\u00f3n personalizada<\/strong><\/td>\n<td style=\"text-align: left;\">Logotipo\/Color\/Tama\u00f1o\/Embalaje\/Accesorios<\/td>\n<\/tr>\n<\/tbody>\n<\/table>","protected":false},"featured_media":1540,"comment_status":"closed","ping_status":"closed","template":"","meta":{"_acf_changed":false},"product_brand":[],"product_cat":[30],"product_tag":[],"class_list":{"0":"post-1538","1":"product","2":"type-product","3":"status-publish","4":"has-post-thumbnail","6":"product_cat-hanging-chafing-dish-supplier","8":"first","9":"instock","10":"shipping-taxable","11":"product-type-simple"},"acf":[],"_links":{"self":[{"href":"https:\/\/www.billiondaysupplier.com\/es\/wp-json\/wp\/v2\/product\/1538","targetHints":{"allow":["GET"]}}],"collection":[{"href":"https:\/\/www.billiondaysupplier.com\/es\/wp-json\/wp\/v2\/product"}],"about":[{"href":"https:\/\/www.billiondaysupplier.com\/es\/wp-json\/wp\/v2\/types\/product"}],"replies":[{"embeddable":true,"href":"https:\/\/www.billiondaysupplier.com\/es\/wp-json\/wp\/v2\/comments?post=1538"}],"wp:featuredmedia":[{"embeddable":true,"href":"https:\/\/www.billiondaysupplier.com\/es\/wp-json\/wp\/v2\/media\/1540"}],"wp:attachment":[{"href":"https:\/\/www.billiondaysupplier.com\/es\/wp-json\/wp\/v2\/media?parent=1538"}],"wp:term":[{"taxonomy":"product_brand","embeddable":true,"href":"https:\/\/www.billiondaysupplier.com\/es\/wp-json\/wp\/v2\/product_brand?post=1538"},{"taxonomy":"product_cat","embeddable":true,"href":"https:\/\/www.billiondaysupplier.com\/es\/wp-json\/wp\/v2\/product_cat?post=1538"},{"taxonomy":"product_tag","embeddable":true,"href":"https:\/\/www.billiondaysupplier.com\/es\/wp-json\/wp\/v2\/product_tag?post=1538"}],"curies":[{"name":"wp","href":"https:\/\/api.w.org\/{rel}","templated":true}]}}