{"id":1535,"date":"2025-12-10T03:57:37","date_gmt":"2025-12-10T03:57:37","guid":{"rendered":"https:\/\/www.billiondaysupplier.com\/?post_type=product&#038;p=1535"},"modified":"2025-12-10T03:57:40","modified_gmt":"2025-12-10T03:57:40","slug":"wholesale-round-chafing-dishes","status":"publish","type":"product","link":"https:\/\/www.billiondaysupplier.com\/es\/product\/wholesale-round-chafing-dishes\/","title":{"rendered":"Mayorista Calientaplatos Redondo, Calientaplatos de Oro para Buffet con Tapa Colgante Proveedor"},"content":{"rendered":"<div class=\"wp-block-columns is-layout-flex wp-container-core-columns-is-layout-9d6595d7 wp-block-columns-is-layout-flex\">\n<div class=\"wp-block-column is-layout-flow wp-block-column-is-layout-flow\">\n<h2 class=\"wp-block-heading\">Caracter\u00edsticas:<\/h2>\n\n\n\n<p><strong>Estilo lujoso:<\/strong> Adoptando un proceso de chapado en oro con acabado de espejo y con un dise\u00f1o circular aerodin\u00e1mico unido a una tapa suspendida, la textura general es exquisita y lujosa.<\/p>\n\n\n\n<p><strong>Adaptaci\u00f3n multiescena<\/strong>: Striking Gold puede utilizarse en bodas, buffets de hoteles de categor\u00eda y banquetes de negocios de alto nivel, realzando al instante el sentido de la ceremonia y la sofisticaci\u00f3n visual de la presentaci\u00f3n de los alimentos.<\/p>\n\n\n\n<p><strong>Dise\u00f1o elegante y pr\u00e1ctico<\/strong>: El cuerpo principal est\u00e1 fabricado en acero inoxidable de calidad alimentaria con un revestimiento protector dorado, que cumple la norma de seguridad alimentaria. Presenta propiedades anticorrosi\u00f3n, antiara\u00f1azos y antidecoloraci\u00f3n. Puede soportar largos periodos de uso comercial sin deformarse ni decolorarse, mientras que para limpiarla con regularidad basta con pasarle un pa\u00f1o suave para devolverle su brillo, lo que reduce los costes de mantenimiento.<\/p>\n\n\n\n<p><strong>Tapa de cristal transparente<\/strong>: El dise\u00f1o colgante de la tapa de cristal permite al personal comprobar el estado y levantar la tapa con facilidad, lo que facilita la operaci\u00f3n y evita quemaduras.<\/p>\n\n\n\n<p><strong>Estructura estable:<\/strong> Est\u00e1 provisto de un soporte met\u00e1lico engrosado en la parte inferior para garantizar la estabilidad al colocarlo, reduciendo la probabilidad de vuelco en situaciones complicadas, incluso en hosteler\u00eda.<\/p>\n\n\n\n<p><strong>Servicio de asistencia OEM:<\/strong> Ofrecemos personalizaci\u00f3n de equipos de buf\u00e9. Los logotipos, tama\u00f1os y colores se pueden personalizar seg\u00fan las necesidades.<\/p>\n<\/div>\n\n\n\n<div class=\"wp-block-column is-layout-flow wp-block-column-is-layout-flow\"><div class=\"wp-block-image\">\n<figure class=\"aligncenter size-full\"><img decoding=\"async\" width=\"3125\" height=\"3125\" src=\"https:\/\/www.billiondaysupplier.com\/wp-content\/uploads\/2025\/12\/Chafing-Dish-Manufacturers-China-1.png\" alt=\"Chafing Dish Fabricantes China\" class=\"wp-image-1537\" srcset=\"https:\/\/www.billiondaysupplier.com\/wp-content\/uploads\/2025\/12\/Chafing-Dish-Manufacturers-China-1.png 3125w, https:\/\/www.billiondaysupplier.com\/wp-content\/uploads\/2025\/12\/Chafing-Dish-Manufacturers-China-1-300x300.png 300w, https:\/\/www.billiondaysupplier.com\/wp-content\/uploads\/2025\/12\/Chafing-Dish-Manufacturers-China-1-150x150.png 150w, https:\/\/www.billiondaysupplier.com\/wp-content\/uploads\/2025\/12\/Chafing-Dish-Manufacturers-China-1-768x768.png 768w, https:\/\/www.billiondaysupplier.com\/wp-content\/uploads\/2025\/12\/Chafing-Dish-Manufacturers-China-1-12x12.png 12w, https:\/\/www.billiondaysupplier.com\/wp-content\/uploads\/2025\/12\/Chafing-Dish-Manufacturers-China-1-1200x1200.png 1200w, https:\/\/www.billiondaysupplier.com\/wp-content\/uploads\/2025\/12\/Chafing-Dish-Manufacturers-China-1-600x600.png 600w, https:\/\/www.billiondaysupplier.com\/wp-content\/uploads\/2025\/12\/Chafing-Dish-Manufacturers-China-1-100x100.png 100w\" sizes=\"(max-width: 3125px) 100vw, 3125px\" \/><\/figure>\n<\/div><\/div>\n<\/div>\n\n\n\n<p><\/p>","protected":false},"excerpt":{"rendered":"<p>Los chafing dishes redondos al por mayor son de acero inoxidable, con tapa colgante y base estable, ideales para buffets, hoteles y eventos. F\u00e1ciles de limpiar. Ofrecemos soluciones personalizadas de equipamiento para buffets. \u00a1P\u00f3ngase en contacto con nosotros para la venta al por mayor y la personalizaci\u00f3n!<\/p>\n<h2>Par\u00e1metro\uff1a Chafing Dishes redondos\uff1a<\/h2>\n<table border=\"0\" width=\"404\" cellspacing=\"0\" cellpadding=\"0\">\n<tbody>\n<tr>\n<td style=\"text-align: left;\" width=\"148\" height=\"24\"><strong>Material<\/strong><\/td>\n<td style=\"text-align: left;\" width=\"256\">Acero inoxidable 201<\/td>\n<\/tr>\n<tr>\n<td style=\"text-align: left;\" height=\"69\"><strong>Color<\/strong><\/td>\n<td style=\"text-align: left;\" width=\"256\">Oro<\/td>\n<\/tr>\n<tr>\n<td style=\"text-align: left;\" height=\"24\"><strong>M\u00e9todo de calentamiento<\/strong><\/td>\n<td style=\"text-align: left;\">Combustible Calefacci\u00f3n<\/td>\n<\/tr>\n<tr>\n<td style=\"text-align: left;\" height=\"24\"><strong>Capacidad<\/strong><\/td>\n<td style=\"text-align: left;\">4,5L\/6L\/8L<\/td>\n<\/tr>\n<tr>\n<td style=\"text-align: left;\" height=\"92\"><strong>Caracter\u00edstica<\/strong><\/td>\n<td style=\"text-align: left;\" width=\"256\">1. con tapa ExquisiteHanging<br \/>2. Dise\u00f1o hueco elegante<br \/>3. Bastidor vertical estable<\/td>\n<\/tr>\n<tr>\n<td style=\"text-align: left;\" height=\"24\"><strong>Opci\u00f3n personalizada<\/strong><\/td>\n<td style=\"text-align: left;\">Logotipo\/Color\/Tama\u00f1o\/Embalaje\/Accesorios<\/td>\n<\/tr>\n<\/tbody>\n<\/table>","protected":false},"featured_media":1537,"comment_status":"closed","ping_status":"closed","template":"","meta":{"_acf_changed":true},"product_brand":[],"product_cat":[30],"product_tag":[],"class_list":{"0":"post-1535","1":"product","2":"type-product","3":"status-publish","4":"has-post-thumbnail","6":"product_cat-hanging-chafing-dish-supplier","8":"first","9":"instock","10":"shipping-taxable","11":"product-type-simple"},"acf":[],"_links":{"self":[{"href":"https:\/\/www.billiondaysupplier.com\/es\/wp-json\/wp\/v2\/product\/1535","targetHints":{"allow":["GET"]}}],"collection":[{"href":"https:\/\/www.billiondaysupplier.com\/es\/wp-json\/wp\/v2\/product"}],"about":[{"href":"https:\/\/www.billiondaysupplier.com\/es\/wp-json\/wp\/v2\/types\/product"}],"replies":[{"embeddable":true,"href":"https:\/\/www.billiondaysupplier.com\/es\/wp-json\/wp\/v2\/comments?post=1535"}],"wp:featuredmedia":[{"embeddable":true,"href":"https:\/\/www.billiondaysupplier.com\/es\/wp-json\/wp\/v2\/media\/1537"}],"wp:attachment":[{"href":"https:\/\/www.billiondaysupplier.com\/es\/wp-json\/wp\/v2\/media?parent=1535"}],"wp:term":[{"taxonomy":"product_brand","embeddable":true,"href":"https:\/\/www.billiondaysupplier.com\/es\/wp-json\/wp\/v2\/product_brand?post=1535"},{"taxonomy":"product_cat","embeddable":true,"href":"https:\/\/www.billiondaysupplier.com\/es\/wp-json\/wp\/v2\/product_cat?post=1535"},{"taxonomy":"product_tag","embeddable":true,"href":"https:\/\/www.billiondaysupplier.com\/es\/wp-json\/wp\/v2\/product_tag?post=1535"}],"curies":[{"name":"wp","href":"https:\/\/api.w.org\/{rel}","templated":true}]}}