{"id":1532,"date":"2025-12-10T06:31:01","date_gmt":"2025-12-10T06:31:01","guid":{"rendered":"https:\/\/www.billiondaysupplier.com\/?post_type=product&#038;p=1532"},"modified":"2025-12-20T01:20:07","modified_gmt":"2025-12-20T01:20:07","slug":"wholesale-chafing-dish-buffet","status":"publish","type":"product","link":"https:\/\/www.billiondaysupplier.com\/es\/product\/wholesale-chafing-dish-buffet\/","title":{"rendered":"Mayorista Chafing Dish Buffet Acero Inoxidable Diamante Barra Colgante Oro Personalizado"},"content":{"rendered":"<div class=\"wp-block-columns is-layout-flex wp-container-core-columns-is-layout-9d6595d7 wp-block-columns-is-layout-flex\">\n<div class=\"wp-block-column is-layout-flow wp-block-column-is-layout-flow\">\n<h2 class=\"wp-block-heading\">Chafing Dish Buffet Caracter\u00edsticas:<\/h2>\n\n\n\n<p><strong>Textura fina<\/strong>: La superficie est\u00e1 cubierta de finas texturas geom\u00e9tricas, como <strong>rombos, conos puntiagudos y motivos calados<\/strong>que realzan la tridimensionalidad visual y el lujo.<\/p>\n\n\n\n<p><strong>Calefacci\u00f3n de combustible:<\/strong> Equipado con un calentador de alcohol independiente, no depende de una fuente de alimentaci\u00f3n y puede colocarse libremente en banquetes al aire libre, salas de banquetes temporales y otros lugares sin suministro el\u00e9ctrico. Tras el calentamiento, puede mantener de forma estable una temperatura adecuada para comer de 60-85\u2103, conservando eficazmente el calor y la frescura de los alimentos durante mucho tiempo.<\/p>\n\n\n\n<p><strong>Soporte de metal reforzado:<\/strong> El dise\u00f1o de la tapa en forma de pluma facilita al personal la tarea de abrir y cerrar la tapa, reduciendo el esfuerzo necesario. El soporte inferior, combinado con la estructura ahuecada del cuerpo del horno, garantiza una buena ventilaci\u00f3n y combusti\u00f3n de la estufa de alcohol, al tiempo que mejora la estabilidad general y reduce el riesgo de vuelco durante los banquetes.<\/p>\n\n\n\n<p><strong>Acabado con ba\u00f1o de oro de primera calidad:<\/strong> El cuerpo principal es de acero inoxidable de calidad alimentaria, con un revestimiento protector dorado en el exterior. Cumple las normas de seguridad alimentaria y es resistente a la corrosi\u00f3n y los ara\u00f1azos. No se decolora ni deforma con el uso prolongado en entornos comerciales.<\/p>\n\n\n\n<p><strong>F\u00e1cil de limpiar:<\/strong> La olla interior de acero inoxidable es duradera y la base exterior dorada tiene un dise\u00f1o modular; ambas son f\u00e1ciles de limpiar.<\/p>\n\n\n\n<p><strong>Opciones de personalizaci\u00f3n<\/strong>: Los colores, capacidades, logotipos y accesorios pueden personalizarse para adaptarse a los distintos mercados o requisitos de los proyectos.<\/p>\n\n\n\n<p><strong>Suministro directo de f\u00e1brica: <\/strong>Billion Day ofrece una producci\u00f3n estable y precios competitivos al por mayor para apoyar a distribuidores, minoristas y proveedores de catering.<\/p>\n<\/div>\n\n\n\n<div class=\"wp-block-column is-layout-flow wp-block-column-is-layout-flow\">\n<figure class=\"wp-block-image size-full\"><img decoding=\"async\" width=\"800\" height=\"800\" src=\"https:\/\/www.billiondaysupplier.com\/wp-content\/uploads\/2025\/12\/Chafing-Dish-Supplier-1.png\" alt=\"Chafing Dish Proveedor\" class=\"wp-image-1534\" srcset=\"https:\/\/www.billiondaysupplier.com\/wp-content\/uploads\/2025\/12\/Chafing-Dish-Supplier-1.png 800w, https:\/\/www.billiondaysupplier.com\/wp-content\/uploads\/2025\/12\/Chafing-Dish-Supplier-1-300x300.png 300w, https:\/\/www.billiondaysupplier.com\/wp-content\/uploads\/2025\/12\/Chafing-Dish-Supplier-1-150x150.png 150w, https:\/\/www.billiondaysupplier.com\/wp-content\/uploads\/2025\/12\/Chafing-Dish-Supplier-1-768x768.png 768w, https:\/\/www.billiondaysupplier.com\/wp-content\/uploads\/2025\/12\/Chafing-Dish-Supplier-1-12x12.png 12w, https:\/\/www.billiondaysupplier.com\/wp-content\/uploads\/2025\/12\/Chafing-Dish-Supplier-1-600x600.png 600w, https:\/\/www.billiondaysupplier.com\/wp-content\/uploads\/2025\/12\/Chafing-Dish-Supplier-1-100x100.png 100w\" sizes=\"(max-width: 800px) 100vw, 800px\" \/><\/figure>\n<\/div>\n<\/div>\n\n\n\n<p><\/p>","protected":false},"excerpt":{"rendered":"<div class=\"auto-hide-last-sibling-br paragraph-pP9ZLC paragraph-element br-paragraph-space\">Billion Day al por mayor chafing dish buffet con calefacci\u00f3n de combustible, marco reforzado estable, tapa colgante, patr\u00f3n exquisito de oro, acero inoxidable y f\u00e1cil limpieza. Ofrecemos opciones de personalizaci\u00f3n completa. P\u00f3ngase en contacto con nosotros para cotizaciones al por mayor.<\/div>\n<h2>Par\u00e1metros de Buffet Chafing Dish\uff1a<\/h2>\n<table border=\"0\" width=\"404\" cellspacing=\"0\" cellpadding=\"0\">\n<tbody>\n<tr>\n<td style=\"text-align: left;\" width=\"148\" height=\"24\"><strong>Material<\/strong><\/td>\n<td style=\"text-align: left;\" width=\"256\">\n<p>Acero inoxidable 201 y hierro<\/p>\n<\/td>\n<\/tr>\n<tr>\n<td style=\"text-align: left;\" height=\"69\"><strong>Color<\/strong><\/td>\n<td style=\"text-align: left;\" width=\"256\">Oro<\/td>\n<\/tr>\n<tr>\n<td style=\"text-align: left;\" height=\"24\"><strong>M\u00e9todo de calentamiento<\/strong><\/td>\n<td style=\"text-align: left;\">Combustible Calefacci\u00f3n<\/td>\n<\/tr>\n<tr>\n<td style=\"text-align: left;\" height=\"24\"><strong>Capacidad<\/strong><\/td>\n<td style=\"text-align: left;\">8.0L<\/td>\n<\/tr>\n<tr>\n<td style=\"text-align: left;\" height=\"92\"><strong>Caracter\u00edstica<\/strong><\/td>\n<td style=\"text-align: left;\" width=\"256\">1. con tapa ExquisiteHanging<br \/>2. Dise\u00f1o hueco elegante<br \/>3. Bastidor vertical estable<\/td>\n<\/tr>\n<tr>\n<td style=\"text-align: left;\" height=\"24\"><strong>Opci\u00f3n personalizada<\/strong><\/td>\n<td style=\"text-align: left;\">Logotipo\/Color\/Tama\u00f1o\/Embalaje\/Accesorios<\/td>\n<\/tr>\n<\/tbody>\n<\/table>","protected":false},"featured_media":1534,"comment_status":"closed","ping_status":"closed","template":"","meta":{"_acf_changed":false},"product_brand":[],"product_cat":[30],"product_tag":[],"class_list":{"0":"post-1532","1":"product","2":"type-product","3":"status-publish","4":"has-post-thumbnail","6":"product_cat-hanging-chafing-dish-supplier","8":"first","9":"instock","10":"shipping-taxable","11":"product-type-simple"},"acf":[],"_links":{"self":[{"href":"https:\/\/www.billiondaysupplier.com\/es\/wp-json\/wp\/v2\/product\/1532","targetHints":{"allow":["GET"]}}],"collection":[{"href":"https:\/\/www.billiondaysupplier.com\/es\/wp-json\/wp\/v2\/product"}],"about":[{"href":"https:\/\/www.billiondaysupplier.com\/es\/wp-json\/wp\/v2\/types\/product"}],"replies":[{"embeddable":true,"href":"https:\/\/www.billiondaysupplier.com\/es\/wp-json\/wp\/v2\/comments?post=1532"}],"wp:featuredmedia":[{"embeddable":true,"href":"https:\/\/www.billiondaysupplier.com\/es\/wp-json\/wp\/v2\/media\/1534"}],"wp:attachment":[{"href":"https:\/\/www.billiondaysupplier.com\/es\/wp-json\/wp\/v2\/media?parent=1532"}],"wp:term":[{"taxonomy":"product_brand","embeddable":true,"href":"https:\/\/www.billiondaysupplier.com\/es\/wp-json\/wp\/v2\/product_brand?post=1532"},{"taxonomy":"product_cat","embeddable":true,"href":"https:\/\/www.billiondaysupplier.com\/es\/wp-json\/wp\/v2\/product_cat?post=1532"},{"taxonomy":"product_tag","embeddable":true,"href":"https:\/\/www.billiondaysupplier.com\/es\/wp-json\/wp\/v2\/product_tag?post=1532"}],"curies":[{"name":"wp","href":"https:\/\/api.w.org\/{rel}","templated":true}]}}