{"id":1529,"date":"2025-12-10T06:50:14","date_gmt":"2025-12-10T06:50:14","guid":{"rendered":"https:\/\/www.billiondaysupplier.com\/?post_type=product&#038;p=1529"},"modified":"2025-12-10T06:50:53","modified_gmt":"2025-12-10T06:50:53","slug":"wholesale-modern-chafing-dish","status":"publish","type":"product","link":"https:\/\/www.billiondaysupplier.com\/es\/product\/wholesale-modern-chafing-dish\/","title":{"rendered":"Mayorista Calientaplatos Moderno, Calientaplatos para Buffet Tapa con Diamante a Medida"},"content":{"rendered":"<div class=\"wp-block-columns is-layout-flex wp-container-core-columns-is-layout-9d6595d7 wp-block-columns-is-layout-flex\">\n<div class=\"wp-block-column is-layout-flow wp-block-column-is-layout-flow\">\n<h2 class=\"wp-block-heading\">Chafing Dish Moderno Caracter\u00edsticas:<\/h2>\n\n\n\n<p><strong>Dise\u00f1o de lujo con diamantes<\/strong>: Con una cubierta con textura de diamante y un cuerpo de acero inoxidable pulido a espejo, este dispositivo ofrece una sensaci\u00f3n exquisita y sofisticada, complementada con un gran atractivo visual.<\/p>\n\n\n\n<p><strong>Gran capacidad de 8 litros: <\/strong>Ideal para restaurantes, picnics, bodas, buffets y banquetes de hotel, puede contener m\u00e1s alimentos y mejorar la eficacia.<\/p>\n\n\n\n<p><strong>Dise\u00f1o de tapa colgante<\/strong>: La tapa puede colgarse de forma segura, lo que elimina la molestia de colocarla con frecuencia y mejora la eficacia operativa y la higiene.<\/p>\n\n\n\n<p><strong>Soporte robusto<\/strong>: Equipado con un soporte port\u00e1til curvado, permite al personal mover el chafing dish y ajustar su colocaci\u00f3n r\u00e1pidamente; la base cuenta con un soporte triangular para mayor estabilidad, reduciendo el riesgo de vuelco durante su uso.<\/p>\n\n\n\n<p><strong>Acero inoxidable de alta calidad:<\/strong> El cuerpo principal es de acero inoxidable apto para uso alimentario, que cumple las normas de seguridad en hosteler\u00eda; tiene las caracter\u00edsticas de resistencia a la corrosi\u00f3n, resistencia a las altas temperaturas y resistencia a los ara\u00f1azos. I<\/p>\n\n\n\n<p><strong>Personalizaci\u00f3n disponible:<\/strong> Se pueden personalizar los colores, la capacidad, los logotipos o los accesorios para satisfacer las necesidades de los distintos mercados y proyectos.<\/p>\n\n\n\n<p><strong>Suministro directo de f\u00e1brica<\/strong>: Como fabricante de chafing dish, Billion Day proporciona un suministro estable y precios preferenciales al por mayor para ayudarle a expandir su negocio.<\/p>\n<\/div>\n\n\n\n<div class=\"wp-block-column is-layout-flow wp-block-column-is-layout-flow\">\n<figure class=\"wp-block-image size-full\"><img decoding=\"async\" width=\"800\" height=\"800\" src=\"https:\/\/www.billiondaysupplier.com\/wp-content\/uploads\/2025\/12\/Chafing-Dish-Manufacturers-1.png\" alt=\"Fabricantes de sartenes\" class=\"wp-image-1531\" srcset=\"https:\/\/www.billiondaysupplier.com\/wp-content\/uploads\/2025\/12\/Chafing-Dish-Manufacturers-1.png 800w, https:\/\/www.billiondaysupplier.com\/wp-content\/uploads\/2025\/12\/Chafing-Dish-Manufacturers-1-300x300.png 300w, https:\/\/www.billiondaysupplier.com\/wp-content\/uploads\/2025\/12\/Chafing-Dish-Manufacturers-1-150x150.png 150w, https:\/\/www.billiondaysupplier.com\/wp-content\/uploads\/2025\/12\/Chafing-Dish-Manufacturers-1-768x768.png 768w, https:\/\/www.billiondaysupplier.com\/wp-content\/uploads\/2025\/12\/Chafing-Dish-Manufacturers-1-12x12.png 12w, https:\/\/www.billiondaysupplier.com\/wp-content\/uploads\/2025\/12\/Chafing-Dish-Manufacturers-1-600x600.png 600w, https:\/\/www.billiondaysupplier.com\/wp-content\/uploads\/2025\/12\/Chafing-Dish-Manufacturers-1-100x100.png 100w\" sizes=\"(max-width: 800px) 100vw, 800px\" \/><\/figure>\n<\/div>\n<\/div>","protected":false},"excerpt":{"rendered":"<p>Moderno calientaplatos al por mayor, con tapa decorada con rombos y cuerpo de acero inoxidable pulido a espejo con m\u00faltiples opciones de capacidad, que ofrece una sensaci\u00f3n exquisita y de alta gama con un gran atractivo visual. Se aceptan pedidos personalizados a granel y consultas de cooperaci\u00f3n. P\u00f3ngase en contacto con nosotros para obtener un presupuesto.<\/p>\n<h2>Par\u00e1metro del plato hondo moderno\uff1a<\/h2>\n<table border=\"0\" width=\"404\" cellspacing=\"0\" cellpadding=\"0\">\n<tbody>\n<tr>\n<td style=\"text-align: left;\" width=\"148\" height=\"24\"><strong>Material<\/strong><\/td>\n<td style=\"text-align: left;\" width=\"256\">\n<p>Acero inoxidable 201 y hierro<\/p>\n<\/td>\n<\/tr>\n<tr>\n<td style=\"text-align: left;\" height=\"69\"><strong>Color<\/strong><\/td>\n<td style=\"text-align: left;\" width=\"256\">astilla<\/td>\n<\/tr>\n<tr>\n<td style=\"text-align: left;\" height=\"24\"><strong>M\u00e9todo de calentamiento<\/strong><\/td>\n<td style=\"text-align: left;\">Combustible Calefacci\u00f3n<\/td>\n<\/tr>\n<tr>\n<td style=\"text-align: left;\" height=\"24\"><strong>Capacidad<\/strong><\/td>\n<td style=\"text-align: left;\">4.5L\/6L\/8.0L<\/td>\n<\/tr>\n<tr>\n<td style=\"text-align: left;\" height=\"92\"><strong>Caracter\u00edstica<\/strong><\/td>\n<td style=\"text-align: left;\" width=\"256\">1. con tapa ExquisiteHanging<br \/>2. Dise\u00f1o hueco elegante<br \/>3. Bastidor vertical estable<\/td>\n<\/tr>\n<tr>\n<td style=\"text-align: left;\" height=\"24\"><strong>Opci\u00f3n personalizada<\/strong><\/td>\n<td style=\"text-align: left;\">Logotipo\/Color\/Tama\u00f1o\/Embalaje\/Accesorios<\/td>\n<\/tr>\n<\/tbody>\n<\/table>","protected":false},"featured_media":1531,"comment_status":"closed","ping_status":"closed","template":"","meta":{"_acf_changed":false},"product_brand":[],"product_cat":[30],"product_tag":[],"class_list":{"0":"post-1529","1":"product","2":"type-product","3":"status-publish","4":"has-post-thumbnail","6":"product_cat-hanging-chafing-dish-supplier","8":"first","9":"instock","10":"shipping-taxable","11":"product-type-simple"},"acf":[],"_links":{"self":[{"href":"https:\/\/www.billiondaysupplier.com\/es\/wp-json\/wp\/v2\/product\/1529","targetHints":{"allow":["GET"]}}],"collection":[{"href":"https:\/\/www.billiondaysupplier.com\/es\/wp-json\/wp\/v2\/product"}],"about":[{"href":"https:\/\/www.billiondaysupplier.com\/es\/wp-json\/wp\/v2\/types\/product"}],"replies":[{"embeddable":true,"href":"https:\/\/www.billiondaysupplier.com\/es\/wp-json\/wp\/v2\/comments?post=1529"}],"wp:featuredmedia":[{"embeddable":true,"href":"https:\/\/www.billiondaysupplier.com\/es\/wp-json\/wp\/v2\/media\/1531"}],"wp:attachment":[{"href":"https:\/\/www.billiondaysupplier.com\/es\/wp-json\/wp\/v2\/media?parent=1529"}],"wp:term":[{"taxonomy":"product_brand","embeddable":true,"href":"https:\/\/www.billiondaysupplier.com\/es\/wp-json\/wp\/v2\/product_brand?post=1529"},{"taxonomy":"product_cat","embeddable":true,"href":"https:\/\/www.billiondaysupplier.com\/es\/wp-json\/wp\/v2\/product_cat?post=1529"},{"taxonomy":"product_tag","embeddable":true,"href":"https:\/\/www.billiondaysupplier.com\/es\/wp-json\/wp\/v2\/product_tag?post=1529"}],"curies":[{"name":"wp","href":"https:\/\/api.w.org\/{rel}","templated":true}]}}