{"id":1491,"date":"2025-12-04T04:01:12","date_gmt":"2025-12-04T04:01:12","guid":{"rendered":"https:\/\/www.billiondaysupplier.com\/?post_type=product&#038;p=1491"},"modified":"2025-12-04T04:01:15","modified_gmt":"2025-12-04T04:01:15","slug":"wholesale-beverage-dispenser","status":"publish","type":"product","link":"https:\/\/www.billiondaysupplier.com\/es\/product\/wholesale-beverage-dispenser\/","title":{"rendered":"Mayorista Dispensador de bebidas, Dispensador de zumo de acero inoxidable Proveedores"},"content":{"rendered":"<div class=\"wp-block-columns is-layout-flex wp-container-core-columns-is-layout-9d6595d7 wp-block-columns-is-layout-flex\">\n<div class=\"wp-block-column is-layout-flow wp-block-column-is-layout-flow\">\n<h2 class=\"wp-block-heading\">Dispensador de bebidas al por mayor Caracter\u00edsticas:<\/h2>\n\n\n\n<p><strong>Acero inoxidable pulido de alta gama: <\/strong>Est\u00e1 fabricado en acero inoxidable pulido de primera calidad; la superficie es suave y agradable al tacto, y el dise\u00f1o irradia modernismo para elevar el list\u00f3n de los comedores de todo el mundo.<\/p>\n\n\n\n<p><strong>M\u00faltiples opciones de color:<\/strong> Con tonos cl\u00e1sicos de oro y plata para ofrecer una sensaci\u00f3n personalizada al cliente, combinando bien con cualquier estilo de comedor.<\/p>\n\n\n\n<p><strong>Control preciso de la dosificaci\u00f3n:<\/strong> Cada bebida servida se controla con precisi\u00f3n para reducir el desperdicio, adapt\u00e1ndose a las diferentes demandas de dispensaci\u00f3n en diversos escenarios y mejorando la eficiencia del servicio.<\/p>\n\n\n\n<p><strong>F\u00e1cil de limpiar:<\/strong> Gracias a su dise\u00f1o modular, todos los componentes pueden desmontarse para facilitar su limpieza, lo que garantiza la higiene a largo plazo y la facilidad de uso.<\/p>\n\n\n\n<p><strong>No t\u00f3xico y seguro:<\/strong> Fabricado en acero inoxidable de calidad alimentaria, no es t\u00f3xico, es inocuo y cumple las normas m\u00e1s estrictas para garantizar la seguridad de los alimentos y dar confianza a los consumidores.<\/p>\n<\/div>\n\n\n\n<div class=\"wp-block-column is-layout-flow wp-block-column-is-layout-flow\">\n<figure class=\"wp-block-image size-full\"><img decoding=\"async\" width=\"800\" height=\"800\" src=\"https:\/\/www.billiondaysupplier.com\/wp-content\/uploads\/2025\/11\/wholesale.webp\" alt=\"dispensador de bebidas al por mayor\" class=\"wp-image-1495\" srcset=\"https:\/\/www.billiondaysupplier.com\/wp-content\/uploads\/2025\/11\/wholesale.webp 800w, https:\/\/www.billiondaysupplier.com\/wp-content\/uploads\/2025\/11\/wholesale-300x300.webp 300w, https:\/\/www.billiondaysupplier.com\/wp-content\/uploads\/2025\/11\/wholesale-150x150.webp 150w, https:\/\/www.billiondaysupplier.com\/wp-content\/uploads\/2025\/11\/wholesale-768x768.webp 768w, https:\/\/www.billiondaysupplier.com\/wp-content\/uploads\/2025\/11\/wholesale-12x12.webp 12w, https:\/\/www.billiondaysupplier.com\/wp-content\/uploads\/2025\/11\/wholesale-600x600.webp 600w, https:\/\/www.billiondaysupplier.com\/wp-content\/uploads\/2025\/11\/wholesale-100x100.webp 100w\" sizes=\"(max-width: 800px) 100vw, 800px\" \/><\/figure>\n<\/div>\n<\/div>\n\n\n\n<div class=\"wp-block-columns is-layout-flex wp-container-core-columns-is-layout-9d6595d7 wp-block-columns-is-layout-flex\">\n<div class=\"wp-block-column is-layout-flow wp-block-column-is-layout-flow\">\n<figure class=\"wp-block-image size-full\"><img decoding=\"async\" width=\"720\" height=\"720\" src=\"https:\/\/www.billiondaysupplier.com\/wp-content\/uploads\/2025\/08\/wholesale-beverage-dispensers5.webp\" alt=\"dispensadores de bebidas al por mayor5\" class=\"wp-image-642\" srcset=\"https:\/\/www.billiondaysupplier.com\/wp-content\/uploads\/2025\/08\/wholesale-beverage-dispensers5.webp 720w, https:\/\/www.billiondaysupplier.com\/wp-content\/uploads\/2025\/08\/wholesale-beverage-dispensers5-300x300.webp 300w, https:\/\/www.billiondaysupplier.com\/wp-content\/uploads\/2025\/08\/wholesale-beverage-dispensers5-150x150.webp 150w, https:\/\/www.billiondaysupplier.com\/wp-content\/uploads\/2025\/08\/wholesale-beverage-dispensers5-600x600.webp 600w, https:\/\/www.billiondaysupplier.com\/wp-content\/uploads\/2025\/08\/wholesale-beverage-dispensers5-100x100.webp 100w\" sizes=\"(max-width: 720px) 100vw, 720px\" \/><\/figure>\n<\/div>\n\n\n\n<div class=\"wp-block-column is-layout-flow wp-block-column-is-layout-flow\">\n<figure class=\"wp-block-image size-full\"><img decoding=\"async\" width=\"720\" height=\"720\" src=\"https:\/\/www.billiondaysupplier.com\/wp-content\/uploads\/2025\/08\/wholesale-beverage-dispensers6.webp\" alt=\"dispensadores de bebidas al por mayor6\" class=\"wp-image-643\" srcset=\"https:\/\/www.billiondaysupplier.com\/wp-content\/uploads\/2025\/08\/wholesale-beverage-dispensers6.webp 720w, https:\/\/www.billiondaysupplier.com\/wp-content\/uploads\/2025\/08\/wholesale-beverage-dispensers6-300x300.webp 300w, https:\/\/www.billiondaysupplier.com\/wp-content\/uploads\/2025\/08\/wholesale-beverage-dispensers6-150x150.webp 150w, https:\/\/www.billiondaysupplier.com\/wp-content\/uploads\/2025\/08\/wholesale-beverage-dispensers6-600x600.webp 600w, https:\/\/www.billiondaysupplier.com\/wp-content\/uploads\/2025\/08\/wholesale-beverage-dispensers6-100x100.webp 100w\" sizes=\"(max-width: 720px) 100vw, 720px\" \/><\/figure>\n<\/div>\n<\/div>","protected":false},"excerpt":{"rendered":"<p>Dispensador de bebidas al por mayor con opci\u00f3n de doble dispensador, fabricado en acero inoxidable pulido de alta gama y disponible en dorado y plateado. Ofrecen un control preciso de la dispensaci\u00f3n de bebidas, un dise\u00f1o modular para facilitar la limpieza, cumplen las normas de seguridad alimentaria y mejoran la calidad y la eficiencia de los comedores. P\u00f3ngase en contacto con nosotros hoy mismo para obtener m\u00e1s informaci\u00f3n sobre las opciones personalizadas y los precios al por mayor.<\/p>\n<h2>Par\u00e1metros de los dispensadores de bebidas al por mayor\uff1a<\/h2>\n<table width=\"378\">\n<tbody>\n<tr>\n<td width=\"155\">Material<\/td>\n<td width=\"223\">Acero inoxidable 201 + PC<\/td>\n<\/tr>\n<tr>\n<td>Color<\/td>\n<td width=\"223\">Plata \/ Oro<\/td>\n<\/tr>\n<tr>\n<td>N\u00famero de grifos<\/td>\n<td>2<\/td>\n<\/tr>\n<tr>\n<td>Capacidad<\/td>\n<td>16L<\/td>\n<\/tr>\n<tr>\n<td>Funci\u00f3n<\/td>\n<td>Aislamiento fr\u00edo o caliente<\/td>\n<\/tr>\n<tr>\n<td>Caracter\u00edstica<\/td>\n<td width=\"223\">1. Cuerpo del cazo de PC<br \/>2. Grifo de acero inoxidable<br \/>3. N\u00facleo de hielo aislado<br \/>4. Base pesada<\/td>\n<\/tr>\n<tr>\n<td>Opci\u00f3n personalizada<\/td>\n<td width=\"223\">Logotipo\/Color\/Tama\u00f1o\/Embalaje\/Accesorios<\/td>\n<\/tr>\n<\/tbody>\n<\/table>","protected":false},"featured_media":1495,"comment_status":"closed","ping_status":"closed","template":"","meta":{"_acf_changed":true},"product_brand":[],"product_cat":[19],"product_tag":[],"class_list":{"0":"post-1491","1":"product","2":"type-product","3":"status-publish","4":"has-post-thumbnail","6":"product_cat-wholesale-beverage-dispenser","8":"first","9":"instock","10":"shipping-taxable","11":"product-type-simple"},"acf":[],"_links":{"self":[{"href":"https:\/\/www.billiondaysupplier.com\/es\/wp-json\/wp\/v2\/product\/1491","targetHints":{"allow":["GET"]}}],"collection":[{"href":"https:\/\/www.billiondaysupplier.com\/es\/wp-json\/wp\/v2\/product"}],"about":[{"href":"https:\/\/www.billiondaysupplier.com\/es\/wp-json\/wp\/v2\/types\/product"}],"replies":[{"embeddable":true,"href":"https:\/\/www.billiondaysupplier.com\/es\/wp-json\/wp\/v2\/comments?post=1491"}],"wp:featuredmedia":[{"embeddable":true,"href":"https:\/\/www.billiondaysupplier.com\/es\/wp-json\/wp\/v2\/media\/1495"}],"wp:attachment":[{"href":"https:\/\/www.billiondaysupplier.com\/es\/wp-json\/wp\/v2\/media?parent=1491"}],"wp:term":[{"taxonomy":"product_brand","embeddable":true,"href":"https:\/\/www.billiondaysupplier.com\/es\/wp-json\/wp\/v2\/product_brand?post=1491"},{"taxonomy":"product_cat","embeddable":true,"href":"https:\/\/www.billiondaysupplier.com\/es\/wp-json\/wp\/v2\/product_cat?post=1491"},{"taxonomy":"product_tag","embeddable":true,"href":"https:\/\/www.billiondaysupplier.com\/es\/wp-json\/wp\/v2\/product_tag?post=1491"}],"curies":[{"name":"wp","href":"https:\/\/api.w.org\/{rel}","templated":true}]}}