{"id":1456,"date":"2025-12-03T07:30:32","date_gmt":"2025-12-03T07:30:32","guid":{"rendered":"https:\/\/www.billiondaysupplier.com\/?post_type=product&#038;p=1456"},"modified":"2025-12-03T07:31:31","modified_gmt":"2025-12-03T07:31:31","slug":"custom-gold-chafing-dish-with-hanging-lid","status":"publish","type":"product","link":"https:\/\/www.billiondaysupplier.com\/es\/product\/custom-gold-chafing-dish-with-hanging-lid\/","title":{"rendered":"Chafing Dish de oro personalizado con tapa colgante, calentador de alimentos chafing dish de acero inoxidable a granel"},"content":{"rendered":"<div class=\"wp-block-columns is-layout-flex wp-container-core-columns-is-layout-9d6595d7 wp-block-columns-is-layout-flex\">\n<div class=\"wp-block-column is-layout-flow wp-block-column-is-layout-flow\">\n<h2 class=\"wp-block-heading\">Caracter\u00edsticas de Chafing Dish dorado con tapa colgante:<\/h2>\n\n\n\n<p><strong>Material y artesan\u00eda superiores:<\/strong> Fabricada en acero inoxidable 201 con ba\u00f1o de oro, combina durabilidad y una textura lujosa. El m\u00e9todo de calentamiento con quemador de alcohol es seguro y estable, apto para distintos tipos de catering.<\/p>\n\n\n\n<p><strong>Opciones multicapacidad<\/strong>: Disponible en dos especificaciones de capacidad de 4,5L y 9L, satisfaciendo diferentes necesidades para comidas peque\u00f1as y delicadas y suministro de alimentos en grandes lotes, y adapt\u00e1ndose con flexibilidad a la planificaci\u00f3n de comidas para banquetes, buffets y otros escenarios.<\/p>\n\n\n\n<p><strong>Ventajas de la calefacci\u00f3n<\/strong>: El quemador de alcohol calienta uniformemente y retiene el calor durante mucho tiempo, lo que permite mantener continuamente la temperatura y el sabor de los alimentos. Adem\u00e1s, es f\u00e1cil de manejar y no requiere un soporte de alimentaci\u00f3n complejo, por lo que es adecuado para diversas disposiciones de locales.<\/p>\n\n\n\n<p><strong>Escenarios aplicables<\/strong>: Tanto si la especificaci\u00f3n de 4,5 litros se utiliza para presentar delicados aperitivos para el t\u00e9 de la tarde como si la especificaci\u00f3n de 9 litros se utiliza para servir comidas calientes, puede mejorar la presentaci\u00f3n de los alimentos en hoteles, banquetes y lugares de catering de alto nivel con su aspecto lujoso y su rendimiento pr\u00e1ctico. <\/p>\n\n\n\n<p><strong>Servicio OEM\/ODM:<\/strong> Billion Day factory supply ofrece personalizaci\u00f3n a granel, con precios de f\u00e1brica al por mayor.<br><br><br><\/p>\n<\/div>\n\n\n\n<div class=\"wp-block-column is-layout-flow wp-block-column-is-layout-flow\"><div class=\"wp-block-image\">\n<figure class=\"aligncenter size-full\"><img decoding=\"async\" width=\"800\" height=\"800\" src=\"https:\/\/www.billiondaysupplier.com\/wp-content\/uploads\/2025\/11\/chafing-dish-manufacturers-china.webp\" alt=\"Chafing Dish Fabricantes China\" class=\"wp-image-1457\" srcset=\"https:\/\/www.billiondaysupplier.com\/wp-content\/uploads\/2025\/11\/chafing-dish-manufacturers-china.webp 800w, https:\/\/www.billiondaysupplier.com\/wp-content\/uploads\/2025\/11\/chafing-dish-manufacturers-china-300x300.webp 300w, https:\/\/www.billiondaysupplier.com\/wp-content\/uploads\/2025\/11\/chafing-dish-manufacturers-china-150x150.webp 150w, https:\/\/www.billiondaysupplier.com\/wp-content\/uploads\/2025\/11\/chafing-dish-manufacturers-china-768x768.webp 768w, https:\/\/www.billiondaysupplier.com\/wp-content\/uploads\/2025\/11\/chafing-dish-manufacturers-china-12x12.webp 12w, https:\/\/www.billiondaysupplier.com\/wp-content\/uploads\/2025\/11\/chafing-dish-manufacturers-china-600x600.webp 600w, https:\/\/www.billiondaysupplier.com\/wp-content\/uploads\/2025\/11\/chafing-dish-manufacturers-china-100x100.webp 100w\" sizes=\"(max-width: 800px) 100vw, 800px\" \/><\/figure>\n<\/div><\/div>\n<\/div>","protected":false},"excerpt":{"rendered":"<p>Chafing dish dorado personalizado con tapa colgante, el acero inoxidable de primera calidad combina un lujoso aspecto chapado en oro. Disponemos de opciones de capacidad m\u00faltiple, que admiten pedidos a granel OEM\/ODM a precio de f\u00e1brica. P\u00f3ngase en contacto con nosotros para solicitar un presupuesto.<\/p>\n<h2>Chafing Dish dorado con tapa colgante Par\u00e1metro\uff1a<\/h2>\n<table border=\"0\" width=\"404\" cellspacing=\"0\" cellpadding=\"0\">\n<tbody>\n<tr>\n<td style=\"text-align: left;\" width=\"148\" height=\"24\"><strong>Material<\/strong><\/td>\n<td style=\"text-align: left;\" width=\"256\">Acero inoxidable 201<\/td>\n<\/tr>\n<tr>\n<td style=\"text-align: left;\" height=\"69\"><strong>Color<\/strong><\/td>\n<td style=\"text-align: left;\" width=\"256\">Oro<\/td>\n<\/tr>\n<tr>\n<td style=\"text-align: left;\" height=\"24\"><strong>M\u00e9todo de calentamiento<\/strong><\/td>\n<td style=\"text-align: left;\">Combustible Calefacci\u00f3n<\/td>\n<\/tr>\n<tr>\n<td style=\"text-align: left;\" height=\"24\"><strong>Capacidad<\/strong><\/td>\n<td style=\"text-align: left;\">4,5L\/9L<\/td>\n<\/tr>\n<tr>\n<td style=\"text-align: left;\" height=\"92\"><strong>Caracter\u00edstica<\/strong><\/td>\n<td style=\"text-align: left;\" width=\"256\">1. con tapa ExquisiteHanging<br \/>2.Calentamiento del alcohol<br \/>3. Bastidor vertical estable<\/td>\n<\/tr>\n<tr>\n<td style=\"text-align: left;\" height=\"24\"><strong>Opci\u00f3n personalizada<\/strong><\/td>\n<td style=\"text-align: left;\">Logotipo\/Tama\u00f1o\/Embalaje\/Accesorios<\/td>\n<\/tr>\n<\/tbody>\n<\/table>","protected":false},"featured_media":1457,"comment_status":"closed","ping_status":"closed","template":"","meta":{"_acf_changed":false},"product_brand":[],"product_cat":[30],"product_tag":[],"class_list":{"0":"post-1456","1":"product","2":"type-product","3":"status-publish","4":"has-post-thumbnail","6":"product_cat-hanging-chafing-dish-supplier","8":"first","9":"instock","10":"shipping-taxable","11":"product-type-simple"},"acf":[],"_links":{"self":[{"href":"https:\/\/www.billiondaysupplier.com\/es\/wp-json\/wp\/v2\/product\/1456","targetHints":{"allow":["GET"]}}],"collection":[{"href":"https:\/\/www.billiondaysupplier.com\/es\/wp-json\/wp\/v2\/product"}],"about":[{"href":"https:\/\/www.billiondaysupplier.com\/es\/wp-json\/wp\/v2\/types\/product"}],"replies":[{"embeddable":true,"href":"https:\/\/www.billiondaysupplier.com\/es\/wp-json\/wp\/v2\/comments?post=1456"}],"wp:featuredmedia":[{"embeddable":true,"href":"https:\/\/www.billiondaysupplier.com\/es\/wp-json\/wp\/v2\/media\/1457"}],"wp:attachment":[{"href":"https:\/\/www.billiondaysupplier.com\/es\/wp-json\/wp\/v2\/media?parent=1456"}],"wp:term":[{"taxonomy":"product_brand","embeddable":true,"href":"https:\/\/www.billiondaysupplier.com\/es\/wp-json\/wp\/v2\/product_brand?post=1456"},{"taxonomy":"product_cat","embeddable":true,"href":"https:\/\/www.billiondaysupplier.com\/es\/wp-json\/wp\/v2\/product_cat?post=1456"},{"taxonomy":"product_tag","embeddable":true,"href":"https:\/\/www.billiondaysupplier.com\/es\/wp-json\/wp\/v2\/product_tag?post=1456"}],"curies":[{"name":"wp","href":"https:\/\/api.w.org\/{rel}","templated":true}]}}