{"id":1444,"date":"2025-12-03T06:38:34","date_gmt":"2025-12-03T06:38:34","guid":{"rendered":"https:\/\/www.billiondaysupplier.com\/?post_type=product&#038;p=1444"},"modified":"2025-12-03T06:38:37","modified_gmt":"2025-12-03T06:38:37","slug":"wholesale-chafing-dish-electric","status":"publish","type":"product","link":"https:\/\/www.billiondaysupplier.com\/es\/product\/wholesale-chafing-dish-electric\/","title":{"rendered":"Mayorista Chafing Dish El\u00e9ctrico, Plata Hidr\u00e1ulica Buffet Calentador Set Personalizado"},"content":{"rendered":"<div class=\"wp-block-columns is-layout-flex wp-container-core-columns-is-layout-9d6595d7 wp-block-columns-is-layout-flex\">\n<div class=\"wp-block-column is-layout-flow wp-block-column-is-layout-flow\">\n<h2 class=\"wp-block-heading\">Chafing Dish Caracter\u00edsticas el\u00e9ctricas:<\/h2>\n\n\n\n<p><strong>Aspecto moderno: <\/strong>Dise\u00f1o sencillo y elegante, encaja con varios tipos de tableros de mesa. Adecuado para banquetes de clase alta, recepciones de conferencias, buffets de negocios, etc.<\/p>\n\n\n\n<p><strong>Material de alta calidad: <\/strong>Fabricado en acero inoxidable apto para uso alimentario, resistente a la corrosi\u00f3n y al calor, duradero y f\u00e1cil de limpiar; por lo tanto, adecuado para un uso comercial regular.<\/p>\n\n\n\n<p><strong>Dise\u00f1o h\u00famedo:<\/strong> A\u00f1adiendo la cantidad adecuada de agua y activando el control inteligente de la temperatura, el vapor generado envuelve los alimentos uniformemente para mantenerlos h\u00famedos y con textura de forma continua, de modo que la sopa se puede mantener caliente y fresca, y los platos estofados tiernos y jugosos, para presentar perfectamente el estado \u00f3ptimo que los platos de estilo chino necesitan en retenci\u00f3n de humedad.<\/p>\n\n\n\n<p><strong>Tapa hidr\u00e1ulica de descenso lento:<\/strong> La tapa se abre con s\u00f3lo pulsar un bot\u00f3n y se desliza hacia abajo silenciosamente para evitar pellizcos. Ofrece m\u00e1s elegancia y seguridad tanto para los hu\u00e9spedes como para el personal.<\/p>\n\n\n\n<p><strong>9L Gran Capacidad<\/strong>: Adecuado para banquetes o buffet de hotel, acomodando la cocci\u00f3n de m\u00e1s platos en un solo fog\u00f3n, pr\u00e1ctico y eficiente.<\/p>\n\n\n\n<p><strong>Servicios de personalizaci\u00f3n<\/strong>: Podemos ofrecer tama\u00f1os, accesorios, logotipos y embalajes personalizados seg\u00fan las necesidades del cliente, satisfaciendo con flexibilidad las necesidades de los distintos mercados.<\/p>\n<\/div>\n\n\n\n<div class=\"wp-block-column is-layout-flow wp-block-column-is-layout-flow\">\n<figure class=\"wp-block-image size-full\"><img decoding=\"async\" width=\"800\" height=\"800\" src=\"https:\/\/www.billiondaysupplier.com\/wp-content\/uploads\/2025\/11\/chafing-dish-suppliers.webp\" alt=\"proveedores de calientaplatos\" class=\"wp-image-1446\" srcset=\"https:\/\/www.billiondaysupplier.com\/wp-content\/uploads\/2025\/11\/chafing-dish-suppliers.webp 800w, https:\/\/www.billiondaysupplier.com\/wp-content\/uploads\/2025\/11\/chafing-dish-suppliers-300x300.webp 300w, https:\/\/www.billiondaysupplier.com\/wp-content\/uploads\/2025\/11\/chafing-dish-suppliers-150x150.webp 150w, https:\/\/www.billiondaysupplier.com\/wp-content\/uploads\/2025\/11\/chafing-dish-suppliers-768x768.webp 768w, https:\/\/www.billiondaysupplier.com\/wp-content\/uploads\/2025\/11\/chafing-dish-suppliers-12x12.webp 12w, https:\/\/www.billiondaysupplier.com\/wp-content\/uploads\/2025\/11\/chafing-dish-suppliers-600x600.webp 600w, https:\/\/www.billiondaysupplier.com\/wp-content\/uploads\/2025\/11\/chafing-dish-suppliers-100x100.webp 100w\" sizes=\"(max-width: 800px) 100vw, 800px\" \/><\/figure>\n<\/div>\n<\/div>\n\n\n\n<div class=\"wp-block-columns is-layout-flex wp-container-core-columns-is-layout-9d6595d7 wp-block-columns-is-layout-flex\">\n<div class=\"wp-block-column is-layout-flow wp-block-column-is-layout-flow\">\n<figure class=\"wp-block-image size-full is-resized\"><img decoding=\"async\" width=\"800\" height=\"800\" src=\"https:\/\/www.billiondaysupplier.com\/wp-content\/uploads\/2025\/11\/chafing-dish-suppliers-2.webp\" alt=\"proveedores de calientaplatos\" class=\"wp-image-1449\" style=\"aspect-ratio:1;object-fit:cover;width:720px\" srcset=\"https:\/\/www.billiondaysupplier.com\/wp-content\/uploads\/2025\/11\/chafing-dish-suppliers-2.webp 800w, https:\/\/www.billiondaysupplier.com\/wp-content\/uploads\/2025\/11\/chafing-dish-suppliers-2-300x300.webp 300w, https:\/\/www.billiondaysupplier.com\/wp-content\/uploads\/2025\/11\/chafing-dish-suppliers-2-150x150.webp 150w, https:\/\/www.billiondaysupplier.com\/wp-content\/uploads\/2025\/11\/chafing-dish-suppliers-2-768x768.webp 768w, https:\/\/www.billiondaysupplier.com\/wp-content\/uploads\/2025\/11\/chafing-dish-suppliers-2-12x12.webp 12w, https:\/\/www.billiondaysupplier.com\/wp-content\/uploads\/2025\/11\/chafing-dish-suppliers-2-600x600.webp 600w, https:\/\/www.billiondaysupplier.com\/wp-content\/uploads\/2025\/11\/chafing-dish-suppliers-2-100x100.webp 100w\" sizes=\"(max-width: 800px) 100vw, 800px\" \/><\/figure>\n<\/div>\n\n\n\n<div class=\"wp-block-column is-layout-flow wp-block-column-is-layout-flow\"><div class=\"wp-block-image\">\n<figure class=\"aligncenter size-full\"><img decoding=\"async\" width=\"800\" height=\"800\" src=\"https:\/\/www.billiondaysupplier.com\/wp-content\/uploads\/2025\/11\/chafing-dish-suppliers-1-1.webp\" alt=\"\" class=\"wp-image-1448\" srcset=\"https:\/\/www.billiondaysupplier.com\/wp-content\/uploads\/2025\/11\/chafing-dish-suppliers-1-1.webp 800w, https:\/\/www.billiondaysupplier.com\/wp-content\/uploads\/2025\/11\/chafing-dish-suppliers-1-1-300x300.webp 300w, https:\/\/www.billiondaysupplier.com\/wp-content\/uploads\/2025\/11\/chafing-dish-suppliers-1-1-150x150.webp 150w, https:\/\/www.billiondaysupplier.com\/wp-content\/uploads\/2025\/11\/chafing-dish-suppliers-1-1-768x768.webp 768w, https:\/\/www.billiondaysupplier.com\/wp-content\/uploads\/2025\/11\/chafing-dish-suppliers-1-1-12x12.webp 12w, https:\/\/www.billiondaysupplier.com\/wp-content\/uploads\/2025\/11\/chafing-dish-suppliers-1-1-600x600.webp 600w, https:\/\/www.billiondaysupplier.com\/wp-content\/uploads\/2025\/11\/chafing-dish-suppliers-1-1-100x100.webp 100w\" sizes=\"(max-width: 800px) 100vw, 800px\" \/><\/figure>\n<\/div><\/div>\n<\/div>\n\n\n\n<p><\/p>","protected":false},"excerpt":{"rendered":"<p>Billion Day al por mayor chafing dish el\u00e9ctrico cuenta con un aspecto moderno de plata, 9L de gran capacidad, dise\u00f1o hidr\u00e1ulico, control preciso de la temperatura, adecuado para una variedad de escenarios de aislamiento de alimentos. Ofrecemos servicio ODM\/OEM. \u00a1Bienvenido a ponerse en contacto con nosotros para obtener una cotizaci\u00f3n hoy!<\/p>\n<h2>Par\u00e1metro el\u00e9ctrico de la sart\u00e9n\uff1a<\/h2>\n<table border=\"0\" width=\"404\" cellspacing=\"0\" cellpadding=\"0\">\n<tbody>\n<tr>\n<td style=\"text-align: left;\" width=\"148\" height=\"24\"><strong>Material<\/strong><\/td>\n<td style=\"text-align: left;\" width=\"256\">Acero inoxidable 201<\/td>\n<\/tr>\n<tr>\n<td style=\"text-align: left;\" height=\"69\"><strong>Color<\/strong><\/td>\n<td style=\"text-align: left;\" width=\"256\">Plata\/Oro\/Medio Oro\/Acepta Personalizaci\u00f3n<\/td>\n<\/tr>\n<tr>\n<td style=\"text-align: left;\" height=\"24\"><strong>M\u00e9todo de calentamiento<\/strong><\/td>\n<td style=\"text-align: left;\">Calefacci\u00f3n el\u00e9ctrica<\/td>\n<\/tr>\n<tr>\n<td style=\"text-align: left;\" height=\"24\"><strong>Capacidad<\/strong><\/td>\n<td style=\"text-align: left;\">9.0L<\/td>\n<\/tr>\n<tr>\n<td style=\"text-align: left;\" height=\"92\"><strong>Caracter\u00edstica<\/strong><\/td>\n<td style=\"text-align: left;\" width=\"256\">\n<p>1. Tapa hidr\u00e1ulica con ventana de cristal<br \/>2. Pulido<br \/>3. Uso en h\u00famedo<\/p>\n<\/td>\n<\/tr>\n<tr>\n<td style=\"text-align: left;\" height=\"24\"><strong>Opci\u00f3n personalizada<\/strong><\/td>\n<td style=\"text-align: left;\">Logotipo\/Color\/Tama\u00f1o\/Embalaje\/Accesorios<\/td>\n<\/tr>\n<\/tbody>\n<\/table>","protected":false},"featured_media":1446,"comment_status":"closed","ping_status":"closed","template":"","meta":{"_acf_changed":false},"product_brand":[],"product_cat":[18],"product_tag":[],"class_list":{"0":"post-1444","1":"product","2":"type-product","3":"status-publish","4":"has-post-thumbnail","6":"product_cat-wholesale-chafing-dishes","8":"first","9":"instock","10":"shipping-taxable","11":"product-type-simple"},"acf":[],"_links":{"self":[{"href":"https:\/\/www.billiondaysupplier.com\/es\/wp-json\/wp\/v2\/product\/1444","targetHints":{"allow":["GET"]}}],"collection":[{"href":"https:\/\/www.billiondaysupplier.com\/es\/wp-json\/wp\/v2\/product"}],"about":[{"href":"https:\/\/www.billiondaysupplier.com\/es\/wp-json\/wp\/v2\/types\/product"}],"replies":[{"embeddable":true,"href":"https:\/\/www.billiondaysupplier.com\/es\/wp-json\/wp\/v2\/comments?post=1444"}],"wp:featuredmedia":[{"embeddable":true,"href":"https:\/\/www.billiondaysupplier.com\/es\/wp-json\/wp\/v2\/media\/1446"}],"wp:attachment":[{"href":"https:\/\/www.billiondaysupplier.com\/es\/wp-json\/wp\/v2\/media?parent=1444"}],"wp:term":[{"taxonomy":"product_brand","embeddable":true,"href":"https:\/\/www.billiondaysupplier.com\/es\/wp-json\/wp\/v2\/product_brand?post=1444"},{"taxonomy":"product_cat","embeddable":true,"href":"https:\/\/www.billiondaysupplier.com\/es\/wp-json\/wp\/v2\/product_cat?post=1444"},{"taxonomy":"product_tag","embeddable":true,"href":"https:\/\/www.billiondaysupplier.com\/es\/wp-json\/wp\/v2\/product_tag?post=1444"}],"curies":[{"name":"wp","href":"https:\/\/api.w.org\/{rel}","templated":true}]}}