{"id":1437,"date":"2025-11-25T03:48:04","date_gmt":"2025-11-25T03:48:04","guid":{"rendered":"https:\/\/www.billiondaysupplier.com\/?post_type=product&#038;p=1437"},"modified":"2025-11-25T03:48:07","modified_gmt":"2025-11-25T03:48:07","slug":"custom-electric-chafing-dish","status":"publish","type":"product","link":"https:\/\/www.billiondaysupplier.com\/es\/product\/custom-electric-chafing-dish\/","title":{"rendered":"Chafing Dish El\u00e9ctrico a Medida, Set Buffet Hidr\u00e1ulico Rectangular Calentador de Comida a Granel"},"content":{"rendered":"<div class=\"wp-block-columns is-layout-flex wp-container-core-columns-is-layout-9d6595d7 wp-block-columns-is-layout-flex\">\n<div class=\"wp-block-column is-layout-flow wp-block-column-is-layout-flow\">\n<h2 class=\"wp-block-heading\">Chafing Dish el\u00e9ctrico Caracter\u00edsticas:<\/h2>\n\n\n\n<p><strong>Dise\u00f1o de tabiques: <\/strong>Disponible en configuraciones flexibles de 1, 2 y 3 compartimentos. El compartimento \u00fanico puede centrarse en mantener calientes platos especiales, mientras que las opciones de 2 o 3 compartimentos pueden almacenar simult\u00e1neamente alimentos b\u00e1sicos, guarniciones o sopas, adecuadas para diversos escenarios como reuniones familiares y banquetes de empresa.<\/p>\n\n\n\n<p><strong>Calefacci\u00f3n el\u00e9ctrica: <\/strong>Equipada con un avanzado sistema de calentamiento el\u00e9ctrico, alcanza r\u00e1pidamente la temperatura fijada y la mantiene de forma constante. Esto no solo garantiza un funcionamiento energ\u00e9ticamente eficiente, sino que tambi\u00e9n mantiene eficazmente los alimentos a la temperatura ideal para servirlos.<\/p>\n\n\n\n<p><strong>Visibilidad transparente:<\/strong> La tapa de cristal totalmente transparente muestra claramente el estado de los alimentos en cada compartimento. No es necesario abrir la tapa para comprobar el progreso del calentamiento, lo que reduce la p\u00e9rdida de calor y permite controlar en tiempo real la frescura de los alimentos, de forma c\u00f3moda y sin preocupaciones.<\/p>\n\n\n\n<p><strong>Funcionamiento sencillo:<\/strong> El panel de control aerodin\u00e1mico permite acceder con una sola pulsaci\u00f3n al ajuste de la temperatura y a las funciones de encendido y apagado espec\u00edficas de cada compartimento. Combinado con el etiquetado de los compartimentos, es f\u00e1cil de manejar incluso cuando se calientan varios compartimentos simult\u00e1neamente, y se domina sin esfuerzo.<\/p>\n\n\n\n<p><strong>Soluciones de equipamiento para hosteler\u00eda: <\/strong>Como fabricante profesional de equipamiento para buf\u00e9s, Billion Day admite la personalizaci\u00f3n de lotes peque\u00f1os, ofrece precios al por mayor de f\u00e1brica y controla estrictamente la calidad de cada producto para ayudarle a mejorar su imagen de marca y su competitividad en el mercado.<\/p>\n<\/div>\n\n\n\n<div class=\"wp-block-column is-layout-flow wp-block-column-is-layout-flow\">\n<figure class=\"wp-block-image size-full\"><img decoding=\"async\" width=\"800\" height=\"800\" src=\"https:\/\/www.billiondaysupplier.com\/wp-content\/uploads\/2025\/11\/chafing-dish-supplier-1.webp\" alt=\"\" class=\"wp-image-1443\" srcset=\"https:\/\/www.billiondaysupplier.com\/wp-content\/uploads\/2025\/11\/chafing-dish-supplier-1.webp 800w, https:\/\/www.billiondaysupplier.com\/wp-content\/uploads\/2025\/11\/chafing-dish-supplier-1-300x300.webp 300w, https:\/\/www.billiondaysupplier.com\/wp-content\/uploads\/2025\/11\/chafing-dish-supplier-1-150x150.webp 150w, https:\/\/www.billiondaysupplier.com\/wp-content\/uploads\/2025\/11\/chafing-dish-supplier-1-768x768.webp 768w, https:\/\/www.billiondaysupplier.com\/wp-content\/uploads\/2025\/11\/chafing-dish-supplier-1-12x12.webp 12w, https:\/\/www.billiondaysupplier.com\/wp-content\/uploads\/2025\/11\/chafing-dish-supplier-1-600x600.webp 600w, https:\/\/www.billiondaysupplier.com\/wp-content\/uploads\/2025\/11\/chafing-dish-supplier-1-100x100.webp 100w\" sizes=\"(max-width: 800px) 100vw, 800px\" \/><\/figure>\n<\/div>\n<\/div>","protected":false},"excerpt":{"rendered":"<p>Chafing plato el\u00e9ctrico personalizado, pulido espejo, materiales duraderos y un sistema de calefacci\u00f3n el\u00e9ctrica eficiente calentar y mantener la temperatura r\u00e1pidamente, por lo que es adecuado para una variedad de escenarios de comedor. Directo de f\u00e1brica, con personalizaci\u00f3n OEM\/ODM y precios competitivos al por mayor. P\u00f3ngase en contacto con nosotros para solicitar un presupuesto.<\/p>\n<h2>Par\u00e1metros de la sart\u00e9n el\u00e9ctrica\uff1a<\/h2>\n<table border=\"0\" width=\"404\" cellspacing=\"0\" cellpadding=\"0\">\n<tbody>\n<tr>\n<td style=\"text-align: left;\" width=\"148\" height=\"24\"><strong>Material<\/strong><\/td>\n<td style=\"text-align: left;\" width=\"256\">Acero inoxidable 201<\/td>\n<\/tr>\n<tr>\n<td style=\"text-align: left;\" height=\"69\"><strong>Color<\/strong><\/td>\n<td style=\"text-align: left;\" width=\"256\">Dorado\/medio dorado\/plateado\/Acepta personalizaciones<\/td>\n<\/tr>\n<tr>\n<td style=\"text-align: left;\" height=\"24\"><strong>M\u00e9todo de calentamiento<\/strong><\/td>\n<td style=\"text-align: left;\">Calefacci\u00f3n el\u00e9ctrica<\/td>\n<\/tr>\n<tr>\n<td style=\"text-align: left;\" height=\"24\"><strong>Capacidad<\/strong><\/td>\n<td style=\"text-align: left;\">9.0L<\/td>\n<\/tr>\n<tr>\n<td style=\"text-align: left;\" height=\"92\"><strong>Caracter\u00edstica<\/strong><\/td>\n<td style=\"text-align: left;\" width=\"256\">1. Tapa hidr\u00e1ulica con ventana de cristal<br \/>2. Bordes redondeados pulidos a espejo<br \/>3. Bastidor vertical estable<\/td>\n<\/tr>\n<tr>\n<td style=\"text-align: left;\" height=\"24\"><strong>Opci\u00f3n personalizada<\/strong><\/td>\n<td style=\"text-align: left;\">Logotipo\/Color\/Tama\u00f1o\/Embalaje\/Accesorios<\/td>\n<\/tr>\n<\/tbody>\n<\/table>","protected":false},"featured_media":1438,"comment_status":"closed","ping_status":"closed","template":"","meta":{"_acf_changed":false},"product_brand":[],"product_cat":[18],"product_tag":[],"class_list":{"0":"post-1437","1":"product","2":"type-product","3":"status-publish","4":"has-post-thumbnail","6":"product_cat-wholesale-chafing-dishes","8":"first","9":"instock","10":"shipping-taxable","11":"product-type-simple"},"acf":[],"_links":{"self":[{"href":"https:\/\/www.billiondaysupplier.com\/es\/wp-json\/wp\/v2\/product\/1437","targetHints":{"allow":["GET"]}}],"collection":[{"href":"https:\/\/www.billiondaysupplier.com\/es\/wp-json\/wp\/v2\/product"}],"about":[{"href":"https:\/\/www.billiondaysupplier.com\/es\/wp-json\/wp\/v2\/types\/product"}],"replies":[{"embeddable":true,"href":"https:\/\/www.billiondaysupplier.com\/es\/wp-json\/wp\/v2\/comments?post=1437"}],"wp:featuredmedia":[{"embeddable":true,"href":"https:\/\/www.billiondaysupplier.com\/es\/wp-json\/wp\/v2\/media\/1438"}],"wp:attachment":[{"href":"https:\/\/www.billiondaysupplier.com\/es\/wp-json\/wp\/v2\/media?parent=1437"}],"wp:term":[{"taxonomy":"product_brand","embeddable":true,"href":"https:\/\/www.billiondaysupplier.com\/es\/wp-json\/wp\/v2\/product_brand?post=1437"},{"taxonomy":"product_cat","embeddable":true,"href":"https:\/\/www.billiondaysupplier.com\/es\/wp-json\/wp\/v2\/product_cat?post=1437"},{"taxonomy":"product_tag","embeddable":true,"href":"https:\/\/www.billiondaysupplier.com\/es\/wp-json\/wp\/v2\/product_tag?post=1437"}],"curies":[{"name":"wp","href":"https:\/\/api.w.org\/{rel}","templated":true}]}}