{"id":1433,"date":"2025-11-25T03:17:47","date_gmt":"2025-11-25T03:17:47","guid":{"rendered":"https:\/\/www.billiondaysupplier.com\/?post_type=product&#038;p=1433"},"modified":"2025-11-25T03:17:50","modified_gmt":"2025-11-25T03:17:50","slug":"wholesale-chafing-dish-sets","status":"publish","type":"product","link":"https:\/\/www.billiondaysupplier.com\/es\/product\/wholesale-chafing-dish-sets\/","title":{"rendered":"Sets de Chafing Dish a Granel, Dise\u00f1o Hueco en Forma de Coraz\u00f3n Dorado con Tapa Colgante al por Mayor"},"content":{"rendered":"<div class=\"wp-block-columns is-layout-flex wp-container-core-columns-is-layout-9d6595d7 wp-block-columns-is-layout-flex\">\n<div class=\"wp-block-column is-layout-flow wp-block-column-is-layout-flow\">\n<h2 class=\"wp-block-heading\">Caracter\u00edsticas:<\/h2>\n\n\n\n<p><strong>artesan\u00eda meticulosa: <\/strong>La tapa presenta un soporte arqueado con un dibujo ahuecado, combinado con un dise\u00f1o de suspensi\u00f3n de cadena met\u00e1lica. El asa en forma de coraz\u00f3n de la parte superior de la tapa es exquisita y \u00fanica.<\/p>\n\n\n\n<p><strong>F\u00e1cil de mantener<\/strong>: El proceso de chapado met\u00e1lico es antioxidante y resistente a los ara\u00f1azos. La limpieza diaria solo requiere pasar un pa\u00f1o suave, por lo que es adecuado para un uso comercial frecuente o una colecci\u00f3n dom\u00e9stica a largo plazo.<\/p>\n\n\n\n<p><strong>Dise\u00f1o de tapa colgante<\/strong>: Permite a los clientes acceder a sus platos sin obstrucciones, y la elegante tapa mejora la presentaci\u00f3n y la facilidad de uso.<\/p>\n\n\n\n<p><strong>Apoyo a la personalizaci\u00f3n de la marca:<\/strong> Hay disponibles logotipos, colores y revestimientos de tapas personalizables para satisfacer las necesidades de empresas de bodas, grupos hoteleros, instalaciones de convenciones y exposiciones y otros clientes.<\/p>\n<\/div>\n\n\n\n<div class=\"wp-block-column is-layout-flow wp-block-column-is-layout-flow\"><div class=\"wp-block-image\">\n<figure class=\"aligncenter size-full\"><img decoding=\"async\" width=\"800\" height=\"800\" src=\"https:\/\/www.billiondaysupplier.com\/wp-content\/uploads\/2025\/11\/chafing-6.webp\" alt=\"Proveedores de sartenes\" class=\"wp-image-1436\" srcset=\"https:\/\/www.billiondaysupplier.com\/wp-content\/uploads\/2025\/11\/chafing-6.webp 800w, https:\/\/www.billiondaysupplier.com\/wp-content\/uploads\/2025\/11\/chafing-6-300x300.webp 300w, https:\/\/www.billiondaysupplier.com\/wp-content\/uploads\/2025\/11\/chafing-6-150x150.webp 150w, https:\/\/www.billiondaysupplier.com\/wp-content\/uploads\/2025\/11\/chafing-6-768x768.webp 768w, https:\/\/www.billiondaysupplier.com\/wp-content\/uploads\/2025\/11\/chafing-6-12x12.webp 12w, https:\/\/www.billiondaysupplier.com\/wp-content\/uploads\/2025\/11\/chafing-6-600x600.webp 600w, https:\/\/www.billiondaysupplier.com\/wp-content\/uploads\/2025\/11\/chafing-6-100x100.webp 100w\" sizes=\"(max-width: 800px) 100vw, 800px\" \/><\/figure>\n<\/div><\/div>\n<\/div>","protected":false},"excerpt":{"rendered":"<p>Los juegos de fuentes a granel, con tapas colgantes de acero inoxidable, asas en forma de coraz\u00f3n y bases huecas, son adecuados para hoteles, bodas y banquetes de alto nivel. Se pueden personalizar en m\u00faltiples dimensiones. P\u00f3ngase en contacto con nosotros si desea soluciones personalizadas para buf\u00e9s.<\/p>\n<h2>Par\u00e1metros de los juegos de platos hondos\uff1a<\/h2>\n<table border=\"0\" width=\"404\" cellspacing=\"0\" cellpadding=\"0\">\n<tbody>\n<tr>\n<td style=\"text-align: left;\" width=\"148\" height=\"24\"><strong>Material<\/strong><\/td>\n<td style=\"text-align: left;\" width=\"256\">Acero inoxidable 201<\/td>\n<\/tr>\n<tr>\n<td style=\"text-align: left;\" height=\"69\"><strong>Color<\/strong><\/td>\n<td style=\"text-align: left;\" width=\"256\">Oro<\/td>\n<\/tr>\n<tr>\n<td style=\"text-align: left;\" height=\"24\"><strong>M\u00e9todo de calentamiento<\/strong><\/td>\n<td style=\"text-align: left;\">Calefacci\u00f3n el\u00e9ctrica o de gas\u00f3leo<\/td>\n<\/tr>\n<tr>\n<td style=\"text-align: left;\" height=\"24\"><strong>Capacidad<\/strong><\/td>\n<td style=\"text-align: left;\">4,5L\/6L\/8L<\/td>\n<\/tr>\n<tr>\n<td style=\"text-align: left;\" height=\"92\"><strong>Caracter\u00edstica<\/strong><\/td>\n<td style=\"text-align: left;\" width=\"256\">1. con tapa ExquisiteHanging<br \/>2. Dise\u00f1o hueco elegante<br \/>3. Bastidor vertical estable<\/td>\n<\/tr>\n<tr>\n<td style=\"text-align: left;\" height=\"24\"><strong>Opci\u00f3n personalizada<\/strong><\/td>\n<td style=\"text-align: left;\">Logotipo\/Color\/Tama\u00f1o\/Embalaje\/Accesorios<\/td>\n<\/tr>\n<\/tbody>\n<\/table>","protected":false},"featured_media":1436,"comment_status":"closed","ping_status":"closed","template":"","meta":{"_acf_changed":true},"product_brand":[],"product_cat":[30],"product_tag":[],"class_list":{"0":"post-1433","1":"product","2":"type-product","3":"status-publish","4":"has-post-thumbnail","6":"product_cat-hanging-chafing-dish-supplier","8":"first","9":"instock","10":"shipping-taxable","11":"product-type-simple"},"acf":[],"_links":{"self":[{"href":"https:\/\/www.billiondaysupplier.com\/es\/wp-json\/wp\/v2\/product\/1433","targetHints":{"allow":["GET"]}}],"collection":[{"href":"https:\/\/www.billiondaysupplier.com\/es\/wp-json\/wp\/v2\/product"}],"about":[{"href":"https:\/\/www.billiondaysupplier.com\/es\/wp-json\/wp\/v2\/types\/product"}],"replies":[{"embeddable":true,"href":"https:\/\/www.billiondaysupplier.com\/es\/wp-json\/wp\/v2\/comments?post=1433"}],"wp:featuredmedia":[{"embeddable":true,"href":"https:\/\/www.billiondaysupplier.com\/es\/wp-json\/wp\/v2\/media\/1436"}],"wp:attachment":[{"href":"https:\/\/www.billiondaysupplier.com\/es\/wp-json\/wp\/v2\/media?parent=1433"}],"wp:term":[{"taxonomy":"product_brand","embeddable":true,"href":"https:\/\/www.billiondaysupplier.com\/es\/wp-json\/wp\/v2\/product_brand?post=1433"},{"taxonomy":"product_cat","embeddable":true,"href":"https:\/\/www.billiondaysupplier.com\/es\/wp-json\/wp\/v2\/product_cat?post=1433"},{"taxonomy":"product_tag","embeddable":true,"href":"https:\/\/www.billiondaysupplier.com\/es\/wp-json\/wp\/v2\/product_tag?post=1433"}],"curies":[{"name":"wp","href":"https:\/\/api.w.org\/{rel}","templated":true}]}}