{"id":1430,"date":"2025-11-21T02:06:13","date_gmt":"2025-11-21T02:06:13","guid":{"rendered":"https:\/\/www.billiondaysupplier.com\/?post_type=product&#038;p=1430"},"modified":"2025-11-21T02:06:14","modified_gmt":"2025-11-21T02:06:14","slug":"custom-chafing-dish-buffet-set","status":"publish","type":"product","link":"https:\/\/www.billiondaysupplier.com\/es\/product\/custom-chafing-dish-buffet-set\/","title":{"rendered":"Set de Buffet con Plato de Chafing Personalizado, Calentador de Buffet Redondo Dorado con Tapa Colgante para Boda"},"content":{"rendered":"<div class=\"wp-block-columns is-layout-flex wp-container-core-columns-is-layout-9d6595d7 wp-block-columns-is-layout-flex\">\n<div class=\"wp-block-column is-layout-flow wp-block-column-is-layout-flow\">\n<h2 class=\"wp-block-heading\">Chafing Dish Buffet Set Caracter\u00edsticas:<\/h2>\n\n\n\n<p><strong>Materiales duraderos y calefacci\u00f3n estable<\/strong>: La olla est\u00e1 fabricada en acero inoxidable de alta calidad, con un exterior chapado en oro. Se puede colocar una fuente de calor en el fondo para mantener los alimentos calientes a una temperatura constante.<\/p>\n\n\n\n<p><strong>Soporte de metal reforzado<\/strong>: El soporte arqueado, las cadenas y la base est\u00e1n construidos con metal s\u00f3lido, lo que ofrece una excelente capacidad de carga y garantiza un uso estable incluso con grandes vol\u00famenes de alimentos calientes.<\/p>\n\n\n\n<p><strong>Acabado de chapado en oro de primera calidad<\/strong>: Mediante pulverizaci\u00f3n y pulido multicapa, el acabado dorado es resistente al deslustre y los ara\u00f1azos, manteniendo un aspecto brillante y elegante para un uso comercial a largo plazo.<\/p>\n\n\n\n<p><strong>F\u00e1cil de limpiar<\/strong>: La bandeja interior de acero inoxidable es duradera y f\u00e1cil de limpiar. La base exterior dorada cuenta con detalles met\u00e1licos decorativos rizados, que mejoran la presentaci\u00f3n visual desde todos los \u00e1ngulos.<\/p>\n\n\n\n<p><strong>Opciones de personalizaci\u00f3n<\/strong>: Los colores, capacidades, logotipos y accesorios pueden personalizarse para adaptarse a los distintos mercados o requisitos de los proyectos.<\/p>\n\n\n\n<p><strong>Suministro directo de f\u00e1brica<\/strong>: Billion Day ofrece una producci\u00f3n estable y precios al por mayor competitivos para apoyar a distribuidores, minoristas y proveedores de catering.<\/p>\n<\/div>\n\n\n\n<div class=\"wp-block-column is-layout-flow wp-block-column-is-layout-flow\">\n<figure class=\"wp-block-image size-full\"><img decoding=\"async\" width=\"800\" height=\"800\" src=\"https:\/\/www.billiondaysupplier.com\/wp-content\/uploads\/2025\/11\/chafing-4.webp\" alt=\"Chafing Dish Proveedor\" class=\"wp-image-1432\" srcset=\"https:\/\/www.billiondaysupplier.com\/wp-content\/uploads\/2025\/11\/chafing-4.webp 800w, https:\/\/www.billiondaysupplier.com\/wp-content\/uploads\/2025\/11\/chafing-4-300x300.webp 300w, https:\/\/www.billiondaysupplier.com\/wp-content\/uploads\/2025\/11\/chafing-4-150x150.webp 150w, https:\/\/www.billiondaysupplier.com\/wp-content\/uploads\/2025\/11\/chafing-4-768x768.webp 768w, https:\/\/www.billiondaysupplier.com\/wp-content\/uploads\/2025\/11\/chafing-4-12x12.webp 12w, https:\/\/www.billiondaysupplier.com\/wp-content\/uploads\/2025\/11\/chafing-4-600x600.webp 600w, https:\/\/www.billiondaysupplier.com\/wp-content\/uploads\/2025\/11\/chafing-4-100x100.webp 100w\" sizes=\"(max-width: 800px) 100vw, 800px\" \/><\/figure>\n<\/div>\n<\/div>\n\n\n\n<p><\/p>","protected":false},"excerpt":{"rendered":"<p>Billion Day set de buffet de platos hondos personalizados. Material de acero inoxidable con acabado chapado en oro, calentamiento estable, soporte met\u00e1lico resistente y opciones personalizables. Suministro directo de f\u00e1brica de Billion Day. \u00a1Bienvenido a preguntar ahora!<\/p>\n<h2>Par\u00e1metro del juego de buffet Chafing Dish\uff1a<\/h2>\n<table border=\"0\" width=\"404\" cellspacing=\"0\" cellpadding=\"0\">\n<tbody>\n<tr>\n<td style=\"text-align: left;\" width=\"148\" height=\"24\"><strong>Material<\/strong><\/td>\n<td style=\"text-align: left;\" width=\"256\">\n<p>Acero inoxidable 201 y hierro<\/p>\n<\/td>\n<\/tr>\n<tr>\n<td style=\"text-align: left;\" height=\"69\"><strong>Color<\/strong><\/td>\n<td style=\"text-align: left;\" width=\"256\">Oro<\/td>\n<\/tr>\n<tr>\n<td style=\"text-align: left;\" height=\"24\"><strong>M\u00e9todo de calentamiento<\/strong><\/td>\n<td style=\"text-align: left;\">Combustible Calefacci\u00f3n<\/td>\n<\/tr>\n<tr>\n<td style=\"text-align: left;\" height=\"24\"><strong>Capacidad<\/strong><\/td>\n<td style=\"text-align: left;\">8.0L<\/td>\n<\/tr>\n<tr>\n<td style=\"text-align: left;\" height=\"92\"><strong>Caracter\u00edstica<\/strong><\/td>\n<td style=\"text-align: left;\" width=\"256\">1. con tapa ExquisiteHanging<br \/>2. Dise\u00f1o hueco elegante<br \/>3. Bastidor vertical estable<\/td>\n<\/tr>\n<tr>\n<td style=\"text-align: left;\" height=\"24\"><strong>Opci\u00f3n personalizada<\/strong><\/td>\n<td style=\"text-align: left;\">Logotipo\/Color\/Tama\u00f1o\/Embalaje\/Accesorios<\/td>\n<\/tr>\n<\/tbody>\n<\/table>","protected":false},"featured_media":1432,"comment_status":"closed","ping_status":"closed","template":"","meta":{"_acf_changed":false},"product_brand":[],"product_cat":[30],"product_tag":[],"class_list":{"0":"post-1430","1":"product","2":"type-product","3":"status-publish","4":"has-post-thumbnail","6":"product_cat-hanging-chafing-dish-supplier","8":"first","9":"instock","10":"shipping-taxable","11":"product-type-simple"},"acf":[],"_links":{"self":[{"href":"https:\/\/www.billiondaysupplier.com\/es\/wp-json\/wp\/v2\/product\/1430","targetHints":{"allow":["GET"]}}],"collection":[{"href":"https:\/\/www.billiondaysupplier.com\/es\/wp-json\/wp\/v2\/product"}],"about":[{"href":"https:\/\/www.billiondaysupplier.com\/es\/wp-json\/wp\/v2\/types\/product"}],"replies":[{"embeddable":true,"href":"https:\/\/www.billiondaysupplier.com\/es\/wp-json\/wp\/v2\/comments?post=1430"}],"wp:featuredmedia":[{"embeddable":true,"href":"https:\/\/www.billiondaysupplier.com\/es\/wp-json\/wp\/v2\/media\/1432"}],"wp:attachment":[{"href":"https:\/\/www.billiondaysupplier.com\/es\/wp-json\/wp\/v2\/media?parent=1430"}],"wp:term":[{"taxonomy":"product_brand","embeddable":true,"href":"https:\/\/www.billiondaysupplier.com\/es\/wp-json\/wp\/v2\/product_brand?post=1430"},{"taxonomy":"product_cat","embeddable":true,"href":"https:\/\/www.billiondaysupplier.com\/es\/wp-json\/wp\/v2\/product_cat?post=1430"},{"taxonomy":"product_tag","embeddable":true,"href":"https:\/\/www.billiondaysupplier.com\/es\/wp-json\/wp\/v2\/product_tag?post=1430"}],"curies":[{"name":"wp","href":"https:\/\/api.w.org\/{rel}","templated":true}]}}