{"id":1427,"date":"2025-11-25T02:56:12","date_gmt":"2025-11-25T02:56:12","guid":{"rendered":"https:\/\/www.billiondaysupplier.com\/?post_type=product&#038;p=1427"},"modified":"2025-12-20T01:32:49","modified_gmt":"2025-12-20T01:32:49","slug":"wholesale-gold-chafing-dish","status":"publish","type":"product","link":"https:\/\/www.billiondaysupplier.com\/es\/product\/wholesale-gold-chafing-dish\/","title":{"rendered":"Mayorista Calientaplatos de Oro, Juego de Calientaplatos de Acero Inoxidable con Tapa Colgante"},"content":{"rendered":"<div class=\"wp-block-columns is-layout-flex wp-container-core-columns-is-layout-9d6595d7 wp-block-columns-is-layout-flex\">\n<div class=\"wp-block-column is-layout-flow wp-block-column-is-layout-flow\">\n<h2 class=\"wp-block-heading\">Caracter\u00edsticas:<\/h2>\n\n\n\n<p><strong>Atractiva apariencia de lujo<\/strong>: Utilizando un proceso de chapado en oro met\u00e1lico, el plato presenta un nivel palaciego de lujo, parecido a una obra de arte que eleva instant\u00e1neamente el ambiente de cualquier experiencia gastron\u00f3mica.<\/p>\n\n\n\n<p><strong>Decoraci\u00f3n tridimensional en relieve con rosas<\/strong>: Las rosas tridimensionales del borde de la bandeja sirven de toque final al dise\u00f1o, elevando instant\u00e1neamente el producto de un simple recipiente a una obra de arte en miniatura, realzando enormemente la sensaci\u00f3n de artesan\u00eda y lujo, y reforzando la atm\u00f3sfera de los lugares de restauraci\u00f3n de alta gama.<\/p>\n\n\n\n<p><strong>Exquisita artesan\u00eda en hueco:<\/strong> El patr\u00f3n hueco de la base no s\u00f3lo reduce el peso visual y aumenta la transparencia, sino que tambi\u00e9n proyecta ricos efectos de luces y sombras bajo la luz, lo que confiere al producto est\u00e1tico un atractivo visual din\u00e1mico.<\/p>\n\n\n\n<p><strong>Pr\u00e1ctico dise\u00f1o de tapa colgante<\/strong>: El dise\u00f1o de c\u00fapula dorada no s\u00f3lo mantiene el misterio de la comida, sino que tambi\u00e9n hace que los comensales esperen con impaciencia la comida que est\u00e1 a punto de presentarse gracias al efecto reflectante del brillo met\u00e1lico. Es especialmente adecuado para la ocasi\u00f3n de servir comida con un sentido de \"ritual\".<\/p>\n\n\n\n<p><strong>M\u00faltiples opciones de capacidad<\/strong>: Disponible en tama\u00f1os de 4,5L, 6L y 8L para satisfacer las necesidades de restaurantes de distintos tama\u00f1os.<\/p>\n\n\n\n<p><strong>Funci\u00f3n de conservaci\u00f3n del calor:<\/strong> Se puede colocar un dispositivo de calentamiento (como una estufa de alcohol) en el fondo para mantener la temperatura de los alimentos durante un periodo prolongado, lo que garantiza que el sabor y el aroma del plato permanezcan intactos.<\/p>\n\n\n\n<p><strong>Adecuado para diversas ocasiones<\/strong>: Restaurantes occidentales de alta restauraci\u00f3n y hoteles con categor\u00eda de estrella, banquetes y eventos tem\u00e1ticos, exquisitas reuniones familiares, bodas, etc., es la elecci\u00f3n ideal para actualizar su equipo de catering.<\/p>\n\n\n\n<p><strong>Servicios OEM\/ODM<\/strong>: Disponemos de logotipos, colores, materiales y construcciones personalizables para ayudarle a crear su propia marca.<\/p>\n<\/div>\n\n\n\n<div class=\"wp-block-column is-layout-flow wp-block-column-is-layout-flow\"><div class=\"wp-block-image\">\n<figure class=\"aligncenter size-full\"><img decoding=\"async\" width=\"800\" height=\"800\" src=\"https:\/\/www.billiondaysupplier.com\/wp-content\/uploads\/2025\/11\/chafing-2-1.webp\" alt=\"Fabricantes de sartenes\" class=\"wp-image-1429\" srcset=\"https:\/\/www.billiondaysupplier.com\/wp-content\/uploads\/2025\/11\/chafing-2-1.webp 800w, https:\/\/www.billiondaysupplier.com\/wp-content\/uploads\/2025\/11\/chafing-2-1-300x300.webp 300w, https:\/\/www.billiondaysupplier.com\/wp-content\/uploads\/2025\/11\/chafing-2-1-150x150.webp 150w, https:\/\/www.billiondaysupplier.com\/wp-content\/uploads\/2025\/11\/chafing-2-1-768x768.webp 768w, https:\/\/www.billiondaysupplier.com\/wp-content\/uploads\/2025\/11\/chafing-2-1-12x12.webp 12w, https:\/\/www.billiondaysupplier.com\/wp-content\/uploads\/2025\/11\/chafing-2-1-600x600.webp 600w, https:\/\/www.billiondaysupplier.com\/wp-content\/uploads\/2025\/11\/chafing-2-1-100x100.webp 100w\" sizes=\"(max-width: 800px) 100vw, 800px\" \/><\/figure>\n<\/div><\/div>\n<\/div>","protected":false},"excerpt":{"rendered":"<p>Sart\u00e9n de oro al por mayor con un dise\u00f1o exquisito y una pr\u00e1ctica tapa para colgar. Disponible en capacidades de 4,5L\/6L\/8L, admite personalizaci\u00f3n OEM\/ODM y est\u00e1 dise\u00f1ado espec\u00edficamente para catering y banquetes de gama alta. \u00a1Contacte con nosotros para MOQ y precios al por mayor!<\/p>\n<h2>Par\u00e1metro de la bater\u00eda de cocina de oro\uff1a<\/h2>\n<table border=\"0\" width=\"404\" cellspacing=\"0\" cellpadding=\"0\">\n<tbody>\n<tr>\n<td style=\"text-align: left;\" width=\"148\" height=\"24\"><strong>Material<\/strong><\/td>\n<td style=\"text-align: left;\" width=\"256\">Acero inoxidable 201 y hierro<\/td>\n<\/tr>\n<tr>\n<td style=\"text-align: left;\" height=\"69\"><strong>Color<\/strong><\/td>\n<td style=\"text-align: left;\" width=\"256\">\u00a0Oro<\/td>\n<\/tr>\n<tr>\n<td style=\"text-align: left;\" height=\"24\"><strong>M\u00e9todo de calentamiento<\/strong><\/td>\n<td style=\"text-align: left;\">Combustible Calefacci\u00f3n<\/td>\n<\/tr>\n<tr>\n<td style=\"text-align: left;\" height=\"24\"><strong>Capacidad<\/strong><\/td>\n<td style=\"text-align: left;\">4,5L\/6L\/8L<\/td>\n<\/tr>\n<tr>\n<td style=\"text-align: left;\" height=\"92\"><strong>Caracter\u00edstica<\/strong><\/td>\n<td style=\"text-align: left;\" width=\"256\">1. con tapa ExquisiteHanging<br \/>2. Dise\u00f1o hueco elegante<br \/>3. Bastidor vertical estable<\/td>\n<\/tr>\n<tr>\n<td style=\"text-align: left;\" height=\"24\"><strong>Opci\u00f3n personalizada<\/strong><\/td>\n<td style=\"text-align: left;\">Logotipo\/Color\/Tama\u00f1o\/Embalaje\/Accesorios<\/td>\n<\/tr>\n<\/tbody>\n<\/table>","protected":false},"featured_media":1429,"comment_status":"closed","ping_status":"closed","template":"","meta":{"_acf_changed":false},"product_brand":[],"product_cat":[30],"product_tag":[],"class_list":{"0":"post-1427","1":"product","2":"type-product","3":"status-publish","4":"has-post-thumbnail","6":"product_cat-hanging-chafing-dish-supplier","8":"first","9":"instock","10":"shipping-taxable","11":"product-type-simple"},"acf":[],"_links":{"self":[{"href":"https:\/\/www.billiondaysupplier.com\/es\/wp-json\/wp\/v2\/product\/1427","targetHints":{"allow":["GET"]}}],"collection":[{"href":"https:\/\/www.billiondaysupplier.com\/es\/wp-json\/wp\/v2\/product"}],"about":[{"href":"https:\/\/www.billiondaysupplier.com\/es\/wp-json\/wp\/v2\/types\/product"}],"replies":[{"embeddable":true,"href":"https:\/\/www.billiondaysupplier.com\/es\/wp-json\/wp\/v2\/comments?post=1427"}],"wp:featuredmedia":[{"embeddable":true,"href":"https:\/\/www.billiondaysupplier.com\/es\/wp-json\/wp\/v2\/media\/1429"}],"wp:attachment":[{"href":"https:\/\/www.billiondaysupplier.com\/es\/wp-json\/wp\/v2\/media?parent=1427"}],"wp:term":[{"taxonomy":"product_brand","embeddable":true,"href":"https:\/\/www.billiondaysupplier.com\/es\/wp-json\/wp\/v2\/product_brand?post=1427"},{"taxonomy":"product_cat","embeddable":true,"href":"https:\/\/www.billiondaysupplier.com\/es\/wp-json\/wp\/v2\/product_cat?post=1427"},{"taxonomy":"product_tag","embeddable":true,"href":"https:\/\/www.billiondaysupplier.com\/es\/wp-json\/wp\/v2\/product_tag?post=1427"}],"curies":[{"name":"wp","href":"https:\/\/api.w.org\/{rel}","templated":true}]}}