{"id":1421,"date":"2025-11-21T02:06:03","date_gmt":"2025-11-21T02:06:03","guid":{"rendered":"https:\/\/www.billiondaysupplier.com\/?post_type=product&#038;p=1421"},"modified":"2025-11-21T02:06:04","modified_gmt":"2025-11-21T02:06:04","slug":"wholesale-banquet-chafing-dishes","status":"publish","type":"product","link":"https:\/\/www.billiondaysupplier.com\/es\/product\/wholesale-banquet-chafing-dishes\/","title":{"rendered":"Mayorista Platos de Banquete, Juego de Buffet de Oro de Acero Inoxidable con Tapa Colgante Personalizado"},"content":{"rendered":"<div class=\"wp-block-columns is-layout-flex wp-container-core-columns-is-layout-9d6595d7 wp-block-columns-is-layout-flex\">\n<div class=\"wp-block-column is-layout-flow wp-block-column-is-layout-flow\">\n<h2 class=\"wp-block-heading\">Banquet Chafing Dishes Caracter\u00edsticas:<\/h2>\n\n\n\n<p><strong>Estilo lujoso: <\/strong>El cuerpo principal del horno buffet es de un lujoso color dorado, adornado con exquisitos motivos, presentando una textura art\u00edstica retro y opulenta, que lo convierte en una pieza decorativa para la mesa de comedor en s\u00ed misma.<\/p>\n\n\n\n<p><strong>Dise\u00f1o elegante y pr\u00e1ctico:<\/strong> El asa de la tapa superior tiene un elegante dise\u00f1o calado en forma de coraz\u00f3n, que no s\u00f3lo es \u00fanico y bonito, sino que tambi\u00e9n cumple las pr\u00e1cticas funciones de evitar quemaduras y facilitar su elevaci\u00f3n.<\/p>\n\n\n\n<p><strong>Tapa de cristal transparente<\/strong>: La tapa de cristal de borosilicato alto es clara y transparente, lo que permite ver f\u00e1cilmente los alimentos del interior sin p\u00e9rdida de calor; su forma de arco alto proporciona un amplio espacio para los alimentos.<\/p>\n\n\n\n<p><strong>Dise\u00f1o de tapa colgante<\/strong>: El dise\u00f1o de la tapa colgante permite a los clientes acceder a sus platos sin obstrucciones, mientras que la elegante tapa mejora la presentaci\u00f3n y la facilidad de uso.<\/p>\n\n\n\n<p><strong>Servicio de asistencia OEM<\/strong>: Ofrecemos la personalizaci\u00f3n de los equipos de buf\u00e9; los logotipos, tama\u00f1os y colores pueden personalizarse para satisfacer las necesidades de nuestros clientes.<\/p>\n<\/div>\n\n\n\n<div class=\"wp-block-column is-layout-flow wp-block-column-is-layout-flow\"><div class=\"wp-block-image\">\n<figure class=\"aligncenter size-full\"><img decoding=\"async\" width=\"800\" height=\"800\" src=\"https:\/\/www.billiondaysupplier.com\/wp-content\/uploads\/2025\/11\/chafing.webp\" alt=\"Chafing Dish China\" class=\"wp-image-1425\" srcset=\"https:\/\/www.billiondaysupplier.com\/wp-content\/uploads\/2025\/11\/chafing.webp 800w, https:\/\/www.billiondaysupplier.com\/wp-content\/uploads\/2025\/11\/chafing-300x300.webp 300w, https:\/\/www.billiondaysupplier.com\/wp-content\/uploads\/2025\/11\/chafing-150x150.webp 150w, https:\/\/www.billiondaysupplier.com\/wp-content\/uploads\/2025\/11\/chafing-768x768.webp 768w, https:\/\/www.billiondaysupplier.com\/wp-content\/uploads\/2025\/11\/chafing-12x12.webp 12w, https:\/\/www.billiondaysupplier.com\/wp-content\/uploads\/2025\/11\/chafing-600x600.webp 600w, https:\/\/www.billiondaysupplier.com\/wp-content\/uploads\/2025\/11\/chafing-100x100.webp 100w\" sizes=\"(max-width: 800px) 100vw, 800px\" \/><\/figure>\n<\/div><\/div>\n<\/div>\n\n\n\n<p><\/p>","protected":false},"excerpt":{"rendered":"<p>Platos para banquetes al por mayor, color dorado, dise\u00f1o de tapa colgante y tapa de cristal perforado en forma de coraz\u00f3n, realzan la elegancia de su catering. Personalizaci\u00f3n OEM\/ODM en un solo paso disponible. \u00a1P\u00f3ngase en contacto con nosotros para potenciar su marca!<\/p>\n<h2>Par\u00e1metros de los platos hondos para banquetes\uff1a<\/h2>\n<table border=\"0\" width=\"404\" cellspacing=\"0\" cellpadding=\"0\">\n<tbody>\n<tr>\n<td style=\"text-align: left;\" width=\"148\" height=\"24\"><strong>Material<\/strong><\/td>\n<td style=\"text-align: left;\" width=\"256\">Acero inoxidable 201<\/td>\n<\/tr>\n<tr>\n<td style=\"text-align: left;\" height=\"69\"><strong>Color<\/strong><\/td>\n<td style=\"text-align: left;\" width=\"256\">Oro<\/td>\n<\/tr>\n<tr>\n<td style=\"text-align: left;\" height=\"24\"><strong>M\u00e9todo de calentamiento<\/strong><\/td>\n<td style=\"text-align: left;\">Combustible Calefacci\u00f3n<\/td>\n<\/tr>\n<tr>\n<td style=\"text-align: left;\" height=\"24\"><strong>Capacidad<\/strong><\/td>\n<td style=\"text-align: left;\">4,5L\/6L\/8L<\/td>\n<\/tr>\n<tr>\n<td style=\"text-align: left;\" height=\"92\"><strong>Caracter\u00edstica<\/strong><\/td>\n<td style=\"text-align: left;\" width=\"256\">1. con tapa ExquisiteHanging<br \/>2. Dise\u00f1o hueco elegante<br \/>3. Bastidor vertical estable<\/td>\n<\/tr>\n<tr>\n<td style=\"text-align: left;\" height=\"24\"><strong>Opci\u00f3n personalizada<\/strong><\/td>\n<td style=\"text-align: left;\">Logotipo\/Color\/Tama\u00f1o\/Embalaje\/Accesorios<\/td>\n<\/tr>\n<\/tbody>\n<\/table>","protected":false},"featured_media":1425,"comment_status":"closed","ping_status":"closed","template":"","meta":{"_acf_changed":false},"product_brand":[],"product_cat":[30],"product_tag":[],"class_list":{"0":"post-1421","1":"product","2":"type-product","3":"status-publish","4":"has-post-thumbnail","6":"product_cat-hanging-chafing-dish-supplier","8":"first","9":"instock","10":"shipping-taxable","11":"product-type-simple"},"acf":[],"_links":{"self":[{"href":"https:\/\/www.billiondaysupplier.com\/es\/wp-json\/wp\/v2\/product\/1421","targetHints":{"allow":["GET"]}}],"collection":[{"href":"https:\/\/www.billiondaysupplier.com\/es\/wp-json\/wp\/v2\/product"}],"about":[{"href":"https:\/\/www.billiondaysupplier.com\/es\/wp-json\/wp\/v2\/types\/product"}],"replies":[{"embeddable":true,"href":"https:\/\/www.billiondaysupplier.com\/es\/wp-json\/wp\/v2\/comments?post=1421"}],"wp:featuredmedia":[{"embeddable":true,"href":"https:\/\/www.billiondaysupplier.com\/es\/wp-json\/wp\/v2\/media\/1425"}],"wp:attachment":[{"href":"https:\/\/www.billiondaysupplier.com\/es\/wp-json\/wp\/v2\/media?parent=1421"}],"wp:term":[{"taxonomy":"product_brand","embeddable":true,"href":"https:\/\/www.billiondaysupplier.com\/es\/wp-json\/wp\/v2\/product_brand?post=1421"},{"taxonomy":"product_cat","embeddable":true,"href":"https:\/\/www.billiondaysupplier.com\/es\/wp-json\/wp\/v2\/product_cat?post=1421"},{"taxonomy":"product_tag","embeddable":true,"href":"https:\/\/www.billiondaysupplier.com\/es\/wp-json\/wp\/v2\/product_tag?post=1421"}],"curies":[{"name":"wp","href":"https:\/\/api.w.org\/{rel}","templated":true}]}}