{"id":1411,"date":"2025-11-21T02:05:42","date_gmt":"2025-11-21T02:05:42","guid":{"rendered":"https:\/\/www.billiondaysupplier.com\/?post_type=product&#038;p=1411"},"modified":"2025-11-21T02:05:43","modified_gmt":"2025-11-21T02:05:43","slug":"wholesale-chafing-dish-catering","status":"publish","type":"product","link":"https:\/\/www.billiondaysupplier.com\/es\/product\/wholesale-chafing-dish-catering\/","title":{"rendered":"Mayorista Chafing Dish Catering, Rectangular Oro Hidr\u00e1ulico Buffet Set Personalizado"},"content":{"rendered":"<div class=\"wp-block-columns is-layout-flex wp-container-core-columns-is-layout-9d6595d7 wp-block-columns-is-layout-flex\">\n<div class=\"wp-block-column is-layout-flow wp-block-column-is-layout-flow\">\n<h2 class=\"wp-block-heading\">Chafing Dish Catering Caracter\u00edsticas:<\/h2>\n\n\n\n<p><strong>Acero inoxidable de primera calidad: <\/strong>Fabricado con materiales de calidad superior, duradero y apto para un uso comercial frecuente.<\/p>\n\n\n\n<p><strong>Look de lujo:<\/strong> La galvanoplastia dorada confiere un aspecto de gran clase y realza el banquete y el buf\u00e9.<\/p>\n\n\n\n<p><strong>Tapa hidr\u00e1ulica desmontable de cierre suave<\/strong>: se abre y se cierra suave y silenciosamente, sin pillarse los dedos. M\u00e1s seguro de usar y m\u00e1s f\u00e1cil de limpiar.<\/p>\n\n\n\n<p><strong>Est\u00e9ticamente agradable<\/strong>: El dise\u00f1o curvo de la tapa de cristal transparente ofrece una visibilidad total de los platos, estimulando el apetito de los clientes.<\/p>\n\n\n\n<p><strong>Dise\u00f1o multicompartimento configurable<\/strong>El chafing dish puede contener 1, 2 \u00f3 3 platos para una colocaci\u00f3n flexible.<\/p>\n\n\n\n<div class=\"wp-block-group is-nowrap is-layout-flex wp-container-core-group-is-layout-ad2f72ca wp-block-group-is-layout-flex\">\n<p><strong>Construcci\u00f3n r\u00edgida<\/strong>: Los soportes engrosados son duraderos y resistentes a la presi\u00f3n, evitando as\u00ed cualquier preocupaci\u00f3n.<\/p>\n<\/div>\n\n\n\n<p><strong>Suministro directo de f\u00e1brica: <\/strong>La producci\u00f3n a gran escala aporta ventajas de precio desde el origen, proporcionando a mayoristas y distribuidores precios al por mayor altamente competitivos.<\/p>\n<\/div>\n\n\n\n<div class=\"wp-block-column is-layout-flow wp-block-column-is-layout-flow\">\n<figure class=\"wp-block-image size-full\"><img decoding=\"async\" width=\"800\" height=\"800\" src=\"https:\/\/www.billiondaysupplier.com\/wp-content\/uploads\/2025\/11\/restaurant-2.webp\" alt=\"platos calientes para restaurantes\" class=\"wp-image-1414\" srcset=\"https:\/\/www.billiondaysupplier.com\/wp-content\/uploads\/2025\/11\/restaurant-2.webp 800w, https:\/\/www.billiondaysupplier.com\/wp-content\/uploads\/2025\/11\/restaurant-2-300x300.webp 300w, https:\/\/www.billiondaysupplier.com\/wp-content\/uploads\/2025\/11\/restaurant-2-150x150.webp 150w, https:\/\/www.billiondaysupplier.com\/wp-content\/uploads\/2025\/11\/restaurant-2-768x768.webp 768w, https:\/\/www.billiondaysupplier.com\/wp-content\/uploads\/2025\/11\/restaurant-2-12x12.webp 12w, https:\/\/www.billiondaysupplier.com\/wp-content\/uploads\/2025\/11\/restaurant-2-600x600.webp 600w, https:\/\/www.billiondaysupplier.com\/wp-content\/uploads\/2025\/11\/restaurant-2-100x100.webp 100w\" sizes=\"(max-width: 800px) 100vw, 800px\" \/><\/figure>\n<\/div>\n<\/div>","protected":false},"excerpt":{"rendered":"<p>Mayorista de chafing dish catering, acero inoxidable de alta calidad, acabado en oro pulido, forma rectangular, con tapa de cristal hidraulico desmontable, ideal para hoteles modernos y buffets. \u00a1Mejor descuento para la personalizaci\u00f3n a granel, bienvenido a preguntar!<\/p>\n<h2>Par\u00e1metros de chafing dish para catering\uff1a<\/h2>\n<table border=\"0\" width=\"404\" cellspacing=\"0\" cellpadding=\"0\">\n<tbody>\n<tr>\n<td style=\"text-align: left;\" width=\"148\" height=\"24\"><strong>Material<\/strong><\/td>\n<td style=\"text-align: left;\" width=\"256\">Acero inoxidable 201<\/td>\n<\/tr>\n<tr>\n<td style=\"text-align: left;\" height=\"69\"><strong>Color<\/strong><\/td>\n<td style=\"text-align: left;\" width=\"256\">Plata\/Oro\/Medio Oro\/Acepta Personalizaci\u00f3n<\/td>\n<\/tr>\n<tr>\n<td style=\"text-align: left;\" height=\"24\"><strong>M\u00e9todo de calentamiento<\/strong><\/td>\n<td style=\"text-align: left;\">Calefacci\u00f3n el\u00e9ctrica o de gas\u00f3leo<\/td>\n<\/tr>\n<tr>\n<td style=\"text-align: left;\" height=\"24\"><strong>Capacidad<\/strong><\/td>\n<td style=\"text-align: left;\">9.0L<\/td>\n<\/tr>\n<tr>\n<td style=\"text-align: left;\" height=\"92\"><strong>Caracter\u00edstica<\/strong><\/td>\n<td style=\"text-align: left;\" width=\"256\">1. Tapa hidr\u00e1ulica con ventana de cristal<br \/>2. Bordes redondeados pulidos<br \/>3. Bastidor vertical estable<\/td>\n<\/tr>\n<tr>\n<td style=\"text-align: left;\" height=\"24\"><strong>Opci\u00f3n personalizada<\/strong><\/td>\n<td style=\"text-align: left;\">Logotipo\/Color\/Tama\u00f1o\/Embalaje\/Accesorios<\/td>\n<\/tr>\n<\/tbody>\n<\/table>","protected":false},"featured_media":1414,"comment_status":"closed","ping_status":"closed","template":"","meta":{"_acf_changed":false},"product_brand":[],"product_cat":[18],"product_tag":[],"class_list":{"0":"post-1411","1":"product","2":"type-product","3":"status-publish","4":"has-post-thumbnail","6":"product_cat-wholesale-chafing-dishes","8":"first","9":"instock","10":"shipping-taxable","11":"product-type-simple"},"acf":[],"_links":{"self":[{"href":"https:\/\/www.billiondaysupplier.com\/es\/wp-json\/wp\/v2\/product\/1411","targetHints":{"allow":["GET"]}}],"collection":[{"href":"https:\/\/www.billiondaysupplier.com\/es\/wp-json\/wp\/v2\/product"}],"about":[{"href":"https:\/\/www.billiondaysupplier.com\/es\/wp-json\/wp\/v2\/types\/product"}],"replies":[{"embeddable":true,"href":"https:\/\/www.billiondaysupplier.com\/es\/wp-json\/wp\/v2\/comments?post=1411"}],"wp:featuredmedia":[{"embeddable":true,"href":"https:\/\/www.billiondaysupplier.com\/es\/wp-json\/wp\/v2\/media\/1414"}],"wp:attachment":[{"href":"https:\/\/www.billiondaysupplier.com\/es\/wp-json\/wp\/v2\/media?parent=1411"}],"wp:term":[{"taxonomy":"product_brand","embeddable":true,"href":"https:\/\/www.billiondaysupplier.com\/es\/wp-json\/wp\/v2\/product_brand?post=1411"},{"taxonomy":"product_cat","embeddable":true,"href":"https:\/\/www.billiondaysupplier.com\/es\/wp-json\/wp\/v2\/product_cat?post=1411"},{"taxonomy":"product_tag","embeddable":true,"href":"https:\/\/www.billiondaysupplier.com\/es\/wp-json\/wp\/v2\/product_tag?post=1411"}],"curies":[{"name":"wp","href":"https:\/\/api.w.org\/{rel}","templated":true}]}}