{"id":1408,"date":"2025-11-21T02:05:31","date_gmt":"2025-11-21T02:05:31","guid":{"rendered":"https:\/\/www.billiondaysupplier.com\/?post_type=product&#038;p=1408"},"modified":"2025-11-21T02:05:32","modified_gmt":"2025-11-21T02:05:32","slug":"custom-roll-top-chafing-dish","status":"publish","type":"product","link":"https:\/\/www.billiondaysupplier.com\/es\/product\/custom-roll-top-chafing-dish\/","title":{"rendered":"Plato hondo redondo dorado al por mayor"},"content":{"rendered":"<div class=\"wp-block-columns is-layout-flex wp-container-core-columns-is-layout-9d6595d7 wp-block-columns-is-layout-flex\">\n<div class=\"wp-block-column is-layout-flow wp-block-column-is-layout-flow\">\n<h2 class=\"wp-block-heading\">Roll Top Chafing Dish Caracter\u00edsticas:<\/h2>\n\n\n\n<p><strong>Construcci\u00f3n duradera de acero inoxidable:<\/strong> Fabricado en acero inoxidable 201 de alta calidad, engrosado para un calentamiento uniforme, de larga duraci\u00f3n, resistente a la corrosi\u00f3n y con un brillo duradero.<\/p>\n\n\n\n<p><strong>Elegante acabado dorado<\/strong>: Con bordes pulidos y redondeados. Esto hace que sea elegantemente lujoso, a\u00f1adiendo ese toque extra a su emplatado de buffet.<\/p>\n\n\n\n<p><strong>Tapa de cristal enrollable<\/strong>: La c\u00f3moda tapa enrollable se abre 180 grados para facilitar el acceso a los alimentos, mientras que la ventana de cristal templado proporciona una visibilidad clara a la vez que conserva el calor.<\/p>\n\n\n\n<p><strong>Gran capacidad de 6 litros<\/strong>: Su dise\u00f1o circular de tama\u00f1o completo permite servir grandes cantidades de comida en una sola unidad, ideal para catering comercial y servicio de buffet.<\/p>\n\n\n\n<p><strong>Bastidor vertical estable:<\/strong> Las patas verticales reforzadas garantizan una posici\u00f3n estable en cualquier superficie, incluso con cargas pesadas.<\/p>\n\n\n\n<p><strong>Opci\u00f3n de doble calefacci\u00f3n<\/strong>: Puede utilizarse en placas el\u00e9ctricas y en recipientes de combustible tradicionales para aplicaciones flexibles.<\/p>\n<\/div>\n\n\n\n<div class=\"wp-block-column is-layout-flow wp-block-column-is-layout-flow\">\n<figure class=\"wp-block-image size-full\"><img decoding=\"async\" width=\"800\" height=\"800\" src=\"https:\/\/www.billiondaysupplier.com\/wp-content\/uploads\/2025\/11\/roll.webp\" alt=\"roll top chafing dish proveedores\" class=\"wp-image-1410\" srcset=\"https:\/\/www.billiondaysupplier.com\/wp-content\/uploads\/2025\/11\/roll.webp 800w, https:\/\/www.billiondaysupplier.com\/wp-content\/uploads\/2025\/11\/roll-300x300.webp 300w, https:\/\/www.billiondaysupplier.com\/wp-content\/uploads\/2025\/11\/roll-150x150.webp 150w, https:\/\/www.billiondaysupplier.com\/wp-content\/uploads\/2025\/11\/roll-768x768.webp 768w, https:\/\/www.billiondaysupplier.com\/wp-content\/uploads\/2025\/11\/roll-12x12.webp 12w, https:\/\/www.billiondaysupplier.com\/wp-content\/uploads\/2025\/11\/roll-600x600.webp 600w, https:\/\/www.billiondaysupplier.com\/wp-content\/uploads\/2025\/11\/roll-100x100.webp 100w\" sizes=\"(max-width: 800px) 100vw, 800px\" \/><\/figure>\n<\/div>\n<\/div>","protected":false},"excerpt":{"rendered":"<p>Billion Day, con un lujoso acabado dorado y una gran capacidad de 6 litros. Elegante y duradero, es adecuado para todo tipo de servicios de catering. Suministro directo de f\u00e1brica, ofreciendo servicios de OEM. P\u00f3ngase en contacto con nosotros hoy mismo.<\/p>\n<h2>Par\u00e1metro\uff1a Chafing Dish Roll Top\uff1a<\/h2>\n<table border=\"0\" width=\"404\" cellspacing=\"0\" cellpadding=\"0\">\n<tbody>\n<tr>\n<td style=\"text-align: left;\" width=\"148\" height=\"24\"><strong>Material<\/strong><\/td>\n<td style=\"text-align: left;\" width=\"256\">Acero inoxidable 201<\/td>\n<\/tr>\n<tr>\n<td style=\"text-align: left;\" height=\"69\"><strong>Color<\/strong><\/td>\n<td style=\"text-align: left;\" width=\"256\">Plata\/Oro\/Medio Oro\/Acepta Personalizaci\u00f3n<\/td>\n<\/tr>\n<tr>\n<td style=\"text-align: left;\" height=\"24\"><strong>M\u00e9todo de calentamiento<\/strong><\/td>\n<td style=\"text-align: left;\">Calefacci\u00f3n el\u00e9ctrica o de gas\u00f3leo<\/td>\n<\/tr>\n<tr>\n<td style=\"text-align: left;\" height=\"24\"><strong>Capacidad<\/strong><\/td>\n<td style=\"text-align: left;\">6.0L<\/td>\n<\/tr>\n<tr>\n<td style=\"text-align: left;\" height=\"92\"><strong>Caracter\u00edstica<\/strong><\/td>\n<td style=\"text-align: left;\" width=\"256\">1. Tapa enrollable con ventana de cristal<br \/>2. Bordes redondeados pulidos<br \/>3. Bastidor vertical estable<\/td>\n<\/tr>\n<tr>\n<td style=\"text-align: left;\" height=\"24\"><strong>Opci\u00f3n personalizada<\/strong><\/td>\n<td style=\"text-align: left;\">Logotipo\/Color\/Tama\u00f1o\/Embalaje\/Accesorios<\/td>\n<\/tr>\n<\/tbody>\n<\/table>","protected":false},"featured_media":1410,"comment_status":"closed","ping_status":"closed","template":"","meta":{"_acf_changed":true},"product_brand":[],"product_cat":[18],"product_tag":[],"class_list":{"0":"post-1408","1":"product","2":"type-product","3":"status-publish","4":"has-post-thumbnail","6":"product_cat-wholesale-chafing-dishes","8":"first","9":"instock","10":"shipping-taxable","11":"product-type-simple"},"acf":[],"_links":{"self":[{"href":"https:\/\/www.billiondaysupplier.com\/es\/wp-json\/wp\/v2\/product\/1408","targetHints":{"allow":["GET"]}}],"collection":[{"href":"https:\/\/www.billiondaysupplier.com\/es\/wp-json\/wp\/v2\/product"}],"about":[{"href":"https:\/\/www.billiondaysupplier.com\/es\/wp-json\/wp\/v2\/types\/product"}],"replies":[{"embeddable":true,"href":"https:\/\/www.billiondaysupplier.com\/es\/wp-json\/wp\/v2\/comments?post=1408"}],"wp:featuredmedia":[{"embeddable":true,"href":"https:\/\/www.billiondaysupplier.com\/es\/wp-json\/wp\/v2\/media\/1410"}],"wp:attachment":[{"href":"https:\/\/www.billiondaysupplier.com\/es\/wp-json\/wp\/v2\/media?parent=1408"}],"wp:term":[{"taxonomy":"product_brand","embeddable":true,"href":"https:\/\/www.billiondaysupplier.com\/es\/wp-json\/wp\/v2\/product_brand?post=1408"},{"taxonomy":"product_cat","embeddable":true,"href":"https:\/\/www.billiondaysupplier.com\/es\/wp-json\/wp\/v2\/product_cat?post=1408"},{"taxonomy":"product_tag","embeddable":true,"href":"https:\/\/www.billiondaysupplier.com\/es\/wp-json\/wp\/v2\/product_tag?post=1408"}],"curies":[{"name":"wp","href":"https:\/\/api.w.org\/{rel}","templated":true}]}}