{"id":1342,"date":"2025-10-28T01:28:43","date_gmt":"2025-10-28T01:28:43","guid":{"rendered":"https:\/\/www.billiondaysupplier.com\/?post_type=product&#038;p=1342"},"modified":"2025-11-03T00:02:19","modified_gmt":"2025-11-03T00:02:19","slug":"wholesale-stainless-steel-spoons","status":"publish","type":"product","link":"https:\/\/www.billiondaysupplier.com\/es\/product\/wholesale-stainless-steel-spoons\/","title":{"rendered":"Mayorista Cucharas de Acero Inoxidable, Cucharas Redondas de Oro Plateado al por Mayor"},"content":{"rendered":"<div class=\"wp-block-columns is-layout-flex wp-container-core-columns-is-layout-9d6595d7 wp-block-columns-is-layout-flex\">\n<div class=\"wp-block-column is-layout-flow wp-block-column-is-layout-flow\">\n<h2 class=\"wp-block-heading\">Cucharas soperas de acero inoxidable Caracter\u00edsticas:<\/h2>\n\n\n\n<p><strong>Excelentes materiales espesados<\/strong>: Fabricado en acero inoxidable 304 pesado y fuerte, resiste la deformaci\u00f3n durante un per\u00edodo prolongado, es impermeable a la corrosi\u00f3n y f\u00e1cil de limpiar, lo que garantiza su durabilidad y seguridad.<\/p>\n\n\n\n<p><strong>Sujeci\u00f3n c\u00f3moda:<\/strong> El mango, m\u00e1s largo y grueso, se adapta bien a la palma de la mano, proporcionando un agarre seguro. Algunos modelos incorporan un proceso de moldeado de una sola pieza, que reduce las posibilidades de deslizamiento y maximiza la experiencia gastron\u00f3mica.<\/p>\n\n\n\n<p><strong>Dise\u00f1o premium en dos tonos:<\/strong> Dos colores atemporales, plata y oro, ambos con un acabado pulido de alto brillo, ideales para uso dom\u00e9stico, restaurante o regalo, para dar una nueva cara a su vajilla.<\/p>\n\n\n\n<p><strong>M\u00e1xima funcionalidad:<\/strong> La cabeza de cuchara m\u00e1s larga (4 cm) o el dise\u00f1o de plato hondo se utilizan mejor para servir alimentos l\u00edquidos como sopa y gachas. El mango m\u00e1s largo (por ejemplo, 20,2 cm) tiene un dise\u00f1o ergon\u00f3mico que permite recoger con precisi\u00f3n y evitar derrames.<\/p>\n<\/div>\n\n\n\n<div class=\"wp-block-column is-layout-flow wp-block-column-is-layout-flow\">\n<figure class=\"wp-block-image size-full\"><img decoding=\"async\" width=\"800\" height=\"800\" src=\"https:\/\/www.billiondaysupplier.com\/wp-content\/uploads\/2025\/10\/wholesale-soup-spoon-stainless-steel-3.webp\" alt=\"mayorista cuchara sopera acero inoxidable (3)\" class=\"wp-image-1345\" srcset=\"https:\/\/www.billiondaysupplier.com\/wp-content\/uploads\/2025\/10\/wholesale-soup-spoon-stainless-steel-3.webp 800w, https:\/\/www.billiondaysupplier.com\/wp-content\/uploads\/2025\/10\/wholesale-soup-spoon-stainless-steel-3-300x300.webp 300w, https:\/\/www.billiondaysupplier.com\/wp-content\/uploads\/2025\/10\/wholesale-soup-spoon-stainless-steel-3-150x150.webp 150w, https:\/\/www.billiondaysupplier.com\/wp-content\/uploads\/2025\/10\/wholesale-soup-spoon-stainless-steel-3-768x768.webp 768w, https:\/\/www.billiondaysupplier.com\/wp-content\/uploads\/2025\/10\/wholesale-soup-spoon-stainless-steel-3-12x12.webp 12w, https:\/\/www.billiondaysupplier.com\/wp-content\/uploads\/2025\/10\/wholesale-soup-spoon-stainless-steel-3-600x600.webp 600w, https:\/\/www.billiondaysupplier.com\/wp-content\/uploads\/2025\/10\/wholesale-soup-spoon-stainless-steel-3-100x100.webp 100w\" sizes=\"(max-width: 800px) 100vw, 800px\" \/><\/figure>\n<\/div>\n<\/div>","protected":false},"excerpt":{"rendered":"<p>Cucharas de acero inoxidable al por mayor, material de alta calidad, disponibles en dorado y plateado. Cuenta con un mango extendido y una cabeza ancha, perfecta para servir sopas, gachas, postres y otros alimentos. Precios de f\u00e1brica, personalizaci\u00f3n al por mayor disponible. P\u00f3ngase en contacto con nosotros para obtener un presupuesto y muestras gratuitas.<\/p>\n<h2>Par\u00e1metros de las cucharas de acero inoxidable\uff1a<\/h2>\n<table style=\"height: 252px;\" width=\"378\">\n<tbody>\n<tr>\n<td style=\"text-align: left;\" width=\"155\">Material<\/td>\n<td style=\"text-align: left;\" width=\"223\">Acero inoxidable 304<\/td>\n<\/tr>\n<tr>\n<td>Color<\/td>\n<td width=\"223\">Plata \/ Oro<\/td>\n<\/tr>\n<tr>\n<td style=\"text-align: left;\">Caracter\u00edstica<\/td>\n<td width=\"223\">\n<p>1. Acero inoxidable 304 de gran espesor<br \/>2. Mango grueso y alargado<br \/>3. Disponible en oro o plata<br \/>4. 4. Dise\u00f1o ergon\u00f3mico<\/p>\n<\/td>\n<\/tr>\n<tr>\n<td>Opci\u00f3n personalizada<\/td>\n<td width=\"223\">Logotipo\/Color\/Tama\u00f1o\/Embalaje\/Accesorios<\/td>\n<\/tr>\n<\/tbody>\n<\/table>","protected":false},"featured_media":1343,"comment_status":"closed","ping_status":"closed","template":"","meta":{"_acf_changed":true},"product_brand":[],"product_cat":[23],"product_tag":[],"class_list":{"0":"post-1342","1":"product","2":"type-product","3":"status-publish","4":"has-post-thumbnail","6":"product_cat-wholesale-buffet-accessories","8":"first","9":"instock","10":"shipping-taxable","11":"product-type-simple"},"acf":[],"_links":{"self":[{"href":"https:\/\/www.billiondaysupplier.com\/es\/wp-json\/wp\/v2\/product\/1342","targetHints":{"allow":["GET"]}}],"collection":[{"href":"https:\/\/www.billiondaysupplier.com\/es\/wp-json\/wp\/v2\/product"}],"about":[{"href":"https:\/\/www.billiondaysupplier.com\/es\/wp-json\/wp\/v2\/types\/product"}],"replies":[{"embeddable":true,"href":"https:\/\/www.billiondaysupplier.com\/es\/wp-json\/wp\/v2\/comments?post=1342"}],"wp:featuredmedia":[{"embeddable":true,"href":"https:\/\/www.billiondaysupplier.com\/es\/wp-json\/wp\/v2\/media\/1343"}],"wp:attachment":[{"href":"https:\/\/www.billiondaysupplier.com\/es\/wp-json\/wp\/v2\/media?parent=1342"}],"wp:term":[{"taxonomy":"product_brand","embeddable":true,"href":"https:\/\/www.billiondaysupplier.com\/es\/wp-json\/wp\/v2\/product_brand?post=1342"},{"taxonomy":"product_cat","embeddable":true,"href":"https:\/\/www.billiondaysupplier.com\/es\/wp-json\/wp\/v2\/product_cat?post=1342"},{"taxonomy":"product_tag","embeddable":true,"href":"https:\/\/www.billiondaysupplier.com\/es\/wp-json\/wp\/v2\/product_tag?post=1342"}],"curies":[{"name":"wp","href":"https:\/\/api.w.org\/{rel}","templated":true}]}}