{"id":1335,"date":"2025-10-27T09:23:33","date_gmt":"2025-10-27T09:23:33","guid":{"rendered":"https:\/\/www.billiondaysupplier.com\/?post_type=product&#038;p=1335"},"modified":"2025-11-03T08:31:31","modified_gmt":"2025-11-03T08:31:31","slug":"bulk-seasoning-spice-box","status":"publish","type":"product","link":"https:\/\/www.billiondaysupplier.com\/es\/product\/bulk-seasoning-spice-box\/","title":{"rendered":"Caja de condimentos a granel de acero inoxidable con varios compartimentos de estilo japon\u00e9s"},"content":{"rendered":"<div class=\"wp-block-columns is-layout-flex wp-container-core-columns-is-layout-9d6595d7 wp-block-columns-is-layout-flex\">\n<div class=\"wp-block-column is-layout-flow wp-block-column-is-layout-flow\">\n<h2 class=\"wp-block-heading\">Caja de condimentos Caracter\u00edsticas:<\/h2>\n\n\n\n<p><strong>Variedad de tama\u00f1os disponibles: <\/strong>Disponibles en tama\u00f1os de dos, tres, cuatro y seis compartimentos, desde los modelos de doble divisi\u00f3n hasta los de gran capacidad y varios compartimentos, los recipientes para especias satisfacen las distintas necesidades de almacenamiento de especias del hogar y la empresa.<\/p>\n\n\n\n<p><strong>Estilo japon\u00e9s: <\/strong>Con el aspecto japon\u00e9s de moda, l\u00edneas elegantes y almacenamiento organizado de manera eficiente limpiar la cocina y hacerla m\u00e1s organizada.<\/p>\n\n\n\n<p><strong>Compartimentos independientes<\/strong>: Los compartimentos para especias est\u00e1n cerrados individualmente para evitar que se mezclen especias, condimentos y salsas, manteniendo su sabor original y garantizando un uso higi\u00e9nico.<\/p>\n\n\n\n<p><strong>Caja interior extra\u00edble:<\/strong> La caja interior es extra\u00edble de forma flexible para facilitar la clasificaci\u00f3n y la limpieza, a fin de garantizar que la suciedad no se acumule en las esquinas y ofrecer una mayor comodidad.<\/p>\n\n\n\n<p><strong>Material de alta calidad:<\/strong> Fabricada en acero inoxidable de calidad alimentaria, es resistente al \u00f3xido y la corrosi\u00f3n pero con una superficie lisa y f\u00e1cil de limpiar, perfecta para cocinas de uso intensivo.<\/p>\n\n\n\n<p><strong>Textura de alta gama<\/strong>: Con un acabado gris oscuro mate o plateado metalizado, combinado con una tapa brillante reflectante, la caja ofrece un aspecto minimalista de estilo japon\u00e9s que combina bien con la elegancia general de su cocina.<\/p>\n\n\n\n<p><strong>Aplicabilidad universal<\/strong>: Ideal para la cocina casera, cocinas de restaurantes, restaurantes japoneses, estudios de reposter\u00eda, y m\u00e1s all\u00e1 para uso personal, comercial y compra a granel.<\/p>\n\n\n\n<p><strong>Disponible para personalizaci\u00f3n al por mayor<\/strong>: Proporciona personalizaci\u00f3n OEM\/ODM con color, tama\u00f1o y longitud de rejilla personalizables para satisfacer las necesidades personalizadas de marcas y distribuidores.<\/p>\n<\/div>\n\n\n\n<div class=\"wp-block-column is-layout-flow wp-block-column-is-layout-flow\">\n<figure class=\"wp-block-image size-full\"><img decoding=\"async\" width=\"2501\" height=\"2501\" src=\"https:\/\/www.billiondaysupplier.com\/wp-content\/uploads\/2025\/10\/wholesale-seasoning-spice-box-2.webp\" alt=\"mayorista de condimentos caja de especias (2)\" class=\"wp-image-1337\" srcset=\"https:\/\/www.billiondaysupplier.com\/wp-content\/uploads\/2025\/10\/wholesale-seasoning-spice-box-2.webp 2501w, https:\/\/www.billiondaysupplier.com\/wp-content\/uploads\/2025\/10\/wholesale-seasoning-spice-box-2-300x300.webp 300w, https:\/\/www.billiondaysupplier.com\/wp-content\/uploads\/2025\/10\/wholesale-seasoning-spice-box-2-150x150.webp 150w, https:\/\/www.billiondaysupplier.com\/wp-content\/uploads\/2025\/10\/wholesale-seasoning-spice-box-2-768x768.webp 768w, https:\/\/www.billiondaysupplier.com\/wp-content\/uploads\/2025\/10\/wholesale-seasoning-spice-box-2-12x12.webp 12w, https:\/\/www.billiondaysupplier.com\/wp-content\/uploads\/2025\/10\/wholesale-seasoning-spice-box-2-1200x1200.webp 1200w, https:\/\/www.billiondaysupplier.com\/wp-content\/uploads\/2025\/10\/wholesale-seasoning-spice-box-2-600x600.webp 600w, https:\/\/www.billiondaysupplier.com\/wp-content\/uploads\/2025\/10\/wholesale-seasoning-spice-box-2-100x100.webp 100w\" sizes=\"(max-width: 2501px) 100vw, 2501px\" \/><\/figure>\n<\/div>\n<\/div>","protected":false},"excerpt":{"rendered":"<p>El especiero al por mayor presenta un estilo japon\u00e9s minimalista, est\u00e1 disponible en varios tama\u00f1os, de 2 a 6 compartimentos independientes para evitar la transferencia de olores, lo que lo convierte en un ayudante de cocina esencial. Los mejores precios al por mayor disponibles. \u00a1Contacte con nosotros para precios!<\/p>\n<h2>Par\u00e1metro de la caja de condimentos\uff1a<\/h2>\n<table border=\"0\" width=\"404\" cellspacing=\"0\" cellpadding=\"0\">\n<tbody>\n<tr>\n<td style=\"text-align: left;\" width=\"148\" height=\"24\"><strong>Material<\/strong><\/td>\n<td style=\"text-align: left;\" width=\"256\">Acero inoxidable 201<\/td>\n<\/tr>\n<tr>\n<td style=\"text-align: left;\" height=\"24\"><strong>Color<\/strong><\/td>\n<td style=\"text-align: left;\">astilla<\/td>\n<\/tr>\n<tr>\n<td style=\"text-align: left;\" width=\"148\" height=\"24\"><strong>Tapa<\/strong><\/td>\n<td style=\"text-align: left;\" width=\"256\">PP\/Acero<\/td>\n<\/tr>\n<tr>\n<td style=\"text-align: left;\" height=\"24\"><strong>Compartimento<\/strong><\/td>\n<td style=\"text-align: left;\">2\/3\/4\/6 \/8Secci\u00f3n<\/td>\n<\/tr>\n<tr>\n<td style=\"text-align: left;\" height=\"92\"><strong>Caracter\u00edstica<\/strong><\/td>\n<td style=\"text-align: left;\" width=\"256\">\n<p>1. Compartimentos razonables<br \/>2. F\u00e1cil de limpiar<br \/>3. Apilable<\/p>\n<\/td>\n<\/tr>\n<tr>\n<td style=\"text-align: left;\" height=\"24\"><strong>Opci\u00f3n personalizada<\/strong><\/td>\n<td style=\"text-align: left;\">Logotipo\/Tama\u00f1o\/Embalaje\/Accesorios<\/td>\n<\/tr>\n<\/tbody>\n<\/table>","protected":false},"featured_media":1341,"comment_status":"closed","ping_status":"closed","template":"","meta":{"_acf_changed":false},"product_brand":[],"product_cat":[26],"product_tag":[],"class_list":{"0":"post-1335","1":"product","2":"type-product","3":"status-publish","4":"has-post-thumbnail","6":"product_cat-wholesale-seasoning-box","8":"first","9":"instock","10":"shipping-taxable","11":"product-type-simple"},"acf":[],"_links":{"self":[{"href":"https:\/\/www.billiondaysupplier.com\/es\/wp-json\/wp\/v2\/product\/1335","targetHints":{"allow":["GET"]}}],"collection":[{"href":"https:\/\/www.billiondaysupplier.com\/es\/wp-json\/wp\/v2\/product"}],"about":[{"href":"https:\/\/www.billiondaysupplier.com\/es\/wp-json\/wp\/v2\/types\/product"}],"replies":[{"embeddable":true,"href":"https:\/\/www.billiondaysupplier.com\/es\/wp-json\/wp\/v2\/comments?post=1335"}],"wp:featuredmedia":[{"embeddable":true,"href":"https:\/\/www.billiondaysupplier.com\/es\/wp-json\/wp\/v2\/media\/1341"}],"wp:attachment":[{"href":"https:\/\/www.billiondaysupplier.com\/es\/wp-json\/wp\/v2\/media?parent=1335"}],"wp:term":[{"taxonomy":"product_brand","embeddable":true,"href":"https:\/\/www.billiondaysupplier.com\/es\/wp-json\/wp\/v2\/product_brand?post=1335"},{"taxonomy":"product_cat","embeddable":true,"href":"https:\/\/www.billiondaysupplier.com\/es\/wp-json\/wp\/v2\/product_cat?post=1335"},{"taxonomy":"product_tag","embeddable":true,"href":"https:\/\/www.billiondaysupplier.com\/es\/wp-json\/wp\/v2\/product_tag?post=1335"}],"curies":[{"name":"wp","href":"https:\/\/api.w.org\/{rel}","templated":true}]}}