{"id":1330,"date":"2025-10-27T08:42:49","date_gmt":"2025-10-27T08:42:49","guid":{"rendered":"https:\/\/www.billiondaysupplier.com\/?post_type=product&#038;p=1330"},"modified":"2025-11-03T08:52:01","modified_gmt":"2025-11-03T08:52:01","slug":"bulk-electric-soup-warmer","status":"publish","type":"product","link":"https:\/\/www.billiondaysupplier.com\/es\/product\/bulk-electric-soup-warmer\/","title":{"rendered":"Calentador de Sopa El\u00e9ctrico a Granel 13L Rosca, Hervidor de Sopa Redondo para Buffet al por Mayor"},"content":{"rendered":"<div class=\"wp-block-columns is-layout-flex wp-container-core-columns-is-layout-9d6595d7 wp-block-columns-is-layout-flex\">\n<div class=\"wp-block-column is-layout-flow wp-block-column-is-layout-flow\">\n<h2 class=\"wp-block-heading\">Calentador de sopa el\u00e9ctrico Caracter\u00edsticas:<\/h2>\n\n\n\n<p><strong>Barril cil\u00edndrico roscado:<\/strong> El dise\u00f1o roscado mejora la estabilidad estructural y la calidad general, creando un aspecto elegante y de primera calidad.<\/p>\n\n\n\n<p><strong>Acero inoxidable de calidad alimentaria:<\/strong> El revestimiento de acero inoxidable engrosado cumple las normas de calidad alimentaria, lo que garantiza una retenci\u00f3n fiable del calor.<\/p>\n\n\n\n<p><strong>Forro extra\u00edble: <\/strong>El forro es f\u00e1cilmente extra\u00edble para facilitar su limpieza, evitar las manchas de sopa y garantizar una higiene \u00f3ptima.<\/p>\n\n\n\n<p><strong>13L Gran Capacidad<\/strong>: Suficiente para contener varias raciones de sopa, perfecto para reuniones familiares, cocinas de restaurantes, desayunos de hotel y mucho m\u00e1s.<\/p>\n\n\n\n<p>Tama\u00f1o grande y racional: El elegante dise\u00f1o de 39\u00d739\u00d742 cm se adapta a una gran variedad de espacios de exposici\u00f3n, a\u00f1adiendo un aspecto profesional a los expositores comerciales.<\/p>\n\n\n\n<p><strong>M\u00faltiples opciones de color<\/strong>: Disponibles en una variedad de elegantes colores, como oro rosa, plata y oro, para adaptarse a varios estilos de decoraci\u00f3n de restaurantes. Opciones personalizables disponibles para la venta al por mayor.<\/p>\n\n\n\n<p><strong>Pomo redondo Control de temperatura:<\/strong> El ajuste preciso de la temperatura y su f\u00e1cil manejo se adaptan a las necesidades de calor de los distintos ingredientes.<\/p>\n\n\n\n<p><strong>Base estable: <\/strong>Tiene c<strong>la<\/strong>Pies antideslizantes en forma de w en la parte inferior. Estable y anti-vuelco, adecuado para una variedad de escritorios \/ estufas, y m\u00e1s seguro de usar.<\/p>\n<\/div>\n\n\n\n<div class=\"wp-block-column is-layout-flow wp-block-column-is-layout-flow\">\n<figure class=\"wp-block-image size-full\"><img decoding=\"async\" width=\"1500\" height=\"1500\" src=\"https:\/\/www.billiondaysupplier.com\/wp-content\/uploads\/2025\/10\/Custom-Soup-Kettle-13L-Threaded-Stainless-Steel-Electric-Soup-Warmer-in-Bulk-2.webp\" alt=\"Hervidor de sopa a medida 13L roscado, calentador de sopa el\u00e9ctrico de acero inoxidable a granel (2)\" class=\"wp-image-1331\" srcset=\"https:\/\/www.billiondaysupplier.com\/wp-content\/uploads\/2025\/10\/Custom-Soup-Kettle-13L-Threaded-Stainless-Steel-Electric-Soup-Warmer-in-Bulk-2.webp 1500w, https:\/\/www.billiondaysupplier.com\/wp-content\/uploads\/2025\/10\/Custom-Soup-Kettle-13L-Threaded-Stainless-Steel-Electric-Soup-Warmer-in-Bulk-2-300x300.webp 300w, https:\/\/www.billiondaysupplier.com\/wp-content\/uploads\/2025\/10\/Custom-Soup-Kettle-13L-Threaded-Stainless-Steel-Electric-Soup-Warmer-in-Bulk-2-150x150.webp 150w, https:\/\/www.billiondaysupplier.com\/wp-content\/uploads\/2025\/10\/Custom-Soup-Kettle-13L-Threaded-Stainless-Steel-Electric-Soup-Warmer-in-Bulk-2-768x768.webp 768w, https:\/\/www.billiondaysupplier.com\/wp-content\/uploads\/2025\/10\/Custom-Soup-Kettle-13L-Threaded-Stainless-Steel-Electric-Soup-Warmer-in-Bulk-2-12x12.webp 12w, https:\/\/www.billiondaysupplier.com\/wp-content\/uploads\/2025\/10\/Custom-Soup-Kettle-13L-Threaded-Stainless-Steel-Electric-Soup-Warmer-in-Bulk-2-1200x1200.webp 1200w, https:\/\/www.billiondaysupplier.com\/wp-content\/uploads\/2025\/10\/Custom-Soup-Kettle-13L-Threaded-Stainless-Steel-Electric-Soup-Warmer-in-Bulk-2-600x600.webp 600w, https:\/\/www.billiondaysupplier.com\/wp-content\/uploads\/2025\/10\/Custom-Soup-Kettle-13L-Threaded-Stainless-Steel-Electric-Soup-Warmer-in-Bulk-2-100x100.webp 100w\" sizes=\"(max-width: 1500px) 100vw, 1500px\" \/><\/figure>\n<\/div>\n<\/div>","protected":false},"excerpt":{"rendered":"<p>El calentador de sopa el\u00e9ctrico Bulk Custom tiene una gran capacidad de 13L, un dise\u00f1o de rosca de alta gama, acero inoxidable apto para uso alimentario y un control preciso de la temperatura.  Disponible en varios colores. Adecuado para restaurantes\/hoteles\/hogares, se puede personalizar, \u00a1cons\u00faltenos!<\/p>\n<h2>Par\u00e1metros del calentador el\u00e9ctrico de sopas\uff1a<\/h2>\n<table border=\"0\" width=\"404\" cellspacing=\"0\" cellpadding=\"0\">\n<tbody>\n<tr>\n<td style=\"text-align: left;\" width=\"148\" height=\"24\"><strong>Material<\/strong><\/td>\n<td style=\"text-align: left;\" width=\"256\">Acero inoxidable 201\/304<\/td>\n<\/tr>\n<tr>\n<td style=\"text-align: left;\" width=\"148\" height=\"24\"><strong>Color<\/strong><\/td>\n<td style=\"text-align: left;\" width=\"256\">Plata\/Oro\/Oro rosa<\/td>\n<\/tr>\n<tr>\n<td style=\"text-align: left;\" width=\"148\" height=\"24\"><strong>Capacidad<\/strong><\/td>\n<td style=\"text-align: left;\" width=\"256\">10 L\/ 13L<\/td>\n<\/tr>\n<tr>\n<td style=\"text-align: left;\" height=\"92\"><strong>Caracter\u00edstica<\/strong><\/td>\n<td style=\"text-align: left;\" width=\"256\">\n<p>1. Dise\u00f1o antiquemaduras<br \/>2. Pies estables<br \/>3. Dise\u00f1o del patr\u00f3n del martillo<br \/>4. Revestimiento de aluminio<br \/>5. Bot\u00f3n de control de la temperatura<\/p>\n<\/td>\n<\/tr>\n<tr>\n<td style=\"text-align: left;\" height=\"24\"><strong>Opci\u00f3n personalizada<\/strong><\/td>\n<td style=\"text-align: left;\">Logotipo\/Tama\u00f1o\/Embalaje\/Accesorios<\/td>\n<\/tr>\n<\/tbody>\n<\/table>","protected":false},"featured_media":1334,"comment_status":"closed","ping_status":"closed","template":"","meta":{"_acf_changed":true},"product_brand":[],"product_cat":[20],"product_tag":[],"class_list":{"0":"post-1330","1":"product","2":"type-product","3":"status-publish","4":"has-post-thumbnail","6":"product_cat-wholesale-soup-warmer","8":"first","9":"instock","10":"shipping-taxable","11":"product-type-simple"},"acf":[],"_links":{"self":[{"href":"https:\/\/www.billiondaysupplier.com\/es\/wp-json\/wp\/v2\/product\/1330","targetHints":{"allow":["GET"]}}],"collection":[{"href":"https:\/\/www.billiondaysupplier.com\/es\/wp-json\/wp\/v2\/product"}],"about":[{"href":"https:\/\/www.billiondaysupplier.com\/es\/wp-json\/wp\/v2\/types\/product"}],"replies":[{"embeddable":true,"href":"https:\/\/www.billiondaysupplier.com\/es\/wp-json\/wp\/v2\/comments?post=1330"}],"wp:featuredmedia":[{"embeddable":true,"href":"https:\/\/www.billiondaysupplier.com\/es\/wp-json\/wp\/v2\/media\/1334"}],"wp:attachment":[{"href":"https:\/\/www.billiondaysupplier.com\/es\/wp-json\/wp\/v2\/media?parent=1330"}],"wp:term":[{"taxonomy":"product_brand","embeddable":true,"href":"https:\/\/www.billiondaysupplier.com\/es\/wp-json\/wp\/v2\/product_brand?post=1330"},{"taxonomy":"product_cat","embeddable":true,"href":"https:\/\/www.billiondaysupplier.com\/es\/wp-json\/wp\/v2\/product_cat?post=1330"},{"taxonomy":"product_tag","embeddable":true,"href":"https:\/\/www.billiondaysupplier.com\/es\/wp-json\/wp\/v2\/product_tag?post=1330"}],"curies":[{"name":"wp","href":"https:\/\/api.w.org\/{rel}","templated":true}]}}