{"id":1323,"date":"2025-10-27T08:05:43","date_gmt":"2025-10-27T08:05:43","guid":{"rendered":"https:\/\/www.billiondaysupplier.com\/?post_type=product&#038;p=1323"},"modified":"2025-11-03T09:02:01","modified_gmt":"2025-11-03T09:02:01","slug":"custom-cooking-pots","status":"publish","type":"product","link":"https:\/\/www.billiondaysupplier.com\/es\/product\/custom-cooking-pots\/","title":{"rendered":"Custom Cooking Pots Juego de 6 ollas de acero inoxidable a granel"},"content":{"rendered":"<div class=\"wp-block-columns is-layout-flex wp-container-core-columns-is-layout-9d6595d7 wp-block-columns-is-layout-flex\">\n<div class=\"wp-block-column is-layout-flow wp-block-column-is-layout-flow\">\n<h2 class=\"wp-block-heading\">Ollas de cocci\u00f3n Caracter\u00edsticas:<\/h2>\n\n\n\n<p><strong>Acero inoxidable de alta calidad:<\/strong> Fabricado en acero inoxidable de alto brillo y alto grado de reflexi\u00f3n, libre de \u00f3xido y corrosi\u00f3n, por lo tanto seguro y saludable para cocinas dom\u00e9sticas y de negocios.<\/p>\n\n\n\n<p><strong>Juego de 6 piezas<\/strong>: En juegos de 20-30 cm. El dise\u00f1o escalonado del cuerpo de la olla (de mini a hondo) la hace vers\u00e1til para diversos usos culinarios, como cocer a fuego lento, guisar, hervir, saltear y cocinar al vapor, y es ideal tanto para raciones individuales como familiares.<\/p>\n\n\n\n<p><strong>Con tapa de cristal transparente<\/strong>: Observe f\u00e1cilmente el estado de los ingredientes y evite el vapor para facilitar la cocci\u00f3n.<\/p>\n\n\n\n<p><strong>Dise\u00f1o ergon\u00f3mico<\/strong>: Las asas redondeadas tienen una forma ergon\u00f3mica para proporcionar un agarre firme y antideslizante. El asa de la tapa de metal\/acero inoxidable permite abrirla y cerrarla f\u00e1cilmente. Conducci\u00f3n uniforme del calor, calentamiento r\u00e1pido, ahorro de tiempo de cocci\u00f3n y de energ\u00eda.<\/p>\n\n\n\n<p><strong>Acabado elegante<\/strong>: El cuerpo de la olla y la tapa est\u00e1n fabricados en acero inoxidable pulido y vidrio templado, lo que proporciona un robusto acabado met\u00e1lico. Esta tapa cosmopolita y elegante a\u00f1ade un toque de clase a su cocina.<\/p>\n\n\n\n<p><strong>Detalles exquisitos:<\/strong> Las asas suaves y robustas, el pomo liso de la tapa y los bordes redondeados encarnan los elevados est\u00e1ndares artesanales de la marca Tianze.<\/p>\n\n\n\n<p><strong>Ampliamente aplicable:<\/strong> Adecuado para el uso diario en casa, en restaurantes, instalaciones comerciales y en cocinas de hoteles, tambi\u00e9n es adecuado como regalo. Suministros de cocina al por mayor.<\/p>\n<\/div>\n\n\n\n<div class=\"wp-block-column is-layout-flow wp-block-column-is-layout-flow\">\n<figure class=\"wp-block-image size-full\"><img decoding=\"async\" width=\"720\" height=\"720\" src=\"https:\/\/www.billiondaysupplier.com\/wp-content\/uploads\/2025\/10\/custom-cooking-pots-2.webp\" alt=\"ollas a medida (2)\" class=\"wp-image-1325\" style=\"object-fit:cover\" srcset=\"https:\/\/www.billiondaysupplier.com\/wp-content\/uploads\/2025\/10\/custom-cooking-pots-2.webp 720w, https:\/\/www.billiondaysupplier.com\/wp-content\/uploads\/2025\/10\/custom-cooking-pots-2-300x300.webp 300w, https:\/\/www.billiondaysupplier.com\/wp-content\/uploads\/2025\/10\/custom-cooking-pots-2-150x150.webp 150w, https:\/\/www.billiondaysupplier.com\/wp-content\/uploads\/2025\/10\/custom-cooking-pots-2-12x12.webp 12w, https:\/\/www.billiondaysupplier.com\/wp-content\/uploads\/2025\/10\/custom-cooking-pots-2-600x600.webp 600w, https:\/\/www.billiondaysupplier.com\/wp-content\/uploads\/2025\/10\/custom-cooking-pots-2-100x100.webp 100w\" sizes=\"(max-width: 720px) 100vw, 720px\" \/><\/figure>\n<\/div>\n<\/div>","protected":false},"excerpt":{"rendered":"<p>Ollas a medida, ollas de acero inoxidable de 6 piezas, \u00a1aptas tanto para uso comercial como dom\u00e9stico! Disponible en tama\u00f1os de 20-30 cm, conduce el calor r\u00e1pidamente, es antiadherente y resistente al \u00f3xido, y cuenta con una tapa de cristal para facilitar la visi\u00f3n. \u00a1Ofrecemos un excelente precio al por mayor! P\u00f3ngase en contacto con nosotros para obtener un presupuesto.<\/p>\n<h2>Par\u00e1metros de las ollas\uff1a<\/h2>\n<table border=\"0\" width=\"404\" cellspacing=\"0\" cellpadding=\"0\">\n<tbody>\n<tr>\n<td style=\"text-align: left;\" width=\"148\" height=\"24\"><strong>Material<\/strong><\/td>\n<td style=\"text-align: left;\" width=\"256\">Acero inoxidable 410<\/td>\n<\/tr>\n<tr>\n<td style=\"text-align: left;\" width=\"148\" height=\"24\"><strong>Color<\/strong><\/td>\n<td style=\"text-align: left;\" width=\"256\">Astilla<\/td>\n<\/tr>\n<tr>\n<td style=\"text-align: left;\" width=\"148\" height=\"24\"><strong>Talla<\/strong><\/td>\n<td style=\"text-align: left;\" width=\"256\">20\/22\/24\/26\/28\/30cm<\/td>\n<\/tr>\n<tr>\n<td style=\"text-align: left;\" height=\"92\"><strong>Caracter\u00edstica<\/strong><\/td>\n<td style=\"text-align: left;\" width=\"256\">1. Material duradero de alta calidad<br \/>2. Conducci\u00f3n eficaz del calor<br \/>3. Funci\u00f3n de cocci\u00f3n multifuncional<br \/>4. Dise\u00f1o f\u00e1cil de limpiar<\/td>\n<\/tr>\n<tr>\n<td style=\"text-align: left;\" height=\"24\"><strong>Opci\u00f3n personalizada<\/strong><\/td>\n<td style=\"text-align: left;\">Logotipo\/Tama\u00f1o\/Embalaje\/Accesorios<\/td>\n<\/tr>\n<\/tbody>\n<\/table>","protected":false},"featured_media":1324,"comment_status":"closed","ping_status":"closed","template":"","meta":{"_acf_changed":false},"product_brand":[],"product_cat":[28],"product_tag":[],"class_list":{"0":"post-1323","1":"product","2":"type-product","3":"status-publish","4":"has-post-thumbnail","6":"product_cat-wholesale-cooking-pot","8":"first","9":"instock","10":"shipping-taxable","11":"product-type-simple"},"acf":[],"_links":{"self":[{"href":"https:\/\/www.billiondaysupplier.com\/es\/wp-json\/wp\/v2\/product\/1323","targetHints":{"allow":["GET"]}}],"collection":[{"href":"https:\/\/www.billiondaysupplier.com\/es\/wp-json\/wp\/v2\/product"}],"about":[{"href":"https:\/\/www.billiondaysupplier.com\/es\/wp-json\/wp\/v2\/types\/product"}],"replies":[{"embeddable":true,"href":"https:\/\/www.billiondaysupplier.com\/es\/wp-json\/wp\/v2\/comments?post=1323"}],"wp:featuredmedia":[{"embeddable":true,"href":"https:\/\/www.billiondaysupplier.com\/es\/wp-json\/wp\/v2\/media\/1324"}],"wp:attachment":[{"href":"https:\/\/www.billiondaysupplier.com\/es\/wp-json\/wp\/v2\/media?parent=1323"}],"wp:term":[{"taxonomy":"product_brand","embeddable":true,"href":"https:\/\/www.billiondaysupplier.com\/es\/wp-json\/wp\/v2\/product_brand?post=1323"},{"taxonomy":"product_cat","embeddable":true,"href":"https:\/\/www.billiondaysupplier.com\/es\/wp-json\/wp\/v2\/product_cat?post=1323"},{"taxonomy":"product_tag","embeddable":true,"href":"https:\/\/www.billiondaysupplier.com\/es\/wp-json\/wp\/v2\/product_tag?post=1323"}],"curies":[{"name":"wp","href":"https:\/\/api.w.org\/{rel}","templated":true}]}}