{"id":1281,"date":"2025-10-21T07:31:43","date_gmt":"2025-10-21T07:31:43","guid":{"rendered":"https:\/\/www.billiondaysupplier.com\/?post_type=product&#038;p=1281"},"modified":"2025-10-24T06:52:19","modified_gmt":"2025-10-24T06:52:19","slug":"cooking-pots-wholesale","status":"publish","type":"product","link":"https:\/\/www.billiondaysupplier.com\/es\/product\/cooking-pots-wholesale\/","title":{"rendered":"ollas de cocina al por mayor, acero inoxidable olla caliente martillado Cookware Set Proveedor"},"content":{"rendered":"<div class=\"wp-block-columns is-layout-flex wp-container-core-columns-is-layout-9d6595d7 wp-block-columns-is-layout-flex\">\n<div class=\"wp-block-column is-layout-flow wp-block-column-is-layout-flow\">\n<h2 class=\"wp-block-heading\">Ollas de cocci\u00f3n Caracter\u00edsticas:<\/h2>\n\n\n\n<p><strong>Artesan\u00eda martillada de primera calidad:<\/strong> El cuerpo de la olla est\u00e1 martillado a mano para conseguir un acabado duradero y de alta calidad, que combina la est\u00e9tica con un agarre antideslizante.<\/p>\n\n\n\n<p><strong>Gran capacidad<\/strong>: La sart\u00e9n tiene una gran capacidad, perfecta para saltear, guisar y dorar filetes; la olla sopera es adecuada para sopas, guisos y ollas calientes; y la olla caliente shuangyang permite dos sabores en una olla, satisfaciendo diversas necesidades culinarias.<\/p>\n\n\n\n<p><strong>Compatibilidad con cocinas de inducci\u00f3n:<\/strong> La base plana y ancha de la olla es compatible con placas de gas, inducci\u00f3n, cer\u00e1mica y hal\u00f3genas, lo que permite cocinar de forma vers\u00e1til.<\/p>\n\n\n\n<p><strong>Tapa de cristal:<\/strong> La tapa transparente permite ver f\u00e1cilmente el progreso de la comida y cuenta con un asa decorativa. Es a la vez pr\u00e1ctica y est\u00e9tica, perfecta para vigilar la cocci\u00f3n lenta y los estofados.<\/p>\n\n\n\n<p><strong>Acero inoxidable de calidad alimentaria<\/strong>: Resistente al \u00f3xido y a la corrosi\u00f3n, antiadherente y f\u00e1cil de limpiar.<\/p>\n<\/div>\n\n\n\n<div class=\"wp-block-column is-layout-flow wp-block-column-is-layout-flow\">\n<figure class=\"wp-block-image size-full\"><img decoding=\"async\" width=\"2953\" height=\"2953\" src=\"https:\/\/www.billiondaysupplier.com\/wp-content\/uploads\/2025\/10\/cooking-pots-wholesale-4.webp\" alt=\"ollas al por mayor (4)\" class=\"wp-image-1285\" style=\"object-fit:cover\" srcset=\"https:\/\/www.billiondaysupplier.com\/wp-content\/uploads\/2025\/10\/cooking-pots-wholesale-4.webp 2953w, https:\/\/www.billiondaysupplier.com\/wp-content\/uploads\/2025\/10\/cooking-pots-wholesale-4-300x300.webp 300w, https:\/\/www.billiondaysupplier.com\/wp-content\/uploads\/2025\/10\/cooking-pots-wholesale-4-150x150.webp 150w, https:\/\/www.billiondaysupplier.com\/wp-content\/uploads\/2025\/10\/cooking-pots-wholesale-4-768x768.webp 768w, https:\/\/www.billiondaysupplier.com\/wp-content\/uploads\/2025\/10\/cooking-pots-wholesale-4-12x12.webp 12w, https:\/\/www.billiondaysupplier.com\/wp-content\/uploads\/2025\/10\/cooking-pots-wholesale-4-1200x1200.webp 1200w, https:\/\/www.billiondaysupplier.com\/wp-content\/uploads\/2025\/10\/cooking-pots-wholesale-4-600x600.webp 600w, https:\/\/www.billiondaysupplier.com\/wp-content\/uploads\/2025\/10\/cooking-pots-wholesale-4-100x100.webp 100w\" sizes=\"(max-width: 2953px) 100vw, 2953px\" \/><\/figure>\n<\/div>\n<\/div>","protected":false},"excerpt":{"rendered":"<p>Ollas de cocina al por mayor, fabricadas en acero inoxidable con un dise\u00f1o martillado a mano y una base magn\u00e9tica compatible con todas las placas de cocina. Disponibles en una gran variedad de tama\u00f1os, con multiusos, son ideales tanto para cocinas dom\u00e9sticas como comerciales. P\u00f3ngase en contacto con nosotros para obtener un cat\u00e1logo de productos y un presupuesto al por mayor.<\/p>\n<h2 class=\"wp-block-heading\">Ollas de cocci\u00f3n Caracter\u00edsticas:<\/h2>\n<table border=\"0\" width=\"404\" cellspacing=\"0\" cellpadding=\"0\">\n<tbody>\n<tr>\n<td style=\"text-align: left;\" width=\"148\" height=\"24\"><strong>Material<\/strong><\/td>\n<td style=\"text-align: left;\" width=\"256\">Acero inoxidable 304<\/td>\n<\/tr>\n<tr>\n<td style=\"text-align: left;\" width=\"148\" height=\"24\"><strong>Color<\/strong><\/td>\n<td style=\"text-align: left;\" width=\"256\">Plata\/Oro\/Oro rosa<\/td>\n<\/tr>\n<tr>\n<td style=\"text-align: left;\" width=\"148\" height=\"24\"><strong>Tapa<\/strong><\/td>\n<td style=\"text-align: left;\" width=\"256\">Vidrio\/acero<\/td>\n<\/tr>\n<tr>\n<td style=\"text-align: left;\" width=\"148\" height=\"24\"><strong>Talla<\/strong><\/td>\n<td style=\"text-align: left;\" width=\"256\">26\/28\/30\/32 cm<\/td>\n<\/tr>\n<tr>\n<td style=\"text-align: left;\" height=\"92\"><strong>Caracter\u00edstica<\/strong><\/td>\n<td style=\"text-align: left;\" width=\"256\">1. Material duradero de alta calidad<br \/>2. Conducci\u00f3n eficaz del calor<br \/>3. Funci\u00f3n de cocci\u00f3n multifuncional<br \/>4. Dise\u00f1o f\u00e1cil de limpiar<\/td>\n<\/tr>\n<tr>\n<td style=\"text-align: left;\" height=\"24\"><strong>Opci\u00f3n personalizada<\/strong><\/td>\n<td style=\"text-align: left;\">Logotipo\/Tama\u00f1o\/Embalaje\/Accesorios<\/td>\n<\/tr>\n<\/tbody>\n<\/table>","protected":false},"featured_media":1282,"comment_status":"closed","ping_status":"closed","template":"","meta":{"_acf_changed":true},"product_brand":[],"product_cat":[28],"product_tag":[],"class_list":{"0":"post-1281","1":"product","2":"type-product","3":"status-publish","4":"has-post-thumbnail","6":"product_cat-wholesale-cooking-pot","8":"first","9":"instock","10":"shipping-taxable","11":"product-type-simple"},"acf":[],"_links":{"self":[{"href":"https:\/\/www.billiondaysupplier.com\/es\/wp-json\/wp\/v2\/product\/1281","targetHints":{"allow":["GET"]}}],"collection":[{"href":"https:\/\/www.billiondaysupplier.com\/es\/wp-json\/wp\/v2\/product"}],"about":[{"href":"https:\/\/www.billiondaysupplier.com\/es\/wp-json\/wp\/v2\/types\/product"}],"replies":[{"embeddable":true,"href":"https:\/\/www.billiondaysupplier.com\/es\/wp-json\/wp\/v2\/comments?post=1281"}],"wp:featuredmedia":[{"embeddable":true,"href":"https:\/\/www.billiondaysupplier.com\/es\/wp-json\/wp\/v2\/media\/1282"}],"wp:attachment":[{"href":"https:\/\/www.billiondaysupplier.com\/es\/wp-json\/wp\/v2\/media?parent=1281"}],"wp:term":[{"taxonomy":"product_brand","embeddable":true,"href":"https:\/\/www.billiondaysupplier.com\/es\/wp-json\/wp\/v2\/product_brand?post=1281"},{"taxonomy":"product_cat","embeddable":true,"href":"https:\/\/www.billiondaysupplier.com\/es\/wp-json\/wp\/v2\/product_cat?post=1281"},{"taxonomy":"product_tag","embeddable":true,"href":"https:\/\/www.billiondaysupplier.com\/es\/wp-json\/wp\/v2\/product_tag?post=1281"}],"curies":[{"name":"wp","href":"https:\/\/api.w.org\/{rel}","templated":true}]}}