{"id":1274,"date":"2025-10-21T06:52:16","date_gmt":"2025-10-21T06:52:16","guid":{"rendered":"https:\/\/www.billiondaysupplier.com\/?post_type=product&#038;p=1274"},"modified":"2025-10-24T06:59:11","modified_gmt":"2025-10-24T06:59:11","slug":"wholesale-slanted-bowls","status":"publish","type":"product","link":"https:\/\/www.billiondaysupplier.com\/es\/product\/wholesale-slanted-bowls\/","title":{"rendered":"Venta al por mayor Tazones inclinados Acero inoxidable, Taz\u00f3n para condimentos Plateado Negro Multisize"},"content":{"rendered":"<div class=\"wp-block-columns is-layout-flex wp-container-core-columns-is-layout-9d6595d7 wp-block-columns-is-layout-flex\">\n<div class=\"wp-block-column is-layout-flow wp-block-column-is-layout-flow\">\n<h2 class=\"wp-block-heading\">Cuencos inclinados Acero inoxidable Caracter\u00edsticas:<\/h2>\n\n\n\n<p><strong>Dise\u00f1o de llanta inclinada: <\/strong>Permite acceder f\u00e1cilmente a los condimentos, eliminando la necesidad de buscarlos y haciendo que cocinar sea m\u00e1s eficiente.<\/p>\n\n\n\n<p><strong>Base redondeada antideslizante: <\/strong>Algunos cuentan con patas altas de apoyo, que garantizan una posici\u00f3n estable y evitan que se vuelquen, manteniendo ordenado el tablero de la mesa.<\/p>\n\n\n\n<p><strong>Varios tama\u00f1os<\/strong>: Disponibles en varios tama\u00f1os, de mini a grande, para combinaciones flexibles que satisfagan diversas necesidades de almacenamiento de condimentos.<\/p>\n\n\n\n<p><strong>Varios colores:<\/strong> Disponible en varios acabados, como plateado, dorado y negro mate, con ribetes rojos y detalles contrastados en negro y dorado\/plateado y dorado, este elegante y sofisticado cuenco sirve tanto de pr\u00e1ctico adorno de cocina como de accesorio decorativo.<\/p>\n\n\n\n<p><strong>Duradero y f\u00e1cil de limpiar<\/strong>: Fabricado en acero inoxidable apto para uso alimentario, es resistente al \u00f3xido y a la corrosi\u00f3n, con una superficie lisa y esquinas impecables. Se enjuaga f\u00e1cilmente, lo que garantiza que se mantenga como nuevo incluso despu\u00e9s de un uso frecuente.<\/p>\n<\/div>\n\n\n\n<div class=\"wp-block-column is-layout-flow wp-block-column-is-layout-flow\">\n<figure class=\"wp-block-image size-full\"><img decoding=\"async\" width=\"1000\" height=\"1000\" src=\"https:\/\/www.billiondaysupplier.com\/wp-content\/uploads\/2025\/10\/Wholesale-Slanted-Bowls-3.webp\" alt=\"Mayorista Cuencos inclinados (3)\" class=\"wp-image-1277\" srcset=\"https:\/\/www.billiondaysupplier.com\/wp-content\/uploads\/2025\/10\/Wholesale-Slanted-Bowls-3.webp 1000w, https:\/\/www.billiondaysupplier.com\/wp-content\/uploads\/2025\/10\/Wholesale-Slanted-Bowls-3-300x300.webp 300w, https:\/\/www.billiondaysupplier.com\/wp-content\/uploads\/2025\/10\/Wholesale-Slanted-Bowls-3-150x150.webp 150w, https:\/\/www.billiondaysupplier.com\/wp-content\/uploads\/2025\/10\/Wholesale-Slanted-Bowls-3-768x768.webp 768w, https:\/\/www.billiondaysupplier.com\/wp-content\/uploads\/2025\/10\/Wholesale-Slanted-Bowls-3-12x12.webp 12w, https:\/\/www.billiondaysupplier.com\/wp-content\/uploads\/2025\/10\/Wholesale-Slanted-Bowls-3-600x600.webp 600w, https:\/\/www.billiondaysupplier.com\/wp-content\/uploads\/2025\/10\/Wholesale-Slanted-Bowls-3-100x100.webp 100w\" sizes=\"(max-width: 1000px) 100vw, 1000px\" \/><\/figure>\n<\/div>\n<\/div>","protected":false},"excerpt":{"rendered":"<p>Venta al por mayor de cuencos inclinados disponibles en plata, negro y oro negro. El dise\u00f1o inclinado permite un f\u00e1cil acceso. Fabricados en acero inoxidable de calidad alimentaria, con base antideslizante y patas altas, son elegantes y duraderos. Disponibles en varios tama\u00f1os, son pr\u00e1cticas y decorativas. P\u00f3ngase en contacto con nosotros para conocer nuestro servicio integral de vajilla personalizada al por mayor.<\/p>\n<h2>Mayorista Tazones inclinados Par\u00e1metro\uff1a<\/h2>\n<table border=\"0\" width=\"404\" cellspacing=\"0\" cellpadding=\"0\">\n<tbody>\n<tr>\n<td style=\"text-align: left;\" width=\"148\" height=\"24\"><strong>Material<\/strong><\/td>\n<td style=\"text-align: left;\" width=\"256\">Acero inoxidable 201<\/td>\n<\/tr>\n<tr>\n<td style=\"text-align: left;\" height=\"24\"><strong>Color<\/strong><\/td>\n<td style=\"text-align: left;\">Plateado\/Oro\/Negro<\/td>\n<\/tr>\n<tr>\n<td style=\"text-align: left;\" width=\"148\" height=\"24\"><strong>Forma<\/strong><\/td>\n<td style=\"text-align: left;\" width=\"256\">Forma inclinada<\/td>\n<\/tr>\n<tr>\n<td style=\"text-align: left;\" height=\"92\"><strong>Caracter\u00edstica<\/strong><\/td>\n<td style=\"text-align: left;\" width=\"256\">\n<p>1. Dise\u00f1o inclinado<br \/>2. Base antideslizante con patas altas<br \/>3. Disponible en varios colores y tama\u00f1os<br \/>4. 4. F\u00e1cil de limpiar<\/p>\n<\/td>\n<\/tr>\n<tr>\n<td style=\"text-align: left;\" height=\"24\"><strong>Opci\u00f3n personalizada<\/strong><\/td>\n<td style=\"text-align: left;\">Logotipo\/Tama\u00f1o\/Embalaje\/Accesorios<\/td>\n<\/tr>\n<\/tbody>\n<\/table>","protected":false},"featured_media":1275,"comment_status":"closed","ping_status":"closed","template":"","meta":{"_acf_changed":false},"product_brand":[],"product_cat":[26],"product_tag":[],"class_list":{"0":"post-1274","1":"product","2":"type-product","3":"status-publish","4":"has-post-thumbnail","6":"product_cat-wholesale-seasoning-box","8":"first","9":"instock","10":"shipping-taxable","11":"product-type-simple"},"acf":[],"_links":{"self":[{"href":"https:\/\/www.billiondaysupplier.com\/es\/wp-json\/wp\/v2\/product\/1274","targetHints":{"allow":["GET"]}}],"collection":[{"href":"https:\/\/www.billiondaysupplier.com\/es\/wp-json\/wp\/v2\/product"}],"about":[{"href":"https:\/\/www.billiondaysupplier.com\/es\/wp-json\/wp\/v2\/types\/product"}],"replies":[{"embeddable":true,"href":"https:\/\/www.billiondaysupplier.com\/es\/wp-json\/wp\/v2\/comments?post=1274"}],"wp:featuredmedia":[{"embeddable":true,"href":"https:\/\/www.billiondaysupplier.com\/es\/wp-json\/wp\/v2\/media\/1275"}],"wp:attachment":[{"href":"https:\/\/www.billiondaysupplier.com\/es\/wp-json\/wp\/v2\/media?parent=1274"}],"wp:term":[{"taxonomy":"product_brand","embeddable":true,"href":"https:\/\/www.billiondaysupplier.com\/es\/wp-json\/wp\/v2\/product_brand?post=1274"},{"taxonomy":"product_cat","embeddable":true,"href":"https:\/\/www.billiondaysupplier.com\/es\/wp-json\/wp\/v2\/product_cat?post=1274"},{"taxonomy":"product_tag","embeddable":true,"href":"https:\/\/www.billiondaysupplier.com\/es\/wp-json\/wp\/v2\/product_tag?post=1274"}],"curies":[{"name":"wp","href":"https:\/\/api.w.org\/{rel}","templated":true}]}}