{"id":1264,"date":"2025-10-21T03:35:04","date_gmt":"2025-10-21T03:35:04","guid":{"rendered":"https:\/\/www.billiondaysupplier.com\/?post_type=product&#038;p=1264"},"modified":"2025-10-24T07:03:09","modified_gmt":"2025-10-24T07:03:09","slug":"wholesale-seasoning-box","status":"publish","type":"product","link":"https:\/\/www.billiondaysupplier.com\/es\/product\/wholesale-seasoning-box\/","title":{"rendered":"Mayorista Caja de condimentos de acero inoxidable con varios compartimentos para catering"},"content":{"rendered":"<div class=\"wp-block-columns is-layout-flex wp-container-core-columns-is-layout-9d6595d7 wp-block-columns-is-layout-flex\">\n<div class=\"wp-block-column is-layout-flow wp-block-column-is-layout-flow\">\n<h2 class=\"wp-block-heading\">Caja de condimentos de acero inoxidable Caracter\u00edsticas:<\/h2>\n\n\n\n<p><strong>Acero inoxidable de alta calidad: <\/strong>Fabricado en acero inoxidable de calidad alimentaria, es resistente a la corrosi\u00f3n, a prueba de \u00f3xido y f\u00e1cil de limpiar, lo que garantiza un uso prolongado sin deformaciones ni decoloraci\u00f3n, garantizando la seguridad y la higiene.<\/p>\n\n\n\n<p><strong>Dise\u00f1o de rejilla interna<\/strong>: Los separadores extra\u00edbles permiten guardar f\u00e1cilmente los distintos condimentos, evitando que se mezclen y garantizando un acceso c\u00f3modo.<\/p>\n\n\n\n<p><strong>Varios tama\u00f1os disponibles<\/strong>: Disponible en 23 cm\/30,5 cm\/38,5 cm\/45,5 cm, el contenedor ofrece un ajuste flexible para uso dom\u00e9stico o comercial, con una c\u00f3moda capacidad y un espacio m\u00ednimo.<\/p>\n\n\n\n<p><strong>Ampliamente aplicable<\/strong>: Puede utilizarse en la cocina dom\u00e9stica para almacenar los condimentos de uso com\u00fan de forma categorizada. El material duradero lo hace adecuado para uso frecuente en restaurantes y uso comercial.<\/p>\n<\/div>\n\n\n\n<div class=\"wp-block-column is-layout-flow wp-block-column-is-layout-flow\">\n<figure class=\"wp-block-image size-full\"><img decoding=\"async\" width=\"2362\" height=\"2362\" src=\"https:\/\/www.billiondaysupplier.com\/wp-content\/uploads\/2025\/10\/Wholesale-Seasoning-Box-Stainless-Steel-Multi-Size-for-Catering-1.webp\" alt=\"Mayorista Caja de condimentos de acero inoxidable de varios tama\u00f1os para catering (1)\" class=\"wp-image-1265\" srcset=\"https:\/\/www.billiondaysupplier.com\/wp-content\/uploads\/2025\/10\/Wholesale-Seasoning-Box-Stainless-Steel-Multi-Size-for-Catering-1.webp 2362w, https:\/\/www.billiondaysupplier.com\/wp-content\/uploads\/2025\/10\/Wholesale-Seasoning-Box-Stainless-Steel-Multi-Size-for-Catering-1-300x300.webp 300w, https:\/\/www.billiondaysupplier.com\/wp-content\/uploads\/2025\/10\/Wholesale-Seasoning-Box-Stainless-Steel-Multi-Size-for-Catering-1-150x150.webp 150w, https:\/\/www.billiondaysupplier.com\/wp-content\/uploads\/2025\/10\/Wholesale-Seasoning-Box-Stainless-Steel-Multi-Size-for-Catering-1-768x768.webp 768w, https:\/\/www.billiondaysupplier.com\/wp-content\/uploads\/2025\/10\/Wholesale-Seasoning-Box-Stainless-Steel-Multi-Size-for-Catering-1-12x12.webp 12w, https:\/\/www.billiondaysupplier.com\/wp-content\/uploads\/2025\/10\/Wholesale-Seasoning-Box-Stainless-Steel-Multi-Size-for-Catering-1-1200x1200.webp 1200w, https:\/\/www.billiondaysupplier.com\/wp-content\/uploads\/2025\/10\/Wholesale-Seasoning-Box-Stainless-Steel-Multi-Size-for-Catering-1-600x600.webp 600w, https:\/\/www.billiondaysupplier.com\/wp-content\/uploads\/2025\/10\/Wholesale-Seasoning-Box-Stainless-Steel-Multi-Size-for-Catering-1-100x100.webp 100w\" sizes=\"(max-width: 2362px) 100vw, 2362px\" \/><\/figure>\n<\/div>\n<\/div>\n\n\n\n<div class=\"wp-block-columns is-layout-flex wp-container-core-columns-is-layout-9d6595d7 wp-block-columns-is-layout-flex\">\n<div class=\"wp-block-column is-layout-flow wp-block-column-is-layout-flow\">\n<figure class=\"wp-block-image size-full\"><img decoding=\"async\" width=\"2362\" height=\"2362\" src=\"https:\/\/www.billiondaysupplier.com\/wp-content\/uploads\/2025\/10\/Wholesale-Seasoning-Box-Stainless-Steel-Multi-Size-for-Catering-4.webp\" alt=\"Mayorista Caja de condimentos de acero inoxidable de varios tama\u00f1os para catering (4)\" class=\"wp-image-1267\" style=\"aspect-ratio:1;object-fit:cover\" srcset=\"https:\/\/www.billiondaysupplier.com\/wp-content\/uploads\/2025\/10\/Wholesale-Seasoning-Box-Stainless-Steel-Multi-Size-for-Catering-4.webp 2362w, https:\/\/www.billiondaysupplier.com\/wp-content\/uploads\/2025\/10\/Wholesale-Seasoning-Box-Stainless-Steel-Multi-Size-for-Catering-4-300x300.webp 300w, https:\/\/www.billiondaysupplier.com\/wp-content\/uploads\/2025\/10\/Wholesale-Seasoning-Box-Stainless-Steel-Multi-Size-for-Catering-4-150x150.webp 150w, https:\/\/www.billiondaysupplier.com\/wp-content\/uploads\/2025\/10\/Wholesale-Seasoning-Box-Stainless-Steel-Multi-Size-for-Catering-4-768x768.webp 768w, https:\/\/www.billiondaysupplier.com\/wp-content\/uploads\/2025\/10\/Wholesale-Seasoning-Box-Stainless-Steel-Multi-Size-for-Catering-4-12x12.webp 12w, https:\/\/www.billiondaysupplier.com\/wp-content\/uploads\/2025\/10\/Wholesale-Seasoning-Box-Stainless-Steel-Multi-Size-for-Catering-4-1200x1200.webp 1200w, https:\/\/www.billiondaysupplier.com\/wp-content\/uploads\/2025\/10\/Wholesale-Seasoning-Box-Stainless-Steel-Multi-Size-for-Catering-4-600x600.webp 600w, https:\/\/www.billiondaysupplier.com\/wp-content\/uploads\/2025\/10\/Wholesale-Seasoning-Box-Stainless-Steel-Multi-Size-for-Catering-4-100x100.webp 100w\" sizes=\"(max-width: 2362px) 100vw, 2362px\" \/><\/figure>\n<\/div>\n\n\n\n<div class=\"wp-block-column is-layout-flow wp-block-column-is-layout-flow\">\n<figure class=\"wp-block-image size-full\"><img decoding=\"async\" width=\"800\" height=\"800\" src=\"https:\/\/www.billiondaysupplier.com\/wp-content\/uploads\/2025\/10\/Wholesale-Seasoning-Box-Stainless-Steel-Multi-Size-for-Catering-2.webp\" alt=\"Mayorista Caja de condimentos de acero inoxidable de varios tama\u00f1os para catering (2)\" class=\"wp-image-1266\" srcset=\"https:\/\/www.billiondaysupplier.com\/wp-content\/uploads\/2025\/10\/Wholesale-Seasoning-Box-Stainless-Steel-Multi-Size-for-Catering-2.webp 800w, https:\/\/www.billiondaysupplier.com\/wp-content\/uploads\/2025\/10\/Wholesale-Seasoning-Box-Stainless-Steel-Multi-Size-for-Catering-2-300x300.webp 300w, https:\/\/www.billiondaysupplier.com\/wp-content\/uploads\/2025\/10\/Wholesale-Seasoning-Box-Stainless-Steel-Multi-Size-for-Catering-2-150x150.webp 150w, https:\/\/www.billiondaysupplier.com\/wp-content\/uploads\/2025\/10\/Wholesale-Seasoning-Box-Stainless-Steel-Multi-Size-for-Catering-2-768x768.webp 768w, https:\/\/www.billiondaysupplier.com\/wp-content\/uploads\/2025\/10\/Wholesale-Seasoning-Box-Stainless-Steel-Multi-Size-for-Catering-2-12x12.webp 12w, https:\/\/www.billiondaysupplier.com\/wp-content\/uploads\/2025\/10\/Wholesale-Seasoning-Box-Stainless-Steel-Multi-Size-for-Catering-2-600x600.webp 600w, https:\/\/www.billiondaysupplier.com\/wp-content\/uploads\/2025\/10\/Wholesale-Seasoning-Box-Stainless-Steel-Multi-Size-for-Catering-2-100x100.webp 100w\" sizes=\"(max-width: 800px) 100vw, 800px\" \/><\/figure>\n<\/div>\n<\/div>","protected":false},"excerpt":{"rendered":"<p>Caja de condimentos al por mayor, fabricada en acero inoxidable de alta calidad, equipada con tapa de PP\/acero, es duradera y segura. Los compartimentos en forma de rejilla evitan que los olores se mezclen, y son f\u00e1ciles de desmontar y limpiar. Ofrecemos una gran variedad de tama\u00f1os, adecuados tanto para uso comercial como dom\u00e9stico. Realizamos pedidos al por mayor y personalizados, as\u00ed que no dude en consultarnos.<\/p>\n<h2>Par\u00e1metro de la caja de condimentos\uff1a<\/h2>\n<table border=\"0\" width=\"404\" cellspacing=\"0\" cellpadding=\"0\">\n<tbody>\n<tr>\n<td style=\"text-align: left;\" width=\"148\" height=\"24\"><strong>Material<\/strong><\/td>\n<td style=\"text-align: left;\" width=\"256\">Acero inoxidable 201\/304<\/td>\n<\/tr>\n<tr>\n<td style=\"text-align: left;\" height=\"24\"><strong>Color<\/strong><\/td>\n<td style=\"text-align: left;\">astilla<\/td>\n<\/tr>\n<tr>\n<td style=\"text-align: left;\" width=\"148\" height=\"24\"><strong>Tapa<\/strong><\/td>\n<td style=\"text-align: left;\" width=\"256\">PP\/Acero<\/td>\n<\/tr>\n<tr>\n<td style=\"text-align: left;\" height=\"24\"><strong>Compartimento<\/strong><\/td>\n<td style=\"text-align: left;\">Secci\u00f3n 3\/4\/5\/6<\/td>\n<\/tr>\n<tr>\n<td style=\"text-align: left;\" height=\"92\"><strong>Caracter\u00edstica<\/strong><\/td>\n<td style=\"text-align: left;\" width=\"256\">\n<p>1. Compartimentos razonables<br \/>2. F\u00e1cil de limpiar<br \/>3. Apilable<\/p>\n<\/td>\n<\/tr>\n<tr>\n<td style=\"text-align: left;\" height=\"24\"><strong>Opci\u00f3n personalizada<\/strong><\/td>\n<td style=\"text-align: left;\">Logotipo\/Tama\u00f1o\/Embalaje\/Accesorios<\/td>\n<\/tr>\n<\/tbody>\n<\/table>","protected":false},"featured_media":1273,"comment_status":"closed","ping_status":"closed","template":"","meta":{"_acf_changed":false},"product_brand":[],"product_cat":[26],"product_tag":[],"class_list":{"0":"post-1264","1":"product","2":"type-product","3":"status-publish","4":"has-post-thumbnail","6":"product_cat-wholesale-seasoning-box","8":"first","9":"instock","10":"shipping-taxable","11":"product-type-simple"},"acf":[],"_links":{"self":[{"href":"https:\/\/www.billiondaysupplier.com\/es\/wp-json\/wp\/v2\/product\/1264","targetHints":{"allow":["GET"]}}],"collection":[{"href":"https:\/\/www.billiondaysupplier.com\/es\/wp-json\/wp\/v2\/product"}],"about":[{"href":"https:\/\/www.billiondaysupplier.com\/es\/wp-json\/wp\/v2\/types\/product"}],"replies":[{"embeddable":true,"href":"https:\/\/www.billiondaysupplier.com\/es\/wp-json\/wp\/v2\/comments?post=1264"}],"wp:featuredmedia":[{"embeddable":true,"href":"https:\/\/www.billiondaysupplier.com\/es\/wp-json\/wp\/v2\/media\/1273"}],"wp:attachment":[{"href":"https:\/\/www.billiondaysupplier.com\/es\/wp-json\/wp\/v2\/media?parent=1264"}],"wp:term":[{"taxonomy":"product_brand","embeddable":true,"href":"https:\/\/www.billiondaysupplier.com\/es\/wp-json\/wp\/v2\/product_brand?post=1264"},{"taxonomy":"product_cat","embeddable":true,"href":"https:\/\/www.billiondaysupplier.com\/es\/wp-json\/wp\/v2\/product_cat?post=1264"},{"taxonomy":"product_tag","embeddable":true,"href":"https:\/\/www.billiondaysupplier.com\/es\/wp-json\/wp\/v2\/product_tag?post=1264"}],"curies":[{"name":"wp","href":"https:\/\/api.w.org\/{rel}","templated":true}]}}