{"id":1245,"date":"2025-10-17T10:23:20","date_gmt":"2025-10-17T10:23:20","guid":{"rendered":"https:\/\/www.billiondaysupplier.com\/?post_type=product&#038;p=1245"},"modified":"2025-10-18T03:55:53","modified_gmt":"2025-10-18T03:55:53","slug":"wholesale-cooking-pot","status":"publish","type":"product","link":"https:\/\/www.billiondaysupplier.com\/es\/product\/wholesale-cooking-pot\/","title":{"rendered":"Mayorista Ollas con Tapa de Cristal Juego de 5 Piezas Personalizadas"},"content":{"rendered":"<div class=\"wp-block-columns is-layout-flex wp-container-core-columns-is-layout-9d6595d7 wp-block-columns-is-layout-flex\">\n<div class=\"wp-block-column is-layout-flow wp-block-column-is-layout-flow\">\n<h2 class=\"wp-block-heading\">Caracter\u00edsticas de la olla:<\/h2>\n\n\n\n<p><strong>Materiales de alta calidad:<\/strong> Fabricada en acero inoxidable de alta calidad, es duradera, resistente a la corrosi\u00f3n y f\u00e1cil de limpiar, lo que garantiza un rendimiento duradero.<\/p>\n\n\n\n<p><strong>Dise\u00f1o pr\u00e1ctico<\/strong>: Equipado con una tapa de cristal, se puede ver claramente la comida mientras se cocina. El mango c\u00f3modo hace que sea f\u00e1cil de sostener y m\u00e1s seguro de usar.<\/p>\n\n\n\n<p><strong>Opciones de varios tama\u00f1os<\/strong>: Disponible en tama\u00f1os de 16 a 24 cm, satisface diversas necesidades culinarias, ya sea para preparar peque\u00f1as porciones o grandes grupos.<\/p>\n\n\n\n<p><strong>Versatilidad: <\/strong>Se puede utilizar para diversos m\u00e9todos de cocci\u00f3n, como cocinar al vapor, guisar y mucho m\u00e1s. Es perfecta para cocer al vapor bollos, hervir fideos, guisar carne y preparar sopas, por lo que resulta adecuada para una gran variedad de situaciones culinarias.<\/p>\n<\/div>\n\n\n\n<div class=\"wp-block-column is-layout-flow wp-block-column-is-layout-flow\">\n<figure class=\"wp-block-image size-full\"><img decoding=\"async\" width=\"720\" height=\"720\" src=\"https:\/\/www.billiondaysupplier.com\/wp-content\/uploads\/2025\/10\/wholesale-stainless-steel-cooking-pot-2.webp\" alt=\"mayorista olla de acero inoxidable (2)\" class=\"wp-image-1247\" style=\"object-fit:cover\" srcset=\"https:\/\/www.billiondaysupplier.com\/wp-content\/uploads\/2025\/10\/wholesale-stainless-steel-cooking-pot-2.webp 720w, https:\/\/www.billiondaysupplier.com\/wp-content\/uploads\/2025\/10\/wholesale-stainless-steel-cooking-pot-2-300x300.webp 300w, https:\/\/www.billiondaysupplier.com\/wp-content\/uploads\/2025\/10\/wholesale-stainless-steel-cooking-pot-2-150x150.webp 150w, https:\/\/www.billiondaysupplier.com\/wp-content\/uploads\/2025\/10\/wholesale-stainless-steel-cooking-pot-2-12x12.webp 12w, https:\/\/www.billiondaysupplier.com\/wp-content\/uploads\/2025\/10\/wholesale-stainless-steel-cooking-pot-2-600x600.webp 600w, https:\/\/www.billiondaysupplier.com\/wp-content\/uploads\/2025\/10\/wholesale-stainless-steel-cooking-pot-2-100x100.webp 100w\" sizes=\"(max-width: 720px) 100vw, 720px\" \/><\/figure>\n<\/div>\n<\/div>\n\n\n\n<p><\/p>","protected":false},"excerpt":{"rendered":"<p>Mayorista de ollas con tapa de cristal, de acero inoxidable, seguras y duraderas, de varios tama\u00f1os, de peque\u00f1as a grandes, adecuadas para una gran variedad de m\u00e9todos de cocci\u00f3n. Directo de f\u00e1brica, precios competitivos. P\u00f3ngase en contacto con nosotros para la entrega r\u00e1pida de su pedido.<\/p>\n<h2>Par\u00e1metro de la olla\uff1a<\/h2>\n<table border=\"0\" width=\"404\" cellspacing=\"0\" cellpadding=\"0\">\n<tbody>\n<tr>\n<td style=\"text-align: left;\" width=\"148\" height=\"24\"><strong>Material<\/strong><\/td>\n<td style=\"text-align: left;\" width=\"256\">Acero inoxidable 410<\/td>\n<\/tr>\n<tr>\n<td style=\"text-align: left;\" width=\"148\" height=\"24\"><strong>Color<\/strong><\/td>\n<td style=\"text-align: left;\" width=\"256\">Astilla<\/td>\n<\/tr>\n<tr>\n<td style=\"text-align: left;\" width=\"148\" height=\"24\"><strong>Talla<\/strong><\/td>\n<td style=\"text-align: left;\" width=\"256\">20\/22\/24\/26\/28\/30cm<\/td>\n<\/tr>\n<tr>\n<td style=\"text-align: left;\" height=\"92\"><strong>Caracter\u00edstica<\/strong><\/td>\n<td style=\"text-align: left;\" width=\"256\">1. Material duradero de alta calidad<br \/>2. Conducci\u00f3n eficaz del calor<br \/>3. Funci\u00f3n de cocci\u00f3n multifuncional<br \/>4. Dise\u00f1o f\u00e1cil de limpiar<\/td>\n<\/tr>\n<tr>\n<td style=\"text-align: left;\" height=\"24\"><strong>Opci\u00f3n personalizada<\/strong><\/td>\n<td style=\"text-align: left;\">Logotipo\/Tama\u00f1o\/Embalaje\/Accesorios<\/td>\n<\/tr>\n<\/tbody>\n<\/table>","protected":false},"featured_media":1246,"comment_status":"closed","ping_status":"closed","template":"","meta":{"_acf_changed":false},"product_brand":[],"product_cat":[28],"product_tag":[],"class_list":{"0":"post-1245","1":"product","2":"type-product","3":"status-publish","4":"has-post-thumbnail","6":"product_cat-wholesale-cooking-pot","8":"first","9":"instock","10":"shipping-taxable","11":"product-type-simple"},"acf":[],"_links":{"self":[{"href":"https:\/\/www.billiondaysupplier.com\/es\/wp-json\/wp\/v2\/product\/1245","targetHints":{"allow":["GET"]}}],"collection":[{"href":"https:\/\/www.billiondaysupplier.com\/es\/wp-json\/wp\/v2\/product"}],"about":[{"href":"https:\/\/www.billiondaysupplier.com\/es\/wp-json\/wp\/v2\/types\/product"}],"replies":[{"embeddable":true,"href":"https:\/\/www.billiondaysupplier.com\/es\/wp-json\/wp\/v2\/comments?post=1245"}],"wp:featuredmedia":[{"embeddable":true,"href":"https:\/\/www.billiondaysupplier.com\/es\/wp-json\/wp\/v2\/media\/1246"}],"wp:attachment":[{"href":"https:\/\/www.billiondaysupplier.com\/es\/wp-json\/wp\/v2\/media?parent=1245"}],"wp:term":[{"taxonomy":"product_brand","embeddable":true,"href":"https:\/\/www.billiondaysupplier.com\/es\/wp-json\/wp\/v2\/product_brand?post=1245"},{"taxonomy":"product_cat","embeddable":true,"href":"https:\/\/www.billiondaysupplier.com\/es\/wp-json\/wp\/v2\/product_cat?post=1245"},{"taxonomy":"product_tag","embeddable":true,"href":"https:\/\/www.billiondaysupplier.com\/es\/wp-json\/wp\/v2\/product_tag?post=1245"}],"curies":[{"name":"wp","href":"https:\/\/api.w.org\/{rel}","templated":true}]}}