{"id":1224,"date":"2025-10-17T08:08:56","date_gmt":"2025-10-17T08:08:56","guid":{"rendered":"https:\/\/www.billiondaysupplier.com\/?post_type=product&#038;p=1224"},"modified":"2025-10-18T07:37:43","modified_gmt":"2025-10-18T07:37:43","slug":"stainless-steel-food-containers-wholesale","status":"publish","type":"product","link":"https:\/\/www.billiondaysupplier.com\/es\/product\/stainless-steel-food-containers-wholesale\/","title":{"rendered":"Recipientes de Acero Inoxidable para Alimentos al por Mayor, Luch Box Set Granel"},"content":{"rendered":"<div class=\"wp-block-columns is-layout-flex wp-container-core-columns-is-layout-9d6595d7 wp-block-columns-is-layout-flex\">\n<div class=\"wp-block-column is-layout-flow wp-block-column-is-layout-flow\">\n<h2 class=\"wp-block-heading\">Recipientes de acero inoxidable para alimentos con tapa Caracter\u00edsticas:<\/h2>\n\n\n\n<p><strong>Acero inoxidable de alta calidad<\/strong>: Fabricado en acero inoxidable de calidad alimentaria, es inodoro, seguro, anticorrosivo y resistente a ca\u00eddas y deformaciones.<\/p>\n\n\n\n<p><strong>Dise\u00f1o sellado al vac\u00edo<\/strong>: La tapa bloquea el aire para conservar el sabor y la temperatura originales de los alimentos.<\/p>\n\n\n\n<p><strong>Aplicaciones vers\u00e1tiles<\/strong>: Ideal para guardar alimentos cocinados, carnes marinadas, marisco, frutas, verduras y reposter\u00eda.<\/p>\n\n\n\n<p><strong>Apilable para ahorrar espacio<\/strong>: El apilamiento flexible de varios tama\u00f1os permite tener una cocina m\u00e1s ordenada y mejor organizada.<\/p>\n\n\n\n<p><strong>Construcci\u00f3n de f\u00e1cil limpieza<\/strong>: El interior de acabado sencillo y limpio es apto para lavavajillas y esterilizador y f\u00e1cil de limpiar.<\/p>\n\n\n\n<p><strong>Gama de servicios<\/strong>: Disponible en varios tama\u00f1os para adaptarse a la amplia variedad de necesidades en el hogar y en entornos comerciales.<\/p>\n<\/div>\n\n\n\n<div class=\"wp-block-column is-layout-flow wp-block-column-is-layout-flow\">\n<figure class=\"wp-block-image size-full\"><img decoding=\"async\" width=\"4096\" height=\"3072\" src=\"https:\/\/www.billiondaysupplier.com\/wp-content\/uploads\/2025\/10\/stainless-steel-food-containers-wholesale-3.webp\" alt=\"recipientes de acero inoxidable para alimentos al por mayor (3)\" class=\"wp-image-1227\" srcset=\"https:\/\/www.billiondaysupplier.com\/wp-content\/uploads\/2025\/10\/stainless-steel-food-containers-wholesale-3.webp 4096w, https:\/\/www.billiondaysupplier.com\/wp-content\/uploads\/2025\/10\/stainless-steel-food-containers-wholesale-3-300x225.webp 300w, https:\/\/www.billiondaysupplier.com\/wp-content\/uploads\/2025\/10\/stainless-steel-food-containers-wholesale-3-768x576.webp 768w, https:\/\/www.billiondaysupplier.com\/wp-content\/uploads\/2025\/10\/stainless-steel-food-containers-wholesale-3-16x12.webp 16w, https:\/\/www.billiondaysupplier.com\/wp-content\/uploads\/2025\/10\/stainless-steel-food-containers-wholesale-3-1200x900.webp 1200w, https:\/\/www.billiondaysupplier.com\/wp-content\/uploads\/2025\/10\/stainless-steel-food-containers-wholesale-3-600x450.webp 600w\" sizes=\"(max-width: 4096px) 100vw, 4096px\" \/><\/figure>\n<\/div>\n<\/div>\n\n\n\n<div class=\"wp-block-columns is-layout-flex wp-container-core-columns-is-layout-9d6595d7 wp-block-columns-is-layout-flex\">\n<div class=\"wp-block-column is-layout-flow wp-block-column-is-layout-flow\">\n<figure class=\"wp-block-image size-full\"><img decoding=\"async\" width=\"1480\" height=\"1480\" src=\"https:\/\/www.billiondaysupplier.com\/wp-content\/uploads\/2025\/10\/stainless-steel-food-containers-wholesale-5.webp\" alt=\"recipientes de acero inoxidable para alimentos al por mayor (5)\" class=\"wp-image-1229\" srcset=\"https:\/\/www.billiondaysupplier.com\/wp-content\/uploads\/2025\/10\/stainless-steel-food-containers-wholesale-5.webp 1480w, https:\/\/www.billiondaysupplier.com\/wp-content\/uploads\/2025\/10\/stainless-steel-food-containers-wholesale-5-300x300.webp 300w, https:\/\/www.billiondaysupplier.com\/wp-content\/uploads\/2025\/10\/stainless-steel-food-containers-wholesale-5-150x150.webp 150w, https:\/\/www.billiondaysupplier.com\/wp-content\/uploads\/2025\/10\/stainless-steel-food-containers-wholesale-5-768x768.webp 768w, https:\/\/www.billiondaysupplier.com\/wp-content\/uploads\/2025\/10\/stainless-steel-food-containers-wholesale-5-12x12.webp 12w, https:\/\/www.billiondaysupplier.com\/wp-content\/uploads\/2025\/10\/stainless-steel-food-containers-wholesale-5-1200x1200.webp 1200w, https:\/\/www.billiondaysupplier.com\/wp-content\/uploads\/2025\/10\/stainless-steel-food-containers-wholesale-5-600x600.webp 600w, https:\/\/www.billiondaysupplier.com\/wp-content\/uploads\/2025\/10\/stainless-steel-food-containers-wholesale-5-100x100.webp 100w\" sizes=\"(max-width: 1480px) 100vw, 1480px\" \/><\/figure>\n<\/div>\n\n\n\n<div class=\"wp-block-column is-layout-flow wp-block-column-is-layout-flow\">\n<figure class=\"wp-block-image size-full\"><img decoding=\"async\" width=\"1480\" height=\"1480\" src=\"https:\/\/www.billiondaysupplier.com\/wp-content\/uploads\/2025\/10\/stainless-steel-food-containers-wholesale-6.webp\" alt=\"recipientes de acero inoxidable para alimentos al por mayor (6)\" class=\"wp-image-1230\" style=\"aspect-ratio:1;object-fit:cover\" srcset=\"https:\/\/www.billiondaysupplier.com\/wp-content\/uploads\/2025\/10\/stainless-steel-food-containers-wholesale-6.webp 1480w, https:\/\/www.billiondaysupplier.com\/wp-content\/uploads\/2025\/10\/stainless-steel-food-containers-wholesale-6-300x300.webp 300w, https:\/\/www.billiondaysupplier.com\/wp-content\/uploads\/2025\/10\/stainless-steel-food-containers-wholesale-6-150x150.webp 150w, https:\/\/www.billiondaysupplier.com\/wp-content\/uploads\/2025\/10\/stainless-steel-food-containers-wholesale-6-768x768.webp 768w, https:\/\/www.billiondaysupplier.com\/wp-content\/uploads\/2025\/10\/stainless-steel-food-containers-wholesale-6-12x12.webp 12w, https:\/\/www.billiondaysupplier.com\/wp-content\/uploads\/2025\/10\/stainless-steel-food-containers-wholesale-6-1200x1200.webp 1200w, https:\/\/www.billiondaysupplier.com\/wp-content\/uploads\/2025\/10\/stainless-steel-food-containers-wholesale-6-600x600.webp 600w, https:\/\/www.billiondaysupplier.com\/wp-content\/uploads\/2025\/10\/stainless-steel-food-containers-wholesale-6-100x100.webp 100w\" sizes=\"(max-width: 1480px) 100vw, 1480px\" \/><\/figure>\n<\/div>\n<\/div>","protected":false},"excerpt":{"rendered":"<p>Recipientes de acero inoxidable Billion Day para alimentos al por mayor, dise\u00f1ados para ofrecer frescura y durabilidad, con cierre seguro y gran capacidad para almacenar alimentos de forma vers\u00e1til. Perfectos para cocinas comerciales, catering y preparaci\u00f3n de comidas. P\u00f3ngase en contacto con nosotros para obtener su soluci\u00f3n personalizada hoy mismo.<\/p>\n<h2>Par\u00e1metros de los recipientes de acero inoxidable para alimentos\uff1a<\/h2>\n<table border=\"0\" width=\"404\" cellspacing=\"0\" cellpadding=\"0\">\n<tbody>\n<tr>\n<td style=\"text-align: left;\" width=\"148\" height=\"24\"><strong>Material<\/strong><\/td>\n<td style=\"text-align: left;\" width=\"256\">Acero inoxidable 201<\/td>\n<\/tr>\n<tr>\n<td style=\"text-align: left;\" width=\"148\" height=\"24\"><strong>Color<\/strong><\/td>\n<td style=\"text-align: left;\" width=\"256\">Plata<\/td>\n<\/tr>\n<tr>\n<td style=\"text-align: left;\" width=\"148\" height=\"24\"><strong>Tapa<\/strong><\/td>\n<td style=\"text-align: left;\" width=\"256\">PC\/Acero inoxidable<\/td>\n<\/tr>\n<tr>\n<td style=\"text-align: left;\" height=\"24\"><strong>Caracter\u00edstica<\/strong><\/td>\n<td style=\"text-align: left;\">\n<ol>\n<li data-start=\"23\" data-end=\"68\">Construcci\u00f3n duradera de acero inoxidable<\/li>\n<li data-start=\"23\" data-end=\"68\">Tapa con v\u00e1lvula de vac\u00edo<\/li>\n<li data-start=\"69\" data-end=\"109\">Excelente retenci\u00f3n del calor y el fr\u00edo<\/li>\n<li data-start=\"110\" data-end=\"147\">A prueba de fugas y f\u00e1cil de limpiar<\/li>\n<\/ol>\n<\/td>\n<\/tr>\n<tr>\n<td style=\"text-align: left;\" height=\"24\"><strong>Opci\u00f3n personalizada<\/strong><\/td>\n<td style=\"text-align: left;\">Logotipo\/Tama\u00f1o\/Embalaje\/Accesorios<\/td>\n<\/tr>\n<\/tbody>\n<\/table>","protected":false},"featured_media":1228,"comment_status":"closed","ping_status":"closed","template":"","meta":{"_acf_changed":false},"product_brand":[],"product_cat":[27],"product_tag":[],"class_list":{"0":"post-1224","1":"product","2":"type-product","3":"status-publish","4":"has-post-thumbnail","6":"product_cat-stainless-steel-food-container-wholesale","8":"first","9":"instock","10":"shipping-taxable","11":"product-type-simple"},"acf":[],"_links":{"self":[{"href":"https:\/\/www.billiondaysupplier.com\/es\/wp-json\/wp\/v2\/product\/1224","targetHints":{"allow":["GET"]}}],"collection":[{"href":"https:\/\/www.billiondaysupplier.com\/es\/wp-json\/wp\/v2\/product"}],"about":[{"href":"https:\/\/www.billiondaysupplier.com\/es\/wp-json\/wp\/v2\/types\/product"}],"replies":[{"embeddable":true,"href":"https:\/\/www.billiondaysupplier.com\/es\/wp-json\/wp\/v2\/comments?post=1224"}],"wp:featuredmedia":[{"embeddable":true,"href":"https:\/\/www.billiondaysupplier.com\/es\/wp-json\/wp\/v2\/media\/1228"}],"wp:attachment":[{"href":"https:\/\/www.billiondaysupplier.com\/es\/wp-json\/wp\/v2\/media?parent=1224"}],"wp:term":[{"taxonomy":"product_brand","embeddable":true,"href":"https:\/\/www.billiondaysupplier.com\/es\/wp-json\/wp\/v2\/product_brand?post=1224"},{"taxonomy":"product_cat","embeddable":true,"href":"https:\/\/www.billiondaysupplier.com\/es\/wp-json\/wp\/v2\/product_cat?post=1224"},{"taxonomy":"product_tag","embeddable":true,"href":"https:\/\/www.billiondaysupplier.com\/es\/wp-json\/wp\/v2\/product_tag?post=1224"}],"curies":[{"name":"wp","href":"https:\/\/api.w.org\/{rel}","templated":true}]}}