{"id":1217,"date":"2025-10-17T07:01:13","date_gmt":"2025-10-17T07:01:13","guid":{"rendered":"https:\/\/www.billiondaysupplier.com\/?post_type=product&#038;p=1217"},"modified":"2025-10-18T07:58:13","modified_gmt":"2025-10-18T07:58:13","slug":"bulk-stainless-steel-food-containers","status":"publish","type":"product","link":"https:\/\/www.billiondaysupplier.com\/es\/product\/bulk-stainless-steel-food-containers\/","title":{"rendered":"Recipientes de acero inoxidable a granel para alimentos con pomo de registro de fecha, caja de almacenamiento de alimentos al por mayor"},"content":{"rendered":"<div class=\"wp-block-columns is-layout-flex wp-container-core-columns-is-layout-9d6595d7 wp-block-columns-is-layout-flex\">\n<div class=\"wp-block-column is-layout-flow wp-block-column-is-layout-flow\">\n<h2 class=\"wp-block-heading\">Recipientes de acero inoxidable para alimentos con tapa Caracter\u00edsticas:<\/h2>\n\n\n\n<p><strong>Acero inoxidable preferido:<\/strong> Fabricado en acero inoxidable de alta calidad apto para uso alimentario, es resistente a la corrosi\u00f3n, inastillable y duradero para mantener los alimentos frescos y seguros.<\/p>\n\n\n\n<p><strong>Bot\u00f3n de grabaci\u00f3n de tiempo: <\/strong>El nuevo almacenador de alimentos de acero inoxidable dispone de un mando con funci\u00f3n de registro de fecha, que permite registrar f\u00e1cilmente el tiempo de conservaci\u00f3n de los alimentos.<\/p>\n\n\n\n<p><strong>Varios tama\u00f1os disponibles<\/strong>: Disponible en tama\u00f1os de 2200 ml, 3800 ml y 6000 ml para satisfacer diferentes necesidades de catering, almacenamiento y entrega.<\/p>\n\n\n\n<p><strong>Sellado y a prueba de fugas<\/strong>: Tiene una hebilla segura y un sello de silicona para evitar eficazmente las fugas de sopa, adecuado para el envasado y transporte de alimentos.<\/p>\n\n\n\n<p><strong>Intensificaci\u00f3n y profundizaci\u00f3n<\/strong>: El cuerpo engrosado proporciona un mayor aislamiento y capacidad de uso, con espacio para alimentos adicionales o art\u00edculos similares a la sopa.<\/p>\n\n\n\n<p><strong>Apilable para facilitar su almacenamiento<\/strong>: Se apilan con facilidad para ahorrar espacio, ideal para cocinas, cocinas comerciales, comida para llevar y buffets.<\/p>\n\n\n\n<p><strong>F\u00e1cil de limpiar y duradero<\/strong>: La superficie interior es lisa y f\u00e1cil de limpiar, se esteriliza a altas temperaturas y es apta para el lavavajillas, con una forma que no se deforma tras un uso prolongado.<\/p>\n<\/div>\n\n\n\n<div class=\"wp-block-column is-layout-flow wp-block-column-is-layout-flow\">\n<figure class=\"wp-block-image size-full\"><img decoding=\"async\" width=\"1480\" height=\"1500\" src=\"https:\/\/www.billiondaysupplier.com\/wp-content\/uploads\/2025\/10\/stainless-steel-food-containers-with-lids-bulk-2.webp\" alt=\"recipientes de acero inoxidable para alimentos con tapa a granel (2)\" class=\"wp-image-1219\" srcset=\"https:\/\/www.billiondaysupplier.com\/wp-content\/uploads\/2025\/10\/stainless-steel-food-containers-with-lids-bulk-2.webp 1480w, https:\/\/www.billiondaysupplier.com\/wp-content\/uploads\/2025\/10\/stainless-steel-food-containers-with-lids-bulk-2-296x300.webp 296w, https:\/\/www.billiondaysupplier.com\/wp-content\/uploads\/2025\/10\/stainless-steel-food-containers-with-lids-bulk-2-768x778.webp 768w, https:\/\/www.billiondaysupplier.com\/wp-content\/uploads\/2025\/10\/stainless-steel-food-containers-with-lids-bulk-2-12x12.webp 12w, https:\/\/www.billiondaysupplier.com\/wp-content\/uploads\/2025\/10\/stainless-steel-food-containers-with-lids-bulk-2-1200x1216.webp 1200w, https:\/\/www.billiondaysupplier.com\/wp-content\/uploads\/2025\/10\/stainless-steel-food-containers-with-lids-bulk-2-600x608.webp 600w, https:\/\/www.billiondaysupplier.com\/wp-content\/uploads\/2025\/10\/stainless-steel-food-containers-with-lids-bulk-2-100x100.webp 100w\" sizes=\"(max-width: 1480px) 100vw, 1480px\" \/><\/figure>\n<\/div>\n<\/div>\n\n\n\n<div class=\"wp-block-columns is-layout-flex wp-container-core-columns-is-layout-9d6595d7 wp-block-columns-is-layout-flex\">\n<div class=\"wp-block-column is-layout-flow wp-block-column-is-layout-flow\">\n<figure class=\"wp-block-image size-full\"><img decoding=\"async\" width=\"1480\" height=\"1500\" src=\"https:\/\/www.billiondaysupplier.com\/wp-content\/uploads\/2025\/10\/stainless-steel-food-containers-with-lids-bulk-4.webp\" alt=\"recipientes de acero inoxidable para alimentos con tapa a granel (4)\" class=\"wp-image-1221\" style=\"aspect-ratio:1;object-fit:cover\" srcset=\"https:\/\/www.billiondaysupplier.com\/wp-content\/uploads\/2025\/10\/stainless-steel-food-containers-with-lids-bulk-4.webp 1480w, https:\/\/www.billiondaysupplier.com\/wp-content\/uploads\/2025\/10\/stainless-steel-food-containers-with-lids-bulk-4-296x300.webp 296w, https:\/\/www.billiondaysupplier.com\/wp-content\/uploads\/2025\/10\/stainless-steel-food-containers-with-lids-bulk-4-768x778.webp 768w, https:\/\/www.billiondaysupplier.com\/wp-content\/uploads\/2025\/10\/stainless-steel-food-containers-with-lids-bulk-4-12x12.webp 12w, https:\/\/www.billiondaysupplier.com\/wp-content\/uploads\/2025\/10\/stainless-steel-food-containers-with-lids-bulk-4-1200x1216.webp 1200w, https:\/\/www.billiondaysupplier.com\/wp-content\/uploads\/2025\/10\/stainless-steel-food-containers-with-lids-bulk-4-600x608.webp 600w, https:\/\/www.billiondaysupplier.com\/wp-content\/uploads\/2025\/10\/stainless-steel-food-containers-with-lids-bulk-4-100x100.webp 100w\" sizes=\"(max-width: 1480px) 100vw, 1480px\" \/><\/figure>\n<\/div>\n\n\n\n<div class=\"wp-block-column is-layout-flow wp-block-column-is-layout-flow\">\n<figure class=\"wp-block-image size-large\"><img decoding=\"async\" width=\"1446\" height=\"1446\" src=\"https:\/\/www.billiondaysupplier.com\/wp-content\/uploads\/2025\/10\/stainless-steel-food-containers-with-lids-bulk-5.webp\" alt=\"recipientes de acero inoxidable para alimentos con tapa a granel (5)\" class=\"wp-image-1222\" srcset=\"https:\/\/www.billiondaysupplier.com\/wp-content\/uploads\/2025\/10\/stainless-steel-food-containers-with-lids-bulk-5.webp 1446w, https:\/\/www.billiondaysupplier.com\/wp-content\/uploads\/2025\/10\/stainless-steel-food-containers-with-lids-bulk-5-300x300.webp 300w, https:\/\/www.billiondaysupplier.com\/wp-content\/uploads\/2025\/10\/stainless-steel-food-containers-with-lids-bulk-5-150x150.webp 150w, https:\/\/www.billiondaysupplier.com\/wp-content\/uploads\/2025\/10\/stainless-steel-food-containers-with-lids-bulk-5-768x768.webp 768w, https:\/\/www.billiondaysupplier.com\/wp-content\/uploads\/2025\/10\/stainless-steel-food-containers-with-lids-bulk-5-12x12.webp 12w, https:\/\/www.billiondaysupplier.com\/wp-content\/uploads\/2025\/10\/stainless-steel-food-containers-with-lids-bulk-5-1200x1200.webp 1200w, https:\/\/www.billiondaysupplier.com\/wp-content\/uploads\/2025\/10\/stainless-steel-food-containers-with-lids-bulk-5-600x600.webp 600w, https:\/\/www.billiondaysupplier.com\/wp-content\/uploads\/2025\/10\/stainless-steel-food-containers-with-lids-bulk-5-100x100.webp 100w\" sizes=\"(max-width: 1446px) 100vw, 1446px\" \/><\/figure>\n<\/div>\n<\/div>","protected":false},"excerpt":{"rendered":"<p>Nuevos recipientes de acero inoxidable para alimentos a granel con tapas que incorporan mandos de seguimiento de fecha. Fabricados en acero inoxidable de alta calidad, est\u00e1n disponibles en varios tama\u00f1os. Precios de f\u00e1brica. P\u00f3ngase en contacto con nosotros para pedidos al por mayor y personalizaci\u00f3n OEM.<\/p>\n<h2>Par\u00e1metros de los recipientes de acero inoxidable para alimentos\uff1a<\/h2>\n<table border=\"0\" width=\"404\" cellspacing=\"0\" cellpadding=\"0\">\n<tbody>\n<tr>\n<td style=\"text-align: left;\" width=\"148\" height=\"24\"><strong>Material<\/strong><\/td>\n<td style=\"text-align: left;\" width=\"256\">Acero inoxidable 304<\/td>\n<\/tr>\n<tr>\n<td style=\"text-align: left;\" width=\"148\" height=\"24\"><strong>Color<\/strong><\/td>\n<td style=\"text-align: left;\" width=\"256\">Plata<\/td>\n<\/tr>\n<tr>\n<td style=\"text-align: left;\" width=\"148\" height=\"24\"><strong>Tapa<\/strong><\/td>\n<td style=\"text-align: left;\" width=\"256\">PC\/Acero inoxidable<\/td>\n<\/tr>\n<tr>\n<td style=\"text-align: left;\" height=\"24\"><strong>Caracter\u00edstica<\/strong><\/td>\n<td style=\"text-align: left;\">\n<ol>\n<li data-start=\"23\" data-end=\"68\">Construcci\u00f3n duradera de acero inoxidable<\/li>\n<li data-start=\"23\" data-end=\"68\">tapa con el mando de grabaci\u00f3n de la fecha<\/li>\n<li data-start=\"69\" data-end=\"109\">Excelente retenci\u00f3n del calor y el fr\u00edo<\/li>\n<li data-start=\"110\" data-end=\"147\">A prueba de fugas y f\u00e1cil de limpiar<\/li>\n<\/ol>\n<\/td>\n<\/tr>\n<tr>\n<td style=\"text-align: left;\" height=\"24\"><strong>Opci\u00f3n personalizada<\/strong><\/td>\n<td style=\"text-align: left;\">Logotipo\/Tama\u00f1o\/Embalaje\/Accesorios<\/td>\n<\/tr>\n<\/tbody>\n<\/table>","protected":false},"featured_media":1218,"comment_status":"closed","ping_status":"closed","template":"","meta":{"_acf_changed":false},"product_brand":[],"product_cat":[27],"product_tag":[],"class_list":{"0":"post-1217","1":"product","2":"type-product","3":"status-publish","4":"has-post-thumbnail","6":"product_cat-stainless-steel-food-container-wholesale","8":"first","9":"instock","10":"shipping-taxable","11":"product-type-simple"},"acf":[],"_links":{"self":[{"href":"https:\/\/www.billiondaysupplier.com\/es\/wp-json\/wp\/v2\/product\/1217","targetHints":{"allow":["GET"]}}],"collection":[{"href":"https:\/\/www.billiondaysupplier.com\/es\/wp-json\/wp\/v2\/product"}],"about":[{"href":"https:\/\/www.billiondaysupplier.com\/es\/wp-json\/wp\/v2\/types\/product"}],"replies":[{"embeddable":true,"href":"https:\/\/www.billiondaysupplier.com\/es\/wp-json\/wp\/v2\/comments?post=1217"}],"wp:featuredmedia":[{"embeddable":true,"href":"https:\/\/www.billiondaysupplier.com\/es\/wp-json\/wp\/v2\/media\/1218"}],"wp:attachment":[{"href":"https:\/\/www.billiondaysupplier.com\/es\/wp-json\/wp\/v2\/media?parent=1217"}],"wp:term":[{"taxonomy":"product_brand","embeddable":true,"href":"https:\/\/www.billiondaysupplier.com\/es\/wp-json\/wp\/v2\/product_brand?post=1217"},{"taxonomy":"product_cat","embeddable":true,"href":"https:\/\/www.billiondaysupplier.com\/es\/wp-json\/wp\/v2\/product_cat?post=1217"},{"taxonomy":"product_tag","embeddable":true,"href":"https:\/\/www.billiondaysupplier.com\/es\/wp-json\/wp\/v2\/product_tag?post=1217"}],"curies":[{"name":"wp","href":"https:\/\/api.w.org\/{rel}","templated":true}]}}