{"id":1102,"date":"2025-09-01T07:46:51","date_gmt":"2025-09-01T07:46:51","guid":{"rendered":"https:\/\/www.billiondaysupplier.com\/?post_type=product&#038;p=1102"},"modified":"2025-10-18T11:16:19","modified_gmt":"2025-10-18T11:16:19","slug":"bulk-stainless-steel-baking-pan","status":"publish","type":"product","link":"https:\/\/www.billiondaysupplier.com\/es\/product\/bulk-stainless-steel-baking-pan\/","title":{"rendered":"Bandeja para hornear de acero inoxidable a granel, placa cuadrada con rejilla personalizada"},"content":{"rendered":"<div class=\"wp-block-columns is-layout-flex wp-container-core-columns-is-layout-9d6595d7 wp-block-columns-is-layout-flex\">\n<div class=\"wp-block-column is-layout-flow wp-block-column-is-layout-flow\">\n<h2 class=\"wp-block-heading\">Sart\u00e9n de acero inoxidable Caracter\u00edsticas:<\/h2>\n\n\n\n<p><strong>Materiales de alta calidad<\/strong>: Fabricado en acero inoxidable de calidad alimentaria con un grosor de hasta 0,85 mm, es resistente al calor y a la corrosi\u00f3n, lo que garantiza su seguridad y durabilidad.<\/p>\n\n\n\n<p><strong>Combo de plato cuadrado y parrilla<\/strong>: Este vers\u00e1til set se puede utilizar como bandeja de horno o emparejado con una parrilla para cocinar al vapor, hornear, enfriar y otros usos vers\u00e1tiles, satisfaciendo diversas necesidades de la cocina.<\/p>\n\n\n\n<p><strong>Bordes lisos y sin rebabas<\/strong>: Los bordes lisos y redondeados evitan los ara\u00f1azos, mejorando la seguridad y la comodidad.<\/p>\n\n\n\n<p><strong>Fondo plano y antideslizante: <\/strong>El dise\u00f1o de fondo plano distribuye el calor uniformemente y lo conduce con rapidez, garantizando una cocci\u00f3n m\u00e1s eficiente.<\/p>\n\n\n\n<p><strong>Apilable<\/strong>: Se pueden apilar varios platos, lo que ahorra espacio en la cocina y facilita su transporte y almacenamiento. Es especialmente adecuado para restaurantes y mayoristas.<\/p>\n\n\n\n<p><strong>F\u00e1cil de limpiar<\/strong>: La superficie lisa y antiadherente facilita la limpieza y es apta para el lavavajillas, lo que ahorra tiempo.<\/p>\n<\/div>\n\n\n\n<div class=\"wp-block-column is-layout-flow wp-block-column-is-layout-flow\">\n<figure class=\"wp-block-image size-full\"><img decoding=\"async\" width=\"720\" height=\"720\" src=\"https:\/\/www.billiondaysupplier.com\/wp-content\/uploads\/2025\/09\/custom-stainless-steel-square-plate-5.webp\" alt=\"placa cuadrada de acero inoxidable a medida (5)\" class=\"wp-image-1107\" srcset=\"https:\/\/www.billiondaysupplier.com\/wp-content\/uploads\/2025\/09\/custom-stainless-steel-square-plate-5.webp 720w, https:\/\/www.billiondaysupplier.com\/wp-content\/uploads\/2025\/09\/custom-stainless-steel-square-plate-5-300x300.webp 300w, https:\/\/www.billiondaysupplier.com\/wp-content\/uploads\/2025\/09\/custom-stainless-steel-square-plate-5-150x150.webp 150w, https:\/\/www.billiondaysupplier.com\/wp-content\/uploads\/2025\/09\/custom-stainless-steel-square-plate-5-12x12.webp 12w, https:\/\/www.billiondaysupplier.com\/wp-content\/uploads\/2025\/09\/custom-stainless-steel-square-plate-5-600x600.webp 600w, https:\/\/www.billiondaysupplier.com\/wp-content\/uploads\/2025\/09\/custom-stainless-steel-square-plate-5-100x100.webp 100w\" sizes=\"(max-width: 720px) 100vw, 720px\" \/><\/figure>\n<\/div>\n<\/div>\n\n\n\n<div class=\"wp-block-columns is-layout-flex wp-container-core-columns-is-layout-9d6595d7 wp-block-columns-is-layout-flex\">\n<div class=\"wp-block-column is-layout-flow wp-block-column-is-layout-flow\">\n<figure class=\"wp-block-image size-full\"><img decoding=\"async\" width=\"720\" height=\"720\" src=\"https:\/\/www.billiondaysupplier.com\/wp-content\/uploads\/2025\/09\/custom-stainless-steel-square-plate-6.webp\" alt=\"placa cuadrada de acero inoxidable a medida (6)\" class=\"wp-image-1108\" srcset=\"https:\/\/www.billiondaysupplier.com\/wp-content\/uploads\/2025\/09\/custom-stainless-steel-square-plate-6.webp 720w, https:\/\/www.billiondaysupplier.com\/wp-content\/uploads\/2025\/09\/custom-stainless-steel-square-plate-6-300x300.webp 300w, https:\/\/www.billiondaysupplier.com\/wp-content\/uploads\/2025\/09\/custom-stainless-steel-square-plate-6-150x150.webp 150w, https:\/\/www.billiondaysupplier.com\/wp-content\/uploads\/2025\/09\/custom-stainless-steel-square-plate-6-12x12.webp 12w, https:\/\/www.billiondaysupplier.com\/wp-content\/uploads\/2025\/09\/custom-stainless-steel-square-plate-6-600x600.webp 600w, https:\/\/www.billiondaysupplier.com\/wp-content\/uploads\/2025\/09\/custom-stainless-steel-square-plate-6-100x100.webp 100w\" sizes=\"(max-width: 720px) 100vw, 720px\" \/><\/figure>\n<\/div>\n\n\n\n<div class=\"wp-block-column is-layout-flow wp-block-column-is-layout-flow\">\n<figure class=\"wp-block-image size-full\"><img decoding=\"async\" width=\"720\" height=\"720\" src=\"https:\/\/www.billiondaysupplier.com\/wp-content\/uploads\/2025\/09\/custom-stainless-steel-square-plate-3.webp\" alt=\"placa cuadrada de acero inoxidable a medida (3)\" class=\"wp-image-1105\" srcset=\"https:\/\/www.billiondaysupplier.com\/wp-content\/uploads\/2025\/09\/custom-stainless-steel-square-plate-3.webp 720w, https:\/\/www.billiondaysupplier.com\/wp-content\/uploads\/2025\/09\/custom-stainless-steel-square-plate-3-300x300.webp 300w, https:\/\/www.billiondaysupplier.com\/wp-content\/uploads\/2025\/09\/custom-stainless-steel-square-plate-3-150x150.webp 150w, https:\/\/www.billiondaysupplier.com\/wp-content\/uploads\/2025\/09\/custom-stainless-steel-square-plate-3-12x12.webp 12w, https:\/\/www.billiondaysupplier.com\/wp-content\/uploads\/2025\/09\/custom-stainless-steel-square-plate-3-600x600.webp 600w, https:\/\/www.billiondaysupplier.com\/wp-content\/uploads\/2025\/09\/custom-stainless-steel-square-plate-3-100x100.webp 100w\" sizes=\"(max-width: 720px) 100vw, 720px\" \/><\/figure>\n<\/div>\n<\/div>","protected":false},"excerpt":{"rendered":"<p>A granel moldes para hornear de acero inoxidable personalizados son cuadrados y vienen en varios tama\u00f1os, adecuados para hornos o servicio de alimentos, y mucho m\u00e1s. Billion Day \u00a1Suministro directo de f\u00e1brica, precio al por mayor y soluci\u00f3n personalizada est\u00e1 disponible! \u00a1No dude en ponerse en contacto con nosotros!<\/p>\n<h2>Par\u00e1metros de la bandeja para hornear de acero inoxidable\uff1a<\/h2>\n<table border=\"0\" width=\"404\" cellspacing=\"0\" cellpadding=\"0\">\n<tbody>\n<tr>\n<td style=\"text-align: left;\" width=\"148\" height=\"24\"><strong>Material<\/strong><\/td>\n<td style=\"text-align: left;\" width=\"256\">Acero inoxidable 201<\/td>\n<\/tr>\n<tr>\n<td style=\"text-align: left;\" width=\"148\" height=\"24\"><strong>Color<\/strong><\/td>\n<td style=\"text-align: left;\" width=\"256\">Plata<\/td>\n<\/tr>\n<tr>\n<td style=\"text-align: left;\" width=\"148\" height=\"24\"><strong>Tapa<\/strong><\/td>\n<td style=\"text-align: left;\" width=\"256\">PC\/Acero<\/td>\n<\/tr>\n<tr>\n<td style=\"text-align: left;\" height=\"92\"><strong>Caracter\u00edstica<\/strong><\/td>\n<td style=\"text-align: left;\" width=\"256\">1. con parrilla<br \/>2. Duradero y respetuoso con el medio ambiente<br \/>3. Apilable<\/td>\n<\/tr>\n<tr>\n<td style=\"text-align: left;\" height=\"24\"><strong>Opci\u00f3n personalizada<\/strong><\/td>\n<td style=\"text-align: left;\">Logotipo\/Tama\u00f1o\/Embalaje\/Accesorios<\/td>\n<\/tr>\n<\/tbody>\n<\/table>","protected":false},"featured_media":1107,"comment_status":"closed","ping_status":"closed","template":"","meta":{"_acf_changed":false},"product_brand":[],"product_cat":[24],"product_tag":[],"class_list":{"0":"post-1102","1":"product","2":"type-product","3":"status-publish","4":"has-post-thumbnail","6":"product_cat-bulk-custom-food-tray","8":"first","9":"instock","10":"shipping-taxable","11":"product-type-simple"},"acf":[],"_links":{"self":[{"href":"https:\/\/www.billiondaysupplier.com\/es\/wp-json\/wp\/v2\/product\/1102","targetHints":{"allow":["GET"]}}],"collection":[{"href":"https:\/\/www.billiondaysupplier.com\/es\/wp-json\/wp\/v2\/product"}],"about":[{"href":"https:\/\/www.billiondaysupplier.com\/es\/wp-json\/wp\/v2\/types\/product"}],"replies":[{"embeddable":true,"href":"https:\/\/www.billiondaysupplier.com\/es\/wp-json\/wp\/v2\/comments?post=1102"}],"wp:featuredmedia":[{"embeddable":true,"href":"https:\/\/www.billiondaysupplier.com\/es\/wp-json\/wp\/v2\/media\/1107"}],"wp:attachment":[{"href":"https:\/\/www.billiondaysupplier.com\/es\/wp-json\/wp\/v2\/media?parent=1102"}],"wp:term":[{"taxonomy":"product_brand","embeddable":true,"href":"https:\/\/www.billiondaysupplier.com\/es\/wp-json\/wp\/v2\/product_brand?post=1102"},{"taxonomy":"product_cat","embeddable":true,"href":"https:\/\/www.billiondaysupplier.com\/es\/wp-json\/wp\/v2\/product_cat?post=1102"},{"taxonomy":"product_tag","embeddable":true,"href":"https:\/\/www.billiondaysupplier.com\/es\/wp-json\/wp\/v2\/product_tag?post=1102"}],"curies":[{"name":"wp","href":"https:\/\/api.w.org\/{rel}","templated":true}]}}