{"id":1095,"date":"2025-09-01T06:46:53","date_gmt":"2025-09-01T06:46:53","guid":{"rendered":"https:\/\/www.billiondaysupplier.com\/?post_type=product&#038;p=1095"},"modified":"2025-10-18T12:11:40","modified_gmt":"2025-10-18T12:11:40","slug":"bulk-stainless-steel-square-plates","status":"publish","type":"product","link":"https:\/\/www.billiondaysupplier.com\/es\/product\/bulk-stainless-steel-square-plates\/","title":{"rendered":"Platos cuadrados de acero inoxidable a granel, Juego de bandejas para comida japonesa rectangulares multitama\u00f1o personalizadas"},"content":{"rendered":"<div class=\"wp-block-columns is-layout-flex wp-container-core-columns-is-layout-9d6595d7 wp-block-columns-is-layout-flex\">\n<div class=\"wp-block-column is-layout-flow wp-block-column-is-layout-flow\">\n<h2 class=\"wp-block-heading\">Placas cuadradas de acero inoxidable Caracter\u00edsticas:<\/h2>\n\n\n\n<p><strong>Material de primera calidad:<\/strong> El acero inoxidable de calidad alimentaria, duradero y resistente a la corrosi\u00f3n y al calor, garantiza una seguridad alimentaria duradera.<\/p>\n\n\n\n<p><strong>Dise\u00f1o minimalista de inspiraci\u00f3n japonesa<\/strong>: El plato cuadrado presenta l\u00edneas limpias y es adecuado para servir platos japoneses, occidentales y chinos.<\/p>\n\n\n\n<p><strong>M\u00faltiples tama\u00f1os disponibles:<\/strong> Disponible en seis tama\u00f1os, de peque\u00f1o a grande, para satisfacer las diversas necesidades de restaurantes, hoteles, cafeter\u00edas y hogares.<\/p>\n\n\n\n<p><strong>F\u00e1cil apilamiento<\/strong>: Los platos est\u00e1n dise\u00f1ados para apilarse ordenadamente, ocupando el m\u00ednimo espacio para facilitar su almacenamiento y transporte.<\/p>\n\n\n\n<p><strong>F\u00e1cil de limpiar<\/strong>: La superficie lisa y antiadherente facilita la limpieza y es apta para el lavavajillas.<\/p>\n\n\n\n<p><strong>Juegos disponibles al por mayor<\/strong>: Disponibles en varios tama\u00f1os, adecuados para la compra a granel por parte de la industria de la restauraci\u00f3n, mayoristas y minoristas.<\/p>\n<\/div>\n\n\n\n<div class=\"wp-block-column is-layout-flow wp-block-column-is-layout-flow\">\n<figure class=\"wp-block-image size-full\"><img decoding=\"async\" width=\"720\" height=\"720\" src=\"https:\/\/www.billiondaysupplier.com\/wp-content\/uploads\/2025\/09\/wholesale-square-stainless-steel-plates-4.webp\" alt=\"venta al por mayor placas cuadradas de acero inoxidable (4)\" class=\"wp-image-1099\" srcset=\"https:\/\/www.billiondaysupplier.com\/wp-content\/uploads\/2025\/09\/wholesale-square-stainless-steel-plates-4.webp 720w, https:\/\/www.billiondaysupplier.com\/wp-content\/uploads\/2025\/09\/wholesale-square-stainless-steel-plates-4-300x300.webp 300w, https:\/\/www.billiondaysupplier.com\/wp-content\/uploads\/2025\/09\/wholesale-square-stainless-steel-plates-4-150x150.webp 150w, https:\/\/www.billiondaysupplier.com\/wp-content\/uploads\/2025\/09\/wholesale-square-stainless-steel-plates-4-12x12.webp 12w, https:\/\/www.billiondaysupplier.com\/wp-content\/uploads\/2025\/09\/wholesale-square-stainless-steel-plates-4-600x600.webp 600w, https:\/\/www.billiondaysupplier.com\/wp-content\/uploads\/2025\/09\/wholesale-square-stainless-steel-plates-4-100x100.webp 100w\" sizes=\"(max-width: 720px) 100vw, 720px\" \/><\/figure>\n<\/div>\n<\/div>\n\n\n\n<div class=\"wp-block-columns is-layout-flex wp-container-core-columns-is-layout-9d6595d7 wp-block-columns-is-layout-flex\">\n<div class=\"wp-block-column is-layout-flow wp-block-column-is-layout-flow\">\n<figure class=\"wp-block-image size-large\"><img decoding=\"async\" width=\"720\" height=\"720\" src=\"https:\/\/www.billiondaysupplier.com\/wp-content\/uploads\/2025\/09\/wholesale-square-stainless-steel-plates-5.webp\" alt=\"venta al por mayor placas cuadradas de acero inoxidable (5)\" class=\"wp-image-1100\" srcset=\"https:\/\/www.billiondaysupplier.com\/wp-content\/uploads\/2025\/09\/wholesale-square-stainless-steel-plates-5.webp 720w, https:\/\/www.billiondaysupplier.com\/wp-content\/uploads\/2025\/09\/wholesale-square-stainless-steel-plates-5-300x300.webp 300w, https:\/\/www.billiondaysupplier.com\/wp-content\/uploads\/2025\/09\/wholesale-square-stainless-steel-plates-5-150x150.webp 150w, https:\/\/www.billiondaysupplier.com\/wp-content\/uploads\/2025\/09\/wholesale-square-stainless-steel-plates-5-12x12.webp 12w, https:\/\/www.billiondaysupplier.com\/wp-content\/uploads\/2025\/09\/wholesale-square-stainless-steel-plates-5-600x600.webp 600w, https:\/\/www.billiondaysupplier.com\/wp-content\/uploads\/2025\/09\/wholesale-square-stainless-steel-plates-5-100x100.webp 100w\" sizes=\"(max-width: 720px) 100vw, 720px\" \/><\/figure>\n<\/div>\n\n\n\n<div class=\"wp-block-column is-layout-flow wp-block-column-is-layout-flow\">\n<figure class=\"wp-block-image size-large\"><img decoding=\"async\" width=\"601\" height=\"602\" src=\"https:\/\/www.billiondaysupplier.com\/wp-content\/uploads\/2025\/09\/wholesale-square-stainless-steel-plates-3.webp\" alt=\"venta al por mayor placas cuadradas de acero inoxidable (3)\" class=\"wp-image-1098\" srcset=\"https:\/\/www.billiondaysupplier.com\/wp-content\/uploads\/2025\/09\/wholesale-square-stainless-steel-plates-3.webp 601w, https:\/\/www.billiondaysupplier.com\/wp-content\/uploads\/2025\/09\/wholesale-square-stainless-steel-plates-3-300x300.webp 300w, https:\/\/www.billiondaysupplier.com\/wp-content\/uploads\/2025\/09\/wholesale-square-stainless-steel-plates-3-150x150.webp 150w, https:\/\/www.billiondaysupplier.com\/wp-content\/uploads\/2025\/09\/wholesale-square-stainless-steel-plates-3-12x12.webp 12w, https:\/\/www.billiondaysupplier.com\/wp-content\/uploads\/2025\/09\/wholesale-square-stainless-steel-plates-3-600x600.webp 600w, https:\/\/www.billiondaysupplier.com\/wp-content\/uploads\/2025\/09\/wholesale-square-stainless-steel-plates-3-100x100.webp 100w\" sizes=\"(max-width: 601px) 100vw, 601px\" \/><\/figure>\n<\/div>\n<\/div>","protected":false},"excerpt":{"rendered":"<p>Los platos cuadrados de acero inoxidable al por mayor, disponibles en varios tama\u00f1os, est\u00e1n fabricados con materiales aptos para uso alimentario y presentan un dise\u00f1o de estilo japon\u00e9s. Son duraderos y f\u00e1ciles de limpiar, por lo que son perfectos para restaurantes, hoteles y servicios de catering. P\u00f3ngase en contacto con nosotros para solicitar un presupuesto al por mayor.<\/p>\n<h2>Placas cuadradas de acero inoxidable Par\u00e1metro\uff1a<\/h2>\n<table border=\"0\" width=\"404\" cellspacing=\"0\" cellpadding=\"0\">\n<tbody>\n<tr>\n<td style=\"text-align: left;\" width=\"148\" height=\"24\"><strong>Material<\/strong><\/td>\n<td style=\"text-align: left;\" width=\"256\">Acero inoxidable 201\/304<\/td>\n<\/tr>\n<\/tr>\n<tr>\n<td style=\"text-align: left;\" height=\"92\"><strong>Caracter\u00edstica<\/strong><\/td>\n<td style=\"text-align: left;\" width=\"256\">1. Compartimentos razonables<br \/>2. Duradero y respetuoso con el medio ambiente<br \/>3. Apilable<\/td>\n<\/tr>\n<tr>\n<td style=\"text-align: left;\" height=\"24\"><strong>Opci\u00f3n personalizada<\/strong><\/td>\n<td style=\"text-align: left;\">Logotipo\/Tama\u00f1o\/Embalaje\/Accesorios<\/td>\n<\/tr>\n<\/tbody>\n<\/table>","protected":false},"featured_media":1097,"comment_status":"closed","ping_status":"closed","template":"","meta":{"_acf_changed":true},"product_brand":[],"product_cat":[24],"product_tag":[],"class_list":{"0":"post-1095","1":"product","2":"type-product","3":"status-publish","4":"has-post-thumbnail","6":"product_cat-bulk-custom-food-tray","8":"first","9":"instock","10":"shipping-taxable","11":"product-type-simple"},"acf":[],"_links":{"self":[{"href":"https:\/\/www.billiondaysupplier.com\/es\/wp-json\/wp\/v2\/product\/1095","targetHints":{"allow":["GET"]}}],"collection":[{"href":"https:\/\/www.billiondaysupplier.com\/es\/wp-json\/wp\/v2\/product"}],"about":[{"href":"https:\/\/www.billiondaysupplier.com\/es\/wp-json\/wp\/v2\/types\/product"}],"replies":[{"embeddable":true,"href":"https:\/\/www.billiondaysupplier.com\/es\/wp-json\/wp\/v2\/comments?post=1095"}],"wp:featuredmedia":[{"embeddable":true,"href":"https:\/\/www.billiondaysupplier.com\/es\/wp-json\/wp\/v2\/media\/1097"}],"wp:attachment":[{"href":"https:\/\/www.billiondaysupplier.com\/es\/wp-json\/wp\/v2\/media?parent=1095"}],"wp:term":[{"taxonomy":"product_brand","embeddable":true,"href":"https:\/\/www.billiondaysupplier.com\/es\/wp-json\/wp\/v2\/product_brand?post=1095"},{"taxonomy":"product_cat","embeddable":true,"href":"https:\/\/www.billiondaysupplier.com\/es\/wp-json\/wp\/v2\/product_cat?post=1095"},{"taxonomy":"product_tag","embeddable":true,"href":"https:\/\/www.billiondaysupplier.com\/es\/wp-json\/wp\/v2\/product_tag?post=1095"}],"curies":[{"name":"wp","href":"https:\/\/api.w.org\/{rel}","templated":true}]}}