{"id":1068,"date":"2025-09-07T23:04:35","date_gmt":"2025-09-07T23:04:35","guid":{"rendered":"https:\/\/www.billiondaysupplier.com\/?post_type=product&#038;p=1068"},"modified":"2025-09-22T01:51:36","modified_gmt":"2025-09-22T01:51:36","slug":"wholesale-compartment-food-trays","status":"publish","type":"product","link":"https:\/\/www.billiondaysupplier.com\/es\/product\/wholesale-compartment-food-trays\/","title":{"rendered":"Mayorista Bandejas de Acero Inoxidable con Compartimentos Platos Divididos Multi-Tama\u00f1o Plata al por Mayor"},"content":{"rendered":"<div class=\"wp-block-columns is-layout-flex wp-container-core-columns-is-layout-9d6595d7 wp-block-columns-is-layout-flex\">\n<div class=\"wp-block-column is-layout-flow wp-block-column-is-layout-flow\">\n<h2 class=\"wp-block-heading\">Bandejas de comida con compartimentos Caracter\u00edsticas:<\/h2>\n\n\n\n<p><strong>Acero inoxidable de calidad alimentaria<\/strong>: El material de acero inoxidable es resistente a la corrosi\u00f3n y a los ara\u00f1azos, por lo que es ideal para un uso de alta frecuencia.<\/p>\n\n\n\n<p><strong>Dise\u00f1o de cinco compartimentos:<\/strong> Separa eficazmente los platos, ayudando a restaurantes y cafeter\u00edas a optimizar la preparaci\u00f3n y presentaci\u00f3n de los alimentos.<\/p>\n\n\n\n<p><strong>Tama\u00f1o perfecto<\/strong>: Las dimensiones est\u00e1ndar de 31x25x2,1 cm son ideales para comedores muy frecuentados, como cafeter\u00edas grandes y medianas, comedores universitarios y comedores de f\u00e1bricas.<\/p>\n\n\n\n<p><strong>F\u00e1cil de mantener<\/strong>: La bandeja para alimentos est\u00e1 pulida con precisi\u00f3n para conseguir un acabado liso y sin juntas, y es apta para el lavavajillas, lo que minimiza el mantenimiento.<\/p>\n<\/div>\n\n\n\n<div class=\"wp-block-column is-layout-flow wp-block-column-is-layout-flow\">\n<figure class=\"wp-block-image size-full\"><img decoding=\"async\" width=\"265\" height=\"206\" src=\"https:\/\/www.billiondaysupplier.com\/wp-content\/uploads\/2025\/08\/wholesale-compartment-food-trays-3.webp\" alt=\"bandejas de comida con compartimentos para mayoristas (3)\" class=\"wp-image-1071\" style=\"aspect-ratio:1;object-fit:cover\" srcset=\"https:\/\/www.billiondaysupplier.com\/wp-content\/uploads\/2025\/08\/wholesale-compartment-food-trays-3.webp 265w, https:\/\/www.billiondaysupplier.com\/wp-content\/uploads\/2025\/08\/wholesale-compartment-food-trays-3-15x12.webp 15w\" sizes=\"(max-width: 265px) 100vw, 265px\" \/><\/figure>\n<\/div>\n<\/div>\n\n\n\n<div class=\"wp-block-columns is-layout-flex wp-container-core-columns-is-layout-9d6595d7 wp-block-columns-is-layout-flex\">\n<div class=\"wp-block-column is-layout-flow wp-block-column-is-layout-flow\">\n<figure class=\"wp-block-image size-full\"><img decoding=\"async\" width=\"788\" height=\"555\" src=\"https:\/\/www.billiondaysupplier.com\/wp-content\/uploads\/2025\/08\/wholesale-compartment-food-trays-4.webp\" alt=\"bandejas de comida con compartimentos para mayoristas (4)\" class=\"wp-image-1072\" style=\"aspect-ratio:1;object-fit:cover\" srcset=\"https:\/\/www.billiondaysupplier.com\/wp-content\/uploads\/2025\/08\/wholesale-compartment-food-trays-4.webp 788w, https:\/\/www.billiondaysupplier.com\/wp-content\/uploads\/2025\/08\/wholesale-compartment-food-trays-4-300x211.webp 300w, https:\/\/www.billiondaysupplier.com\/wp-content\/uploads\/2025\/08\/wholesale-compartment-food-trays-4-768x541.webp 768w, https:\/\/www.billiondaysupplier.com\/wp-content\/uploads\/2025\/08\/wholesale-compartment-food-trays-4-18x12.webp 18w, https:\/\/www.billiondaysupplier.com\/wp-content\/uploads\/2025\/08\/wholesale-compartment-food-trays-4-600x423.webp 600w\" sizes=\"(max-width: 788px) 100vw, 788px\" \/><\/figure>\n<\/div>\n\n\n\n<div class=\"wp-block-column is-layout-flow wp-block-column-is-layout-flow\">\n<figure class=\"wp-block-image size-full\"><img decoding=\"async\" width=\"800\" height=\"800\" src=\"https:\/\/www.billiondaysupplier.com\/wp-content\/uploads\/2025\/08\/wholesale-compartment-food-trays-5.webp\" alt=\"bandejas de comida con compartimentos para mayoristas (5)\" class=\"wp-image-1073\" style=\"aspect-ratio:1;object-fit:cover\" srcset=\"https:\/\/www.billiondaysupplier.com\/wp-content\/uploads\/2025\/08\/wholesale-compartment-food-trays-5.webp 800w, https:\/\/www.billiondaysupplier.com\/wp-content\/uploads\/2025\/08\/wholesale-compartment-food-trays-5-300x300.webp 300w, https:\/\/www.billiondaysupplier.com\/wp-content\/uploads\/2025\/08\/wholesale-compartment-food-trays-5-150x150.webp 150w, https:\/\/www.billiondaysupplier.com\/wp-content\/uploads\/2025\/08\/wholesale-compartment-food-trays-5-768x768.webp 768w, https:\/\/www.billiondaysupplier.com\/wp-content\/uploads\/2025\/08\/wholesale-compartment-food-trays-5-12x12.webp 12w, https:\/\/www.billiondaysupplier.com\/wp-content\/uploads\/2025\/08\/wholesale-compartment-food-trays-5-600x600.webp 600w, https:\/\/www.billiondaysupplier.com\/wp-content\/uploads\/2025\/08\/wholesale-compartment-food-trays-5-100x100.webp 100w\" sizes=\"(max-width: 800px) 100vw, 800px\" \/><\/figure>\n<\/div>\n<\/div>","protected":false},"excerpt":{"rendered":"<p>Bandejas de comida con compartimentos al por mayor, fabricadas en acero inoxidable 304 apto para uso alimentario, con bandejas de 5 compartimentos, perfectas para escuelas, comedores y restaurantes. F\u00e1ciles de limpiar, apilables y dise\u00f1adas para grandes vol\u00famenes. Tama\u00f1os, logotipos y envases personalizados. P\u00f3ngase en contacto con nosotros para precios al por mayor.<\/p>\n<h2>Compartimento Bandejas de comida Par\u00e1metro\uff1a<\/h2>\n<table border=\"0\" width=\"404\" cellspacing=\"0\" cellpadding=\"0\">\n<tbody>\n<tr>\n<td style=\"text-align: left;\" width=\"148\" height=\"24\"><strong>Material<\/strong><\/td>\n<td style=\"text-align: left;\" width=\"256\">Acero inoxidable 201\/304<\/td>\n<\/tr>\n<tr>\n<td style=\"text-align: left;\" width=\"148\" height=\"24\"><strong>Color<\/strong><\/td>\n<td style=\"text-align: left;\" width=\"256\">Plata<\/td>\n<\/tr>\n<tr>\n<td style=\"text-align: left;\" width=\"148\" height=\"24\"><strong>Tapa<\/strong><\/td>\n<td style=\"text-align: left;\" width=\"256\">PP\/Acero<\/td>\n<\/tr>\n<tr>\n<td style=\"text-align: left;\" width=\"148\" height=\"24\"><strong>Talla<\/strong><\/td>\n<td style=\"text-align: left;\" width=\"256\">31*25*2cm<\/td>\n<\/tr>\n<tr>\n<td style=\"text-align: left;\" width=\"148\" height=\"24\"><strong>Peso<\/strong><\/td>\n<td style=\"text-align: left;\" width=\"256\">270g<\/td>\n<\/tr>\n<tr>\n<td style=\"text-align: left;\" height=\"92\"><strong>Caracter\u00edstica<\/strong><\/td>\n<td style=\"text-align: left;\" width=\"256\">1. Compartimentos razonables<br \/>2. Duradero y respetuoso con el medio ambiente<br \/>3. Apilable<\/td>\n<\/tr>\n<tr>\n<td style=\"text-align: left;\" height=\"24\"><strong>Opci\u00f3n personalizada<\/strong><\/td>\n<td style=\"text-align: left;\">Logotipo\/Tama\u00f1o\/Embalaje\/Accesorios<\/td>\n<\/tr>\n<\/tbody>\n<\/table>","protected":false},"featured_media":1166,"comment_status":"closed","ping_status":"closed","template":"","meta":{"_acf_changed":false},"product_brand":[],"product_cat":[24],"product_tag":[],"class_list":{"0":"post-1068","1":"product","2":"type-product","3":"status-publish","4":"has-post-thumbnail","6":"product_cat-bulk-custom-food-tray","8":"first","9":"instock","10":"shipping-taxable","11":"product-type-simple"},"acf":[],"_links":{"self":[{"href":"https:\/\/www.billiondaysupplier.com\/es\/wp-json\/wp\/v2\/product\/1068","targetHints":{"allow":["GET"]}}],"collection":[{"href":"https:\/\/www.billiondaysupplier.com\/es\/wp-json\/wp\/v2\/product"}],"about":[{"href":"https:\/\/www.billiondaysupplier.com\/es\/wp-json\/wp\/v2\/types\/product"}],"replies":[{"embeddable":true,"href":"https:\/\/www.billiondaysupplier.com\/es\/wp-json\/wp\/v2\/comments?post=1068"}],"wp:featuredmedia":[{"embeddable":true,"href":"https:\/\/www.billiondaysupplier.com\/es\/wp-json\/wp\/v2\/media\/1166"}],"wp:attachment":[{"href":"https:\/\/www.billiondaysupplier.com\/es\/wp-json\/wp\/v2\/media?parent=1068"}],"wp:term":[{"taxonomy":"product_brand","embeddable":true,"href":"https:\/\/www.billiondaysupplier.com\/es\/wp-json\/wp\/v2\/product_brand?post=1068"},{"taxonomy":"product_cat","embeddable":true,"href":"https:\/\/www.billiondaysupplier.com\/es\/wp-json\/wp\/v2\/product_cat?post=1068"},{"taxonomy":"product_tag","embeddable":true,"href":"https:\/\/www.billiondaysupplier.com\/es\/wp-json\/wp\/v2\/product_tag?post=1068"}],"curies":[{"name":"wp","href":"https:\/\/api.w.org\/{rel}","templated":true}]}}