{"id":1004,"date":"2025-08-28T01:42:21","date_gmt":"2025-08-28T01:42:21","guid":{"rendered":"https:\/\/www.billiondaysupplier.com\/?post_type=product&#038;p=1004"},"modified":"2025-09-22T01:49:48","modified_gmt":"2025-09-22T01:49:48","slug":"wholesale-cstainless-steel-food-tray","status":"publish","type":"product","link":"https:\/\/www.billiondaysupplier.com\/es\/product\/wholesale-cstainless-steel-food-tray\/","title":{"rendered":"Mayorista Bandeja de Acero Inoxidable para Alimentos, Plato de 3 Compartimentos Kindergarden para Suministro a Granel"},"content":{"rendered":"<div class=\"wp-block-columns is-layout-flex wp-container-core-columns-is-layout-9d6595d7 wp-block-columns-is-layout-flex\">\n<div class=\"wp-block-column is-layout-flow wp-block-column-is-layout-flow\">\n<h2 class=\"wp-block-heading\">Bandeja de comida de acero inoxidable Caracter\u00edsticas:<\/h2>\n\n\n\n<p><strong>Dise\u00f1o pr\u00e1ctico<\/strong>: Su construcci\u00f3n ligera facilita el uso centralizado en guarder\u00edas y escuelas, con un f\u00e1cil manejo para los ni\u00f1os.<\/p>\n\n\n\n<p><strong>Estructura de bandeja poco profunda<\/strong>: 2 cm de altura para comidas s\u00f3lidas o semil\u00edquidas, lo que permite una distribuci\u00f3n r\u00e1pida de la comida y una limpieza centralizada.<\/p>\n\n\n\n<p><strong>Porci\u00f3n a granel eficiente:<\/strong> La disposici\u00f3n en tres compartimentos permite emparejar r\u00e1pidamente los platos principales y las guarniciones, aumentando la eficacia en la distribuci\u00f3n de las comidas.<\/p>\n\n\n\n<p><strong>Materiales de primera calidad<\/strong>: El acero inoxidable de calidad alimentaria garantiza la seguridad, la no toxicidad y la durabilidad.<\/p>\n\n\n\n<p><strong>Compatibilidad con la limpieza comercial<\/strong>: Aptas para lavavajillas y esterilizadores, admiten un uso de alta frecuencia para reducir los costes operativos.<\/p>\n\n\n\n<p><strong>Suministro directo de f\u00e1brica<\/strong>: Ofrece servicios OEM\/ODM con entrega estable a granel para satisfacer las necesidades de adquisici\u00f3n centralizada de gobiernos, instituciones educativas y organizaciones similares.<\/p>\n<\/div>\n\n\n\n<div class=\"wp-block-column is-layout-flow wp-block-column-is-layout-flow\">\n<figure class=\"wp-block-image size-full\"><img decoding=\"async\" width=\"676\" height=\"677\" src=\"https:\/\/www.billiondaysupplier.com\/wp-content\/uploads\/2025\/08\/wholesale-stainless-steel-food-tray2.webp\" alt=\"venta al por mayor de bandejas de acero inoxidable(2)\" class=\"wp-image-1006\" srcset=\"https:\/\/www.billiondaysupplier.com\/wp-content\/uploads\/2025\/08\/wholesale-stainless-steel-food-tray2.webp 676w, https:\/\/www.billiondaysupplier.com\/wp-content\/uploads\/2025\/08\/wholesale-stainless-steel-food-tray2-300x300.webp 300w, https:\/\/www.billiondaysupplier.com\/wp-content\/uploads\/2025\/08\/wholesale-stainless-steel-food-tray2-150x150.webp 150w, https:\/\/www.billiondaysupplier.com\/wp-content\/uploads\/2025\/08\/wholesale-stainless-steel-food-tray2-12x12.webp 12w, https:\/\/www.billiondaysupplier.com\/wp-content\/uploads\/2025\/08\/wholesale-stainless-steel-food-tray2-600x601.webp 600w, https:\/\/www.billiondaysupplier.com\/wp-content\/uploads\/2025\/08\/wholesale-stainless-steel-food-tray2-100x100.webp 100w\" sizes=\"(max-width: 676px) 100vw, 676px\" \/><\/figure>\n<\/div>\n<\/div>\n\n\n\n<div class=\"wp-block-columns is-layout-flex wp-container-core-columns-is-layout-9d6595d7 wp-block-columns-is-layout-flex\">\n<div class=\"wp-block-column is-layout-flow wp-block-column-is-layout-flow\">\n<figure class=\"wp-block-image size-full\"><img decoding=\"async\" width=\"422\" height=\"339\" src=\"https:\/\/www.billiondaysupplier.com\/wp-content\/uploads\/2025\/08\/wholesale-stainless-steel-food-tray1.webp\" alt=\"venta al por mayor de bandejas de acero inoxidable(1)\" class=\"wp-image-1005\" srcset=\"https:\/\/www.billiondaysupplier.com\/wp-content\/uploads\/2025\/08\/wholesale-stainless-steel-food-tray1.webp 422w, https:\/\/www.billiondaysupplier.com\/wp-content\/uploads\/2025\/08\/wholesale-stainless-steel-food-tray1-300x241.webp 300w, https:\/\/www.billiondaysupplier.com\/wp-content\/uploads\/2025\/08\/wholesale-stainless-steel-food-tray1-15x12.webp 15w\" sizes=\"(max-width: 422px) 100vw, 422px\" \/><\/figure>\n<\/div>\n\n\n\n<div class=\"wp-block-column is-layout-flow wp-block-column-is-layout-flow\">\n<figure class=\"wp-block-image size-full\"><img decoding=\"async\" width=\"400\" height=\"400\" src=\"https:\/\/www.billiondaysupplier.com\/wp-content\/uploads\/2025\/08\/wholesale-stainless-steel-food-tray4.webp\" alt=\"venta al por mayor de bandejas de acero inoxidable(4)\" class=\"wp-image-1008\" style=\"aspect-ratio:1;object-fit:cover\" srcset=\"https:\/\/www.billiondaysupplier.com\/wp-content\/uploads\/2025\/08\/wholesale-stainless-steel-food-tray4.webp 400w, https:\/\/www.billiondaysupplier.com\/wp-content\/uploads\/2025\/08\/wholesale-stainless-steel-food-tray4-300x300.webp 300w, https:\/\/www.billiondaysupplier.com\/wp-content\/uploads\/2025\/08\/wholesale-stainless-steel-food-tray4-150x150.webp 150w, https:\/\/www.billiondaysupplier.com\/wp-content\/uploads\/2025\/08\/wholesale-stainless-steel-food-tray4-12x12.webp 12w, https:\/\/www.billiondaysupplier.com\/wp-content\/uploads\/2025\/08\/wholesale-stainless-steel-food-tray4-100x100.webp 100w\" sizes=\"(max-width: 400px) 100vw, 400px\" \/><\/figure>\n<\/div>\n<\/div>","protected":false},"excerpt":{"rendered":"<p>Bienvenido a la venta al por mayor de bandejas de acero inoxidable para alimentos con 3 compartimentos. Dise\u00f1ada para escuelas, guarder\u00edas y comedores. Ligera, f\u00e1cil de limpiar y de tama\u00f1o razonable para catering a gran escala. Personalizaci\u00f3n OEM\/ODM disponible. P\u00f3ngase en contacto con nosotros para solicitar un presupuesto para pedidos al por mayor.<\/p>\n<h2>Par\u00e1metros de la bandeja de acero inoxidable para alimentos\uff1a<\/h2>\n<table border=\"0\" width=\"404\" cellspacing=\"0\" cellpadding=\"0\">\n<tbody>\n<tr>\n<td style=\"text-align: left;\" width=\"148\" height=\"24\"><strong>Material<\/strong><\/td>\n<td style=\"text-align: left;\" width=\"256\">Acero inoxidable 201\/304<\/td>\n<\/tr>\n<tr>\n<td style=\"text-align: left;\" width=\"148\" height=\"24\"><strong>Color<\/strong><\/td>\n<td style=\"text-align: left;\" width=\"256\">Plata<\/td>\n<\/tr>\n<tr>\n<td style=\"text-align: left;\" width=\"148\" height=\"24\"><strong>Tapa<\/strong><\/td>\n<td style=\"text-align: left;\" width=\"256\">PP\/Acero<\/td>\n<\/tr>\n<tr>\n<td style=\"text-align: left;\" width=\"148\" height=\"24\"><strong>Talla<\/strong><\/td>\n<td style=\"text-align: left;\" width=\"256\">25*21*2,5cm<\/td>\n<\/tr>\n<tr>\n<td style=\"text-align: left;\" width=\"148\" height=\"24\"><strong>Peso<\/strong><\/td>\n<td style=\"text-align: left;\" width=\"256\">180g<\/td>\n<\/tr>\n<tr>\n<td style=\"text-align: left;\" height=\"92\"><strong>Caracter\u00edstica<\/strong><\/td>\n<td style=\"text-align: left;\" width=\"256\">1. Compartimentos razonables<br \/>2. Duradero y respetuoso con el medio ambiente<br \/>3. Apilable<\/td>\n<\/tr>\n<tr>\n<td style=\"text-align: left;\" height=\"24\"><strong>Opci\u00f3n personalizada<\/strong><\/td>\n<td style=\"text-align: left;\">Logotipo\/Tama\u00f1o\/Embalaje\/Accesorios<\/td>\n<\/tr>\n<\/tbody>\n<\/table>","protected":false},"featured_media":1165,"comment_status":"closed","ping_status":"closed","template":"","meta":{"_acf_changed":false},"product_brand":[],"product_cat":[24],"product_tag":[],"class_list":{"0":"post-1004","1":"product","2":"type-product","3":"status-publish","4":"has-post-thumbnail","6":"product_cat-bulk-custom-food-tray","8":"first","9":"instock","10":"shipping-taxable","11":"product-type-simple"},"acf":[],"_links":{"self":[{"href":"https:\/\/www.billiondaysupplier.com\/es\/wp-json\/wp\/v2\/product\/1004","targetHints":{"allow":["GET"]}}],"collection":[{"href":"https:\/\/www.billiondaysupplier.com\/es\/wp-json\/wp\/v2\/product"}],"about":[{"href":"https:\/\/www.billiondaysupplier.com\/es\/wp-json\/wp\/v2\/types\/product"}],"replies":[{"embeddable":true,"href":"https:\/\/www.billiondaysupplier.com\/es\/wp-json\/wp\/v2\/comments?post=1004"}],"wp:featuredmedia":[{"embeddable":true,"href":"https:\/\/www.billiondaysupplier.com\/es\/wp-json\/wp\/v2\/media\/1165"}],"wp:attachment":[{"href":"https:\/\/www.billiondaysupplier.com\/es\/wp-json\/wp\/v2\/media?parent=1004"}],"wp:term":[{"taxonomy":"product_brand","embeddable":true,"href":"https:\/\/www.billiondaysupplier.com\/es\/wp-json\/wp\/v2\/product_brand?post=1004"},{"taxonomy":"product_cat","embeddable":true,"href":"https:\/\/www.billiondaysupplier.com\/es\/wp-json\/wp\/v2\/product_cat?post=1004"},{"taxonomy":"product_tag","embeddable":true,"href":"https:\/\/www.billiondaysupplier.com\/es\/wp-json\/wp\/v2\/product_tag?post=1004"}],"curies":[{"name":"wp","href":"https:\/\/api.w.org\/{rel}","templated":true}]}}