{"id":993,"date":"2025-08-27T10:57:19","date_gmt":"2025-08-27T10:57:19","guid":{"rendered":"https:\/\/www.billiondaysupplier.com\/?post_type=product&#038;p=993"},"modified":"2025-08-29T09:09:30","modified_gmt":"2025-08-29T09:09:30","slug":"bulk-mixing-bowls","status":"publish","type":"product","link":"https:\/\/www.billiondaysupplier.com\/de\/product\/bulk-mixing-bowls\/","title":{"rendered":"Bulk R\u00fchrsch\u00fcsseln Edelstahl, neue koreanische Multi-Size-Kochsch\u00fcssel Silber Gold Custom"},"content":{"rendered":"<div class=\"wp-block-columns is-layout-flex wp-container-core-columns-is-layout-9d6595d7 wp-block-columns-is-layout-flex\">\n<div class=\"wp-block-column is-layout-flow wp-block-column-is-layout-flow\">\n<h2 class=\"wp-block-heading\">Bulk-Mischschalen Merkmale:<\/h2>\n\n\n\n<p><strong>Hochwertiger rostfreier Stahl<\/strong>: Hergestellt aus lebensmittelechtem Edelstahl, der Sicherheit, Langlebigkeit, Korrosionsbest\u00e4ndigkeit, Oxidationsbest\u00e4ndigkeit und Rostschutz f\u00fcr eine dauerhafte Leistung gew\u00e4hrleistet, die f\u00fcr den h\u00e4ufigen gewerblichen Einsatz geeignet ist.<\/p>\n\n\n\n<p><strong>Mehrere Gr\u00f6\u00dfen verf\u00fcgbar<\/strong>: Das Angebot reicht von Salatsch\u00fcsseln f\u00fcr einzelne Mahlzeiten bis hin zu gro\u00dfen Sch\u00fcsseln zum Kochen und Mischen von Zutaten und deckt damit die unterschiedlichsten Bed\u00fcrfnisse der Gastronomie ab.<\/p>\n\n\n\n<p><strong>Reiche Farbauswahl<\/strong>: Erh\u00e4ltlich in mehreren stilvollen Farben, die Funktionalit\u00e4t mit \u00c4sthetik verbinden und das visuelle Gesamterlebnis von Gastronomiebetrieben verbessern.<\/p>\n\n\n\n<p><strong>Vielseitige Funktionalit\u00e4t<\/strong>: Ideal zum Mixen von Salaten, P\u00fcrieren von Teig, Marinieren von Zutaten, Zubereiten von Desserts, Kochen und K\u00fchlen von Lebensmitteln.<\/p>\n\n\n\n<p><strong>Leicht zu reinigen<\/strong>: Glatte Innenw\u00e4nde minimieren Lebensmittelr\u00fcckst\u00e4nde, vereinfachen die Reinigung und reduzieren die Wartungszeit f\u00fcr einen effizienten Betrieb.<\/p>\n\n\n\n<p><strong>Raffinierte praktische Details<\/strong>: Abgerundete Kanten sorgen f\u00fcr Sicherheit, und rutschfeste B\u00f6den verhindern ein Versch\u00fctten bei h\u00e4ufigem Gebrauch in der Gro\u00dfk\u00fcche.<\/p>\n<\/div>\n\n\n\n<div class=\"wp-block-column is-layout-flow wp-block-column-is-layout-flow\">\n<figure class=\"wp-block-image size-full\"><img decoding=\"async\" width=\"1772\" height=\"1772\" src=\"https:\/\/www.billiondaysupplier.com\/wp-content\/uploads\/2025\/08\/bulk-mixing-bowls-5.webp\" alt=\"Sch\u00fcsseln zum Anr\u00fchren (5)\" class=\"wp-image-1029\" srcset=\"https:\/\/www.billiondaysupplier.com\/wp-content\/uploads\/2025\/08\/bulk-mixing-bowls-5.webp 1772w, https:\/\/www.billiondaysupplier.com\/wp-content\/uploads\/2025\/08\/bulk-mixing-bowls-5-300x300.webp 300w, https:\/\/www.billiondaysupplier.com\/wp-content\/uploads\/2025\/08\/bulk-mixing-bowls-5-150x150.webp 150w, https:\/\/www.billiondaysupplier.com\/wp-content\/uploads\/2025\/08\/bulk-mixing-bowls-5-768x768.webp 768w, https:\/\/www.billiondaysupplier.com\/wp-content\/uploads\/2025\/08\/bulk-mixing-bowls-5-12x12.webp 12w, https:\/\/www.billiondaysupplier.com\/wp-content\/uploads\/2025\/08\/bulk-mixing-bowls-5-1200x1200.webp 1200w, https:\/\/www.billiondaysupplier.com\/wp-content\/uploads\/2025\/08\/bulk-mixing-bowls-5-600x600.webp 600w, https:\/\/www.billiondaysupplier.com\/wp-content\/uploads\/2025\/08\/bulk-mixing-bowls-5-100x100.webp 100w\" sizes=\"(max-width: 1772px) 100vw, 1772px\" \/><\/figure>\n<\/div>\n<\/div>\n\n\n\n<div class=\"wp-block-columns is-layout-flex wp-container-core-columns-is-layout-9d6595d7 wp-block-columns-is-layout-flex\">\n<div class=\"wp-block-column is-layout-flow wp-block-column-is-layout-flow\">\n<figure class=\"wp-block-image size-full\"><img decoding=\"async\" width=\"1772\" height=\"1772\" src=\"https:\/\/www.billiondaysupplier.com\/wp-content\/uploads\/2025\/08\/bulk-mixing-bowls-2.webp\" alt=\"Sch\u00fcsseln zum Anr\u00fchren (2)\" class=\"wp-image-1026\" srcset=\"https:\/\/www.billiondaysupplier.com\/wp-content\/uploads\/2025\/08\/bulk-mixing-bowls-2.webp 1772w, https:\/\/www.billiondaysupplier.com\/wp-content\/uploads\/2025\/08\/bulk-mixing-bowls-2-300x300.webp 300w, https:\/\/www.billiondaysupplier.com\/wp-content\/uploads\/2025\/08\/bulk-mixing-bowls-2-150x150.webp 150w, https:\/\/www.billiondaysupplier.com\/wp-content\/uploads\/2025\/08\/bulk-mixing-bowls-2-768x768.webp 768w, https:\/\/www.billiondaysupplier.com\/wp-content\/uploads\/2025\/08\/bulk-mixing-bowls-2-12x12.webp 12w, https:\/\/www.billiondaysupplier.com\/wp-content\/uploads\/2025\/08\/bulk-mixing-bowls-2-1200x1200.webp 1200w, https:\/\/www.billiondaysupplier.com\/wp-content\/uploads\/2025\/08\/bulk-mixing-bowls-2-600x600.webp 600w, https:\/\/www.billiondaysupplier.com\/wp-content\/uploads\/2025\/08\/bulk-mixing-bowls-2-100x100.webp 100w\" sizes=\"(max-width: 1772px) 100vw, 1772px\" \/><\/figure>\n<\/div>\n\n\n\n<div class=\"wp-block-column is-layout-flow wp-block-column-is-layout-flow\">\n<figure class=\"wp-block-image size-full\"><img decoding=\"async\" width=\"1772\" height=\"1772\" src=\"https:\/\/www.billiondaysupplier.com\/wp-content\/uploads\/2025\/08\/bulk-mixing-bowls-3.webp\" alt=\"Sch\u00fcsseln zum Anr\u00fchren (3)\" class=\"wp-image-1027\" srcset=\"https:\/\/www.billiondaysupplier.com\/wp-content\/uploads\/2025\/08\/bulk-mixing-bowls-3.webp 1772w, https:\/\/www.billiondaysupplier.com\/wp-content\/uploads\/2025\/08\/bulk-mixing-bowls-3-300x300.webp 300w, https:\/\/www.billiondaysupplier.com\/wp-content\/uploads\/2025\/08\/bulk-mixing-bowls-3-150x150.webp 150w, https:\/\/www.billiondaysupplier.com\/wp-content\/uploads\/2025\/08\/bulk-mixing-bowls-3-768x768.webp 768w, https:\/\/www.billiondaysupplier.com\/wp-content\/uploads\/2025\/08\/bulk-mixing-bowls-3-12x12.webp 12w, https:\/\/www.billiondaysupplier.com\/wp-content\/uploads\/2025\/08\/bulk-mixing-bowls-3-1200x1200.webp 1200w, https:\/\/www.billiondaysupplier.com\/wp-content\/uploads\/2025\/08\/bulk-mixing-bowls-3-600x600.webp 600w, https:\/\/www.billiondaysupplier.com\/wp-content\/uploads\/2025\/08\/bulk-mixing-bowls-3-100x100.webp 100w\" sizes=\"(max-width: 1772px) 100vw, 1772px\" \/><\/figure>\n<\/div>\n<\/div>","protected":false},"excerpt":{"rendered":"<p>Bulk R\u00fchrsch\u00fcsseln, es verwenden Lebensmittel-Edelstahl, in verschiedenen Gr\u00f6\u00dfen und Farben, langlebig, stilvoll, sicher und leicht zu reinigen, die ideal f\u00fcr Restaurants, Caf\u00e9s und K\u00fcche Gro\u00dfhandel verwenden ist. Fabrik direkt Gro\u00dfhandel mit Anpassungsm\u00f6glichkeiten zur Verf\u00fcgung.  Willkommen bei uns f\u00fcr Gro\u00dfhandelspreise und kundenspezifische Dienstleistungen zu kontaktieren!<\/p>\n<h2>Sch\u00fcttgut-Mischbecher Parameter\uff1a<\/h2>\n<table border=\"0\" width=\"404\" cellspacing=\"0\" cellpadding=\"0\">\n<tbody>\n<tr>\n<td style=\"text-align: left;\" width=\"148\" height=\"24\"><strong>Material<\/strong><\/td>\n<td style=\"text-align: left;\" width=\"256\">Rostfreier Stahl 201<\/td>\n<\/tr>\n<tr>\n<td style=\"text-align: left;\" height=\"69\"><strong>Farbe<\/strong><\/td>\n<td style=\"text-align: left;\" width=\"256\">Silber\/Gold\/Gelb\/Wei\u00df<\/td>\n<\/tr>\n<tr>\n<td style=\"text-align: left;\" height=\"69\"><strong>Anmeldung<\/strong><\/td>\n<td style=\"text-align: left;\" width=\"256\">Umr\u00fchren, Salat mischen, Teig kneten, So\u00dfen zubereiten, Zutaten servieren<\/td>\n<\/tr>\n<tr>\n<td style=\"text-align: left;\" height=\"69\"><strong>Occasin<\/strong><\/td>\n<td style=\"text-align: left;\" width=\"256\">Heimk\u00fcchen, Cafeterias, B\u00e4ckereien, Gro\u00dfk\u00fcchen, Buffets und Camping.<\/td>\n<\/tr>\n<tr>\n<td style=\"text-align: left;\" height=\"92\"><strong>Merkmal<\/strong><\/td>\n<td style=\"text-align: left;\" width=\"256\">1. Leicht zu reinigen<br \/>2. Dauerhaft<\/td>\n<\/tr>\n<tr>\n<td style=\"text-align: left;\" height=\"24\"><strong>Kundenspezifische Option<\/strong><\/td>\n<td style=\"text-align: left;\">Logo\/Deckel\/Verpackung\/Zubeh\u00f6r<\/td>\n<\/tr>\n<\/tbody>\n<\/table>","protected":false},"featured_media":1025,"comment_status":"closed","ping_status":"closed","template":"","meta":{"_acf_changed":false},"product_brand":[],"product_cat":[25],"product_tag":[],"class_list":{"0":"post-993","1":"product","2":"type-product","3":"status-publish","4":"has-post-thumbnail","6":"product_cat-bulk-custom-mixing-bowls","8":"first","9":"instock","10":"shipping-taxable","11":"product-type-simple"},"acf":[],"_links":{"self":[{"href":"https:\/\/www.billiondaysupplier.com\/de\/wp-json\/wp\/v2\/product\/993","targetHints":{"allow":["GET"]}}],"collection":[{"href":"https:\/\/www.billiondaysupplier.com\/de\/wp-json\/wp\/v2\/product"}],"about":[{"href":"https:\/\/www.billiondaysupplier.com\/de\/wp-json\/wp\/v2\/types\/product"}],"replies":[{"embeddable":true,"href":"https:\/\/www.billiondaysupplier.com\/de\/wp-json\/wp\/v2\/comments?post=993"}],"wp:featuredmedia":[{"embeddable":true,"href":"https:\/\/www.billiondaysupplier.com\/de\/wp-json\/wp\/v2\/media\/1025"}],"wp:attachment":[{"href":"https:\/\/www.billiondaysupplier.com\/de\/wp-json\/wp\/v2\/media?parent=993"}],"wp:term":[{"taxonomy":"product_brand","embeddable":true,"href":"https:\/\/www.billiondaysupplier.com\/de\/wp-json\/wp\/v2\/product_brand?post=993"},{"taxonomy":"product_cat","embeddable":true,"href":"https:\/\/www.billiondaysupplier.com\/de\/wp-json\/wp\/v2\/product_cat?post=993"},{"taxonomy":"product_tag","embeddable":true,"href":"https:\/\/www.billiondaysupplier.com\/de\/wp-json\/wp\/v2\/product_tag?post=993"}],"curies":[{"name":"wp","href":"https:\/\/api.w.org\/{rel}","templated":true}]}}