{"id":992,"date":"2025-08-27T10:55:11","date_gmt":"2025-08-27T10:55:11","guid":{"rendered":"https:\/\/www.billiondaysupplier.com\/?post_type=product&#038;p=992"},"modified":"2025-10-18T12:02:42","modified_gmt":"2025-10-18T12:02:42","slug":"wholesale-stainless-steel-rectangular-food-tray","status":"publish","type":"product","link":"https:\/\/www.billiondaysupplier.com\/de\/product\/wholesale-stainless-steel-rectangular-food-tray\/","title":{"rendered":"Gro\u00dfhandel Edelstahl rechteckige Lebensmittel-Tablett, Multi-Size Square Plate Set f\u00fcr B\u00e4ckerei benutzerdefinierte"},"content":{"rendered":"<div class=\"wp-block-columns is-layout-flex wp-container-core-columns-is-layout-9d6595d7 wp-block-columns-is-layout-flex\">\n<div class=\"wp-block-column is-layout-flow wp-block-column-is-layout-flow\">\n<h2 class=\"wp-block-heading\">Edelstahl Rechteckiges Tablett f\u00fcr Lebensmittel Merkmale:<\/h2>\n\n\n\n<p><strong>Premium-Edelstahl-Material<\/strong>: Hergestellt aus lebensmittelechtem Edelstahl, der Langlebigkeit, Rostbest\u00e4ndigkeit und Korrosionsschutz f\u00fcr den h\u00e4ufigen gewerblichen Einsatz gew\u00e4hrleistet.<\/p>\n\n\n\n<p><strong>Multi-Size Stackable Set:<\/strong> Die verschiedenen Abmessungen lassen sich f\u00fcr die Lagerung sauber stapeln und bieten Platz f\u00fcr unterschiedliche Zutaten und Szenarien, w\u00e4hrend sie die Effizienz der Lagerung und des Transports optimieren.<\/p>\n\n\n\n<p><strong>Verst\u00e4rkte Konstruktion<\/strong>: Erh\u00f6hte Tragf\u00e4higkeit und Verformungsbest\u00e4ndigkeit, geeignet f\u00fcr Gro\u00dfk\u00fcchenanwendungen.<\/p>\n\n\n\n<p><strong>Flachboden-Design:<\/strong> Sorgt f\u00fcr eine gleichm\u00e4\u00dfige W\u00e4rmeverteilung, ideal zum Servieren, Backen, K\u00fchlen oder Ausstellen von Speisen, vielseitig und flexibel.<\/p>\n\n\n\n<p><strong>Gerollte Kante Handwerkskunst<\/strong>: Glatte, abgerundete Ecken verhindern Kratzer und erh\u00f6hen die Sicherheit und den Komfort bei der Benutzung.<\/p>\n\n\n\n<p><strong>Einfache Reinigung und Wartung<\/strong>: Die glatte, spiegelnde Oberfl\u00e4che ist resistent gegen Fettflecken und sp\u00fclmaschinenfest f\u00fcr den gewerblichen Gebrauch.<\/p>\n\n\n\n<p><strong>Breite Palette von Anwendungen<\/strong>: Geeignet f\u00fcr Restaurantketten, Hotels, B\u00e4ckereien, Schulkantinen, Lebensmittelverarbeitungsbetriebe und Gro\u00dfm\u00e4rkte.<\/p>\n<\/div>\n\n\n\n<div class=\"wp-block-column is-layout-flow wp-block-column-is-layout-flow\">\n<figure class=\"wp-block-image size-full\"><img decoding=\"async\" width=\"720\" height=\"720\" src=\"https:\/\/www.billiondaysupplier.com\/wp-content\/uploads\/2025\/08\/Wholesale-Stainless-Steel-Rectangular-Food-Tray-6.webp\" alt=\"Gro\u00dfhandel Edelstahl Rechteckige Lebensmittel Tablett (6)\" class=\"wp-image-1016\" srcset=\"https:\/\/www.billiondaysupplier.com\/wp-content\/uploads\/2025\/08\/Wholesale-Stainless-Steel-Rectangular-Food-Tray-6.webp 720w, https:\/\/www.billiondaysupplier.com\/wp-content\/uploads\/2025\/08\/Wholesale-Stainless-Steel-Rectangular-Food-Tray-6-300x300.webp 300w, https:\/\/www.billiondaysupplier.com\/wp-content\/uploads\/2025\/08\/Wholesale-Stainless-Steel-Rectangular-Food-Tray-6-150x150.webp 150w, https:\/\/www.billiondaysupplier.com\/wp-content\/uploads\/2025\/08\/Wholesale-Stainless-Steel-Rectangular-Food-Tray-6-12x12.webp 12w, https:\/\/www.billiondaysupplier.com\/wp-content\/uploads\/2025\/08\/Wholesale-Stainless-Steel-Rectangular-Food-Tray-6-600x600.webp 600w, https:\/\/www.billiondaysupplier.com\/wp-content\/uploads\/2025\/08\/Wholesale-Stainless-Steel-Rectangular-Food-Tray-6-100x100.webp 100w\" sizes=\"(max-width: 720px) 100vw, 720px\" \/><\/figure>\n<\/div>\n<\/div>\n\n\n\n<div class=\"wp-block-columns is-layout-flex wp-container-core-columns-is-layout-9d6595d7 wp-block-columns-is-layout-flex\">\n<div class=\"wp-block-column is-layout-flow wp-block-column-is-layout-flow\">\n<figure class=\"wp-block-image size-full\"><img decoding=\"async\" width=\"720\" height=\"720\" src=\"https:\/\/www.billiondaysupplier.com\/wp-content\/uploads\/2025\/08\/Wholesale-Stainless-Steel-Rectangular-Food-Tray-4.webp\" alt=\"Gro\u00dfhandel Edelstahl rechteckige Lebensmittel Tablett (4)\" class=\"wp-image-1014\" srcset=\"https:\/\/www.billiondaysupplier.com\/wp-content\/uploads\/2025\/08\/Wholesale-Stainless-Steel-Rectangular-Food-Tray-4.webp 720w, https:\/\/www.billiondaysupplier.com\/wp-content\/uploads\/2025\/08\/Wholesale-Stainless-Steel-Rectangular-Food-Tray-4-300x300.webp 300w, https:\/\/www.billiondaysupplier.com\/wp-content\/uploads\/2025\/08\/Wholesale-Stainless-Steel-Rectangular-Food-Tray-4-150x150.webp 150w, https:\/\/www.billiondaysupplier.com\/wp-content\/uploads\/2025\/08\/Wholesale-Stainless-Steel-Rectangular-Food-Tray-4-12x12.webp 12w, https:\/\/www.billiondaysupplier.com\/wp-content\/uploads\/2025\/08\/Wholesale-Stainless-Steel-Rectangular-Food-Tray-4-600x600.webp 600w, https:\/\/www.billiondaysupplier.com\/wp-content\/uploads\/2025\/08\/Wholesale-Stainless-Steel-Rectangular-Food-Tray-4-100x100.webp 100w\" sizes=\"(max-width: 720px) 100vw, 720px\" \/><\/figure>\n<\/div>\n\n\n\n<div class=\"wp-block-column is-layout-flow wp-block-column-is-layout-flow\">\n<figure class=\"wp-block-image size-full\"><img decoding=\"async\" width=\"720\" height=\"720\" src=\"https:\/\/www.billiondaysupplier.com\/wp-content\/uploads\/2025\/08\/Wholesale-Stainless-Steel-Rectangular-Food-Tray-3.webp\" alt=\"Gro\u00dfhandel Edelstahl rechteckige Lebensmittel Tablett (3)\" class=\"wp-image-1013\" srcset=\"https:\/\/www.billiondaysupplier.com\/wp-content\/uploads\/2025\/08\/Wholesale-Stainless-Steel-Rectangular-Food-Tray-3.webp 720w, https:\/\/www.billiondaysupplier.com\/wp-content\/uploads\/2025\/08\/Wholesale-Stainless-Steel-Rectangular-Food-Tray-3-300x300.webp 300w, https:\/\/www.billiondaysupplier.com\/wp-content\/uploads\/2025\/08\/Wholesale-Stainless-Steel-Rectangular-Food-Tray-3-150x150.webp 150w, https:\/\/www.billiondaysupplier.com\/wp-content\/uploads\/2025\/08\/Wholesale-Stainless-Steel-Rectangular-Food-Tray-3-12x12.webp 12w, https:\/\/www.billiondaysupplier.com\/wp-content\/uploads\/2025\/08\/Wholesale-Stainless-Steel-Rectangular-Food-Tray-3-600x600.webp 600w, https:\/\/www.billiondaysupplier.com\/wp-content\/uploads\/2025\/08\/Wholesale-Stainless-Steel-Rectangular-Food-Tray-3-100x100.webp 100w\" sizes=\"(max-width: 720px) 100vw, 720px\" \/><\/figure>\n<\/div>\n<\/div>","protected":false},"excerpt":{"rendered":"<p>Edelstahl-Gro\u00dfhandelssets f\u00fcr rechteckige Lebensmittelschalen f\u00fcr B\u00e4ckereien, Restaurants, Superm\u00e4rkte und Catering. Stapelbar, langlebig und leicht zu reinigen, perfekt zum Servieren, Backen oder Aufbewahren von Lebensmitteln. OEM\/ODM-Anpassung mit Logo. Kontaktieren Sie uns jetzt f\u00fcr Fabrikpreise!<\/p>\n<h2>Parameter\uff1a Rechteckige Lebensmittelschale aus Edelstahl<\/h2>\n<table border=\"0\" width=\"404\" cellspacing=\"0\" cellpadding=\"0\">\n<tbody>\n<tr>\n<td style=\"text-align: left;\" width=\"148\" height=\"24\"><strong>Material<\/strong><\/td>\n<td style=\"text-align: left;\" width=\"256\">Rostfreier Stahl 201\/304<\/td>\n<\/tr>\n<tr>\n<td style=\"text-align: left;\" height=\"92\"><strong>Merkmal<\/strong><\/td>\n<td style=\"text-align: left;\" width=\"256\">1. Angemessene F\u00e4cher<br \/>2. Langlebig und umweltfreundlich<br \/>3. Stapelbar<\/td>\n<\/tr>\n<tr>\n<td style=\"text-align: left;\" height=\"24\"><strong>Kundenspezifische Option<\/strong><\/td>\n<td style=\"text-align: left;\">Logo\/Gr\u00f6\u00dfe\/Verpackung\/Zubeh\u00f6r<\/td>\n<\/tr>\n<\/tbody>\n<\/table>","protected":false},"featured_media":1011,"comment_status":"closed","ping_status":"closed","template":"","meta":{"_acf_changed":true},"product_brand":[],"product_cat":[24],"product_tag":[],"class_list":{"0":"post-992","1":"product","2":"type-product","3":"status-publish","4":"has-post-thumbnail","6":"product_cat-bulk-custom-food-tray","8":"first","9":"instock","10":"shipping-taxable","11":"product-type-simple"},"acf":[],"_links":{"self":[{"href":"https:\/\/www.billiondaysupplier.com\/de\/wp-json\/wp\/v2\/product\/992","targetHints":{"allow":["GET"]}}],"collection":[{"href":"https:\/\/www.billiondaysupplier.com\/de\/wp-json\/wp\/v2\/product"}],"about":[{"href":"https:\/\/www.billiondaysupplier.com\/de\/wp-json\/wp\/v2\/types\/product"}],"replies":[{"embeddable":true,"href":"https:\/\/www.billiondaysupplier.com\/de\/wp-json\/wp\/v2\/comments?post=992"}],"wp:featuredmedia":[{"embeddable":true,"href":"https:\/\/www.billiondaysupplier.com\/de\/wp-json\/wp\/v2\/media\/1011"}],"wp:attachment":[{"href":"https:\/\/www.billiondaysupplier.com\/de\/wp-json\/wp\/v2\/media?parent=992"}],"wp:term":[{"taxonomy":"product_brand","embeddable":true,"href":"https:\/\/www.billiondaysupplier.com\/de\/wp-json\/wp\/v2\/product_brand?post=992"},{"taxonomy":"product_cat","embeddable":true,"href":"https:\/\/www.billiondaysupplier.com\/de\/wp-json\/wp\/v2\/product_cat?post=992"},{"taxonomy":"product_tag","embeddable":true,"href":"https:\/\/www.billiondaysupplier.com\/de\/wp-json\/wp\/v2\/product_tag?post=992"}],"curies":[{"name":"wp","href":"https:\/\/api.w.org\/{rel}","templated":true}]}}