{"id":991,"date":"2025-08-27T10:39:57","date_gmt":"2025-08-27T10:39:57","guid":{"rendered":"https:\/\/www.billiondaysupplier.com\/?post_type=product&#038;p=991"},"modified":"2025-08-29T09:14:58","modified_gmt":"2025-08-29T09:14:58","slug":"wholesale-childrens-food-tray","status":"publish","type":"product","link":"https:\/\/www.billiondaysupplier.com\/de\/product\/wholesale-childrens-food-tray\/","title":{"rendered":"Gro\u00dfhandel Kinder Essen Tablett, Edelstahl 3-Fach Abendessen Teller Affe Gesicht Form in Bulk"},"content":{"rendered":"<div class=\"wp-block-columns is-layout-flex wp-container-core-columns-is-layout-9d6595d7 wp-block-columns-is-layout-flex\">\n<div class=\"wp-block-column is-layout-flow wp-block-column-is-layout-flow\">\n<h2 class=\"wp-block-heading\">Essenstablett f\u00fcr Kinder Merkmale:<\/h2>\n\n\n\n<p><strong>Lebensmittelgeeigneter Edelstahl<\/strong>: Hergestellt aus hochwertigem Edelstahl, ist es sicher und ungiftig, rostfrei und langlebig und entspricht den internationalen Sicherheitsstandards f\u00fcr Besteck.<\/p>\n\n\n\n<p><strong>Fun Shape Design<\/strong>: Die Form des Smiley-Affens verbessert das Essenserlebnis der Kinder und wird von Kinderg\u00e4rten, Schulen und Mutter-Kind-Kan\u00e4len sehr gesch\u00e4tzt.<\/p>\n\n\n\n<p><strong>Wissenschaftliche Kompartimentierung<\/strong>: Das dreiteilige Design verhindert die \u00dcbertragung von Aromen, erleichtert eine ausgewogene Portionierung und unterst\u00fctzt die Planung nahrhafter Mahlzeiten f\u00fcr Kinder.<\/p>\n\n\n\n<p><strong>Vertiefte und verst\u00e4rkte Konstruktion<\/strong>: Anpassbar mit tieferen F\u00e4chern f\u00fcr eine h\u00f6here Kapazit\u00e4t, um verschiedene Nutzungsszenarien zu erm\u00f6glichen.<\/p>\n\n\n\n<p><strong>Flexible Massenanpassung<\/strong>: Wir bieten OEM\/ODM-Dienstleistungen an, einschlie\u00dflich lasergravierter Logos, kundenspezifischer Verpackungen und ma\u00dfgeschneiderter Spezifikationen usw.<\/p>\n\n\n\n<p><strong>Vielseitige Anwendungen<\/strong>: Ideal f\u00fcr Schulkantinen, Kinderg\u00e4rten, Gro\u00dfh\u00e4ndler f\u00fcr Babyartikel, Restaurantketten und Geschenkartikelkan\u00e4le.<\/p>\n\n\n\n<p><strong>Leicht zu reinigen:<\/strong> Die glatte Oberfl\u00e4che widersteht Fettablagerungen und ist sp\u00fclmaschinenfest.<\/p>\n<\/div>\n\n\n\n<div class=\"wp-block-column is-layout-flow wp-block-column-is-layout-flow\">\n<figure class=\"wp-block-image size-full\"><img decoding=\"async\" width=\"800\" height=\"800\" src=\"https:\/\/www.billiondaysupplier.com\/wp-content\/uploads\/2025\/08\/wholesale-childrens-food-tray-5.webp\" alt=\"Gro\u00dfhandel Kinder Essen Tablett (5)\" class=\"wp-image-1003\" srcset=\"https:\/\/www.billiondaysupplier.com\/wp-content\/uploads\/2025\/08\/wholesale-childrens-food-tray-5.webp 800w, https:\/\/www.billiondaysupplier.com\/wp-content\/uploads\/2025\/08\/wholesale-childrens-food-tray-5-300x300.webp 300w, https:\/\/www.billiondaysupplier.com\/wp-content\/uploads\/2025\/08\/wholesale-childrens-food-tray-5-150x150.webp 150w, https:\/\/www.billiondaysupplier.com\/wp-content\/uploads\/2025\/08\/wholesale-childrens-food-tray-5-768x768.webp 768w, https:\/\/www.billiondaysupplier.com\/wp-content\/uploads\/2025\/08\/wholesale-childrens-food-tray-5-12x12.webp 12w, https:\/\/www.billiondaysupplier.com\/wp-content\/uploads\/2025\/08\/wholesale-childrens-food-tray-5-600x600.webp 600w, https:\/\/www.billiondaysupplier.com\/wp-content\/uploads\/2025\/08\/wholesale-childrens-food-tray-5-100x100.webp 100w\" sizes=\"(max-width: 800px) 100vw, 800px\" \/><\/figure>\n<\/div>\n<\/div>\n\n\n\n<div class=\"wp-block-columns is-layout-flex wp-container-core-columns-is-layout-9d6595d7 wp-block-columns-is-layout-flex\">\n<div class=\"wp-block-column is-layout-flow wp-block-column-is-layout-flow\">\n<figure class=\"wp-block-image size-full\"><img decoding=\"async\" width=\"1907\" height=\"1720\" src=\"https:\/\/www.billiondaysupplier.com\/wp-content\/uploads\/2025\/08\/wholesale-childrens-food-tray-4.webp\" alt=\"Gro\u00dfhandel Kinder Essen Tablett (4)\" class=\"wp-image-1002\" style=\"aspect-ratio:1;object-fit:cover\" srcset=\"https:\/\/www.billiondaysupplier.com\/wp-content\/uploads\/2025\/08\/wholesale-childrens-food-tray-4.webp 1907w, https:\/\/www.billiondaysupplier.com\/wp-content\/uploads\/2025\/08\/wholesale-childrens-food-tray-4-300x271.webp 300w, https:\/\/www.billiondaysupplier.com\/wp-content\/uploads\/2025\/08\/wholesale-childrens-food-tray-4-768x693.webp 768w, https:\/\/www.billiondaysupplier.com\/wp-content\/uploads\/2025\/08\/wholesale-childrens-food-tray-4-13x12.webp 13w, https:\/\/www.billiondaysupplier.com\/wp-content\/uploads\/2025\/08\/wholesale-childrens-food-tray-4-1200x1082.webp 1200w, https:\/\/www.billiondaysupplier.com\/wp-content\/uploads\/2025\/08\/wholesale-childrens-food-tray-4-600x541.webp 600w\" sizes=\"(max-width: 1907px) 100vw, 1907px\" \/><\/figure>\n<\/div>\n\n\n\n<div class=\"wp-block-column is-layout-flow wp-block-column-is-layout-flow\">\n<figure class=\"wp-block-image size-full\"><img decoding=\"async\" width=\"789\" height=\"638\" src=\"https:\/\/www.billiondaysupplier.com\/wp-content\/uploads\/2025\/08\/wholesale-childrens-food-tray-3.webp\" alt=\"Gro\u00dfhandel Kinder Essen Tablett (3)\" class=\"wp-image-1001\" style=\"aspect-ratio:1;object-fit:cover\" srcset=\"https:\/\/www.billiondaysupplier.com\/wp-content\/uploads\/2025\/08\/wholesale-childrens-food-tray-3.webp 789w, https:\/\/www.billiondaysupplier.com\/wp-content\/uploads\/2025\/08\/wholesale-childrens-food-tray-3-300x243.webp 300w, https:\/\/www.billiondaysupplier.com\/wp-content\/uploads\/2025\/08\/wholesale-childrens-food-tray-3-768x621.webp 768w, https:\/\/www.billiondaysupplier.com\/wp-content\/uploads\/2025\/08\/wholesale-childrens-food-tray-3-15x12.webp 15w, https:\/\/www.billiondaysupplier.com\/wp-content\/uploads\/2025\/08\/wholesale-childrens-food-tray-3-600x485.webp 600w\" sizes=\"(max-width: 789px) 100vw, 789px\" \/><\/figure>\n<\/div>\n<\/div>","protected":false},"excerpt":{"rendered":"<p>Gro\u00dfhandel Kinder Essen Tablett aus Edelstahl in Spa\u00df Affe Design mit 3 F\u00e4chern. Sicher, langlebig und anpassbar mit OEM\/ODM-Optionen. Ideal f\u00fcr Schulen, Kinderg\u00e4rten, Catering und Gro\u00dfh\u00e4ndler. Kontaktieren Sie uns f\u00fcr Gro\u00dfbestellungspreise und Muster!<\/p>\n<h2>Parameter\uff1a Essenstablett f\u00fcr Kinder<\/h2>\n<table border=\"0\" width=\"404\" cellspacing=\"0\" cellpadding=\"0\">\n<tbody>\n<tr>\n<td style=\"text-align: left;\" width=\"148\" height=\"24\"><strong>Material<\/strong><\/td>\n<td style=\"text-align: left;\" width=\"256\">Rostfreier Stahl 304<\/td>\n<\/tr>\n<tr>\n<td style=\"text-align: left;\" width=\"148\" height=\"24\"><strong>Farbe<\/strong><\/td>\n<td style=\"text-align: left;\" width=\"256\">Silber<\/td>\n<\/tr>\n<tr>\n<td style=\"text-align: left;\" width=\"148\" height=\"24\"><strong>Deckel<\/strong><\/td>\n<td style=\"text-align: left;\" width=\"256\">PP\/Stahl<\/td>\n<\/tr>\n<tr>\n<td style=\"text-align: left;\" width=\"148\" height=\"24\"><strong>Gr\u00f6\u00dfe<\/strong><\/td>\n<td style=\"text-align: left;\" width=\"256\">23,5*20*4cm<\/td>\n<\/tr>\n<tr>\n<td style=\"text-align: left;\" width=\"148\" height=\"24\"><strong>Gewicht<\/strong><\/td>\n<td style=\"text-align: left;\" width=\"256\">150g<\/td>\n<\/tr>\n<tr>\n<td style=\"text-align: left;\" height=\"92\"><strong>Merkmal<\/strong><\/td>\n<td style=\"text-align: left;\" width=\"256\">1. Angemessene F\u00e4cher<br \/>2. Langlebig und umweltfreundlich<br \/>3. Stapelbar<\/td>\n<\/tr>\n<tr>\n<td style=\"text-align: left;\" height=\"24\"><strong>Kundenspezifische Option<\/strong><\/td>\n<td style=\"text-align: left;\">Logo\/Gr\u00f6\u00dfe\/Verpackung\/Zubeh\u00f6r<\/td>\n<\/tr>\n<\/tbody>\n<\/table>","protected":false},"featured_media":999,"comment_status":"closed","ping_status":"closed","template":"","meta":{"_acf_changed":false},"product_brand":[],"product_cat":[24],"product_tag":[],"class_list":{"0":"post-991","1":"product","2":"type-product","3":"status-publish","4":"has-post-thumbnail","6":"product_cat-bulk-custom-food-tray","8":"first","9":"instock","10":"shipping-taxable","11":"product-type-simple"},"acf":[],"_links":{"self":[{"href":"https:\/\/www.billiondaysupplier.com\/de\/wp-json\/wp\/v2\/product\/991","targetHints":{"allow":["GET"]}}],"collection":[{"href":"https:\/\/www.billiondaysupplier.com\/de\/wp-json\/wp\/v2\/product"}],"about":[{"href":"https:\/\/www.billiondaysupplier.com\/de\/wp-json\/wp\/v2\/types\/product"}],"replies":[{"embeddable":true,"href":"https:\/\/www.billiondaysupplier.com\/de\/wp-json\/wp\/v2\/comments?post=991"}],"wp:featuredmedia":[{"embeddable":true,"href":"https:\/\/www.billiondaysupplier.com\/de\/wp-json\/wp\/v2\/media\/999"}],"wp:attachment":[{"href":"https:\/\/www.billiondaysupplier.com\/de\/wp-json\/wp\/v2\/media?parent=991"}],"wp:term":[{"taxonomy":"product_brand","embeddable":true,"href":"https:\/\/www.billiondaysupplier.com\/de\/wp-json\/wp\/v2\/product_brand?post=991"},{"taxonomy":"product_cat","embeddable":true,"href":"https:\/\/www.billiondaysupplier.com\/de\/wp-json\/wp\/v2\/product_cat?post=991"},{"taxonomy":"product_tag","embeddable":true,"href":"https:\/\/www.billiondaysupplier.com\/de\/wp-json\/wp\/v2\/product_tag?post=991"}],"curies":[{"name":"wp","href":"https:\/\/api.w.org\/{rel}","templated":true}]}}