{"id":988,"date":"2025-08-29T09:24:58","date_gmt":"2025-08-29T09:24:58","guid":{"rendered":"https:\/\/www.billiondaysupplier.com\/?post_type=product&#038;p=988"},"modified":"2025-08-29T09:25:01","modified_gmt":"2025-08-29T09:25:01","slug":"bulk-american-style-gn-pan","status":"publish","type":"product","link":"https:\/\/www.billiondaysupplier.com\/de\/product\/bulk-american-style-gn-pan\/","title":{"rendered":"Bulk American Style GN Pan Lebensmittelbeh\u00e4lter f\u00fcr Catering Food-Grade Edelstahl Alle Gr\u00f6\u00dfe"},"content":{"rendered":"<div class=\"wp-block-columns is-layout-flex wp-container-core-columns-is-layout-9d6595d7 wp-block-columns-is-layout-flex\">\n<div class=\"wp-block-column is-layout-flow wp-block-column-is-layout-flow\">\n<h2 class=\"wp-block-heading\">American Style GN Pan Merkmale:<\/h2>\n\n\n\n<p><strong>Hochfestes Strukturdesign<\/strong>: Aus verdicktem Edelstahl gefertigt, ist er langlebig und widerstandsf\u00e4hig und bleibt auch bei starker Beanspruchung stabil.<\/p>\n\n\n\n<p><strong>\u00a0Komplettes GN-Standardsortiment verf\u00fcgbar<\/strong>: Mehrere Gr\u00f6\u00dfen (1\/1, 1\/2, 1\/3, 1\/4, 1\/6 und 1\/9) sind frei einstellbar und erm\u00f6glichen so eine einfache Lagerung und eine optimale Raumnutzung.<\/p>\n\n\n\n<p><strong>Einfaches Stapeln:<\/strong> Die gut gestalteten Kanten der Schalen erm\u00f6glichen ein einfaches Stapeln, sparen Lagerplatz und erleichtern Transport und Handhabung.<\/p>\n\n\n\n<p><strong>Hohe Temperaturbest\u00e4ndigkeit<\/strong>: Sie eignen sich sowohl f\u00fcr warme als auch f\u00fcr kalte Umgebungen und k\u00f6nnen direkt in K\u00fchlschr\u00e4nke oder Heizger\u00e4te gestellt werden, um sicherzustellen, dass die Lebensmittel immer die ideale Temperatur haben.<\/p>\n\n\n\n<p><strong>Hygienisch und sicher:<\/strong> Das nahtlose, abgerundete Eckdesign reduziert Schmutz und erleichtert die Reinigung, verhindert Bakterienwachstum und gew\u00e4hrleistet die Lebensmittelsicherheit.<\/p>\n\n\n\n<p><strong>Vielseitige Anwendung<\/strong>: Geeignet f\u00fcr Restaurants, Hotels, B\u00fcfetts, Imbissbuden, Schulkantinen und Gro\u00dfk\u00fcchen und damit eine effiziente Erg\u00e4nzung f\u00fcr das Gastst\u00e4ttengewerbe.<\/p>\n<\/div>\n\n\n\n<div class=\"wp-block-column is-layout-flow wp-block-column-is-layout-flow\">\n<figure class=\"wp-block-image size-full\"><img decoding=\"async\" width=\"720\" height=\"720\" src=\"https:\/\/www.billiondaysupplier.com\/wp-content\/uploads\/2025\/08\/Bulk-American-Style-GN-Pan-1.webp\" alt=\"Bulk American Style GN-Pfanne (1)\" class=\"wp-image-977\" srcset=\"https:\/\/www.billiondaysupplier.com\/wp-content\/uploads\/2025\/08\/Bulk-American-Style-GN-Pan-1.webp 720w, https:\/\/www.billiondaysupplier.com\/wp-content\/uploads\/2025\/08\/Bulk-American-Style-GN-Pan-1-300x300.webp 300w, https:\/\/www.billiondaysupplier.com\/wp-content\/uploads\/2025\/08\/Bulk-American-Style-GN-Pan-1-150x150.webp 150w, https:\/\/www.billiondaysupplier.com\/wp-content\/uploads\/2025\/08\/Bulk-American-Style-GN-Pan-1-12x12.webp 12w, https:\/\/www.billiondaysupplier.com\/wp-content\/uploads\/2025\/08\/Bulk-American-Style-GN-Pan-1-600x600.webp 600w, https:\/\/www.billiondaysupplier.com\/wp-content\/uploads\/2025\/08\/Bulk-American-Style-GN-Pan-1-100x100.webp 100w\" sizes=\"(max-width: 720px) 100vw, 720px\" \/><\/figure>\n<\/div>\n<\/div>\n\n\n\n<div class=\"wp-block-columns is-layout-flex wp-container-core-columns-is-layout-9d6595d7 wp-block-columns-is-layout-flex\">\n<div class=\"wp-block-column is-layout-flow wp-block-column-is-layout-flow\">\n<figure class=\"wp-block-image size-full\"><img decoding=\"async\" width=\"849\" height=\"849\" src=\"https:\/\/www.billiondaysupplier.com\/wp-content\/uploads\/2025\/08\/Bulk-American-Style-GN-Pan-2.webp\" alt=\"Bulk GN-Pfanne amerikanischer Art (2)\" class=\"wp-image-978\" srcset=\"https:\/\/www.billiondaysupplier.com\/wp-content\/uploads\/2025\/08\/Bulk-American-Style-GN-Pan-2.webp 849w, https:\/\/www.billiondaysupplier.com\/wp-content\/uploads\/2025\/08\/Bulk-American-Style-GN-Pan-2-300x300.webp 300w, https:\/\/www.billiondaysupplier.com\/wp-content\/uploads\/2025\/08\/Bulk-American-Style-GN-Pan-2-150x150.webp 150w, https:\/\/www.billiondaysupplier.com\/wp-content\/uploads\/2025\/08\/Bulk-American-Style-GN-Pan-2-768x768.webp 768w, https:\/\/www.billiondaysupplier.com\/wp-content\/uploads\/2025\/08\/Bulk-American-Style-GN-Pan-2-12x12.webp 12w, https:\/\/www.billiondaysupplier.com\/wp-content\/uploads\/2025\/08\/Bulk-American-Style-GN-Pan-2-600x600.webp 600w, https:\/\/www.billiondaysupplier.com\/wp-content\/uploads\/2025\/08\/Bulk-American-Style-GN-Pan-2-100x100.webp 100w\" sizes=\"(max-width: 849px) 100vw, 849px\" \/><\/figure>\n<\/div>\n\n\n\n<div class=\"wp-block-column is-layout-flow wp-block-column-is-layout-flow\">\n<figure class=\"wp-block-image size-full\"><img decoding=\"async\" width=\"2362\" height=\"2362\" src=\"https:\/\/www.billiondaysupplier.com\/wp-content\/uploads\/2025\/08\/Bulk-American-Style-GN-Pan-3.webp\" alt=\"Bulk American Style GN Pan (3)\" class=\"wp-image-979\" srcset=\"https:\/\/www.billiondaysupplier.com\/wp-content\/uploads\/2025\/08\/Bulk-American-Style-GN-Pan-3.webp 2362w, https:\/\/www.billiondaysupplier.com\/wp-content\/uploads\/2025\/08\/Bulk-American-Style-GN-Pan-3-300x300.webp 300w, https:\/\/www.billiondaysupplier.com\/wp-content\/uploads\/2025\/08\/Bulk-American-Style-GN-Pan-3-150x150.webp 150w, https:\/\/www.billiondaysupplier.com\/wp-content\/uploads\/2025\/08\/Bulk-American-Style-GN-Pan-3-768x768.webp 768w, https:\/\/www.billiondaysupplier.com\/wp-content\/uploads\/2025\/08\/Bulk-American-Style-GN-Pan-3-12x12.webp 12w, https:\/\/www.billiondaysupplier.com\/wp-content\/uploads\/2025\/08\/Bulk-American-Style-GN-Pan-3-1200x1200.webp 1200w, https:\/\/www.billiondaysupplier.com\/wp-content\/uploads\/2025\/08\/Bulk-American-Style-GN-Pan-3-600x600.webp 600w, https:\/\/www.billiondaysupplier.com\/wp-content\/uploads\/2025\/08\/Bulk-American-Style-GN-Pan-3-100x100.webp 100w\" sizes=\"(max-width: 2362px) 100vw, 2362px\" \/><\/figure>\n<\/div>\n<\/div>","protected":false},"excerpt":{"rendered":"<p>Gro\u00dfe GN-Pfanne nach amerikanischer Art, hergestellt aus lebensmittelechtem, verdicktem Edelstahl, erh\u00e4ltlich in mehreren Standardgr\u00f6\u00dfen. Langlebig, sicher, hygienisch und leicht zu reinigen. Ideal f\u00fcr Restaurants, B\u00fcfetts, Hotelk\u00fcchen und Cafeterias. Geeignet sowohl zum Heizen als auch zum K\u00fchlen, um den Anforderungen der Gastronomie gerecht zu werden. Wenden Sie sich an uns, um in gro\u00dfen Mengen zu kaufen und einen Fabrikrabatt zu erhalten.<\/p>\n<h2>GN-Pfanne nach amerikanischer Art Parameter\uff1a<\/h2>\n<table border=\"0\" width=\"404\" cellspacing=\"0\" cellpadding=\"0\">\n<tbody>\n<tr>\n<td style=\"text-align: left;\" width=\"148\" height=\"24\"><strong>Material<\/strong><\/td>\n<td style=\"text-align: left;\" width=\"256\">Rostfreier Stahl 201<\/td>\n<\/tr>\n<tr>\n<td style=\"text-align: left;\" height=\"69\"><strong>Gr\u00f6\u00dfe<\/strong><\/td>\n<td style=\"text-align: left;\" width=\"256\">Alle Gr\u00f6\u00dfen<\/td>\n<\/tr>\n<tr>\n<td style=\"text-align: left;\" height=\"92\"><strong>Merkmal<\/strong><\/td>\n<td style=\"text-align: left;\" width=\"256\">1. Leicht zu reinigen<br \/>2. Dauerhaft<\/td>\n<\/tr>\n<tr>\n<td style=\"text-align: left;\" height=\"24\"><strong>Kundenspezifische Option<\/strong><\/td>\n<td style=\"text-align: left;\">Logo\/Deckel\/Verpackung\/Zubeh\u00f6r<\/td>\n<\/tr>\n<\/tbody>\n<\/table>","protected":false},"featured_media":989,"comment_status":"closed","ping_status":"closed","template":"","meta":{"_acf_changed":true},"product_brand":[],"product_cat":[22],"product_tag":[],"class_list":{"0":"post-988","1":"product","2":"type-product","3":"status-publish","4":"has-post-thumbnail","6":"product_cat-gastronorm-pan-manufacturer","8":"first","9":"instock","10":"shipping-taxable","11":"product-type-simple"},"acf":[],"_links":{"self":[{"href":"https:\/\/www.billiondaysupplier.com\/de\/wp-json\/wp\/v2\/product\/988","targetHints":{"allow":["GET"]}}],"collection":[{"href":"https:\/\/www.billiondaysupplier.com\/de\/wp-json\/wp\/v2\/product"}],"about":[{"href":"https:\/\/www.billiondaysupplier.com\/de\/wp-json\/wp\/v2\/types\/product"}],"replies":[{"embeddable":true,"href":"https:\/\/www.billiondaysupplier.com\/de\/wp-json\/wp\/v2\/comments?post=988"}],"wp:featuredmedia":[{"embeddable":true,"href":"https:\/\/www.billiondaysupplier.com\/de\/wp-json\/wp\/v2\/media\/989"}],"wp:attachment":[{"href":"https:\/\/www.billiondaysupplier.com\/de\/wp-json\/wp\/v2\/media?parent=988"}],"wp:term":[{"taxonomy":"product_brand","embeddable":true,"href":"https:\/\/www.billiondaysupplier.com\/de\/wp-json\/wp\/v2\/product_brand?post=988"},{"taxonomy":"product_cat","embeddable":true,"href":"https:\/\/www.billiondaysupplier.com\/de\/wp-json\/wp\/v2\/product_cat?post=988"},{"taxonomy":"product_tag","embeddable":true,"href":"https:\/\/www.billiondaysupplier.com\/de\/wp-json\/wp\/v2\/product_tag?post=988"}],"curies":[{"name":"wp","href":"https:\/\/api.w.org\/{rel}","templated":true}]}}