{"id":976,"date":"2025-08-29T09:19:03","date_gmt":"2025-08-29T09:19:03","guid":{"rendered":"https:\/\/www.billiondaysupplier.com\/?post_type=product&#038;p=976"},"modified":"2025-08-29T09:19:05","modified_gmt":"2025-08-29T09:19:05","slug":"bulk-stainless-steel-gn-pan","status":"publish","type":"product","link":"https:\/\/www.billiondaysupplier.com\/de\/product\/bulk-stainless-steel-gn-pan\/","title":{"rendered":"Bulk Edelstahl GN-Pfanne mit Deckel Buffet Lebensmittelbeh\u00e4lter"},"content":{"rendered":"<div class=\"wp-block-columns is-layout-flex wp-container-core-columns-is-layout-9d6595d7 wp-block-columns-is-layout-flex\">\n<div class=\"wp-block-column is-layout-flow wp-block-column-is-layout-flow\">\n<h2 class=\"wp-block-heading\">GN-Pfanne aus Edelstahl Merkmale:<\/h2>\n\n\n\n<p><strong>Sicheres Design mit abgerundeten Ecken<\/strong>: Die polierten, abgerundeten Ecken verhindern Kratzer und gew\u00e4hrleisten die Sicherheit auch f\u00fcr Kinder.<\/p>\n\n\n\n<p><strong>Hochwertiger Edelstahl 304<\/strong>: Korrosionsbest\u00e4ndig und rostfrei, langlebig und haltbar, f\u00fcr eine langfristige Nutzung.<\/p>\n\n\n\n<p><strong>Hygienische Schutzh\u00fclle<\/strong>: Verhindert wirksam das Eindringen von Staub und Bakterien und sorgt daf\u00fcr, dass die Lebensmittel gesund und hygienisch bleiben.<\/p>\n\n\n\n<p><strong>Glatte, leicht zu reinigende Oberfl\u00e4che<\/strong>: Die spiegelglatte Innenseite ist leicht zu reinigen, hinterl\u00e4sst keine R\u00fcckst\u00e4nde und keinen Geruch und spart Zeit bei der Reinigung.<\/p>\n\n\n\n<p><strong>Vielseitige Anwendung<\/strong>: Weit verbreitet in Restaurants, B\u00fcfetts, Hotelk\u00fcchen, Schulkantinen und bei Familienfeiern, wo sie die unterschiedlichsten Anforderungen erf\u00fcllen.<\/p>\n\n\n\n<p><strong>Standardisierte GN-Spezifikationen<\/strong>: Entspricht den internationalen GN-Normma\u00dfen, ist perfekt kompatibel mit verschiedenen Speise\u00f6fen, W\u00e4rmeschr\u00e4nken und K\u00fchltheken und erm\u00f6glicht eine einfache Stapelung und Lagerung.<\/p>\n\n\n\n<p><strong>Best\u00e4ndigkeit bei hohen und niedrigen Temperaturen<\/strong>: H\u00e4lt extremen Temperaturschwankungen stand, geeignet f\u00fcr Dampfheizung und K\u00fchllagerung.<\/p>\n<\/div>\n\n\n\n<div class=\"wp-block-column is-layout-flow wp-block-column-is-layout-flow\">\n<figure class=\"wp-block-image size-full\"><img decoding=\"async\" width=\"2362\" height=\"2362\" src=\"https:\/\/www.billiondaysupplier.com\/wp-content\/uploads\/2025\/08\/Bulk-Stainless-Steel-GN-Pan-4.webp\" alt=\"Bulk Edelstahl GN-Pfanne (4)\" class=\"wp-image-985\" srcset=\"https:\/\/www.billiondaysupplier.com\/wp-content\/uploads\/2025\/08\/Bulk-Stainless-Steel-GN-Pan-4.webp 2362w, https:\/\/www.billiondaysupplier.com\/wp-content\/uploads\/2025\/08\/Bulk-Stainless-Steel-GN-Pan-4-300x300.webp 300w, https:\/\/www.billiondaysupplier.com\/wp-content\/uploads\/2025\/08\/Bulk-Stainless-Steel-GN-Pan-4-150x150.webp 150w, https:\/\/www.billiondaysupplier.com\/wp-content\/uploads\/2025\/08\/Bulk-Stainless-Steel-GN-Pan-4-768x768.webp 768w, https:\/\/www.billiondaysupplier.com\/wp-content\/uploads\/2025\/08\/Bulk-Stainless-Steel-GN-Pan-4-12x12.webp 12w, https:\/\/www.billiondaysupplier.com\/wp-content\/uploads\/2025\/08\/Bulk-Stainless-Steel-GN-Pan-4-1200x1200.webp 1200w, https:\/\/www.billiondaysupplier.com\/wp-content\/uploads\/2025\/08\/Bulk-Stainless-Steel-GN-Pan-4-600x600.webp 600w, https:\/\/www.billiondaysupplier.com\/wp-content\/uploads\/2025\/08\/Bulk-Stainless-Steel-GN-Pan-4-100x100.webp 100w\" sizes=\"(max-width: 2362px) 100vw, 2362px\" \/><\/figure>\n<\/div>\n<\/div>\n\n\n\n<div class=\"wp-block-columns is-layout-flex wp-container-core-columns-is-layout-9d6595d7 wp-block-columns-is-layout-flex\">\n<div class=\"wp-block-column is-layout-flow wp-block-column-is-layout-flow\">\n<figure class=\"wp-block-image size-full\"><img decoding=\"async\" width=\"1446\" height=\"1446\" src=\"https:\/\/www.billiondaysupplier.com\/wp-content\/uploads\/2025\/08\/Bulk-Stainless-Steel-GN-Pan-5.webp\" alt=\"Sch\u00fcttgut GN-Pfanne aus Edelstahl (5)\" class=\"wp-image-986\" srcset=\"https:\/\/www.billiondaysupplier.com\/wp-content\/uploads\/2025\/08\/Bulk-Stainless-Steel-GN-Pan-5.webp 1446w, https:\/\/www.billiondaysupplier.com\/wp-content\/uploads\/2025\/08\/Bulk-Stainless-Steel-GN-Pan-5-300x300.webp 300w, https:\/\/www.billiondaysupplier.com\/wp-content\/uploads\/2025\/08\/Bulk-Stainless-Steel-GN-Pan-5-150x150.webp 150w, https:\/\/www.billiondaysupplier.com\/wp-content\/uploads\/2025\/08\/Bulk-Stainless-Steel-GN-Pan-5-768x768.webp 768w, https:\/\/www.billiondaysupplier.com\/wp-content\/uploads\/2025\/08\/Bulk-Stainless-Steel-GN-Pan-5-12x12.webp 12w, https:\/\/www.billiondaysupplier.com\/wp-content\/uploads\/2025\/08\/Bulk-Stainless-Steel-GN-Pan-5-1200x1200.webp 1200w, https:\/\/www.billiondaysupplier.com\/wp-content\/uploads\/2025\/08\/Bulk-Stainless-Steel-GN-Pan-5-600x600.webp 600w, https:\/\/www.billiondaysupplier.com\/wp-content\/uploads\/2025\/08\/Bulk-Stainless-Steel-GN-Pan-5-100x100.webp 100w\" sizes=\"(max-width: 1446px) 100vw, 1446px\" \/><\/figure>\n<\/div>\n\n\n\n<div class=\"wp-block-column is-layout-flow wp-block-column-is-layout-flow\">\n<figure class=\"wp-block-image size-full\"><img decoding=\"async\" width=\"849\" height=\"849\" src=\"https:\/\/www.billiondaysupplier.com\/wp-content\/uploads\/2025\/08\/Bulk-Stainless-Steel-GN-Pan-3.webp\" alt=\"Bulk Edelstahl GN-Pfanne (3)\" class=\"wp-image-984\" srcset=\"https:\/\/www.billiondaysupplier.com\/wp-content\/uploads\/2025\/08\/Bulk-Stainless-Steel-GN-Pan-3.webp 849w, https:\/\/www.billiondaysupplier.com\/wp-content\/uploads\/2025\/08\/Bulk-Stainless-Steel-GN-Pan-3-300x300.webp 300w, https:\/\/www.billiondaysupplier.com\/wp-content\/uploads\/2025\/08\/Bulk-Stainless-Steel-GN-Pan-3-150x150.webp 150w, https:\/\/www.billiondaysupplier.com\/wp-content\/uploads\/2025\/08\/Bulk-Stainless-Steel-GN-Pan-3-768x768.webp 768w, https:\/\/www.billiondaysupplier.com\/wp-content\/uploads\/2025\/08\/Bulk-Stainless-Steel-GN-Pan-3-12x12.webp 12w, https:\/\/www.billiondaysupplier.com\/wp-content\/uploads\/2025\/08\/Bulk-Stainless-Steel-GN-Pan-3-600x600.webp 600w, https:\/\/www.billiondaysupplier.com\/wp-content\/uploads\/2025\/08\/Bulk-Stainless-Steel-GN-Pan-3-100x100.webp 100w\" sizes=\"(max-width: 849px) 100vw, 849px\" \/><\/figure>\n<\/div>\n<\/div>","protected":false},"excerpt":{"rendered":"<p>Die GN-Pfanne aus massivem Edelstahl, verdickt und poliert mit abgerundeten Ecken, ist sicher, langlebig, staub- und bakterienresistent und gew\u00e4hrleistet Lebensmittelhygiene. Die langlebige Edelstahlkonstruktion macht sie zu einer idealen Wahl f\u00fcr Gro\u00dfk\u00fcchen und Catering. Setzen Sie sich mit uns in Verbindung und profitieren Sie von den exklusiven Preisen des Billion Day Direktvertriebs.<\/p>\n<h2>GN-Pfanne aus Edelstahl Parameter\uff1a<\/h2>\n<table border=\"0\" width=\"404\" cellspacing=\"0\" cellpadding=\"0\">\n<tbody>\n<tr>\n<td style=\"text-align: left;\" width=\"148\" height=\"24\"><strong>Material<\/strong><\/td>\n<td style=\"text-align: left;\" width=\"256\">Rostfreier Stahl 201<\/td>\n<\/tr>\n<tr>\n<td style=\"text-align: left;\" height=\"69\"><strong>Gr\u00f6\u00dfe<\/strong><\/td>\n<td style=\"text-align: left;\" width=\"256\">Alle Gr\u00f6\u00dfen<\/td>\n<\/tr>\n<tr>\n<td style=\"text-align: left;\" height=\"92\"><strong>Merkmal<\/strong><\/td>\n<td style=\"text-align: left;\" width=\"256\">1. Leicht zu reinigen<br \/>2. Dauerhaft<\/td>\n<\/tr>\n<tr>\n<td style=\"text-align: left;\" height=\"24\"><strong>Kundenspezifische Option<\/strong><\/td>\n<td style=\"text-align: left;\">Logo\/Deckel\/Verpackung\/Zubeh\u00f6r<\/td>\n<\/tr>\n<\/tbody>\n<\/table>","protected":false},"featured_media":982,"comment_status":"closed","ping_status":"closed","template":"","meta":{"_acf_changed":true},"product_brand":[],"product_cat":[22],"product_tag":[],"class_list":{"0":"post-976","1":"product","2":"type-product","3":"status-publish","4":"has-post-thumbnail","6":"product_cat-gastronorm-pan-manufacturer","8":"first","9":"instock","10":"shipping-taxable","11":"product-type-simple"},"acf":[],"_links":{"self":[{"href":"https:\/\/www.billiondaysupplier.com\/de\/wp-json\/wp\/v2\/product\/976","targetHints":{"allow":["GET"]}}],"collection":[{"href":"https:\/\/www.billiondaysupplier.com\/de\/wp-json\/wp\/v2\/product"}],"about":[{"href":"https:\/\/www.billiondaysupplier.com\/de\/wp-json\/wp\/v2\/types\/product"}],"replies":[{"embeddable":true,"href":"https:\/\/www.billiondaysupplier.com\/de\/wp-json\/wp\/v2\/comments?post=976"}],"wp:featuredmedia":[{"embeddable":true,"href":"https:\/\/www.billiondaysupplier.com\/de\/wp-json\/wp\/v2\/media\/982"}],"wp:attachment":[{"href":"https:\/\/www.billiondaysupplier.com\/de\/wp-json\/wp\/v2\/media?parent=976"}],"wp:term":[{"taxonomy":"product_brand","embeddable":true,"href":"https:\/\/www.billiondaysupplier.com\/de\/wp-json\/wp\/v2\/product_brand?post=976"},{"taxonomy":"product_cat","embeddable":true,"href":"https:\/\/www.billiondaysupplier.com\/de\/wp-json\/wp\/v2\/product_cat?post=976"},{"taxonomy":"product_tag","embeddable":true,"href":"https:\/\/www.billiondaysupplier.com\/de\/wp-json\/wp\/v2\/product_tag?post=976"}],"curies":[{"name":"wp","href":"https:\/\/api.w.org\/{rel}","templated":true}]}}